{"id":10480,"date":"2018-07-06T13:15:50","date_gmt":"2018-07-06T13:15:50","guid":{"rendered":"https:\/\/sundaville.com\/datenschutzerklaerung\/"},"modified":"2021-07-06T12:57:10","modified_gmt":"2021-07-06T12:57:10","slug":"datenschutzerklaerung","status":"publish","type":"page","link":"https:\/\/sundaville.com\/de\/datenschutzerklaerung\/","title":{"rendered":"Datenschutzerkl\u00e4rung"},"content":{"rendered":"<div class=\"wpb-content-wrapper\"><p>[vc_row full_width=&#8220;stretch_row&#8220; gap=&#8220;30&#8243; full_height=&#8220;yes&#8220; columns_placement=&#8220;top&#8220; equal_height=&#8220;yes&#8220; content_placement=&#8220;top&#8220; css=&#8220;.vc_custom_1563869647004{margin-top: -40px !important;background-position: center !important;background-repeat: no-repeat !important;background-size: cover !important;}&#8220;][vc_column][vc_tta_tour style=&#8220;flat&#8220; shape=&#8220;square&#8220; color=&#8220;white&#8220; spacing=&#8220;&#8220; controls_size=&#8220;md&#8220; active_section=&#8220;1&#8243; no_fill_content_area=&#8220;true&#8220;][vc_tta_section title=&#8220;Artikel 1: Datenschutzerkl\u00e4rung MNP \/ Suntory&#8220; tab_id=&#8220;privacy-statement&#8220;][vc_column_text]<a href=\"https:\/\/mnpflowers.com\/\">MNP \/ Suntory<\/a> legt gro\u00dfen Wert darauf, dass Ihre personenbezogenen Daten sorgf\u00e4ltig behandelt werden. MNP \/ Suntory h\u00e4lt sich an die Regeln der europ\u00e4ischen Datenschutzgesetzgebung (DSGVO). Das bedeutet zum Beispiel, dass wir:<\/p>\n<ul>\n<li>die Zwecke der Verarbeitung personenbezogener Daten klar angeben;<\/li>\n<li>Beschr\u00e4nken Sie die Erhebung personenbezogener Daten;<\/li>\n<li>um Ihre ausdr\u00fcckliche Erlaubnis bitten, Ihre personenbezogenen Daten zu verarbeiten (in F\u00e4llen, in denen Ihre Erlaubnis erforderlich ist);<\/li>\n<li>Ihre personenbezogenen Daten nicht an Dritte weiterzugeben, es sei denn, dies ist zur Erbringung der angeforderten Dienstleistung erforderlich oder wir gesetzlich dazu verpflichtet sind;<\/li>\n<li>Wenn wir Ihre Daten weitergeben, treffen wir Vereinbarungen mit Dritten, um sicherzustellen, dass die geteilten Daten nicht f\u00fcr andere Zwecke verwendet werden;<\/li>\n<li>Ergreifen Sie geeignete Sicherheitsma\u00dfnahmen zum Schutz Ihrer personenbezogenen Daten;<\/li>\n<li>respektieren Sie Ihre Rechte in Bezug auf Ihren Antrag auf Zugang zu und Berichtigung oder L\u00f6schung personenbezogener Daten.<\/li>\n<\/ul>\n<p>[\/vc_column_text][\/vc_tta_section][vc_tta_section title=&#8220;Artikel 2: Zwecke&#8220; tab_id=&#8220;purposes&#8220;][vc_column_text]Warum verarbeitet MNP \/ Suntory Ihre personenbezogenen Daten?<\/p>\n<p>1) Kunden<\/p>\n<ul>\n<li>die Lieferung unseres Endprodukts (Stecklinge, Samen, Jungpflanzen usw.);<\/li>\n<li>um Ihnen personalisierte E-Mails und Inhalte zusenden zu k\u00f6nnen. Wir m\u00f6chten Ihnen E-Mails mit Angeboten oder neuen Produkten zukommen lassen. Wir senden Ihnen diese Mails, wenn Sie bereits Kunde von MNP \/ Suntory sind und sich nicht von diesen Mailings abgemeldet haben. Wenn Sie kein bestehender Kunde sind, senden wir Ihnen diese Informationen erst nach Ihrer Anmeldung zu. Jede E-Mail enth\u00e4lt einen Link zum Abbestellen;<\/li>\n<li>um unsere Online-Dienste zu verbessern.<\/li>\n<\/ul>\n<p>2) Bewerber:<\/p>\n<ul>\n<li>um neue Mitarbeiter zu rekrutieren.<\/li>\n<\/ul>\n<p>3) Lieferanten<\/p>\n<ul>\n<li>um Bestellungen zu bearbeiten.<\/li>\n<\/ul>\n<p>[\/vc_column_text][\/vc_tta_section][vc_tta_section title=&#8220;Artikel 3: Arten personenbezogener Daten&#8220; tab_id=&#8220;data&#8220;][vc_column_text]Je nach Zielgruppe und Zweck verarbeiten wir folgende personenbezogene Daten:<\/p>\n<p>1) Name<br \/>\n2) Adresse<br \/>\n3) E-Mail-Adresse<br \/>\n4) IBAN-Nummer<br \/>\n5) Handelskammernummer<br \/>\n6) Telefonnummer<br \/>\n7) Nutzername\/Passwort<br \/>\n8) Daten, die Sie in ein freies Feld eingeben (z. B. in Kontaktformularen)<br \/>\n9) pers\u00f6nliche Vorlieben (produktbezogen)<br \/>\n10) Lebenslauf[\/vc_column_text][\/vc_tta_section][vc_tta_section title=&#8220;Artikel 4: Weitergabe von Informationen an Dritte&#8220; tab_id=&#8220;sharing&#8220;][vc_column_text]Wir geben Ihre personenbezogenen Daten nicht an andere Unternehmen oder Institutionen weiter, es sei denn, dies ist f\u00fcr unsere Dienstleistung erforderlich oder wir gesetzlich dazu verpflichtet. Es ist beispielsweise m\u00f6glich, dass die \u00f6rtlichen Beh\u00f6rden im Rahmen von Betrugsermittlungen Informationen von uns anfordern. In diesem Fall sind wir m\u00f6glicherweise gesetzlich verpflichtet, diese Informationen weiterzugeben.<\/p>\n<p>Ein weiteres Beispiel f\u00fcr die Weitergabe Ihrer personenbezogenen Daten ist die Weitergabe von Adressinformationen an Transportunternehmen, um Ihre Produkte zu liefern.[\/vc_column_text][\/vc_tta_section][vc_tta_section title=&#8220;Artikel 5: Cookie-Richtlinie&#8220; tab_id=&#8220;policy&#8220;][vc_column_text]<em>Wie verwenden wir Cookies? <\/em><\/p>\n<p>Wir f\u00fchren Ihre personenbezogenen Daten aus unterschiedlichen Quellen zusammen, um Ihnen ein optimales Besuchererlebnis zu bieten. Wir kombinieren diese Informationen auch mit den Informationen, die Sie auf unserer Website hinterlassen haben.<br \/>\nDurch die Zusammenf\u00fchrung Ihrer Daten k\u00f6nnen wir auf den verschiedenen Websites personalisierte Angebote und Inhalte anzeigen, die Ihren Interessen und Ihrer Kaufhistorie entsprechen. So k\u00f6nnen wir bessere und gezieltere Angebote machen.[\/vc_column_text][\/vc_tta_section][vc_tta_section title=&#8220;Artikel 6: Was sind Cookies?&#8220; tab_id=&#8220;cookies&#8220;][vc_column_text]Cookies sind kleine Dateien, die mit den Seiten dieser Website und\/oder Flash-Anwendungen versendet und von Ihrem Browser auf der Festplatte Ihres Computers gespeichert werden. Die gespeicherten Informationen k\u00f6nnen bei einem n\u00e4chsten Besuch an unsere Server zur\u00fcckgegeben werden.[\/vc_column_text][\/vc_tta_section][vc_tta_section title=&#8220;Artikel 7: Verschiedene Arten von Cookies&#8220; tab_id=&#8220;type&#8220;][vc_column_text]Wir unterscheiden zwischen funktionalen und nicht-funktionalen Cookies. Funktionale Cookies sind f\u00fcr das ordnungsgem\u00e4\u00dfe Funktionieren der Website erforderlich. Sie sorgen beispielsweise daf\u00fcr, dass Sie auf der Website eingeloggt bleiben k\u00f6nnen, wenn Sie dies w\u00fcnschen. Neben funktionalen Cookies verwendet MNP \/ Suntory auch nicht-funktionale Cookies. Dies sind Cookies, die f\u00fcr das ordnungsgem\u00e4\u00dfe Funktionieren der Website nicht erforderlich sind. Nur wenn Sie mit den Cookies einverstanden sind, setzen\/verwenden wir nicht-funktionale Cookies. Die verschiedenen Cookies haben unterschiedliche Zwecke, erm\u00f6glichen uns jedoch, unsere Dienste zu verbessern.<\/p>\n<p>Wir verwenden Cookies, um Verbesserungen auf unserer Website zu testen und Ihnen relevante Informationen anzuzeigen. Wir verwenden Cookies auch zu Analysezwecken. Die Ergebnisse dieser Messungen werden anonymisiert<\/p>\n<table class=\"table\" border=\"0\" width=\"527\">\n<tbody>\n<tr>\n<td><\/td>\n<td class=\"text-center\"><strong>Wenn &#8222;Nicht einverstanden&#8220;<br \/>\n(Standard)<\/strong><\/td>\n<td class=\"text-center\"><strong>Wenn &#8222;Zugestimmt&#8220;<\/strong><\/td>\n<\/tr>\n<tr>\n<td style=\"text-align: left;\">Funktionale Cookies (Sprachen, Shopsprachen, Cookies CONSENT (gstatic.com), NID (gstatic.com))<\/td>\n<td class=\"text-center\">\u2713Ja<\/td>\n<td class=\"text-center\">\u2713Ja<\/td>\n<\/tr>\n<tr>\n<td style=\"text-align: left;\">Cookies zur Messung der Anzahl der Besuche auf der Website (_ga, _gid, _gat, _utma, _utmz, _dc, _gtm)<\/td>\n<td class=\"text-center\">\u2713Ja<\/td>\n<td class=\"text-center\">\u2713Ja<\/td>\n<\/tr>\n<tr>\n<td style=\"text-align: left;\">Cookies f\u00fcr die soziale Integration (Nicht zutreffend)<\/td>\n<td class=\"text-center\">Nein<\/td>\n<td class=\"text-center\">Nein<\/td>\n<\/tr>\n<tr>\n<td style=\"text-align: left;\">Cookies zum Testen von Verbesserungen auf unserer Website (_hjIncludeInSample (hotjar)<\/td>\n<td class=\"text-center\">Nein<\/td>\n<td class=\"text-center\">\u2713Ja<\/td>\n<\/tr>\n<tr>\n<td style=\"text-align: left;\">Cookies f\u00fcr die Recherche auf unserer Website (__ss (SharpSpring), __ss_tk (SharpSpring), __ss_referrer (SharpSpring), koitk (SharpSpring))<\/td>\n<td class=\"text-center\">Nein<\/td>\n<td class=\"text-center\">\u2713Ja<\/td>\n<\/tr>\n<tr>\n<td style=\"text-align: left;\">Cookies zum Anzeigen von MNP\/Suntory-Adds auf anderen Websites (Nicht zutreffend)<\/td>\n<td class=\"text-center\">Nein<\/td>\n<td class=\"text-center\">Nein<\/td>\n<\/tr>\n<\/tbody>\n<\/table>\n<p>[\/vc_column_text][\/vc_tta_section][vc_tta_section title=&#8220;Artikel 8: Sicherheit und Aufbewahrung&#8220; tab_id=&#8220;security&#8220;][vc_column_text]Wir verpflichten uns, angemessene technische und organisatorische Ma\u00dfnahmen zum Schutz Ihrer personenbezogenen Daten zu ergreifen. Die einzigen Personen, die Zugriff auf diese Daten haben, sind diejenigen, die sie f\u00fcr ihre t\u00e4glichen Aktivit\u00e4ten ben\u00f6tigen. Unsere technischen und organisatorischen Sicherheitsma\u00dfnahmen werden regelm\u00e4\u00dfig \u00fcberpr\u00fcft<\/p>\n<ul>\n<li>Wir speichern personenbezogene Daten nicht l\u00e4nger als n\u00f6tig<\/li>\n<li>f\u00fcr die Zwecke, f\u00fcr die die personenbezogenen Daten erhoben werden;<\/li>\n<li>um das Gesetz einzuhalten;<\/li>\n<li>zum Archivieren.<\/li>\n<\/ul>\n<p>Personenbezogene Daten von Bewerbern werden vier Wochen nach Beendigung des Einstellungsverfahrens oder Eingang einer offenen Stellenbewerbung gel\u00f6scht, es sei denn, die betreffende Person wird von MNP \/ Suntory eingestellt oder stimmt einer l\u00e4ngeren Speicherung ihrer personenbezogenen Daten (max . 6 Monate).[\/vc_column_text][\/vc_tta_section][vc_tta_section title=&#8220;Artikel 9: Nutzung von WhatsApp&#8220; tab_id=&#8220;whatsapp&#8220;][vc_column_text]Wenn Sie WhatsApp f\u00fcr Ihre Kommunikation mit MNP \/ Suntory nutzen und Fragen zur Vertraulichkeit dieser Daten haben, verweisen wir auf die Datenschutzerkl\u00e4rung von WhatsApp. <a href=\"https:\/\/www.whatsapp.com\/legal?eea=0#privacy-policy\" target=\"_blank\" rel=\"noopener noreferrer\">https:\/\/www.whatsapp.com\/legal?eea =0#Datenschutzerkl\u00e4rung<\/a>[\/vc_column_text][\/vc_tta_section][vc_tta_section title=&#8220;Artikel 10: \u00c4nderungen der Datenschutzerkl\u00e4rung&#8220; tab_id=&#8220;changes&#8220;][vc_column_text]Wir behalten uns das Recht vor, diese Datenschutz- und Cookie-Erkl\u00e4rung von Zeit zu Zeit zu \u00e4ndern oder zu erg\u00e4nzen und werden alle \u00dcberarbeitungen auf unserer Website ver\u00f6ffentlichen. Wir werden oben in der Datenschutz- und Cookie-Erkl\u00e4rung angeben, wann sie zuletzt aktualisiert wurde. Wir empfehlen Ihnen, die Erkl\u00e4rung regelm\u00e4\u00dfig zu konsultieren, um die neueste Version zu \u00fcberpr\u00fcfen.[\/vc_column_text][\/vc_tta_section][vc_tta_section title=&#8220;Artikel 11: Zugriff, Updates und Ihre Rechte&#8220; tab_id=&#8220;access&#8220;][vc_column_text]Wenn Sie Fragen haben oder wissen m\u00f6chten, welche personenbezogenen Daten wir \u00fcber Sie verarbeitet haben, k\u00f6nnen Sie uns jederzeit kontaktieren \u00fcber: <a href=\"mailto:info@mnpflowers.com\" target=\"_blank\" rel=\"noopener noreferrer\">info @mnpflowers.com<\/a><\/p>\n<p>Wir erkennen an, dass Sie die folgenden Rechte in Bezug auf Ihre Informationen haben:<\/p>\n<ul>\n<li>das Recht, Auskunft dar\u00fcber zu erhalten, ob Sie betreffende personenbezogene Daten verarbeitet werden, und gegebenenfalls auf Auskunft \u00fcber die personenbezogenen Daten;<\/li>\n<li>das Recht auf Berichtigung und L\u00f6schung (\u201edas Recht auf Vergessenwerden\u201c);<\/li>\n<li>das Recht, der Verarbeitung personenbezogener Daten zu widersprechen oder die Einschr\u00e4nkung der Verarbeitung zu verlangen;<\/li>\n<li>das Recht, Ihre Einwilligung zu widerrufen (wenn die Verarbeitung auf einer Einwilligung beruht);<\/li>\n<li>das Recht auf Daten\u00fcbertragbarkeit;<\/li>\n<li>je nach Land, in dem Sie leben, haben Sie das Recht, eine Beschwerde bei der zust\u00e4ndigen Datenschutzbeh\u00f6rde einzureichen.<\/li>\n<\/ul>\n<p>In Holland ist dies die \u201eAutoriteit Persoonsgegevens\u201c mit Sitz in Den Haag (<strong><a href=\"http:\/\/www.autoriteitpersoonsgegevens.nl\/\" target=\"_blank\" rel=\"noopener noreferrer\">www.autoriteitpersoonsgegevens.nl <\/a><\/strong>).<\/p>\n<p>MNP \/ Suntory wird eine Anfrage in \u00dcbereinstimmung mit dem Gesetz bearbeiten. Diese Rechte sind jedoch nicht absolut; sie gelten nicht unter allen Umst\u00e4nden und die geltende Verordnung sieht verschiedene Ausnahmen vor. Sie werden zu gegebener Zeit benachrichtigt, ob (und warum) wir Ihre Anfrage erf\u00fcllen k\u00f6nnen<em>.<\/em>[\/vc_column_text][\/vc_tta_section][vc_tta_section title=&#8220;Artikel 12: Beschwerden&#8220; tab_id=&#8220;complaints&#8220;][vc_column_text]Wenn Sie der Meinung sind, dass wir Ihre personenbezogenen Daten nicht korrekt verarbeiten, bitten wir Sie, uns \u00fcber <a href=\"mailto:info@mnpflowers.com\" target=\"_blank\" rel=\"noopener noreferrer\">info@mnpflowers.com . zu kontaktieren <\/a>. Sie haben auch gem\u00e4\u00df den Datenschutzgesetzen das Recht, eine Beschwerde bei der Datenschutzbeh\u00f6rde einzureichen: der niederl\u00e4ndischen Datenschutzbeh\u00f6rde (auf Niederl\u00e4ndisch: <em>Autoriteit Persoonsgegevens<\/em>).[\/vc_column_text][\/vc_tta_section][\/vc_tta_tour][\/vc_column][\/vc_row]<\/p>\n<\/div>","protected":false},"excerpt":{"rendered":"<p>[vc_row full_width=&#8220;stretch_row&#8220; gap=&#8220;30&#8243; full_height=&#8220;yes&#8220; columns_placement=&#8220;top&#8220; equal_height=&#8220;yes&#8220; content_placement=&#8220;top&#8220; css=&#8220;.vc_custom_1563869647004{margin-top: -40px !important;background-position: center !important;background-repeat: no-repeat !important;background-size: cover !important;}&#8220;][vc_column][vc_tta_tour style=&#8220;flat&#8220; shape=&#8220;square&#8220; color=&#8220;white&#8220; spacing=&#8220;&#8220;<\/p>\n","protected":false},"author":1,"featured_media":0,"parent":0,"menu_order":0,"comment_status":"closed","ping_status":"closed","template":"","meta":{"_monsterinsights_skip_tracking":false,"_monsterinsights_sitenote_active":false,"_monsterinsights_sitenote_note":"","_monsterinsights_sitenote_category":0,"footnotes":""},"class_list":["post-10480","page","type-page","status-publish","hentry"],"yoast_head":"<!-- This site is optimized with the Yoast SEO Premium plugin v24.5 (Yoast SEO v27.6) - https:\/\/yoast.com\/product\/yoast-seo-premium-wordpress\/ -->\n<title>Datenschutzerkl\u00e4rung - Sundaville.com<\/title>\n<meta name=\"robots\" content=\"noindex, follow\" \/>\n<meta property=\"og:locale\" content=\"de_DE\" \/>\n<meta property=\"og:type\" content=\"article\" \/>\n<meta property=\"og:title\" content=\"Datenschutzerkl\u00e4rung\" \/>\n<meta property=\"og:description\" content=\"MNP \/ Suntory legt gro\u00dfen Wert darauf, dass Ihre personenbezogenen Daten sorgf\u00e4ltig behandelt werden. MNP \/ Suntory h\u00e4lt sich an die Regeln der\" \/>\n<meta property=\"og:url\" content=\"https:\/\/sundaville.com\/de\/datenschutzerklaerung\/\" \/>\n<meta property=\"og:site_name\" content=\"Sundaville.com\" \/>\n<meta property=\"article:publisher\" content=\"https:\/\/www.facebook.com\/SundavilleMandevilla\" \/>\n<meta property=\"article:modified_time\" content=\"2021-07-06T12:57:10+00:00\" \/>\n<meta property=\"og:image\" content=\"https:\/\/sundaville.com\/wp-content\/uploads\/2021\/04\/Tekengebied-1-kopie-25.png\" \/>\n\t<meta property=\"og:image:width\" content=\"601\" \/>\n\t<meta property=\"og:image:height\" content=\"451\" \/>\n\t<meta property=\"og:image:type\" content=\"image\/png\" \/>\n<meta name=\"twitter:card\" content=\"summary_large_image\" \/>\n<meta name=\"twitter:site\" content=\"@Sundaville_\" \/>\n<meta name=\"twitter:label1\" content=\"Gesch\u00e4tzte Lesezeit\" \/>\n\t<meta name=\"twitter:data1\" content=\"7\u00a0Minuten\" \/>\n<script type=\"application\/ld+json\" class=\"yoast-schema-graph\">{\"@context\":\"https:\\\/\\\/schema.org\",\"@graph\":[{\"@type\":\"WebPage\",\"@id\":\"https:\\\/\\\/sundaville.com\\\/de\\\/datenschutzerklaerung\\\/\",\"url\":\"https:\\\/\\\/sundaville.com\\\/de\\\/datenschutzerklaerung\\\/\",\"name\":\"Datenschutzerkl\u00e4rung - Sundaville.com\",\"isPartOf\":{\"@id\":\"https:\\\/\\\/sundaville.com\\\/de\\\/#website\"},\"datePublished\":\"2018-07-06T13:15:50+00:00\",\"dateModified\":\"2021-07-06T12:57:10+00:00\",\"breadcrumb\":{\"@id\":\"https:\\\/\\\/sundaville.com\\\/de\\\/datenschutzerklaerung\\\/#breadcrumb\"},\"inLanguage\":\"de\",\"potentialAction\":[{\"@type\":\"ReadAction\",\"target\":[\"https:\\\/\\\/sundaville.com\\\/de\\\/datenschutzerklaerung\\\/\"]}]},{\"@type\":\"BreadcrumbList\",\"@id\":\"https:\\\/\\\/sundaville.com\\\/de\\\/datenschutzerklaerung\\\/#breadcrumb\",\"itemListElement\":[{\"@type\":\"ListItem\",\"position\":1,\"name\":\"Home\",\"item\":\"https:\\\/\\\/sundaville.com\\\/de\\\/\"},{\"@type\":\"ListItem\",\"position\":2,\"name\":\"Datenschutzerkl\u00e4rung\"}]},{\"@type\":\"WebSite\",\"@id\":\"https:\\\/\\\/sundaville.com\\\/de\\\/#website\",\"url\":\"https:\\\/\\\/sundaville.com\\\/de\\\/\",\"name\":\"Sundaville.com\",\"description\":\"Worlds no.1 Mandevilla \\\/ Dipladenia brand.\",\"publisher\":{\"@id\":\"https:\\\/\\\/sundaville.com\\\/de\\\/#organization\"},\"potentialAction\":[{\"@type\":\"SearchAction\",\"target\":{\"@type\":\"EntryPoint\",\"urlTemplate\":\"https:\\\/\\\/sundaville.com\\\/de\\\/?s={search_term_string}\"},\"query-input\":{\"@type\":\"PropertyValueSpecification\",\"valueRequired\":true,\"valueName\":\"search_term_string\"}}],\"inLanguage\":\"de\"},{\"@type\":\"Organization\",\"@id\":\"https:\\\/\\\/sundaville.com\\\/de\\\/#organization\",\"name\":\"SUNDAVILLE\u00ae\",\"alternateName\":\"Sundaville\",\"url\":\"https:\\\/\\\/sundaville.com\\\/de\\\/\",\"logo\":{\"@type\":\"ImageObject\",\"inLanguage\":\"de\",\"@id\":\"https:\\\/\\\/sundaville.com\\\/de\\\/#\\\/schema\\\/logo\\\/image\\\/\",\"url\":\"https:\\\/\\\/sundaville.com\\\/wp-content\\\/uploads\\\/2021\\\/04\\\/Tekengebied-1-kopie-30-300x300-1.png\",\"contentUrl\":\"https:\\\/\\\/sundaville.com\\\/wp-content\\\/uploads\\\/2021\\\/04\\\/Tekengebied-1-kopie-30-300x300-1.png\",\"width\":300,\"height\":300,\"caption\":\"SUNDAVILLE\u00ae\"},\"image\":{\"@id\":\"https:\\\/\\\/sundaville.com\\\/de\\\/#\\\/schema\\\/logo\\\/image\\\/\"},\"sameAs\":[\"https:\\\/\\\/www.facebook.com\\\/SundavilleMandevilla\",\"https:\\\/\\\/x.com\\\/Sundaville_\",\"https:\\\/\\\/www.instagram.com\\\/sundaville\",\"https:\\\/\\\/www.linkedin.com\\\/showcase\\\/sundaville\",\"https:\\\/\\\/www.youtube.com\\\/channel\\\/UCO_OrhM4LIYXrWft9p7s97w\",\"https:\\\/\\\/wikipedia.org\\\/wiki\\\/sundaville\"]}]}<\/script>\n<!-- \/ Yoast SEO Premium plugin. -->","yoast_head_json":{"title":"Datenschutzerkl\u00e4rung - Sundaville.com","robots":{"index":"noindex","follow":"follow"},"og_locale":"de_DE","og_type":"article","og_title":"Datenschutzerkl\u00e4rung","og_description":"MNP \/ Suntory legt gro\u00dfen Wert darauf, dass Ihre personenbezogenen Daten sorgf\u00e4ltig behandelt werden. MNP \/ Suntory h\u00e4lt sich an die Regeln der","og_url":"https:\/\/sundaville.com\/de\/datenschutzerklaerung\/","og_site_name":"Sundaville.com","article_publisher":"https:\/\/www.facebook.com\/SundavilleMandevilla","article_modified_time":"2021-07-06T12:57:10+00:00","og_image":[{"width":601,"height":451,"url":"https:\/\/sundaville.com\/wp-content\/uploads\/2021\/04\/Tekengebied-1-kopie-25.png","type":"image\/png"}],"twitter_card":"summary_large_image","twitter_site":"@Sundaville_","twitter_misc":{"Gesch\u00e4tzte Lesezeit":"7\u00a0Minuten"},"schema":{"@context":"https:\/\/schema.org","@graph":[{"@type":"WebPage","@id":"https:\/\/sundaville.com\/de\/datenschutzerklaerung\/","url":"https:\/\/sundaville.com\/de\/datenschutzerklaerung\/","name":"Datenschutzerkl\u00e4rung - Sundaville.com","isPartOf":{"@id":"https:\/\/sundaville.com\/de\/#website"},"datePublished":"2018-07-06T13:15:50+00:00","dateModified":"2021-07-06T12:57:10+00:00","breadcrumb":{"@id":"https:\/\/sundaville.com\/de\/datenschutzerklaerung\/#breadcrumb"},"inLanguage":"de","potentialAction":[{"@type":"ReadAction","target":["https:\/\/sundaville.com\/de\/datenschutzerklaerung\/"]}]},{"@type":"BreadcrumbList","@id":"https:\/\/sundaville.com\/de\/datenschutzerklaerung\/#breadcrumb","itemListElement":[{"@type":"ListItem","position":1,"name":"Home","item":"https:\/\/sundaville.com\/de\/"},{"@type":"ListItem","position":2,"name":"Datenschutzerkl\u00e4rung"}]},{"@type":"WebSite","@id":"https:\/\/sundaville.com\/de\/#website","url":"https:\/\/sundaville.com\/de\/","name":"Sundaville.com","description":"Worlds no.1 Mandevilla \/ Dipladenia brand.","publisher":{"@id":"https:\/\/sundaville.com\/de\/#organization"},"potentialAction":[{"@type":"SearchAction","target":{"@type":"EntryPoint","urlTemplate":"https:\/\/sundaville.com\/de\/?s={search_term_string}"},"query-input":{"@type":"PropertyValueSpecification","valueRequired":true,"valueName":"search_term_string"}}],"inLanguage":"de"},{"@type":"Organization","@id":"https:\/\/sundaville.com\/de\/#organization","name":"SUNDAVILLE\u00ae","alternateName":"Sundaville","url":"https:\/\/sundaville.com\/de\/","logo":{"@type":"ImageObject","inLanguage":"de","@id":"https:\/\/sundaville.com\/de\/#\/schema\/logo\/image\/","url":"https:\/\/sundaville.com\/wp-content\/uploads\/2021\/04\/Tekengebied-1-kopie-30-300x300-1.png","contentUrl":"https:\/\/sundaville.com\/wp-content\/uploads\/2021\/04\/Tekengebied-1-kopie-30-300x300-1.png","width":300,"height":300,"caption":"SUNDAVILLE\u00ae"},"image":{"@id":"https:\/\/sundaville.com\/de\/#\/schema\/logo\/image\/"},"sameAs":["https:\/\/www.facebook.com\/SundavilleMandevilla","https:\/\/x.com\/Sundaville_","https:\/\/www.instagram.com\/sundaville","https:\/\/www.linkedin.com\/showcase\/sundaville","https:\/\/www.youtube.com\/channel\/UCO_OrhM4LIYXrWft9p7s97w","https:\/\/wikipedia.org\/wiki\/sundaville"]}]}},"_links":{"self":[{"href":"https:\/\/sundaville.com\/de\/wp-json\/wp\/v2\/pages\/10480","targetHints":{"allow":["GET"]}}],"collection":[{"href":"https:\/\/sundaville.com\/de\/wp-json\/wp\/v2\/pages"}],"about":[{"href":"https:\/\/sundaville.com\/de\/wp-json\/wp\/v2\/types\/page"}],"author":[{"embeddable":true,"href":"https:\/\/sundaville.com\/de\/wp-json\/wp\/v2\/users\/1"}],"replies":[{"embeddable":true,"href":"https:\/\/sundaville.com\/de\/wp-json\/wp\/v2\/comments?post=10480"}],"version-history":[{"count":3,"href":"https:\/\/sundaville.com\/de\/wp-json\/wp\/v2\/pages\/10480\/revisions"}],"predecessor-version":[{"id":10917,"href":"https:\/\/sundaville.com\/de\/wp-json\/wp\/v2\/pages\/10480\/revisions\/10917"}],"wp:attachment":[{"href":"https:\/\/sundaville.com\/de\/wp-json\/wp\/v2\/media?parent=10480"}],"curies":[{"name":"wp","href":"https:\/\/api.w.org\/{rel}","templated":true}]}}