{"id":10486,"date":"2021-05-12T08:41:56","date_gmt":"2021-05-12T08:41:56","guid":{"rendered":"https:\/\/sundaville.com\/product\/kraftkegel-12-stuck-fur-sundaville\/"},"modified":"2022-04-17T09:07:45","modified_gmt":"2022-04-17T09:07:45","slug":"kraftkegel-12-stuck-fur-sundaville","status":"publish","type":"product","link":"https:\/\/sundaville.com\/de\/produkt\/kraftkegel-12-stuck-fur-sundaville\/","title":{"rendered":"Kraftkegel 12 St\u00fcck f\u00fcr Sundaville\u00ae"},"content":{"rendered":"","protected":false},"excerpt":{"rendered":"<p>Diese handlichen N\u00e4hrstoffkegel sind die ideale N\u00e4hrstoffbasis f\u00fcr Ihre Sundaville\u00ae und sorgen f\u00fcr ein \u00fcppiges Wachstum und Bl\u00fcte der Pflanze. Die Futterkegel bieten ausreichend Nahrung f\u00fcr die gesamte Mandevilla-Saison.<\/p>\n<p>Sundaville\u00ae langwirksame Futterzapfen sind praktische Futterzapfen f\u00fcr Ihre Mandevillas und andere Balkon- und Terrassenpflanzen. Diese lang wirkenden Zapfen reichen f\u00fcr die gesamte Mandevilla-Saison. Bei 1x F\u00fctterung haben Sie nicht weniger als 8 bis 9 Monate Nahrung! Um die besten Ergebnisse zu erzielen, stoppen Sie diese N\u00e4hrstoffkegel beim Umtopfen oder Umtopfen der Mandevillas. Die Anzahl der verwendeten Kegel h\u00e4ngt vom Durchmesser des Topfes ab.<\/p>\n<h3><b>Inhalt des Produkts<\/b><\/h3>\n<ul>\n<li>12 St\u00fcck<\/li>\n<li>QR-Code mit Gebrauchsanweisung<\/li>\n<\/ul>\n<h3><strong>Dosierung<\/strong><\/h3>\n<p>T\u00f6pfe von 15 cm: 1 Kegel.<br \/>\nT\u00f6pfe von 20cm: 2 Zapfen.<br \/>\nT\u00f6pfe von 25cm: 4 Zapfen.<br \/>\nT\u00f6pfe ab 35 cm: 8 Zapfen.<\/p>\n","protected":false},"featured_media":9918,"comment_status":"open","ping_status":"closed","template":"","meta":{"_monsterinsights_skip_tracking":false,"_monsterinsights_sitenote_active":false,"_monsterinsights_sitenote_note":"","_monsterinsights_sitenote_category":0},"product_brand":[],"product_cat":[809,807],"product_tag":[820,825],"class_list":{"0":"post-10486","1":"product","2":"type-product","3":"status-publish","4":"has-post-thumbnail","6":"product_cat-pflanzenfutter","7":"product_cat-sundaville-zubehoer","8":"product_tag-12-stueck","9":"product_tag-osmocote-de","11":"first","12":"instock","13":"shipping-taxable","14":"product-type-external"},"yoast_head":"<!-- This site is optimized with the Yoast SEO Premium plugin v24.5 (Yoast SEO v27.5) - https:\/\/yoast.com\/product\/yoast-seo-premium-wordpress\/ -->\n<title>Kraftkegel 12 St\u00fcck f\u00fcr Sundaville\u00ae - Sundaville.com<\/title>\n<meta name=\"description\" content=\"Diese handlichen N\u00e4hrstoffkegel sind die ideale N\u00e4hrstoffbasis f\u00fcr Ihre Sundaville\u00ae und sorgen f\u00fcr ein \u00fcppiges Wachstum und Bl\u00fcte der Pflanze. Die Futterkegel bieten ausreichend Nahrung f\u00fcr die gesamte Mandevilla-Saison. Sundaville\u00ae langwirksame Futterzapfen sind praktische Futterzapfen f\u00fcr Ihre Mandevillas und andere Balkon- und Terrassenpflanzen. Diese lang wirkenden Zapfen reichen f\u00fcr die gesamte Mandevilla-Saison. Bei 1x F\u00fctterung haben Sie nicht weniger als 8 bis 9 Monate Nahrung! Um die besten Ergebnisse zu erzielen, stoppen Sie diese N\u00e4hrstoffkegel beim Umtopfen oder Umtopfen der Mandevillas. Die Anzahl der verwendeten Kegel h\u00e4ngt vom Durchmesser des Topfes ab.\" \/>\n<meta name=\"robots\" content=\"index, follow, max-snippet:-1, max-image-preview:large, max-video-preview:-1\" \/>\n<link rel=\"canonical\" href=\"https:\/\/sundaville.com\/de\/produkt\/kraftkegel-12-stuck-fur-sundaville\/\" \/>\n<meta property=\"og:locale\" content=\"de_DE\" \/>\n<meta property=\"og:type\" content=\"article\" \/>\n<meta property=\"og:title\" content=\"Kraftkegel 12 St\u00fcck f\u00fcr Sundaville\u00ae\" \/>\n<meta property=\"og:description\" content=\"Diese handlichen N\u00e4hrstoffkegel sind die ideale N\u00e4hrstoffbasis f\u00fcr Ihre Sundaville\u00ae und sorgen f\u00fcr ein \u00fcppiges Wachstum und Bl\u00fcte der Pflanze. Die Futterkegel bieten ausreichend Nahrung f\u00fcr die gesamte Mandevilla-Saison.  Sundaville\u00ae langwirksame Futterzapfen sind praktische Futterzapfen f\u00fcr Ihre Mandevillas und andere Balkon- und Terrassenpflanzen. Diese lang wirkenden Zapfen reichen f\u00fcr die gesamte Mandevilla-Saison. Bei 1x F\u00fctterung haben Sie nicht weniger als 8 bis 9 Monate Nahrung! Um die besten Ergebnisse zu erzielen, stoppen Sie diese N\u00e4hrstoffkegel beim Umtopfen oder Umtopfen der Mandevillas. Die Anzahl der verwendeten Kegel h\u00e4ngt vom Durchmesser des Topfes ab. Inhalt des Produkts   12 St\u00fcck  QR-Code mit Gebrauchsanweisung  Dosierung T\u00f6pfe von 15 cm: 1 Kegel. T\u00f6pfe von 20cm: 2 Zapfen. T\u00f6pfe von 25cm: 4 Zapfen. T\u00f6pfe ab 35 cm: 8 Zapfen.\" \/>\n<meta property=\"og:url\" content=\"https:\/\/sundaville.com\/de\/produkt\/kraftkegel-12-stuck-fur-sundaville\/\" \/>\n<meta property=\"og:site_name\" content=\"Sundaville.com\" \/>\n<meta property=\"article:publisher\" content=\"https:\/\/www.facebook.com\/SundavilleMandevilla\" \/>\n<meta property=\"article:modified_time\" content=\"2022-04-17T09:07:45+00:00\" \/>\n<meta property=\"og:image\" content=\"https:\/\/sundaville.com\/wp-content\/uploads\/2021\/05\/01Tekengebied-1-kopie-17.jpg\" \/>\n\t<meta property=\"og:image:width\" content=\"802\" \/>\n\t<meta property=\"og:image:height\" content=\"702\" \/>\n\t<meta property=\"og:image:type\" content=\"image\/jpeg\" \/>\n<meta name=\"twitter:card\" content=\"summary_large_image\" \/>\n<meta name=\"twitter:site\" content=\"@Sundaville_\" \/>\n<script type=\"application\/ld+json\" class=\"yoast-schema-graph\">{\"@context\":\"https:\\\/\\\/schema.org\",\"@graph\":[{\"@type\":\"WebPage\",\"@id\":\"https:\\\/\\\/sundaville.com\\\/de\\\/produkt\\\/kraftkegel-12-stuck-fur-sundaville\\\/\",\"url\":\"https:\\\/\\\/sundaville.com\\\/de\\\/produkt\\\/kraftkegel-12-stuck-fur-sundaville\\\/\",\"name\":\"Kraftkegel 12 St\u00fcck f\u00fcr Sundaville\u00ae - Sundaville.com\",\"isPartOf\":{\"@id\":\"https:\\\/\\\/sundaville.com\\\/de\\\/#website\"},\"primaryImageOfPage\":{\"@id\":\"https:\\\/\\\/sundaville.com\\\/de\\\/produkt\\\/kraftkegel-12-stuck-fur-sundaville\\\/#primaryimage\"},\"image\":{\"@id\":\"https:\\\/\\\/sundaville.com\\\/de\\\/produkt\\\/kraftkegel-12-stuck-fur-sundaville\\\/#primaryimage\"},\"thumbnailUrl\":\"https:\\\/\\\/sundaville.com\\\/wp-content\\\/uploads\\\/2021\\\/05\\\/01Tekengebied-1-kopie-17.jpg\",\"datePublished\":\"2021-05-12T08:41:56+00:00\",\"dateModified\":\"2022-04-17T09:07:45+00:00\",\"description\":\"Diese handlichen N\u00e4hrstoffkegel sind die ideale N\u00e4hrstoffbasis f\u00fcr Ihre Sundaville\u00ae und sorgen f\u00fcr ein \u00fcppiges Wachstum und Bl\u00fcte der Pflanze. Die Futterkegel bieten ausreichend Nahrung f\u00fcr die gesamte Mandevilla-Saison. Sundaville\u00ae langwirksame Futterzapfen sind praktische Futterzapfen f\u00fcr Ihre Mandevillas und andere Balkon- und Terrassenpflanzen. Diese lang wirkenden Zapfen reichen f\u00fcr die gesamte Mandevilla-Saison. Bei 1x F\u00fctterung haben Sie nicht weniger als 8 bis 9 Monate Nahrung! Um die besten Ergebnisse zu erzielen, stoppen Sie diese N\u00e4hrstoffkegel beim Umtopfen oder Umtopfen der Mandevillas. Die Anzahl der verwendeten Kegel h\u00e4ngt vom Durchmesser des Topfes ab.\",\"breadcrumb\":{\"@id\":\"https:\\\/\\\/sundaville.com\\\/de\\\/produkt\\\/kraftkegel-12-stuck-fur-sundaville\\\/#breadcrumb\"},\"inLanguage\":\"de\",\"potentialAction\":[{\"@type\":\"ReadAction\",\"target\":[\"https:\\\/\\\/sundaville.com\\\/de\\\/produkt\\\/kraftkegel-12-stuck-fur-sundaville\\\/\"]}]},{\"@type\":\"ImageObject\",\"inLanguage\":\"de\",\"@id\":\"https:\\\/\\\/sundaville.com\\\/de\\\/produkt\\\/kraftkegel-12-stuck-fur-sundaville\\\/#primaryimage\",\"url\":\"https:\\\/\\\/sundaville.com\\\/wp-content\\\/uploads\\\/2021\\\/05\\\/01Tekengebied-1-kopie-17.jpg\",\"contentUrl\":\"https:\\\/\\\/sundaville.com\\\/wp-content\\\/uploads\\\/2021\\\/05\\\/01Tekengebied-1-kopie-17.jpg\",\"width\":802,\"height\":702,\"caption\":\"Sundaville\u00ae #1 Mandevilla \\\/ Dipladenia\"},{\"@type\":\"BreadcrumbList\",\"@id\":\"https:\\\/\\\/sundaville.com\\\/de\\\/produkt\\\/kraftkegel-12-stuck-fur-sundaville\\\/#breadcrumb\",\"itemListElement\":[{\"@type\":\"ListItem\",\"position\":1,\"name\":\"Home\",\"item\":\"https:\\\/\\\/sundaville.com\\\/de\\\/\"},{\"@type\":\"ListItem\",\"position\":2,\"name\":\"Shop\",\"item\":\"https:\\\/\\\/sundaville.com\\\/de\\\/shop\\\/\"},{\"@type\":\"ListItem\",\"position\":3,\"name\":\"Kraftkegel 12 St\u00fcck f\u00fcr Sundaville\u00ae\"}]},{\"@type\":\"WebSite\",\"@id\":\"https:\\\/\\\/sundaville.com\\\/de\\\/#website\",\"url\":\"https:\\\/\\\/sundaville.com\\\/de\\\/\",\"name\":\"Sundaville.com\",\"description\":\"Worlds no.1 Mandevilla \\\/ Dipladenia brand.\",\"publisher\":{\"@id\":\"https:\\\/\\\/sundaville.com\\\/de\\\/#organization\"},\"potentialAction\":[{\"@type\":\"SearchAction\",\"target\":{\"@type\":\"EntryPoint\",\"urlTemplate\":\"https:\\\/\\\/sundaville.com\\\/de\\\/?s={search_term_string}\"},\"query-input\":{\"@type\":\"PropertyValueSpecification\",\"valueRequired\":true,\"valueName\":\"search_term_string\"}}],\"inLanguage\":\"de\"},{\"@type\":\"Organization\",\"@id\":\"https:\\\/\\\/sundaville.com\\\/de\\\/#organization\",\"name\":\"SUNDAVILLE\u00ae\",\"alternateName\":\"Sundaville\",\"url\":\"https:\\\/\\\/sundaville.com\\\/de\\\/\",\"logo\":{\"@type\":\"ImageObject\",\"inLanguage\":\"de\",\"@id\":\"https:\\\/\\\/sundaville.com\\\/de\\\/#\\\/schema\\\/logo\\\/image\\\/\",\"url\":\"https:\\\/\\\/sundaville.com\\\/wp-content\\\/uploads\\\/2021\\\/04\\\/Tekengebied-1-kopie-30-300x300-1.png\",\"contentUrl\":\"https:\\\/\\\/sundaville.com\\\/wp-content\\\/uploads\\\/2021\\\/04\\\/Tekengebied-1-kopie-30-300x300-1.png\",\"width\":300,\"height\":300,\"caption\":\"SUNDAVILLE\u00ae\"},\"image\":{\"@id\":\"https:\\\/\\\/sundaville.com\\\/de\\\/#\\\/schema\\\/logo\\\/image\\\/\"},\"sameAs\":[\"https:\\\/\\\/www.facebook.com\\\/SundavilleMandevilla\",\"https:\\\/\\\/x.com\\\/Sundaville_\",\"https:\\\/\\\/www.instagram.com\\\/sundaville\",\"https:\\\/\\\/www.linkedin.com\\\/showcase\\\/sundaville\",\"https:\\\/\\\/www.youtube.com\\\/channel\\\/UCO_OrhM4LIYXrWft9p7s97w\",\"https:\\\/\\\/wikipedia.org\\\/wiki\\\/sundaville\"]}]}<\/script>\n<!-- \/ Yoast SEO Premium plugin. -->","yoast_head_json":{"title":"Kraftkegel 12 St\u00fcck f\u00fcr Sundaville\u00ae - Sundaville.com","description":"Diese handlichen N\u00e4hrstoffkegel sind die ideale N\u00e4hrstoffbasis f\u00fcr Ihre Sundaville\u00ae und sorgen f\u00fcr ein \u00fcppiges Wachstum und Bl\u00fcte der Pflanze. Die Futterkegel bieten ausreichend Nahrung f\u00fcr die gesamte Mandevilla-Saison. Sundaville\u00ae langwirksame Futterzapfen sind praktische Futterzapfen f\u00fcr Ihre Mandevillas und andere Balkon- und Terrassenpflanzen. Diese lang wirkenden Zapfen reichen f\u00fcr die gesamte Mandevilla-Saison. Bei 1x F\u00fctterung haben Sie nicht weniger als 8 bis 9 Monate Nahrung! Um die besten Ergebnisse zu erzielen, stoppen Sie diese N\u00e4hrstoffkegel beim Umtopfen oder Umtopfen der Mandevillas. Die Anzahl der verwendeten Kegel h\u00e4ngt vom Durchmesser des Topfes ab.","robots":{"index":"index","follow":"follow","max-snippet":"max-snippet:-1","max-image-preview":"max-image-preview:large","max-video-preview":"max-video-preview:-1"},"canonical":"https:\/\/sundaville.com\/de\/produkt\/kraftkegel-12-stuck-fur-sundaville\/","og_locale":"de_DE","og_type":"article","og_title":"Kraftkegel 12 St\u00fcck f\u00fcr Sundaville\u00ae","og_description":"Diese handlichen N\u00e4hrstoffkegel sind die ideale N\u00e4hrstoffbasis f\u00fcr Ihre Sundaville\u00ae und sorgen f\u00fcr ein \u00fcppiges Wachstum und Bl\u00fcte der Pflanze. Die Futterkegel bieten ausreichend Nahrung f\u00fcr die gesamte Mandevilla-Saison.  Sundaville\u00ae langwirksame Futterzapfen sind praktische Futterzapfen f\u00fcr Ihre Mandevillas und andere Balkon- und Terrassenpflanzen. Diese lang wirkenden Zapfen reichen f\u00fcr die gesamte Mandevilla-Saison. Bei 1x F\u00fctterung haben Sie nicht weniger als 8 bis 9 Monate Nahrung! Um die besten Ergebnisse zu erzielen, stoppen Sie diese N\u00e4hrstoffkegel beim Umtopfen oder Umtopfen der Mandevillas. Die Anzahl der verwendeten Kegel h\u00e4ngt vom Durchmesser des Topfes ab. Inhalt des Produkts   12 St\u00fcck  QR-Code mit Gebrauchsanweisung  Dosierung T\u00f6pfe von 15 cm: 1 Kegel. T\u00f6pfe von 20cm: 2 Zapfen. T\u00f6pfe von 25cm: 4 Zapfen. T\u00f6pfe ab 35 cm: 8 Zapfen.","og_url":"https:\/\/sundaville.com\/de\/produkt\/kraftkegel-12-stuck-fur-sundaville\/","og_site_name":"Sundaville.com","article_publisher":"https:\/\/www.facebook.com\/SundavilleMandevilla","article_modified_time":"2022-04-17T09:07:45+00:00","og_image":[{"width":802,"height":702,"url":"https:\/\/sundaville.com\/wp-content\/uploads\/2021\/05\/01Tekengebied-1-kopie-17.jpg","type":"image\/jpeg"}],"twitter_card":"summary_large_image","twitter_site":"@Sundaville_","schema":{"@context":"https:\/\/schema.org","@graph":[{"@type":"WebPage","@id":"https:\/\/sundaville.com\/de\/produkt\/kraftkegel-12-stuck-fur-sundaville\/","url":"https:\/\/sundaville.com\/de\/produkt\/kraftkegel-12-stuck-fur-sundaville\/","name":"Kraftkegel 12 St\u00fcck f\u00fcr Sundaville\u00ae - Sundaville.com","isPartOf":{"@id":"https:\/\/sundaville.com\/de\/#website"},"primaryImageOfPage":{"@id":"https:\/\/sundaville.com\/de\/produkt\/kraftkegel-12-stuck-fur-sundaville\/#primaryimage"},"image":{"@id":"https:\/\/sundaville.com\/de\/produkt\/kraftkegel-12-stuck-fur-sundaville\/#primaryimage"},"thumbnailUrl":"https:\/\/sundaville.com\/wp-content\/uploads\/2021\/05\/01Tekengebied-1-kopie-17.jpg","datePublished":"2021-05-12T08:41:56+00:00","dateModified":"2022-04-17T09:07:45+00:00","description":"Diese handlichen N\u00e4hrstoffkegel sind die ideale N\u00e4hrstoffbasis f\u00fcr Ihre Sundaville\u00ae und sorgen f\u00fcr ein \u00fcppiges Wachstum und Bl\u00fcte der Pflanze. Die Futterkegel bieten ausreichend Nahrung f\u00fcr die gesamte Mandevilla-Saison. Sundaville\u00ae langwirksame Futterzapfen sind praktische Futterzapfen f\u00fcr Ihre Mandevillas und andere Balkon- und Terrassenpflanzen. Diese lang wirkenden Zapfen reichen f\u00fcr die gesamte Mandevilla-Saison. Bei 1x F\u00fctterung haben Sie nicht weniger als 8 bis 9 Monate Nahrung! Um die besten Ergebnisse zu erzielen, stoppen Sie diese N\u00e4hrstoffkegel beim Umtopfen oder Umtopfen der Mandevillas. Die Anzahl der verwendeten Kegel h\u00e4ngt vom Durchmesser des Topfes ab.","breadcrumb":{"@id":"https:\/\/sundaville.com\/de\/produkt\/kraftkegel-12-stuck-fur-sundaville\/#breadcrumb"},"inLanguage":"de","potentialAction":[{"@type":"ReadAction","target":["https:\/\/sundaville.com\/de\/produkt\/kraftkegel-12-stuck-fur-sundaville\/"]}]},{"@type":"ImageObject","inLanguage":"de","@id":"https:\/\/sundaville.com\/de\/produkt\/kraftkegel-12-stuck-fur-sundaville\/#primaryimage","url":"https:\/\/sundaville.com\/wp-content\/uploads\/2021\/05\/01Tekengebied-1-kopie-17.jpg","contentUrl":"https:\/\/sundaville.com\/wp-content\/uploads\/2021\/05\/01Tekengebied-1-kopie-17.jpg","width":802,"height":702,"caption":"Sundaville\u00ae #1 Mandevilla \/ Dipladenia"},{"@type":"BreadcrumbList","@id":"https:\/\/sundaville.com\/de\/produkt\/kraftkegel-12-stuck-fur-sundaville\/#breadcrumb","itemListElement":[{"@type":"ListItem","position":1,"name":"Home","item":"https:\/\/sundaville.com\/de\/"},{"@type":"ListItem","position":2,"name":"Shop","item":"https:\/\/sundaville.com\/de\/shop\/"},{"@type":"ListItem","position":3,"name":"Kraftkegel 12 St\u00fcck f\u00fcr Sundaville\u00ae"}]},{"@type":"WebSite","@id":"https:\/\/sundaville.com\/de\/#website","url":"https:\/\/sundaville.com\/de\/","name":"Sundaville.com","description":"Worlds no.1 Mandevilla \/ Dipladenia brand.","publisher":{"@id":"https:\/\/sundaville.com\/de\/#organization"},"potentialAction":[{"@type":"SearchAction","target":{"@type":"EntryPoint","urlTemplate":"https:\/\/sundaville.com\/de\/?s={search_term_string}"},"query-input":{"@type":"PropertyValueSpecification","valueRequired":true,"valueName":"search_term_string"}}],"inLanguage":"de"},{"@type":"Organization","@id":"https:\/\/sundaville.com\/de\/#organization","name":"SUNDAVILLE\u00ae","alternateName":"Sundaville","url":"https:\/\/sundaville.com\/de\/","logo":{"@type":"ImageObject","inLanguage":"de","@id":"https:\/\/sundaville.com\/de\/#\/schema\/logo\/image\/","url":"https:\/\/sundaville.com\/wp-content\/uploads\/2021\/04\/Tekengebied-1-kopie-30-300x300-1.png","contentUrl":"https:\/\/sundaville.com\/wp-content\/uploads\/2021\/04\/Tekengebied-1-kopie-30-300x300-1.png","width":300,"height":300,"caption":"SUNDAVILLE\u00ae"},"image":{"@id":"https:\/\/sundaville.com\/de\/#\/schema\/logo\/image\/"},"sameAs":["https:\/\/www.facebook.com\/SundavilleMandevilla","https:\/\/x.com\/Sundaville_","https:\/\/www.instagram.com\/sundaville","https:\/\/www.linkedin.com\/showcase\/sundaville","https:\/\/www.youtube.com\/channel\/UCO_OrhM4LIYXrWft9p7s97w","https:\/\/wikipedia.org\/wiki\/sundaville"]}]}},"_links":{"self":[{"href":"https:\/\/sundaville.com\/de\/wp-json\/wp\/v2\/product\/10486","targetHints":{"allow":["GET"]}}],"collection":[{"href":"https:\/\/sundaville.com\/de\/wp-json\/wp\/v2\/product"}],"about":[{"href":"https:\/\/sundaville.com\/de\/wp-json\/wp\/v2\/types\/product"}],"replies":[{"embeddable":true,"href":"https:\/\/sundaville.com\/de\/wp-json\/wp\/v2\/comments?post=10486"}],"wp:featuredmedia":[{"embeddable":true,"href":"https:\/\/sundaville.com\/de\/wp-json\/wp\/v2\/media\/9918"}],"wp:attachment":[{"href":"https:\/\/sundaville.com\/de\/wp-json\/wp\/v2\/media?parent=10486"}],"wp:term":[{"taxonomy":"product_brand","embeddable":true,"href":"https:\/\/sundaville.com\/de\/wp-json\/wp\/v2\/product_brand?post=10486"},{"taxonomy":"product_cat","embeddable":true,"href":"https:\/\/sundaville.com\/de\/wp-json\/wp\/v2\/product_cat?post=10486"},{"taxonomy":"product_tag","embeddable":true,"href":"https:\/\/sundaville.com\/de\/wp-json\/wp\/v2\/product_tag?post=10486"}],"curies":[{"name":"wp","href":"https:\/\/api.w.org\/{rel}","templated":true}]}}