{"id":10487,"date":"2021-05-12T08:35:22","date_gmt":"2021-05-12T08:35:22","guid":{"rendered":"https:\/\/sundaville.com\/product\/hydrogranulat-10l-fur-sundaville\/"},"modified":"2022-04-17T09:14:10","modified_gmt":"2022-04-17T09:14:10","slug":"hydrogranulat-10l-fur-sundaville","status":"publish","type":"product","link":"https:\/\/sundaville.com\/de\/produkt\/hydrogranulat-10l-fur-sundaville\/","title":{"rendered":"Hydrogranulat 10L f\u00fcr Sundaville\u00ae"},"content":{"rendered":"","protected":false},"excerpt":{"rendered":"<p>Dieses Sundaville\u00ae Hydro-Granulat in Kombination mit der Blumenerde ist die beste Grundlage f\u00fcr Ihre Mandevillas.<\/p>\n<p><span class=\"VIiyi\" lang=\"de\"><span class=\"JLqJ4b ChMk0b\" data-language-for-alternatives=\"en\" data-language-to-translate-into=\"nl\" data-phrase-index =\"0\">Hydro-Granulat ist die perfekte Basis f\u00fcr Ihre Pflanzgef\u00e4\u00dfe.<\/span> <span class=\"JLqJ4b ChMk0b\" data-language-for-alternatives=\"de\" data-language-to-translate-into=\" nl\" data-phrase-index=\"1\">Dies liegt an den perfekten Eigenschaften von Hydrogetreide.<\/span> <span class=\"JLqJ4b ChMk0b\" data-language-for-alternatives=\"en\" data-language- to-translate-into=\"nl\" data-phrase-index=\"2\">Es sorgt daf\u00fcr, dass zu viel Wasser aufgenommen und ein Wassermangel an der Wurzel abgegeben wird.<\/span> <span class=\"JLqJ4b ChMk0b\" data-language-for-alternatives=\"de\" data-language-to-translate-into=\"nl\" data-phrase-index=\"3\">Infolgedessen erf\u00e4hrt die Pflanze weniger Stress durch zu viel oder zu wenig Wasser.<\/span> <span class=\"JLqJ4b ChMk0b\" data-language-for-alternatives=\"en\" data-language-to-translate-into=\"nl\" data-phrase-index=\"4\"> Dar\u00fcber hinaus sind Hydrok\u00f6rner auch o versorgen die Wurzeln mit Sauerstoff.<\/span> <span class=\"JLqJ4b ChMk0b\" data-language-for-alternatives=\"en\" data-language-to-translate-into=\"nl\" data-phrase-index=\" 5\">Durch den Sauerstoff an den Wurzeln werden N\u00e4hrstoffe besser aufgenommen und die Pflanze w\u00e4chst besser.<\/span><\/span><\/p>\n<p><span class=\"VIiyi\" lang=\"de\"><span class=\"JLqJ4b ChMk0b\" data-language-for-alternatives=\"en\" data-language-to-translate-into=\"nl\" data-phrase-index =\"7\">Unsere Hydrogranulate sind in 10 Liter Beuteln erh\u00e4ltlich, die ben\u00f6tigte Menge h\u00e4ngt von der Topfgr\u00f6\u00dfe ab. <\/span><\/span><span class=\"VIiyi\" lang=\"en\"><span class=\"JLqJ4b ChMk0b\" data-language-for-alternatives=\"en\" data-language-to-translate-into= \"nl\" data-phrase-index=\"9\">Verwenden Sie Hydrogranulat f\u00fcr etwa 20 % des Topfinhalts.<\/span><\/span><\/p>\n","protected":false},"featured_media":9882,"comment_status":"open","ping_status":"closed","template":"","meta":{"_monsterinsights_skip_tracking":false,"_monsterinsights_sitenote_active":false,"_monsterinsights_sitenote_note":"","_monsterinsights_sitenote_category":0},"product_brand":[],"product_cat":[808,807],"product_tag":[617,824],"class_list":{"0":"post-10487","1":"product","2":"type-product","3":"status-publish","4":"has-post-thumbnail","6":"product_cat-blumenerde","7":"product_cat-sundaville-zubehoer","8":"product_tag-10l-de","9":"product_tag-hydrogranulat","11":"first","12":"instock","13":"shipping-taxable","14":"product-type-external"},"yoast_head":"<!-- This site is optimized with the Yoast SEO Premium plugin v24.5 (Yoast SEO v27.6) - https:\/\/yoast.com\/product\/yoast-seo-premium-wordpress\/ -->\n<title>Hydrogranulat 10L f\u00fcr Sundaville\u00ae - Sundaville.com<\/title>\n<meta name=\"description\" content=\"Dieses Sundaville\u00ae Hydro-Granulat in Kombination mit der Blumenerde ist die beste Grundlage f\u00fcr Ihre Mandevillas. Hydro-Granulat eignet sich perfekt als Basis f\u00fcr Ihre Pflanzgef\u00e4\u00dfe. Dies liegt an den perfekten Eigenschaften der Hydrok\u00f6rner. Es sorgt daf\u00fcr, dass zu viel Wasser aufgenommen und ein Wassermangel an der Wurzel abgegeben wird. Infolgedessen erf\u00e4hrt die Pflanze weniger Stress durch zu viel oder zu wenig Wasser. Dar\u00fcber hinaus versorgen Hydrok\u00f6rner die Wurzeln mit Sauerstoff. Durch den Sauerstoff an den Wurzeln werden N\u00e4hrstoffe besser aufgenommen und die Pflanze w\u00e4chst besser.\" \/>\n<meta name=\"robots\" content=\"index, follow, max-snippet:-1, max-image-preview:large, max-video-preview:-1\" \/>\n<link rel=\"canonical\" href=\"https:\/\/sundaville.com\/de\/produkt\/hydrogranulat-10l-fur-sundaville\/\" \/>\n<meta property=\"og:locale\" content=\"de_DE\" \/>\n<meta property=\"og:type\" content=\"article\" \/>\n<meta property=\"og:title\" content=\"Hydrogranulat 10L f\u00fcr Sundaville\u00ae\" \/>\n<meta property=\"og:description\" content=\"Dieses Sundaville\u00ae Hydro-Granulat in Kombination mit der Blumenerde ist die beste Grundlage f\u00fcr Ihre Mandevillas.  Hydro-Granulat ist die perfekte Basis f\u00fcr Ihre Pflanzgef\u00e4\u00dfe. Dies liegt an den perfekten Eigenschaften von Hydrogetreide. Es sorgt daf\u00fcr, dass zu viel Wasser aufgenommen und ein Wassermangel an der Wurzel abgegeben wird. Infolgedessen erf\u00e4hrt die Pflanze weniger Stress durch zu viel oder zu wenig Wasser. Dar\u00fcber hinaus sind Hydrok\u00f6rner auch o versorgen die Wurzeln mit Sauerstoff. Durch den Sauerstoff an den Wurzeln werden N\u00e4hrstoffe besser aufgenommen und die Pflanze w\u00e4chst besser.  Unsere Hydrogranulate sind in 10 Liter Beuteln erh\u00e4ltlich, die ben\u00f6tigte Menge h\u00e4ngt von der Topfgr\u00f6\u00dfe ab. Verwenden Sie Hydrogranulat f\u00fcr etwa 20 % des Topfinhalts.\" \/>\n<meta property=\"og:url\" content=\"https:\/\/sundaville.com\/de\/produkt\/hydrogranulat-10l-fur-sundaville\/\" \/>\n<meta property=\"og:site_name\" content=\"Sundaville.com\" \/>\n<meta property=\"article:publisher\" content=\"https:\/\/www.facebook.com\/SundavilleMandevilla\" \/>\n<meta property=\"article:modified_time\" content=\"2022-04-17T09:14:10+00:00\" \/>\n<meta property=\"og:image\" content=\"https:\/\/sundaville.com\/wp-content\/uploads\/2021\/05\/01Tekengebied-1-kopie-8.jpg\" \/>\n\t<meta property=\"og:image:width\" content=\"802\" \/>\n\t<meta property=\"og:image:height\" content=\"702\" \/>\n\t<meta property=\"og:image:type\" content=\"image\/jpeg\" \/>\n<meta name=\"twitter:card\" content=\"summary_large_image\" \/>\n<meta name=\"twitter:site\" content=\"@Sundaville_\" \/>\n<script type=\"application\/ld+json\" class=\"yoast-schema-graph\">{\"@context\":\"https:\\\/\\\/schema.org\",\"@graph\":[{\"@type\":\"WebPage\",\"@id\":\"https:\\\/\\\/sundaville.com\\\/de\\\/produkt\\\/hydrogranulat-10l-fur-sundaville\\\/\",\"url\":\"https:\\\/\\\/sundaville.com\\\/de\\\/produkt\\\/hydrogranulat-10l-fur-sundaville\\\/\",\"name\":\"Hydrogranulat 10L f\u00fcr Sundaville\u00ae - Sundaville.com\",\"isPartOf\":{\"@id\":\"https:\\\/\\\/sundaville.com\\\/de\\\/#website\"},\"primaryImageOfPage\":{\"@id\":\"https:\\\/\\\/sundaville.com\\\/de\\\/produkt\\\/hydrogranulat-10l-fur-sundaville\\\/#primaryimage\"},\"image\":{\"@id\":\"https:\\\/\\\/sundaville.com\\\/de\\\/produkt\\\/hydrogranulat-10l-fur-sundaville\\\/#primaryimage\"},\"thumbnailUrl\":\"https:\\\/\\\/sundaville.com\\\/wp-content\\\/uploads\\\/2021\\\/05\\\/01Tekengebied-1-kopie-8.jpg\",\"datePublished\":\"2021-05-12T08:35:22+00:00\",\"dateModified\":\"2022-04-17T09:14:10+00:00\",\"description\":\"Dieses Sundaville\u00ae Hydro-Granulat in Kombination mit der Blumenerde ist die beste Grundlage f\u00fcr Ihre Mandevillas. Hydro-Granulat eignet sich perfekt als Basis f\u00fcr Ihre Pflanzgef\u00e4\u00dfe. Dies liegt an den perfekten Eigenschaften der Hydrok\u00f6rner. Es sorgt daf\u00fcr, dass zu viel Wasser aufgenommen und ein Wassermangel an der Wurzel abgegeben wird. Infolgedessen erf\u00e4hrt die Pflanze weniger Stress durch zu viel oder zu wenig Wasser. Dar\u00fcber hinaus versorgen Hydrok\u00f6rner die Wurzeln mit Sauerstoff. Durch den Sauerstoff an den Wurzeln werden N\u00e4hrstoffe besser aufgenommen und die Pflanze w\u00e4chst besser.\",\"breadcrumb\":{\"@id\":\"https:\\\/\\\/sundaville.com\\\/de\\\/produkt\\\/hydrogranulat-10l-fur-sundaville\\\/#breadcrumb\"},\"inLanguage\":\"de\",\"potentialAction\":[{\"@type\":\"ReadAction\",\"target\":[\"https:\\\/\\\/sundaville.com\\\/de\\\/produkt\\\/hydrogranulat-10l-fur-sundaville\\\/\"]}]},{\"@type\":\"ImageObject\",\"inLanguage\":\"de\",\"@id\":\"https:\\\/\\\/sundaville.com\\\/de\\\/produkt\\\/hydrogranulat-10l-fur-sundaville\\\/#primaryimage\",\"url\":\"https:\\\/\\\/sundaville.com\\\/wp-content\\\/uploads\\\/2021\\\/05\\\/01Tekengebied-1-kopie-8.jpg\",\"contentUrl\":\"https:\\\/\\\/sundaville.com\\\/wp-content\\\/uploads\\\/2021\\\/05\\\/01Tekengebied-1-kopie-8.jpg\",\"width\":802,\"height\":702,\"caption\":\"Sundaville\u00ae #1 Mandevilla \\\/ Dipladenia\"},{\"@type\":\"BreadcrumbList\",\"@id\":\"https:\\\/\\\/sundaville.com\\\/de\\\/produkt\\\/hydrogranulat-10l-fur-sundaville\\\/#breadcrumb\",\"itemListElement\":[{\"@type\":\"ListItem\",\"position\":1,\"name\":\"Home\",\"item\":\"https:\\\/\\\/sundaville.com\\\/de\\\/\"},{\"@type\":\"ListItem\",\"position\":2,\"name\":\"Shop\",\"item\":\"https:\\\/\\\/sundaville.com\\\/de\\\/shop\\\/\"},{\"@type\":\"ListItem\",\"position\":3,\"name\":\"Hydrogranulat 10L f\u00fcr Sundaville\u00ae\"}]},{\"@type\":\"WebSite\",\"@id\":\"https:\\\/\\\/sundaville.com\\\/de\\\/#website\",\"url\":\"https:\\\/\\\/sundaville.com\\\/de\\\/\",\"name\":\"Sundaville.com\",\"description\":\"Worlds no.1 Mandevilla \\\/ Dipladenia brand.\",\"publisher\":{\"@id\":\"https:\\\/\\\/sundaville.com\\\/de\\\/#organization\"},\"potentialAction\":[{\"@type\":\"SearchAction\",\"target\":{\"@type\":\"EntryPoint\",\"urlTemplate\":\"https:\\\/\\\/sundaville.com\\\/de\\\/?s={search_term_string}\"},\"query-input\":{\"@type\":\"PropertyValueSpecification\",\"valueRequired\":true,\"valueName\":\"search_term_string\"}}],\"inLanguage\":\"de\"},{\"@type\":\"Organization\",\"@id\":\"https:\\\/\\\/sundaville.com\\\/de\\\/#organization\",\"name\":\"SUNDAVILLE\u00ae\",\"alternateName\":\"Sundaville\",\"url\":\"https:\\\/\\\/sundaville.com\\\/de\\\/\",\"logo\":{\"@type\":\"ImageObject\",\"inLanguage\":\"de\",\"@id\":\"https:\\\/\\\/sundaville.com\\\/de\\\/#\\\/schema\\\/logo\\\/image\\\/\",\"url\":\"https:\\\/\\\/sundaville.com\\\/wp-content\\\/uploads\\\/2021\\\/04\\\/Tekengebied-1-kopie-30-300x300-1.png\",\"contentUrl\":\"https:\\\/\\\/sundaville.com\\\/wp-content\\\/uploads\\\/2021\\\/04\\\/Tekengebied-1-kopie-30-300x300-1.png\",\"width\":300,\"height\":300,\"caption\":\"SUNDAVILLE\u00ae\"},\"image\":{\"@id\":\"https:\\\/\\\/sundaville.com\\\/de\\\/#\\\/schema\\\/logo\\\/image\\\/\"},\"sameAs\":[\"https:\\\/\\\/www.facebook.com\\\/SundavilleMandevilla\",\"https:\\\/\\\/x.com\\\/Sundaville_\",\"https:\\\/\\\/www.instagram.com\\\/sundaville\",\"https:\\\/\\\/www.linkedin.com\\\/showcase\\\/sundaville\",\"https:\\\/\\\/www.youtube.com\\\/channel\\\/UCO_OrhM4LIYXrWft9p7s97w\",\"https:\\\/\\\/wikipedia.org\\\/wiki\\\/sundaville\"]}]}<\/script>\n<!-- \/ Yoast SEO Premium plugin. -->","yoast_head_json":{"title":"Hydrogranulat 10L f\u00fcr Sundaville\u00ae - Sundaville.com","description":"Dieses Sundaville\u00ae Hydro-Granulat in Kombination mit der Blumenerde ist die beste Grundlage f\u00fcr Ihre Mandevillas. Hydro-Granulat eignet sich perfekt als Basis f\u00fcr Ihre Pflanzgef\u00e4\u00dfe. Dies liegt an den perfekten Eigenschaften der Hydrok\u00f6rner. Es sorgt daf\u00fcr, dass zu viel Wasser aufgenommen und ein Wassermangel an der Wurzel abgegeben wird. Infolgedessen erf\u00e4hrt die Pflanze weniger Stress durch zu viel oder zu wenig Wasser. Dar\u00fcber hinaus versorgen Hydrok\u00f6rner die Wurzeln mit Sauerstoff. Durch den Sauerstoff an den Wurzeln werden N\u00e4hrstoffe besser aufgenommen und die Pflanze w\u00e4chst besser.","robots":{"index":"index","follow":"follow","max-snippet":"max-snippet:-1","max-image-preview":"max-image-preview:large","max-video-preview":"max-video-preview:-1"},"canonical":"https:\/\/sundaville.com\/de\/produkt\/hydrogranulat-10l-fur-sundaville\/","og_locale":"de_DE","og_type":"article","og_title":"Hydrogranulat 10L f\u00fcr Sundaville\u00ae","og_description":"Dieses Sundaville\u00ae Hydro-Granulat in Kombination mit der Blumenerde ist die beste Grundlage f\u00fcr Ihre Mandevillas.  Hydro-Granulat ist die perfekte Basis f\u00fcr Ihre Pflanzgef\u00e4\u00dfe. Dies liegt an den perfekten Eigenschaften von Hydrogetreide. Es sorgt daf\u00fcr, dass zu viel Wasser aufgenommen und ein Wassermangel an der Wurzel abgegeben wird. Infolgedessen erf\u00e4hrt die Pflanze weniger Stress durch zu viel oder zu wenig Wasser. Dar\u00fcber hinaus sind Hydrok\u00f6rner auch o versorgen die Wurzeln mit Sauerstoff. Durch den Sauerstoff an den Wurzeln werden N\u00e4hrstoffe besser aufgenommen und die Pflanze w\u00e4chst besser.  Unsere Hydrogranulate sind in 10 Liter Beuteln erh\u00e4ltlich, die ben\u00f6tigte Menge h\u00e4ngt von der Topfgr\u00f6\u00dfe ab. Verwenden Sie Hydrogranulat f\u00fcr etwa 20 % des Topfinhalts.","og_url":"https:\/\/sundaville.com\/de\/produkt\/hydrogranulat-10l-fur-sundaville\/","og_site_name":"Sundaville.com","article_publisher":"https:\/\/www.facebook.com\/SundavilleMandevilla","article_modified_time":"2022-04-17T09:14:10+00:00","og_image":[{"width":802,"height":702,"url":"https:\/\/sundaville.com\/wp-content\/uploads\/2021\/05\/01Tekengebied-1-kopie-8.jpg","type":"image\/jpeg"}],"twitter_card":"summary_large_image","twitter_site":"@Sundaville_","schema":{"@context":"https:\/\/schema.org","@graph":[{"@type":"WebPage","@id":"https:\/\/sundaville.com\/de\/produkt\/hydrogranulat-10l-fur-sundaville\/","url":"https:\/\/sundaville.com\/de\/produkt\/hydrogranulat-10l-fur-sundaville\/","name":"Hydrogranulat 10L f\u00fcr Sundaville\u00ae - Sundaville.com","isPartOf":{"@id":"https:\/\/sundaville.com\/de\/#website"},"primaryImageOfPage":{"@id":"https:\/\/sundaville.com\/de\/produkt\/hydrogranulat-10l-fur-sundaville\/#primaryimage"},"image":{"@id":"https:\/\/sundaville.com\/de\/produkt\/hydrogranulat-10l-fur-sundaville\/#primaryimage"},"thumbnailUrl":"https:\/\/sundaville.com\/wp-content\/uploads\/2021\/05\/01Tekengebied-1-kopie-8.jpg","datePublished":"2021-05-12T08:35:22+00:00","dateModified":"2022-04-17T09:14:10+00:00","description":"Dieses Sundaville\u00ae Hydro-Granulat in Kombination mit der Blumenerde ist die beste Grundlage f\u00fcr Ihre Mandevillas. Hydro-Granulat eignet sich perfekt als Basis f\u00fcr Ihre Pflanzgef\u00e4\u00dfe. Dies liegt an den perfekten Eigenschaften der Hydrok\u00f6rner. Es sorgt daf\u00fcr, dass zu viel Wasser aufgenommen und ein Wassermangel an der Wurzel abgegeben wird. Infolgedessen erf\u00e4hrt die Pflanze weniger Stress durch zu viel oder zu wenig Wasser. Dar\u00fcber hinaus versorgen Hydrok\u00f6rner die Wurzeln mit Sauerstoff. Durch den Sauerstoff an den Wurzeln werden N\u00e4hrstoffe besser aufgenommen und die Pflanze w\u00e4chst besser.","breadcrumb":{"@id":"https:\/\/sundaville.com\/de\/produkt\/hydrogranulat-10l-fur-sundaville\/#breadcrumb"},"inLanguage":"de","potentialAction":[{"@type":"ReadAction","target":["https:\/\/sundaville.com\/de\/produkt\/hydrogranulat-10l-fur-sundaville\/"]}]},{"@type":"ImageObject","inLanguage":"de","@id":"https:\/\/sundaville.com\/de\/produkt\/hydrogranulat-10l-fur-sundaville\/#primaryimage","url":"https:\/\/sundaville.com\/wp-content\/uploads\/2021\/05\/01Tekengebied-1-kopie-8.jpg","contentUrl":"https:\/\/sundaville.com\/wp-content\/uploads\/2021\/05\/01Tekengebied-1-kopie-8.jpg","width":802,"height":702,"caption":"Sundaville\u00ae #1 Mandevilla \/ Dipladenia"},{"@type":"BreadcrumbList","@id":"https:\/\/sundaville.com\/de\/produkt\/hydrogranulat-10l-fur-sundaville\/#breadcrumb","itemListElement":[{"@type":"ListItem","position":1,"name":"Home","item":"https:\/\/sundaville.com\/de\/"},{"@type":"ListItem","position":2,"name":"Shop","item":"https:\/\/sundaville.com\/de\/shop\/"},{"@type":"ListItem","position":3,"name":"Hydrogranulat 10L f\u00fcr Sundaville\u00ae"}]},{"@type":"WebSite","@id":"https:\/\/sundaville.com\/de\/#website","url":"https:\/\/sundaville.com\/de\/","name":"Sundaville.com","description":"Worlds no.1 Mandevilla \/ Dipladenia brand.","publisher":{"@id":"https:\/\/sundaville.com\/de\/#organization"},"potentialAction":[{"@type":"SearchAction","target":{"@type":"EntryPoint","urlTemplate":"https:\/\/sundaville.com\/de\/?s={search_term_string}"},"query-input":{"@type":"PropertyValueSpecification","valueRequired":true,"valueName":"search_term_string"}}],"inLanguage":"de"},{"@type":"Organization","@id":"https:\/\/sundaville.com\/de\/#organization","name":"SUNDAVILLE\u00ae","alternateName":"Sundaville","url":"https:\/\/sundaville.com\/de\/","logo":{"@type":"ImageObject","inLanguage":"de","@id":"https:\/\/sundaville.com\/de\/#\/schema\/logo\/image\/","url":"https:\/\/sundaville.com\/wp-content\/uploads\/2021\/04\/Tekengebied-1-kopie-30-300x300-1.png","contentUrl":"https:\/\/sundaville.com\/wp-content\/uploads\/2021\/04\/Tekengebied-1-kopie-30-300x300-1.png","width":300,"height":300,"caption":"SUNDAVILLE\u00ae"},"image":{"@id":"https:\/\/sundaville.com\/de\/#\/schema\/logo\/image\/"},"sameAs":["https:\/\/www.facebook.com\/SundavilleMandevilla","https:\/\/x.com\/Sundaville_","https:\/\/www.instagram.com\/sundaville","https:\/\/www.linkedin.com\/showcase\/sundaville","https:\/\/www.youtube.com\/channel\/UCO_OrhM4LIYXrWft9p7s97w","https:\/\/wikipedia.org\/wiki\/sundaville"]}]}},"_links":{"self":[{"href":"https:\/\/sundaville.com\/de\/wp-json\/wp\/v2\/product\/10487","targetHints":{"allow":["GET"]}}],"collection":[{"href":"https:\/\/sundaville.com\/de\/wp-json\/wp\/v2\/product"}],"about":[{"href":"https:\/\/sundaville.com\/de\/wp-json\/wp\/v2\/types\/product"}],"replies":[{"embeddable":true,"href":"https:\/\/sundaville.com\/de\/wp-json\/wp\/v2\/comments?post=10487"}],"wp:featuredmedia":[{"embeddable":true,"href":"https:\/\/sundaville.com\/de\/wp-json\/wp\/v2\/media\/9882"}],"wp:attachment":[{"href":"https:\/\/sundaville.com\/de\/wp-json\/wp\/v2\/media?parent=10487"}],"wp:term":[{"taxonomy":"product_brand","embeddable":true,"href":"https:\/\/sundaville.com\/de\/wp-json\/wp\/v2\/product_brand?post=10487"},{"taxonomy":"product_cat","embeddable":true,"href":"https:\/\/sundaville.com\/de\/wp-json\/wp\/v2\/product_cat?post=10487"},{"taxonomy":"product_tag","embeddable":true,"href":"https:\/\/sundaville.com\/de\/wp-json\/wp\/v2\/product_tag?post=10487"}],"curies":[{"name":"wp","href":"https:\/\/api.w.org\/{rel}","templated":true}]}}