{"id":10488,"date":"2021-05-12T08:28:38","date_gmt":"2021-05-12T08:28:38","guid":{"rendered":"https:\/\/sundaville.com\/product\/kletterset-fur-sundaville\/"},"modified":"2022-04-17T09:15:40","modified_gmt":"2022-04-17T09:15:40","slug":"kletterset-fur-sundaville","status":"publish","type":"product","link":"https:\/\/sundaville.com\/de\/produkt\/kletterset-fur-sundaville\/","title":{"rendered":"Kletterset f\u00fcr Sundaville\u00ae"},"content":{"rendered":"","protected":false},"excerpt":{"rendered":"<p>Mit dem Sundaville\u00ae Kletterset holen Sie mehr aus Ihrer Mandevilla heraus. Mit diesem Set k\u00f6nnen Sie das Bambusregal weiter ausbauen, damit die Pflanze schneller wachsen kann. Das Set besteht aus Clips und Sticks in verschiedenen Gr\u00f6\u00dfen, immer eine L\u00f6sung f\u00fcr Ihre Pflanze.<\/p>\n<p><span class=\"tlid-translation translation\" lang=\"en\"><span title=\"\">Die von uns verkauften Sundaville\u00ae sind bereits ausgewachsen.<\/span> <span title=\"\">Mit diesem Set k\u00f6nnen Sie weiter Erweitern Sie das Bambusgestell, damit die Pflanze schneller wachsen kann.<\/span> <span title=\"\">Sundaville\u00ae ist von Natur aus eine Kletterpflanze und w\u00e4chst schneller, wenn sie genug Unterst\u00fctzung hat, um nach oben zu wachsen.<\/span><\/span><\/p>\n<p><span class=\"\" title=\"\">Dieses Produkt besteht aus Bambusst\u00e4ben von 35 cm und 50 cm, die Sie mit Clips an den aktuellen Gestellen befestigen k\u00f6nnen, die w\u00e4hrend der Kultivierung verwendet werden.<\/span> <span class=\"\" title=\" \">Sie k\u00f6nnen auch zwei 50-cm-Stangen aneinander befestigen, wodurch Sie eine zus\u00e4tzliche H\u00f6he von ca. 1 m.<\/span> <span class=\"\" title=\"\">Das ist mehr als genug f\u00fcr die gesamte Saison.<\/span> <span title=\"\">Alle Clips bestehen aus hochwertigem recyceltem Kunststoff halten mehrere Jahre.<\/span><\/p>\n<h3><b>Inhalt der Box<\/b><\/h3>\n<ul>\n<li>6 <span class=\"tlid-translation translation\" lang=\"de\"><span title=\"\">Bambusst\u00e4bchen von 35 cm<\/span><\/span><\/li>\n<li><span class=\"tlid-translation translation\" lang=\"de\"><span class=\"\" title=\"\"><span title=\"\"><span class=\"tlid-translation translation\" lang=\" de\">6 Bambusst\u00e4be 50cm<\/span><\/span><\/span><\/span><\/li>\n<li>24 <span class=\"tlid-translation translation\" lang=\"de\"><span class=\"\" title=\"\">l<\/span><\/span><span class=\"tlid-translation translation\" lang=\"de\"><span title=\"\">gro\u00dfe Befestigungsclips f\u00fcr die Bambusstangen<\/span><\/span><\/li>\n<li>24 <span class=\"tlid-translation translation\" lang=\"de\"><span class=\"\" title=\"\"><span title=\"\"><span class=\"tlid-translation translation\" lang=\"de\">kleine Montageclips f\u00fcr die Pflanze<\/span><\/span><\/span><\/span><\/li>\n<\/ul>\n","protected":false},"featured_media":9866,"comment_status":"open","ping_status":"closed","template":"","meta":{"_monsterinsights_skip_tracking":false,"_monsterinsights_sitenote_active":false,"_monsterinsights_sitenote_note":"","_monsterinsights_sitenote_category":0},"product_brand":[],"product_cat":[807,810],"product_tag":[823],"class_list":{"0":"post-10488","1":"product","2":"type-product","3":"status-publish","4":"has-post-thumbnail","6":"product_cat-sundaville-zubehoer","7":"product_cat-wachstumsunterstuetzung","8":"product_tag-bambus","10":"first","11":"instock","12":"shipping-taxable","13":"product-type-external"},"yoast_head":"<!-- This site is optimized with the Yoast SEO Premium plugin v24.5 (Yoast SEO v27.6) - https:\/\/yoast.com\/product\/yoast-seo-premium-wordpress\/ -->\n<title>Kletterset f\u00fcr Sundaville\u00ae - Sundaville.com<\/title>\n<meta name=\"description\" content=\"Die von uns verkauften Sundaville\u00ae sind bereits ausgewachsen. Mit diesem Set k\u00f6nnen Sie das Bambusregal weiter ausbauen, damit die Pflanze schneller wachsen kann. Sundaville\u00ae ist von Natur aus eine Kletterpflanze und w\u00e4chst schneller, wenn sie genug Unterst\u00fctzung hat, um nach oben zu wachsen.\" \/>\n<meta name=\"robots\" content=\"index, follow, max-snippet:-1, max-image-preview:large, max-video-preview:-1\" \/>\n<link rel=\"canonical\" href=\"https:\/\/sundaville.com\/de\/produkt\/kletterset-fur-sundaville\/\" \/>\n<meta property=\"og:locale\" content=\"de_DE\" \/>\n<meta property=\"og:type\" content=\"article\" \/>\n<meta property=\"og:title\" content=\"Kletterset f\u00fcr Sundaville\u00ae\" \/>\n<meta property=\"og:description\" content=\"Mit dem Sundaville\u00ae Kletterset holen Sie mehr aus Ihrer Mandevilla heraus. Mit diesem Set k\u00f6nnen Sie das Bambusregal weiter ausbauen, damit die Pflanze schneller wachsen kann. Das Set besteht aus Clips und Sticks in verschiedenen Gr\u00f6\u00dfen, immer eine L\u00f6sung f\u00fcr Ihre Pflanze.  Die von uns verkauften Sundaville\u00ae sind bereits ausgewachsen. Mit diesem Set k\u00f6nnen Sie weiter Erweitern Sie das Bambusgestell, damit die Pflanze schneller wachsen kann. Sundaville\u00ae ist von Natur aus eine Kletterpflanze und w\u00e4chst schneller, wenn sie genug Unterst\u00fctzung hat, um nach oben zu wachsen.  Dieses Produkt besteht aus Bambusst\u00e4ben von 35 cm und 50 cm, die Sie mit Clips an den aktuellen Gestellen befestigen k\u00f6nnen, die w\u00e4hrend der Kultivierung verwendet werden. Sie k\u00f6nnen auch zwei 50-cm-Stangen aneinander befestigen, wodurch Sie eine zus\u00e4tzliche H\u00f6he von ca. 1 m. Das ist mehr als genug f\u00fcr die gesamte Saison. Alle Clips bestehen aus hochwertigem recyceltem Kunststoff halten mehrere Jahre. Inhalt der Box   6 Bambusst\u00e4bchen von 35 cm  6 Bambusst\u00e4be 50cm  24 lgro\u00dfe Befestigungsclips f\u00fcr die Bambusstangen  24 kleine Montageclips f\u00fcr die Pflanze\" \/>\n<meta property=\"og:url\" content=\"https:\/\/sundaville.com\/de\/produkt\/kletterset-fur-sundaville\/\" \/>\n<meta property=\"og:site_name\" content=\"Sundaville.com\" \/>\n<meta property=\"article:publisher\" content=\"https:\/\/www.facebook.com\/SundavilleMandevilla\" \/>\n<meta property=\"article:modified_time\" content=\"2022-04-17T09:15:40+00:00\" \/>\n<meta property=\"og:image\" content=\"https:\/\/sundaville.com\/wp-content\/uploads\/2021\/05\/01Tekengebied-1-kopie-3.jpg\" \/>\n\t<meta property=\"og:image:width\" content=\"802\" \/>\n\t<meta property=\"og:image:height\" content=\"701\" \/>\n\t<meta property=\"og:image:type\" content=\"image\/jpeg\" \/>\n<meta name=\"twitter:card\" content=\"summary_large_image\" \/>\n<meta name=\"twitter:site\" content=\"@Sundaville_\" \/>\n<script type=\"application\/ld+json\" class=\"yoast-schema-graph\">{\"@context\":\"https:\\\/\\\/schema.org\",\"@graph\":[{\"@type\":\"WebPage\",\"@id\":\"https:\\\/\\\/sundaville.com\\\/de\\\/produkt\\\/kletterset-fur-sundaville\\\/\",\"url\":\"https:\\\/\\\/sundaville.com\\\/de\\\/produkt\\\/kletterset-fur-sundaville\\\/\",\"name\":\"Kletterset f\u00fcr Sundaville\u00ae - Sundaville.com\",\"isPartOf\":{\"@id\":\"https:\\\/\\\/sundaville.com\\\/de\\\/#website\"},\"primaryImageOfPage\":{\"@id\":\"https:\\\/\\\/sundaville.com\\\/de\\\/produkt\\\/kletterset-fur-sundaville\\\/#primaryimage\"},\"image\":{\"@id\":\"https:\\\/\\\/sundaville.com\\\/de\\\/produkt\\\/kletterset-fur-sundaville\\\/#primaryimage\"},\"thumbnailUrl\":\"https:\\\/\\\/sundaville.com\\\/wp-content\\\/uploads\\\/2021\\\/05\\\/01Tekengebied-1-kopie-3.jpg\",\"datePublished\":\"2021-05-12T08:28:38+00:00\",\"dateModified\":\"2022-04-17T09:15:40+00:00\",\"description\":\"Die von uns verkauften Sundaville\u00ae sind bereits ausgewachsen. Mit diesem Set k\u00f6nnen Sie das Bambusregal weiter ausbauen, damit die Pflanze schneller wachsen kann. Sundaville\u00ae ist von Natur aus eine Kletterpflanze und w\u00e4chst schneller, wenn sie genug Unterst\u00fctzung hat, um nach oben zu wachsen.\",\"breadcrumb\":{\"@id\":\"https:\\\/\\\/sundaville.com\\\/de\\\/produkt\\\/kletterset-fur-sundaville\\\/#breadcrumb\"},\"inLanguage\":\"de\",\"potentialAction\":[{\"@type\":\"ReadAction\",\"target\":[\"https:\\\/\\\/sundaville.com\\\/de\\\/produkt\\\/kletterset-fur-sundaville\\\/\"]}]},{\"@type\":\"ImageObject\",\"inLanguage\":\"de\",\"@id\":\"https:\\\/\\\/sundaville.com\\\/de\\\/produkt\\\/kletterset-fur-sundaville\\\/#primaryimage\",\"url\":\"https:\\\/\\\/sundaville.com\\\/wp-content\\\/uploads\\\/2021\\\/05\\\/01Tekengebied-1-kopie-3.jpg\",\"contentUrl\":\"https:\\\/\\\/sundaville.com\\\/wp-content\\\/uploads\\\/2021\\\/05\\\/01Tekengebied-1-kopie-3.jpg\",\"width\":802,\"height\":701,\"caption\":\"Sundaville\u00ae #1 Mandevilla \\\/ Dipladenia\"},{\"@type\":\"BreadcrumbList\",\"@id\":\"https:\\\/\\\/sundaville.com\\\/de\\\/produkt\\\/kletterset-fur-sundaville\\\/#breadcrumb\",\"itemListElement\":[{\"@type\":\"ListItem\",\"position\":1,\"name\":\"Home\",\"item\":\"https:\\\/\\\/sundaville.com\\\/de\\\/\"},{\"@type\":\"ListItem\",\"position\":2,\"name\":\"Shop\",\"item\":\"https:\\\/\\\/sundaville.com\\\/de\\\/shop\\\/\"},{\"@type\":\"ListItem\",\"position\":3,\"name\":\"Kletterset f\u00fcr Sundaville\u00ae\"}]},{\"@type\":\"WebSite\",\"@id\":\"https:\\\/\\\/sundaville.com\\\/de\\\/#website\",\"url\":\"https:\\\/\\\/sundaville.com\\\/de\\\/\",\"name\":\"Sundaville.com\",\"description\":\"Worlds no.1 Mandevilla \\\/ Dipladenia brand.\",\"publisher\":{\"@id\":\"https:\\\/\\\/sundaville.com\\\/de\\\/#organization\"},\"potentialAction\":[{\"@type\":\"SearchAction\",\"target\":{\"@type\":\"EntryPoint\",\"urlTemplate\":\"https:\\\/\\\/sundaville.com\\\/de\\\/?s={search_term_string}\"},\"query-input\":{\"@type\":\"PropertyValueSpecification\",\"valueRequired\":true,\"valueName\":\"search_term_string\"}}],\"inLanguage\":\"de\"},{\"@type\":\"Organization\",\"@id\":\"https:\\\/\\\/sundaville.com\\\/de\\\/#organization\",\"name\":\"SUNDAVILLE\u00ae\",\"alternateName\":\"Sundaville\",\"url\":\"https:\\\/\\\/sundaville.com\\\/de\\\/\",\"logo\":{\"@type\":\"ImageObject\",\"inLanguage\":\"de\",\"@id\":\"https:\\\/\\\/sundaville.com\\\/de\\\/#\\\/schema\\\/logo\\\/image\\\/\",\"url\":\"https:\\\/\\\/sundaville.com\\\/wp-content\\\/uploads\\\/2021\\\/04\\\/Tekengebied-1-kopie-30-300x300-1.png\",\"contentUrl\":\"https:\\\/\\\/sundaville.com\\\/wp-content\\\/uploads\\\/2021\\\/04\\\/Tekengebied-1-kopie-30-300x300-1.png\",\"width\":300,\"height\":300,\"caption\":\"SUNDAVILLE\u00ae\"},\"image\":{\"@id\":\"https:\\\/\\\/sundaville.com\\\/de\\\/#\\\/schema\\\/logo\\\/image\\\/\"},\"sameAs\":[\"https:\\\/\\\/www.facebook.com\\\/SundavilleMandevilla\",\"https:\\\/\\\/x.com\\\/Sundaville_\",\"https:\\\/\\\/www.instagram.com\\\/sundaville\",\"https:\\\/\\\/www.linkedin.com\\\/showcase\\\/sundaville\",\"https:\\\/\\\/www.youtube.com\\\/channel\\\/UCO_OrhM4LIYXrWft9p7s97w\",\"https:\\\/\\\/wikipedia.org\\\/wiki\\\/sundaville\"]}]}<\/script>\n<!-- \/ Yoast SEO Premium plugin. -->","yoast_head_json":{"title":"Kletterset f\u00fcr Sundaville\u00ae - Sundaville.com","description":"Die von uns verkauften Sundaville\u00ae sind bereits ausgewachsen. Mit diesem Set k\u00f6nnen Sie das Bambusregal weiter ausbauen, damit die Pflanze schneller wachsen kann. Sundaville\u00ae ist von Natur aus eine Kletterpflanze und w\u00e4chst schneller, wenn sie genug Unterst\u00fctzung hat, um nach oben zu wachsen.","robots":{"index":"index","follow":"follow","max-snippet":"max-snippet:-1","max-image-preview":"max-image-preview:large","max-video-preview":"max-video-preview:-1"},"canonical":"https:\/\/sundaville.com\/de\/produkt\/kletterset-fur-sundaville\/","og_locale":"de_DE","og_type":"article","og_title":"Kletterset f\u00fcr Sundaville\u00ae","og_description":"Mit dem Sundaville\u00ae Kletterset holen Sie mehr aus Ihrer Mandevilla heraus. Mit diesem Set k\u00f6nnen Sie das Bambusregal weiter ausbauen, damit die Pflanze schneller wachsen kann. Das Set besteht aus Clips und Sticks in verschiedenen Gr\u00f6\u00dfen, immer eine L\u00f6sung f\u00fcr Ihre Pflanze.  Die von uns verkauften Sundaville\u00ae sind bereits ausgewachsen. Mit diesem Set k\u00f6nnen Sie weiter Erweitern Sie das Bambusgestell, damit die Pflanze schneller wachsen kann. Sundaville\u00ae ist von Natur aus eine Kletterpflanze und w\u00e4chst schneller, wenn sie genug Unterst\u00fctzung hat, um nach oben zu wachsen.  Dieses Produkt besteht aus Bambusst\u00e4ben von 35 cm und 50 cm, die Sie mit Clips an den aktuellen Gestellen befestigen k\u00f6nnen, die w\u00e4hrend der Kultivierung verwendet werden. Sie k\u00f6nnen auch zwei 50-cm-Stangen aneinander befestigen, wodurch Sie eine zus\u00e4tzliche H\u00f6he von ca. 1 m. Das ist mehr als genug f\u00fcr die gesamte Saison. Alle Clips bestehen aus hochwertigem recyceltem Kunststoff halten mehrere Jahre. Inhalt der Box   6 Bambusst\u00e4bchen von 35 cm  6 Bambusst\u00e4be 50cm  24 lgro\u00dfe Befestigungsclips f\u00fcr die Bambusstangen  24 kleine Montageclips f\u00fcr die Pflanze","og_url":"https:\/\/sundaville.com\/de\/produkt\/kletterset-fur-sundaville\/","og_site_name":"Sundaville.com","article_publisher":"https:\/\/www.facebook.com\/SundavilleMandevilla","article_modified_time":"2022-04-17T09:15:40+00:00","og_image":[{"width":802,"height":701,"url":"https:\/\/sundaville.com\/wp-content\/uploads\/2021\/05\/01Tekengebied-1-kopie-3.jpg","type":"image\/jpeg"}],"twitter_card":"summary_large_image","twitter_site":"@Sundaville_","schema":{"@context":"https:\/\/schema.org","@graph":[{"@type":"WebPage","@id":"https:\/\/sundaville.com\/de\/produkt\/kletterset-fur-sundaville\/","url":"https:\/\/sundaville.com\/de\/produkt\/kletterset-fur-sundaville\/","name":"Kletterset f\u00fcr Sundaville\u00ae - Sundaville.com","isPartOf":{"@id":"https:\/\/sundaville.com\/de\/#website"},"primaryImageOfPage":{"@id":"https:\/\/sundaville.com\/de\/produkt\/kletterset-fur-sundaville\/#primaryimage"},"image":{"@id":"https:\/\/sundaville.com\/de\/produkt\/kletterset-fur-sundaville\/#primaryimage"},"thumbnailUrl":"https:\/\/sundaville.com\/wp-content\/uploads\/2021\/05\/01Tekengebied-1-kopie-3.jpg","datePublished":"2021-05-12T08:28:38+00:00","dateModified":"2022-04-17T09:15:40+00:00","description":"Die von uns verkauften Sundaville\u00ae sind bereits ausgewachsen. Mit diesem Set k\u00f6nnen Sie das Bambusregal weiter ausbauen, damit die Pflanze schneller wachsen kann. Sundaville\u00ae ist von Natur aus eine Kletterpflanze und w\u00e4chst schneller, wenn sie genug Unterst\u00fctzung hat, um nach oben zu wachsen.","breadcrumb":{"@id":"https:\/\/sundaville.com\/de\/produkt\/kletterset-fur-sundaville\/#breadcrumb"},"inLanguage":"de","potentialAction":[{"@type":"ReadAction","target":["https:\/\/sundaville.com\/de\/produkt\/kletterset-fur-sundaville\/"]}]},{"@type":"ImageObject","inLanguage":"de","@id":"https:\/\/sundaville.com\/de\/produkt\/kletterset-fur-sundaville\/#primaryimage","url":"https:\/\/sundaville.com\/wp-content\/uploads\/2021\/05\/01Tekengebied-1-kopie-3.jpg","contentUrl":"https:\/\/sundaville.com\/wp-content\/uploads\/2021\/05\/01Tekengebied-1-kopie-3.jpg","width":802,"height":701,"caption":"Sundaville\u00ae #1 Mandevilla \/ Dipladenia"},{"@type":"BreadcrumbList","@id":"https:\/\/sundaville.com\/de\/produkt\/kletterset-fur-sundaville\/#breadcrumb","itemListElement":[{"@type":"ListItem","position":1,"name":"Home","item":"https:\/\/sundaville.com\/de\/"},{"@type":"ListItem","position":2,"name":"Shop","item":"https:\/\/sundaville.com\/de\/shop\/"},{"@type":"ListItem","position":3,"name":"Kletterset f\u00fcr Sundaville\u00ae"}]},{"@type":"WebSite","@id":"https:\/\/sundaville.com\/de\/#website","url":"https:\/\/sundaville.com\/de\/","name":"Sundaville.com","description":"Worlds no.1 Mandevilla \/ Dipladenia brand.","publisher":{"@id":"https:\/\/sundaville.com\/de\/#organization"},"potentialAction":[{"@type":"SearchAction","target":{"@type":"EntryPoint","urlTemplate":"https:\/\/sundaville.com\/de\/?s={search_term_string}"},"query-input":{"@type":"PropertyValueSpecification","valueRequired":true,"valueName":"search_term_string"}}],"inLanguage":"de"},{"@type":"Organization","@id":"https:\/\/sundaville.com\/de\/#organization","name":"SUNDAVILLE\u00ae","alternateName":"Sundaville","url":"https:\/\/sundaville.com\/de\/","logo":{"@type":"ImageObject","inLanguage":"de","@id":"https:\/\/sundaville.com\/de\/#\/schema\/logo\/image\/","url":"https:\/\/sundaville.com\/wp-content\/uploads\/2021\/04\/Tekengebied-1-kopie-30-300x300-1.png","contentUrl":"https:\/\/sundaville.com\/wp-content\/uploads\/2021\/04\/Tekengebied-1-kopie-30-300x300-1.png","width":300,"height":300,"caption":"SUNDAVILLE\u00ae"},"image":{"@id":"https:\/\/sundaville.com\/de\/#\/schema\/logo\/image\/"},"sameAs":["https:\/\/www.facebook.com\/SundavilleMandevilla","https:\/\/x.com\/Sundaville_","https:\/\/www.instagram.com\/sundaville","https:\/\/www.linkedin.com\/showcase\/sundaville","https:\/\/www.youtube.com\/channel\/UCO_OrhM4LIYXrWft9p7s97w","https:\/\/wikipedia.org\/wiki\/sundaville"]}]}},"_links":{"self":[{"href":"https:\/\/sundaville.com\/de\/wp-json\/wp\/v2\/product\/10488","targetHints":{"allow":["GET"]}}],"collection":[{"href":"https:\/\/sundaville.com\/de\/wp-json\/wp\/v2\/product"}],"about":[{"href":"https:\/\/sundaville.com\/de\/wp-json\/wp\/v2\/types\/product"}],"replies":[{"embeddable":true,"href":"https:\/\/sundaville.com\/de\/wp-json\/wp\/v2\/comments?post=10488"}],"wp:featuredmedia":[{"embeddable":true,"href":"https:\/\/sundaville.com\/de\/wp-json\/wp\/v2\/media\/9866"}],"wp:attachment":[{"href":"https:\/\/sundaville.com\/de\/wp-json\/wp\/v2\/media?parent=10488"}],"wp:term":[{"taxonomy":"product_brand","embeddable":true,"href":"https:\/\/sundaville.com\/de\/wp-json\/wp\/v2\/product_brand?post=10488"},{"taxonomy":"product_cat","embeddable":true,"href":"https:\/\/sundaville.com\/de\/wp-json\/wp\/v2\/product_cat?post=10488"},{"taxonomy":"product_tag","embeddable":true,"href":"https:\/\/sundaville.com\/de\/wp-json\/wp\/v2\/product_tag?post=10488"}],"curies":[{"name":"wp","href":"https:\/\/api.w.org\/{rel}","templated":true}]}}