{"id":10489,"date":"2021-05-12T07:45:29","date_gmt":"2021-05-12T07:45:29","guid":{"rendered":"https:\/\/sundaville.com\/product\/blumenerde-nahrstoffe-20l-fur-sundaville\/"},"modified":"2022-04-17T09:12:45","modified_gmt":"2022-04-17T09:12:45","slug":"blumenerde-nahrstoffe-20l-fur-sundaville","status":"publish","type":"product","link":"https:\/\/sundaville.com\/de\/produkt\/blumenerde-nahrstoffe-20l-fur-sundaville\/","title":{"rendered":"Blumenerde + N\u00e4hrstoffe 20L f\u00fcr Sundaville\u00ae"},"content":{"rendered":"","protected":false},"excerpt":{"rendered":"<p><strong>Diese Sundaville\u00ae-Erde mit N\u00e4hrstoffen ist die perfekte Basis f\u00fcr Ihre Mandevilla.<\/strong> In unserer G\u00e4rtnerei wird diese Blumenerde auch f\u00fcr den Anbau von Mandevilla verwendet. Die Blumenerde ist RHP-zertifiziert, was bedeutet, dass Sie ein gutes und faires Produkt kaufen. Ein Garant f\u00fcr Qualit\u00e4t und Sicherheit.<\/p>\n<p>Zus\u00e4tzlich wurde der Blumenerde ein lang wirkender D\u00fcnger in Form von Osmocote zugesetzt. Dabei handelt es sich um umh\u00fcllte D\u00fcngergranulate, die die N\u00e4hrstoffe w\u00e4hrend der gesamten Saison langsam abgeben, sodass Ihr Sundaville\u00ae nicht w\u00e4hrend der gesamten Outdoor-Saison ged\u00fcngt werden muss. Diese Blumenerde eignet sich auch sehr gut f\u00fcr andere K\u00fcbel- und Terrassenpflanzen.<\/p>\n","protected":false},"featured_media":9894,"comment_status":"open","ping_status":"closed","template":"","meta":{"_monsterinsights_skip_tracking":false,"_monsterinsights_sitenote_active":false,"_monsterinsights_sitenote_note":"","_monsterinsights_sitenote_category":0},"product_brand":[],"product_cat":[808,807],"product_tag":[621,822,825],"class_list":{"0":"post-10489","1":"product","2":"type-product","3":"status-publish","4":"has-post-thumbnail","6":"product_cat-blumenerde","7":"product_cat-sundaville-zubehoer","8":"product_tag-20l-de","9":"product_tag-blumenerde","10":"product_tag-osmocote-de","12":"first","13":"instock","14":"shipping-taxable","15":"product-type-external"},"yoast_head":"<!-- This site is optimized with the Yoast SEO Premium plugin v24.5 (Yoast SEO v27.6) - https:\/\/yoast.com\/product\/yoast-seo-premium-wordpress\/ -->\n<title>Blumenerde + N\u00e4hrstoffe 20L f\u00fcr Sundaville\u00ae - Sundaville.com<\/title>\n<meta name=\"description\" content=\"Diese Sundaville\u00ae-Erde mit N\u00e4hrstoffen ist die perfekte Basis f\u00fcr Ihre Mandevilla. In unserer G\u00e4rtnerei wird diese Blumenerde auch f\u00fcr den Anbau von Mandevilla&#039;s verwendet. Die Blumenerde ist RHP-zertifiziert, was bedeutet, dass Sie ein gutes und faires Produkt kaufen. Ein Garant f\u00fcr Qualit\u00e4t und Sicherheit.\" \/>\n<meta name=\"robots\" content=\"index, follow, max-snippet:-1, max-image-preview:large, max-video-preview:-1\" \/>\n<link rel=\"canonical\" href=\"https:\/\/sundaville.com\/de\/produkt\/blumenerde-nahrstoffe-20l-fur-sundaville\/\" \/>\n<meta property=\"og:locale\" content=\"de_DE\" \/>\n<meta property=\"og:type\" content=\"article\" \/>\n<meta property=\"og:title\" content=\"Blumenerde + N\u00e4hrstoffe 20L f\u00fcr Sundaville\u00ae\" \/>\n<meta property=\"og:description\" content=\"Diese Sundaville\u00ae-Erde mit N\u00e4hrstoffen ist die perfekte Basis f\u00fcr Ihre Mandevilla. In unserer G\u00e4rtnerei wird diese Blumenerde auch f\u00fcr den Anbau von Mandevilla verwendet. Die Blumenerde ist RHP-zertifiziert, was bedeutet, dass Sie ein gutes und faires Produkt kaufen. Ein Garant f\u00fcr Qualit\u00e4t und Sicherheit.  Zus\u00e4tzlich wurde der Blumenerde ein lang wirkender D\u00fcnger in Form von Osmocote zugesetzt. Dabei handelt es sich um umh\u00fcllte D\u00fcngergranulate, die die N\u00e4hrstoffe w\u00e4hrend der gesamten Saison langsam abgeben, sodass Ihr Sundaville\u00ae nicht w\u00e4hrend der gesamten Outdoor-Saison ged\u00fcngt werden muss. Diese Blumenerde eignet sich auch sehr gut f\u00fcr andere K\u00fcbel- und Terrassenpflanzen.\" \/>\n<meta property=\"og:url\" content=\"https:\/\/sundaville.com\/de\/produkt\/blumenerde-nahrstoffe-20l-fur-sundaville\/\" \/>\n<meta property=\"og:site_name\" content=\"Sundaville.com\" \/>\n<meta property=\"article:publisher\" content=\"https:\/\/www.facebook.com\/SundavilleMandevilla\" \/>\n<meta property=\"article:modified_time\" content=\"2022-04-17T09:12:45+00:00\" \/>\n<meta property=\"og:image\" content=\"https:\/\/sundaville.com\/wp-content\/uploads\/2021\/05\/01Tekengebied-1-kopie-11.jpg\" \/>\n\t<meta property=\"og:image:width\" content=\"802\" \/>\n\t<meta property=\"og:image:height\" content=\"702\" \/>\n\t<meta property=\"og:image:type\" content=\"image\/jpeg\" \/>\n<meta name=\"twitter:card\" content=\"summary_large_image\" \/>\n<meta name=\"twitter:site\" content=\"@Sundaville_\" \/>\n<script type=\"application\/ld+json\" class=\"yoast-schema-graph\">{\"@context\":\"https:\\\/\\\/schema.org\",\"@graph\":[{\"@type\":\"WebPage\",\"@id\":\"https:\\\/\\\/sundaville.com\\\/de\\\/produkt\\\/blumenerde-nahrstoffe-20l-fur-sundaville\\\/\",\"url\":\"https:\\\/\\\/sundaville.com\\\/de\\\/produkt\\\/blumenerde-nahrstoffe-20l-fur-sundaville\\\/\",\"name\":\"Blumenerde + N\u00e4hrstoffe 20L f\u00fcr Sundaville\u00ae - Sundaville.com\",\"isPartOf\":{\"@id\":\"https:\\\/\\\/sundaville.com\\\/de\\\/#website\"},\"primaryImageOfPage\":{\"@id\":\"https:\\\/\\\/sundaville.com\\\/de\\\/produkt\\\/blumenerde-nahrstoffe-20l-fur-sundaville\\\/#primaryimage\"},\"image\":{\"@id\":\"https:\\\/\\\/sundaville.com\\\/de\\\/produkt\\\/blumenerde-nahrstoffe-20l-fur-sundaville\\\/#primaryimage\"},\"thumbnailUrl\":\"https:\\\/\\\/sundaville.com\\\/wp-content\\\/uploads\\\/2021\\\/05\\\/01Tekengebied-1-kopie-11.jpg\",\"datePublished\":\"2021-05-12T07:45:29+00:00\",\"dateModified\":\"2022-04-17T09:12:45+00:00\",\"description\":\"Diese Sundaville\u00ae-Erde mit N\u00e4hrstoffen ist die perfekte Basis f\u00fcr Ihre Mandevilla. In unserer G\u00e4rtnerei wird diese Blumenerde auch f\u00fcr den Anbau von Mandevilla's verwendet. Die Blumenerde ist RHP-zertifiziert, was bedeutet, dass Sie ein gutes und faires Produkt kaufen. Ein Garant f\u00fcr Qualit\u00e4t und Sicherheit.\",\"breadcrumb\":{\"@id\":\"https:\\\/\\\/sundaville.com\\\/de\\\/produkt\\\/blumenerde-nahrstoffe-20l-fur-sundaville\\\/#breadcrumb\"},\"inLanguage\":\"de\",\"potentialAction\":[{\"@type\":\"ReadAction\",\"target\":[\"https:\\\/\\\/sundaville.com\\\/de\\\/produkt\\\/blumenerde-nahrstoffe-20l-fur-sundaville\\\/\"]}]},{\"@type\":\"ImageObject\",\"inLanguage\":\"de\",\"@id\":\"https:\\\/\\\/sundaville.com\\\/de\\\/produkt\\\/blumenerde-nahrstoffe-20l-fur-sundaville\\\/#primaryimage\",\"url\":\"https:\\\/\\\/sundaville.com\\\/wp-content\\\/uploads\\\/2021\\\/05\\\/01Tekengebied-1-kopie-11.jpg\",\"contentUrl\":\"https:\\\/\\\/sundaville.com\\\/wp-content\\\/uploads\\\/2021\\\/05\\\/01Tekengebied-1-kopie-11.jpg\",\"width\":802,\"height\":702,\"caption\":\"Sundaville\u00ae #1 Mandevilla \\\/ Dipladenia\"},{\"@type\":\"BreadcrumbList\",\"@id\":\"https:\\\/\\\/sundaville.com\\\/de\\\/produkt\\\/blumenerde-nahrstoffe-20l-fur-sundaville\\\/#breadcrumb\",\"itemListElement\":[{\"@type\":\"ListItem\",\"position\":1,\"name\":\"Home\",\"item\":\"https:\\\/\\\/sundaville.com\\\/de\\\/\"},{\"@type\":\"ListItem\",\"position\":2,\"name\":\"Shop\",\"item\":\"https:\\\/\\\/sundaville.com\\\/de\\\/shop\\\/\"},{\"@type\":\"ListItem\",\"position\":3,\"name\":\"Blumenerde + N\u00e4hrstoffe 20L f\u00fcr Sundaville\u00ae\"}]},{\"@type\":\"WebSite\",\"@id\":\"https:\\\/\\\/sundaville.com\\\/de\\\/#website\",\"url\":\"https:\\\/\\\/sundaville.com\\\/de\\\/\",\"name\":\"Sundaville.com\",\"description\":\"Worlds no.1 Mandevilla \\\/ Dipladenia brand.\",\"publisher\":{\"@id\":\"https:\\\/\\\/sundaville.com\\\/de\\\/#organization\"},\"potentialAction\":[{\"@type\":\"SearchAction\",\"target\":{\"@type\":\"EntryPoint\",\"urlTemplate\":\"https:\\\/\\\/sundaville.com\\\/de\\\/?s={search_term_string}\"},\"query-input\":{\"@type\":\"PropertyValueSpecification\",\"valueRequired\":true,\"valueName\":\"search_term_string\"}}],\"inLanguage\":\"de\"},{\"@type\":\"Organization\",\"@id\":\"https:\\\/\\\/sundaville.com\\\/de\\\/#organization\",\"name\":\"SUNDAVILLE\u00ae\",\"alternateName\":\"Sundaville\",\"url\":\"https:\\\/\\\/sundaville.com\\\/de\\\/\",\"logo\":{\"@type\":\"ImageObject\",\"inLanguage\":\"de\",\"@id\":\"https:\\\/\\\/sundaville.com\\\/de\\\/#\\\/schema\\\/logo\\\/image\\\/\",\"url\":\"https:\\\/\\\/sundaville.com\\\/wp-content\\\/uploads\\\/2021\\\/04\\\/Tekengebied-1-kopie-30-300x300-1.png\",\"contentUrl\":\"https:\\\/\\\/sundaville.com\\\/wp-content\\\/uploads\\\/2021\\\/04\\\/Tekengebied-1-kopie-30-300x300-1.png\",\"width\":300,\"height\":300,\"caption\":\"SUNDAVILLE\u00ae\"},\"image\":{\"@id\":\"https:\\\/\\\/sundaville.com\\\/de\\\/#\\\/schema\\\/logo\\\/image\\\/\"},\"sameAs\":[\"https:\\\/\\\/www.facebook.com\\\/SundavilleMandevilla\",\"https:\\\/\\\/x.com\\\/Sundaville_\",\"https:\\\/\\\/www.instagram.com\\\/sundaville\",\"https:\\\/\\\/www.linkedin.com\\\/showcase\\\/sundaville\",\"https:\\\/\\\/www.youtube.com\\\/channel\\\/UCO_OrhM4LIYXrWft9p7s97w\",\"https:\\\/\\\/wikipedia.org\\\/wiki\\\/sundaville\"]}]}<\/script>\n<!-- \/ Yoast SEO Premium plugin. -->","yoast_head_json":{"title":"Blumenerde + N\u00e4hrstoffe 20L f\u00fcr Sundaville\u00ae - Sundaville.com","description":"Diese Sundaville\u00ae-Erde mit N\u00e4hrstoffen ist die perfekte Basis f\u00fcr Ihre Mandevilla. In unserer G\u00e4rtnerei wird diese Blumenerde auch f\u00fcr den Anbau von Mandevilla's verwendet. Die Blumenerde ist RHP-zertifiziert, was bedeutet, dass Sie ein gutes und faires Produkt kaufen. Ein Garant f\u00fcr Qualit\u00e4t und Sicherheit.","robots":{"index":"index","follow":"follow","max-snippet":"max-snippet:-1","max-image-preview":"max-image-preview:large","max-video-preview":"max-video-preview:-1"},"canonical":"https:\/\/sundaville.com\/de\/produkt\/blumenerde-nahrstoffe-20l-fur-sundaville\/","og_locale":"de_DE","og_type":"article","og_title":"Blumenerde + N\u00e4hrstoffe 20L f\u00fcr Sundaville\u00ae","og_description":"Diese Sundaville\u00ae-Erde mit N\u00e4hrstoffen ist die perfekte Basis f\u00fcr Ihre Mandevilla. In unserer G\u00e4rtnerei wird diese Blumenerde auch f\u00fcr den Anbau von Mandevilla verwendet. Die Blumenerde ist RHP-zertifiziert, was bedeutet, dass Sie ein gutes und faires Produkt kaufen. Ein Garant f\u00fcr Qualit\u00e4t und Sicherheit.  Zus\u00e4tzlich wurde der Blumenerde ein lang wirkender D\u00fcnger in Form von Osmocote zugesetzt. Dabei handelt es sich um umh\u00fcllte D\u00fcngergranulate, die die N\u00e4hrstoffe w\u00e4hrend der gesamten Saison langsam abgeben, sodass Ihr Sundaville\u00ae nicht w\u00e4hrend der gesamten Outdoor-Saison ged\u00fcngt werden muss. Diese Blumenerde eignet sich auch sehr gut f\u00fcr andere K\u00fcbel- und Terrassenpflanzen.","og_url":"https:\/\/sundaville.com\/de\/produkt\/blumenerde-nahrstoffe-20l-fur-sundaville\/","og_site_name":"Sundaville.com","article_publisher":"https:\/\/www.facebook.com\/SundavilleMandevilla","article_modified_time":"2022-04-17T09:12:45+00:00","og_image":[{"width":802,"height":702,"url":"https:\/\/sundaville.com\/wp-content\/uploads\/2021\/05\/01Tekengebied-1-kopie-11.jpg","type":"image\/jpeg"}],"twitter_card":"summary_large_image","twitter_site":"@Sundaville_","schema":{"@context":"https:\/\/schema.org","@graph":[{"@type":"WebPage","@id":"https:\/\/sundaville.com\/de\/produkt\/blumenerde-nahrstoffe-20l-fur-sundaville\/","url":"https:\/\/sundaville.com\/de\/produkt\/blumenerde-nahrstoffe-20l-fur-sundaville\/","name":"Blumenerde + N\u00e4hrstoffe 20L f\u00fcr Sundaville\u00ae - Sundaville.com","isPartOf":{"@id":"https:\/\/sundaville.com\/de\/#website"},"primaryImageOfPage":{"@id":"https:\/\/sundaville.com\/de\/produkt\/blumenerde-nahrstoffe-20l-fur-sundaville\/#primaryimage"},"image":{"@id":"https:\/\/sundaville.com\/de\/produkt\/blumenerde-nahrstoffe-20l-fur-sundaville\/#primaryimage"},"thumbnailUrl":"https:\/\/sundaville.com\/wp-content\/uploads\/2021\/05\/01Tekengebied-1-kopie-11.jpg","datePublished":"2021-05-12T07:45:29+00:00","dateModified":"2022-04-17T09:12:45+00:00","description":"Diese Sundaville\u00ae-Erde mit N\u00e4hrstoffen ist die perfekte Basis f\u00fcr Ihre Mandevilla. In unserer G\u00e4rtnerei wird diese Blumenerde auch f\u00fcr den Anbau von Mandevilla's verwendet. Die Blumenerde ist RHP-zertifiziert, was bedeutet, dass Sie ein gutes und faires Produkt kaufen. Ein Garant f\u00fcr Qualit\u00e4t und Sicherheit.","breadcrumb":{"@id":"https:\/\/sundaville.com\/de\/produkt\/blumenerde-nahrstoffe-20l-fur-sundaville\/#breadcrumb"},"inLanguage":"de","potentialAction":[{"@type":"ReadAction","target":["https:\/\/sundaville.com\/de\/produkt\/blumenerde-nahrstoffe-20l-fur-sundaville\/"]}]},{"@type":"ImageObject","inLanguage":"de","@id":"https:\/\/sundaville.com\/de\/produkt\/blumenerde-nahrstoffe-20l-fur-sundaville\/#primaryimage","url":"https:\/\/sundaville.com\/wp-content\/uploads\/2021\/05\/01Tekengebied-1-kopie-11.jpg","contentUrl":"https:\/\/sundaville.com\/wp-content\/uploads\/2021\/05\/01Tekengebied-1-kopie-11.jpg","width":802,"height":702,"caption":"Sundaville\u00ae #1 Mandevilla \/ Dipladenia"},{"@type":"BreadcrumbList","@id":"https:\/\/sundaville.com\/de\/produkt\/blumenerde-nahrstoffe-20l-fur-sundaville\/#breadcrumb","itemListElement":[{"@type":"ListItem","position":1,"name":"Home","item":"https:\/\/sundaville.com\/de\/"},{"@type":"ListItem","position":2,"name":"Shop","item":"https:\/\/sundaville.com\/de\/shop\/"},{"@type":"ListItem","position":3,"name":"Blumenerde + N\u00e4hrstoffe 20L f\u00fcr Sundaville\u00ae"}]},{"@type":"WebSite","@id":"https:\/\/sundaville.com\/de\/#website","url":"https:\/\/sundaville.com\/de\/","name":"Sundaville.com","description":"Worlds no.1 Mandevilla \/ Dipladenia brand.","publisher":{"@id":"https:\/\/sundaville.com\/de\/#organization"},"potentialAction":[{"@type":"SearchAction","target":{"@type":"EntryPoint","urlTemplate":"https:\/\/sundaville.com\/de\/?s={search_term_string}"},"query-input":{"@type":"PropertyValueSpecification","valueRequired":true,"valueName":"search_term_string"}}],"inLanguage":"de"},{"@type":"Organization","@id":"https:\/\/sundaville.com\/de\/#organization","name":"SUNDAVILLE\u00ae","alternateName":"Sundaville","url":"https:\/\/sundaville.com\/de\/","logo":{"@type":"ImageObject","inLanguage":"de","@id":"https:\/\/sundaville.com\/de\/#\/schema\/logo\/image\/","url":"https:\/\/sundaville.com\/wp-content\/uploads\/2021\/04\/Tekengebied-1-kopie-30-300x300-1.png","contentUrl":"https:\/\/sundaville.com\/wp-content\/uploads\/2021\/04\/Tekengebied-1-kopie-30-300x300-1.png","width":300,"height":300,"caption":"SUNDAVILLE\u00ae"},"image":{"@id":"https:\/\/sundaville.com\/de\/#\/schema\/logo\/image\/"},"sameAs":["https:\/\/www.facebook.com\/SundavilleMandevilla","https:\/\/x.com\/Sundaville_","https:\/\/www.instagram.com\/sundaville","https:\/\/www.linkedin.com\/showcase\/sundaville","https:\/\/www.youtube.com\/channel\/UCO_OrhM4LIYXrWft9p7s97w","https:\/\/wikipedia.org\/wiki\/sundaville"]}]}},"_links":{"self":[{"href":"https:\/\/sundaville.com\/de\/wp-json\/wp\/v2\/product\/10489","targetHints":{"allow":["GET"]}}],"collection":[{"href":"https:\/\/sundaville.com\/de\/wp-json\/wp\/v2\/product"}],"about":[{"href":"https:\/\/sundaville.com\/de\/wp-json\/wp\/v2\/types\/product"}],"replies":[{"embeddable":true,"href":"https:\/\/sundaville.com\/de\/wp-json\/wp\/v2\/comments?post=10489"}],"wp:featuredmedia":[{"embeddable":true,"href":"https:\/\/sundaville.com\/de\/wp-json\/wp\/v2\/media\/9894"}],"wp:attachment":[{"href":"https:\/\/sundaville.com\/de\/wp-json\/wp\/v2\/media?parent=10489"}],"wp:term":[{"taxonomy":"product_brand","embeddable":true,"href":"https:\/\/sundaville.com\/de\/wp-json\/wp\/v2\/product_brand?post=10489"},{"taxonomy":"product_cat","embeddable":true,"href":"https:\/\/sundaville.com\/de\/wp-json\/wp\/v2\/product_cat?post=10489"},{"taxonomy":"product_tag","embeddable":true,"href":"https:\/\/sundaville.com\/de\/wp-json\/wp\/v2\/product_tag?post=10489"}],"curies":[{"name":"wp","href":"https:\/\/api.w.org\/{rel}","templated":true}]}}