{"id":10500,"date":"2021-03-19T10:48:07","date_gmt":"2021-03-19T10:48:07","guid":{"rendered":"https:\/\/sundaville.com\/product\/sundaville-red-cream-pink-mix\/"},"modified":"2024-04-29T11:48:07","modified_gmt":"2024-04-29T11:48:07","slug":"sundaville-red-cream-pink-mix-3","status":"publish","type":"product","link":"https:\/\/sundaville.com\/de\/produkt\/sundaville-red-cream-pink-mix-3\/","title":{"rendered":"Sundaville\u00ae Red &#038; Cream Pink Mix"},"content":{"rendered":"<div class=\"wpb-content-wrapper\"><p>[vc_row][vc_column width=&#8220;1\/3&#8243;][vc_column_text text_larger=&#8220;no&#8220;]<\/p>\n<p><strong>&gt; The original<\/strong><br \/>\nThe original and classic Sundaville\u00ae range consists of mandevilla (dipladenia) with superior and innovative branching and striking colors. These strong and healthy plants are suitable for almost every climate and can be used as a patio plant, in balcony boxes, hanging baskets and as a bedding plant.<\/p>\n<p>[\/vc_column_text][\/vc_column][vc_column width=&#8220;1\/3&#8243;][vc_column_text text_larger=&#8220;no&#8220;]<\/p>\n<p><strong>&gt; User friendly<\/strong><br \/>\nDue to the way this Sundaville\u00ae variety is nursed, the plant does not need a lot of tending. For example, the potting soil is mixed with long-acting plant nutrition and attuned to mandevilla. This way, the plant does not need more nutrition for the rest of the season.<\/p>\n<p>[\/vc_column_text][\/vc_column][vc_column width=&#8220;1\/3&#8243;][vc_column_text text_larger=&#8220;no&#8220;]<\/p>\n<p><strong>&gt; Bee friendly grown<\/strong><br \/>\nThis Sundaville\u00ae variety is bee friendly grown by mandevillashop.com, meaning there is no presence of residue on the plants that can be harmful towards bees and other insects.<\/p>\n<p>[\/vc_column_text][\/vc_column][\/vc_row]<\/p>\n<\/div>","protected":false},"excerpt":{"rendered":"<p>Dekorieren Sie den Balkon oder die Terrasse mit der Sundaville\u00ae Red &amp; Creme-Rosa-Mix. Diese Pflanze wird Sie sechs Monate lang mit ununterbrochener Bl\u00fcte und Wachstum bis zum ersten Frost \u00fcberraschen. Sundavilles sind sehr dankbare Pflanzen und pflegeleicht. Jetzt direkt beim Z\u00fcchter bestellen! Die Mandevilla Sundaville\u00ae ist urspr\u00fcnglich eine exotische Gartenpflanze mit bunten trompetenf\u00f6rmigen Bl\u00fcten. Die Farbkombination Rot und Hellrosa dieser Sundaville\u00ae-Mischung sorgt f\u00fcr einen fr\u00f6hlichen Auftritt auf Ihrem Balkon oder Ihrer Terrasse. Die Pflanze wird Sie vom fr\u00fchen Fr\u00fchling bis zum sp\u00e4ten Herbst mit viel Bl\u00fcte und Wachstum \u00fcberraschen. Die Farbkombination Rot und Pink sorgt f\u00fcr Abwechslung in Ihrem Garten, Balkon oder Terrasse. Das Pflanzen mehrerer Mandevillas zusammen ergibt einen sch\u00f6nen Effekt. Die Pflanze ist auch in den Kombinationen wei\u00df\/pink, wei\u00df\/rot und lila\/pink erh\u00e4ltlich.<\/p>\n","protected":false},"featured_media":8797,"comment_status":"open","ping_status":"closed","template":"","meta":{"_monsterinsights_skip_tracking":false,"_monsterinsights_sitenote_active":false,"_monsterinsights_sitenote_note":"","_monsterinsights_sitenote_category":0},"product_brand":[],"product_cat":[787,526,800,796,544,813,614],"product_tag":[827],"class_list":{"0":"post-10500","1":"product","2":"type-product","3":"status-publish","4":"has-post-thumbnail","6":"product_cat-14cm-bambusgestell","7":"product_cat-75-mm-de","8":"product_cat-mischen","9":"product_cat-mittel","10":"product_cat-sundaville-cream-pink-de-2","11":"product_cat-sundaville-mischfarben","12":"product_cat-sundaville-red-de","13":"product_tag-14cm-bambusgestell","15":"first","16":"instock","17":"featured","18":"shipping-taxable","19":"product-type-external"},"yoast_head":"<!-- This site is optimized with the Yoast SEO Premium plugin v24.5 (Yoast SEO v27.5) - https:\/\/yoast.com\/product\/yoast-seo-premium-wordpress\/ -->\n<title>Sundaville\u00ae Red &amp; Cream Pink Mix - Welten Nr.1 \u200b\u200bMandevilla (Dipladenia)<\/title>\n<meta name=\"description\" content=\"Sundaville | Die weltweit Nr.1 \u200b\u200bMandevilla (Dipladenia) mit \u00fcberlegener und innovativer Verzweigung sind stark und f\u00fcr fast jedes Klima geeignet.\" \/>\n<meta name=\"robots\" content=\"index, follow, max-snippet:-1, max-image-preview:large, max-video-preview:-1\" \/>\n<link rel=\"canonical\" href=\"https:\/\/sundaville.com\/de\/produkt\/sundaville-red-cream-pink-mix-3\/\" \/>\n<meta property=\"og:locale\" content=\"de_DE\" \/>\n<meta property=\"og:type\" content=\"article\" \/>\n<meta property=\"og:title\" content=\"Sundaville\u00ae Red &amp; Cream Pink Mix\" \/>\n<meta property=\"og:description\" content=\"Dekorieren Sie den Balkon oder die Terrasse mit der Sundaville\u00ae Red &amp; Creme-Rosa-Mix. Diese Pflanze wird Sie sechs Monate lang mit ununterbrochener Bl\u00fcte und Wachstum bis zum ersten Frost \u00fcberraschen. Sundavilles sind sehr dankbare Pflanzen und pflegeleicht. Jetzt direkt beim Z\u00fcchter bestellen! Die Mandevilla Sundaville\u00ae ist urspr\u00fcnglich eine exotische Gartenpflanze mit bunten trompetenf\u00f6rmigen Bl\u00fcten. Die Farbkombination Rot und Hellrosa dieser Sundaville\u00ae-Mischung sorgt f\u00fcr einen fr\u00f6hlichen Auftritt auf Ihrem Balkon oder Ihrer Terrasse. Die Pflanze wird Sie vom fr\u00fchen Fr\u00fchling bis zum sp\u00e4ten Herbst mit viel Bl\u00fcte und Wachstum \u00fcberraschen. Die Farbkombination Rot und Pink sorgt f\u00fcr Abwechslung in Ihrem Garten, Balkon oder Terrasse. Das Pflanzen mehrerer Mandevillas zusammen ergibt einen sch\u00f6nen Effekt. Die Pflanze ist auch in den Kombinationen wei\u00df\/pink, wei\u00df\/rot und lila\/pink erh\u00e4ltlich.\" \/>\n<meta property=\"og:url\" content=\"https:\/\/sundaville.com\/de\/produkt\/sundaville-red-cream-pink-mix-3\/\" \/>\n<meta property=\"og:site_name\" content=\"Sundaville.com\" \/>\n<meta property=\"article:publisher\" content=\"https:\/\/www.facebook.com\/SundavilleMandevilla\" \/>\n<meta property=\"article:modified_time\" content=\"2024-04-29T11:48:07+00:00\" \/>\n<meta property=\"og:image\" content=\"https:\/\/sundaville.com\/wp-content\/uploads\/2021\/03\/sundaville-mandevilla-sundaville-red-cream-pink-mi.jpg\" \/>\n\t<meta property=\"og:image:width\" content=\"800\" \/>\n\t<meta property=\"og:image:height\" content=\"700\" \/>\n\t<meta property=\"og:image:type\" content=\"image\/jpeg\" \/>\n<meta name=\"twitter:card\" content=\"summary_large_image\" \/>\n<meta name=\"twitter:site\" content=\"@Sundaville_\" \/>\n<meta name=\"twitter:label1\" content=\"Gesch\u00e4tzte Lesezeit\" \/>\n\t<meta name=\"twitter:data1\" content=\"1\u00a0Minute\" \/>\n<script type=\"application\/ld+json\" class=\"yoast-schema-graph\">{\"@context\":\"https:\\\/\\\/schema.org\",\"@graph\":[{\"@type\":\"WebPage\",\"@id\":\"https:\\\/\\\/sundaville.com\\\/de\\\/produkt\\\/sundaville-red-cream-pink-mix-3\\\/\",\"url\":\"https:\\\/\\\/sundaville.com\\\/de\\\/produkt\\\/sundaville-red-cream-pink-mix-3\\\/\",\"name\":\"Sundaville\u00ae Red & Cream Pink Mix - Welten Nr.1 \u200b\u200bMandevilla (Dipladenia)\",\"isPartOf\":{\"@id\":\"https:\\\/\\\/sundaville.com\\\/de\\\/#website\"},\"primaryImageOfPage\":{\"@id\":\"https:\\\/\\\/sundaville.com\\\/de\\\/produkt\\\/sundaville-red-cream-pink-mix-3\\\/#primaryimage\"},\"image\":{\"@id\":\"https:\\\/\\\/sundaville.com\\\/de\\\/produkt\\\/sundaville-red-cream-pink-mix-3\\\/#primaryimage\"},\"thumbnailUrl\":\"https:\\\/\\\/sundaville.com\\\/wp-content\\\/uploads\\\/2021\\\/03\\\/sundaville-mandevilla-sundaville-red-cream-pink-mi.jpg\",\"datePublished\":\"2021-03-19T10:48:07+00:00\",\"dateModified\":\"2024-04-29T11:48:07+00:00\",\"description\":\"Sundaville | Die weltweit Nr.1 \u200b\u200bMandevilla (Dipladenia) mit \u00fcberlegener und innovativer Verzweigung sind stark und f\u00fcr fast jedes Klima geeignet.\",\"breadcrumb\":{\"@id\":\"https:\\\/\\\/sundaville.com\\\/de\\\/produkt\\\/sundaville-red-cream-pink-mix-3\\\/#breadcrumb\"},\"inLanguage\":\"de\",\"potentialAction\":[{\"@type\":\"ReadAction\",\"target\":[\"https:\\\/\\\/sundaville.com\\\/de\\\/produkt\\\/sundaville-red-cream-pink-mix-3\\\/\"]}]},{\"@type\":\"ImageObject\",\"inLanguage\":\"de\",\"@id\":\"https:\\\/\\\/sundaville.com\\\/de\\\/produkt\\\/sundaville-red-cream-pink-mix-3\\\/#primaryimage\",\"url\":\"https:\\\/\\\/sundaville.com\\\/wp-content\\\/uploads\\\/2021\\\/03\\\/sundaville-mandevilla-sundaville-red-cream-pink-mi.jpg\",\"contentUrl\":\"https:\\\/\\\/sundaville.com\\\/wp-content\\\/uploads\\\/2021\\\/03\\\/sundaville-mandevilla-sundaville-red-cream-pink-mi.jpg\",\"width\":800,\"height\":700,\"caption\":\"sundaville mandevilla red cream pink mix\"},{\"@type\":\"BreadcrumbList\",\"@id\":\"https:\\\/\\\/sundaville.com\\\/de\\\/produkt\\\/sundaville-red-cream-pink-mix-3\\\/#breadcrumb\",\"itemListElement\":[{\"@type\":\"ListItem\",\"position\":1,\"name\":\"Home\",\"item\":\"https:\\\/\\\/sundaville.com\\\/de\\\/\"},{\"@type\":\"ListItem\",\"position\":2,\"name\":\"Shop\",\"item\":\"https:\\\/\\\/sundaville.com\\\/de\\\/shop\\\/\"},{\"@type\":\"ListItem\",\"position\":3,\"name\":\"Sundaville\u00ae Red &#038; Cream Pink Mix\"}]},{\"@type\":\"WebSite\",\"@id\":\"https:\\\/\\\/sundaville.com\\\/de\\\/#website\",\"url\":\"https:\\\/\\\/sundaville.com\\\/de\\\/\",\"name\":\"Sundaville.com\",\"description\":\"Worlds no.1 Mandevilla \\\/ Dipladenia brand.\",\"publisher\":{\"@id\":\"https:\\\/\\\/sundaville.com\\\/de\\\/#organization\"},\"potentialAction\":[{\"@type\":\"SearchAction\",\"target\":{\"@type\":\"EntryPoint\",\"urlTemplate\":\"https:\\\/\\\/sundaville.com\\\/de\\\/?s={search_term_string}\"},\"query-input\":{\"@type\":\"PropertyValueSpecification\",\"valueRequired\":true,\"valueName\":\"search_term_string\"}}],\"inLanguage\":\"de\"},{\"@type\":\"Organization\",\"@id\":\"https:\\\/\\\/sundaville.com\\\/de\\\/#organization\",\"name\":\"SUNDAVILLE\u00ae\",\"alternateName\":\"Sundaville\",\"url\":\"https:\\\/\\\/sundaville.com\\\/de\\\/\",\"logo\":{\"@type\":\"ImageObject\",\"inLanguage\":\"de\",\"@id\":\"https:\\\/\\\/sundaville.com\\\/de\\\/#\\\/schema\\\/logo\\\/image\\\/\",\"url\":\"https:\\\/\\\/sundaville.com\\\/wp-content\\\/uploads\\\/2021\\\/04\\\/Tekengebied-1-kopie-30-300x300-1.png\",\"contentUrl\":\"https:\\\/\\\/sundaville.com\\\/wp-content\\\/uploads\\\/2021\\\/04\\\/Tekengebied-1-kopie-30-300x300-1.png\",\"width\":300,\"height\":300,\"caption\":\"SUNDAVILLE\u00ae\"},\"image\":{\"@id\":\"https:\\\/\\\/sundaville.com\\\/de\\\/#\\\/schema\\\/logo\\\/image\\\/\"},\"sameAs\":[\"https:\\\/\\\/www.facebook.com\\\/SundavilleMandevilla\",\"https:\\\/\\\/x.com\\\/Sundaville_\",\"https:\\\/\\\/www.instagram.com\\\/sundaville\",\"https:\\\/\\\/www.linkedin.com\\\/showcase\\\/sundaville\",\"https:\\\/\\\/www.youtube.com\\\/channel\\\/UCO_OrhM4LIYXrWft9p7s97w\",\"https:\\\/\\\/wikipedia.org\\\/wiki\\\/sundaville\"]}]}<\/script>\n<!-- \/ Yoast SEO Premium plugin. -->","yoast_head_json":{"title":"Sundaville\u00ae Red & Cream Pink Mix - Welten Nr.1 \u200b\u200bMandevilla (Dipladenia)","description":"Sundaville | Die weltweit Nr.1 \u200b\u200bMandevilla (Dipladenia) mit \u00fcberlegener und innovativer Verzweigung sind stark und f\u00fcr fast jedes Klima geeignet.","robots":{"index":"index","follow":"follow","max-snippet":"max-snippet:-1","max-image-preview":"max-image-preview:large","max-video-preview":"max-video-preview:-1"},"canonical":"https:\/\/sundaville.com\/de\/produkt\/sundaville-red-cream-pink-mix-3\/","og_locale":"de_DE","og_type":"article","og_title":"Sundaville\u00ae Red & Cream Pink Mix","og_description":"Dekorieren Sie den Balkon oder die Terrasse mit der Sundaville\u00ae Red &amp; Creme-Rosa-Mix. Diese Pflanze wird Sie sechs Monate lang mit ununterbrochener Bl\u00fcte und Wachstum bis zum ersten Frost \u00fcberraschen. Sundavilles sind sehr dankbare Pflanzen und pflegeleicht. Jetzt direkt beim Z\u00fcchter bestellen! Die Mandevilla Sundaville\u00ae ist urspr\u00fcnglich eine exotische Gartenpflanze mit bunten trompetenf\u00f6rmigen Bl\u00fcten. Die Farbkombination Rot und Hellrosa dieser Sundaville\u00ae-Mischung sorgt f\u00fcr einen fr\u00f6hlichen Auftritt auf Ihrem Balkon oder Ihrer Terrasse. Die Pflanze wird Sie vom fr\u00fchen Fr\u00fchling bis zum sp\u00e4ten Herbst mit viel Bl\u00fcte und Wachstum \u00fcberraschen. Die Farbkombination Rot und Pink sorgt f\u00fcr Abwechslung in Ihrem Garten, Balkon oder Terrasse. Das Pflanzen mehrerer Mandevillas zusammen ergibt einen sch\u00f6nen Effekt. Die Pflanze ist auch in den Kombinationen wei\u00df\/pink, wei\u00df\/rot und lila\/pink erh\u00e4ltlich.","og_url":"https:\/\/sundaville.com\/de\/produkt\/sundaville-red-cream-pink-mix-3\/","og_site_name":"Sundaville.com","article_publisher":"https:\/\/www.facebook.com\/SundavilleMandevilla","article_modified_time":"2024-04-29T11:48:07+00:00","og_image":[{"width":800,"height":700,"url":"https:\/\/sundaville.com\/wp-content\/uploads\/2021\/03\/sundaville-mandevilla-sundaville-red-cream-pink-mi.jpg","type":"image\/jpeg"}],"twitter_card":"summary_large_image","twitter_site":"@Sundaville_","twitter_misc":{"Gesch\u00e4tzte Lesezeit":"1\u00a0Minute"},"schema":{"@context":"https:\/\/schema.org","@graph":[{"@type":"WebPage","@id":"https:\/\/sundaville.com\/de\/produkt\/sundaville-red-cream-pink-mix-3\/","url":"https:\/\/sundaville.com\/de\/produkt\/sundaville-red-cream-pink-mix-3\/","name":"Sundaville\u00ae Red & Cream Pink Mix - Welten Nr.1 \u200b\u200bMandevilla (Dipladenia)","isPartOf":{"@id":"https:\/\/sundaville.com\/de\/#website"},"primaryImageOfPage":{"@id":"https:\/\/sundaville.com\/de\/produkt\/sundaville-red-cream-pink-mix-3\/#primaryimage"},"image":{"@id":"https:\/\/sundaville.com\/de\/produkt\/sundaville-red-cream-pink-mix-3\/#primaryimage"},"thumbnailUrl":"https:\/\/sundaville.com\/wp-content\/uploads\/2021\/03\/sundaville-mandevilla-sundaville-red-cream-pink-mi.jpg","datePublished":"2021-03-19T10:48:07+00:00","dateModified":"2024-04-29T11:48:07+00:00","description":"Sundaville | Die weltweit Nr.1 \u200b\u200bMandevilla (Dipladenia) mit \u00fcberlegener und innovativer Verzweigung sind stark und f\u00fcr fast jedes Klima geeignet.","breadcrumb":{"@id":"https:\/\/sundaville.com\/de\/produkt\/sundaville-red-cream-pink-mix-3\/#breadcrumb"},"inLanguage":"de","potentialAction":[{"@type":"ReadAction","target":["https:\/\/sundaville.com\/de\/produkt\/sundaville-red-cream-pink-mix-3\/"]}]},{"@type":"ImageObject","inLanguage":"de","@id":"https:\/\/sundaville.com\/de\/produkt\/sundaville-red-cream-pink-mix-3\/#primaryimage","url":"https:\/\/sundaville.com\/wp-content\/uploads\/2021\/03\/sundaville-mandevilla-sundaville-red-cream-pink-mi.jpg","contentUrl":"https:\/\/sundaville.com\/wp-content\/uploads\/2021\/03\/sundaville-mandevilla-sundaville-red-cream-pink-mi.jpg","width":800,"height":700,"caption":"sundaville mandevilla red cream pink mix"},{"@type":"BreadcrumbList","@id":"https:\/\/sundaville.com\/de\/produkt\/sundaville-red-cream-pink-mix-3\/#breadcrumb","itemListElement":[{"@type":"ListItem","position":1,"name":"Home","item":"https:\/\/sundaville.com\/de\/"},{"@type":"ListItem","position":2,"name":"Shop","item":"https:\/\/sundaville.com\/de\/shop\/"},{"@type":"ListItem","position":3,"name":"Sundaville\u00ae Red &#038; Cream Pink Mix"}]},{"@type":"WebSite","@id":"https:\/\/sundaville.com\/de\/#website","url":"https:\/\/sundaville.com\/de\/","name":"Sundaville.com","description":"Worlds no.1 Mandevilla \/ Dipladenia brand.","publisher":{"@id":"https:\/\/sundaville.com\/de\/#organization"},"potentialAction":[{"@type":"SearchAction","target":{"@type":"EntryPoint","urlTemplate":"https:\/\/sundaville.com\/de\/?s={search_term_string}"},"query-input":{"@type":"PropertyValueSpecification","valueRequired":true,"valueName":"search_term_string"}}],"inLanguage":"de"},{"@type":"Organization","@id":"https:\/\/sundaville.com\/de\/#organization","name":"SUNDAVILLE\u00ae","alternateName":"Sundaville","url":"https:\/\/sundaville.com\/de\/","logo":{"@type":"ImageObject","inLanguage":"de","@id":"https:\/\/sundaville.com\/de\/#\/schema\/logo\/image\/","url":"https:\/\/sundaville.com\/wp-content\/uploads\/2021\/04\/Tekengebied-1-kopie-30-300x300-1.png","contentUrl":"https:\/\/sundaville.com\/wp-content\/uploads\/2021\/04\/Tekengebied-1-kopie-30-300x300-1.png","width":300,"height":300,"caption":"SUNDAVILLE\u00ae"},"image":{"@id":"https:\/\/sundaville.com\/de\/#\/schema\/logo\/image\/"},"sameAs":["https:\/\/www.facebook.com\/SundavilleMandevilla","https:\/\/x.com\/Sundaville_","https:\/\/www.instagram.com\/sundaville","https:\/\/www.linkedin.com\/showcase\/sundaville","https:\/\/www.youtube.com\/channel\/UCO_OrhM4LIYXrWft9p7s97w","https:\/\/wikipedia.org\/wiki\/sundaville"]}]}},"_links":{"self":[{"href":"https:\/\/sundaville.com\/de\/wp-json\/wp\/v2\/product\/10500","targetHints":{"allow":["GET"]}}],"collection":[{"href":"https:\/\/sundaville.com\/de\/wp-json\/wp\/v2\/product"}],"about":[{"href":"https:\/\/sundaville.com\/de\/wp-json\/wp\/v2\/types\/product"}],"replies":[{"embeddable":true,"href":"https:\/\/sundaville.com\/de\/wp-json\/wp\/v2\/comments?post=10500"}],"wp:featuredmedia":[{"embeddable":true,"href":"https:\/\/sundaville.com\/de\/wp-json\/wp\/v2\/media\/8797"}],"wp:attachment":[{"href":"https:\/\/sundaville.com\/de\/wp-json\/wp\/v2\/media?parent=10500"}],"wp:term":[{"taxonomy":"product_brand","embeddable":true,"href":"https:\/\/sundaville.com\/de\/wp-json\/wp\/v2\/product_brand?post=10500"},{"taxonomy":"product_cat","embeddable":true,"href":"https:\/\/sundaville.com\/de\/wp-json\/wp\/v2\/product_cat?post=10500"},{"taxonomy":"product_tag","embeddable":true,"href":"https:\/\/sundaville.com\/de\/wp-json\/wp\/v2\/product_tag?post=10500"}],"curies":[{"name":"wp","href":"https:\/\/api.w.org\/{rel}","templated":true}]}}