{"id":10501,"date":"2021-03-19T09:40:59","date_gmt":"2021-03-19T09:40:59","guid":{"rendered":"https:\/\/sundaville.com\/product\/sundaville-red-white-mix\/"},"modified":"2024-04-29T11:47:58","modified_gmt":"2024-04-29T11:47:58","slug":"sundaville-red-white-mix","status":"publish","type":"product","link":"https:\/\/sundaville.com\/de\/produkt\/sundaville-red-white-mix\/","title":{"rendered":"Sundaville\u00ae Red &#038; White Mix"},"content":{"rendered":"<div class=\"wpb-content-wrapper\"><p>[vc_row][vc_column width=&#8220;1\/3&#8243;][vc_column_text text_larger=&#8220;no&#8220;]<strong>&gt; Das Original<\/strong><br \/>\nDas urspr\u00fcngliche und klassische Sundaville\u00ae-Sortiment besteht aus Mandevilla (Dipladenia) mit \u00fcberlegener und innovativer Verzweigung und auff\u00e4lligen Farben. Diese kr\u00e4ftigen und gesunden Pflanzen eignen sich f\u00fcr fast jedes Klima und k\u00f6nnen als Terrassenpflanze, in Balkonk\u00e4sten, Blumenampeln und als Beetpflanze verwendet werden.[\/vc_column_text][\/vc_column][vc_column width=&#8220;1\/3&#8243;][vc_column_text text_larger=&#8220;no&#8220;]<strong>&gt; Benutzerfreundlich<\/strong><br \/>\nDurch die Pflege dieser Sundaville\u00ae-Sorte braucht die Pflanze nicht viel Pflege. Die Blumenerde wird beispielsweise mit lang wirkender Pflanzennahrung vermischt und auf Mandevilla abgestimmt. Auf diese Weise ben\u00f6tigt die Pflanze f\u00fcr den Rest der Saison keine weitere Nahrung.[\/vc_column_text][\/vc_column][vc_column width=&#8220;1\/3&#8243;][vc_column_text text_larger=&#8220;no&#8220;]<strong>&gt; Bienenfreundlich aufgewachsen<\/strong><br \/>\nDiese Sundaville\u00ae-Sorte wird von mandevillashop.com bienenfreundlich angebaut, d. h. es gibt keine R\u00fcckst\u00e4nde auf den Pflanzen, die f\u00fcr Bienen und andere Insekten sch\u00e4dlich sein k\u00f6nnen.[\/vc_column_text][\/vc_column][\/vc_row]<\/p>\n<\/div>","protected":false},"excerpt":{"rendered":"<p>Dekorieren Sie den Balkon oder die Terrasse mit der Sundaville\u00ae Red &amp; Wei\u00dfe Mischung. Diese Pflanze wird Sie sechs Monate lang mit ununterbrochener Bl\u00fcte und Wachstum bis zum ersten Frost \u00fcberraschen. Sundaville\u00ae sind sehr dankbare Pflanzen und pflegeleicht. Jetzt direkt beim Z\u00fcchter bestellen! Die mandevilla Sundaville\u00ae ist eine mediterrane Gartenpflanze mit bunten Bl\u00fcten. Die Pflanze wird die ganze Saison mit viel Bl\u00fcte und Wachstum gl\u00e4nzen. Die Farbkombination Rot und Wei\u00df schafft ein warmes Ambiente in Ihrem Garten, Balkon oder Terrasse. Es ist auch sch\u00f6n, mehrere Sundaville\u00ae-Pflanzen zusammen zu pflanzen. Die Pflanze ist auch in den Kombinationen wei\u00df\/pink, lila\/pink und rot\/cremepink erh\u00e4ltlich.<\/p>\n","protected":false},"featured_media":8788,"comment_status":"open","ping_status":"closed","template":"","meta":{"_monsterinsights_skip_tracking":false,"_monsterinsights_sitenote_active":false,"_monsterinsights_sitenote_note":"","_monsterinsights_sitenote_category":0},"product_brand":[],"product_cat":[787,526,800,796,813,614,589],"product_tag":[827],"class_list":{"0":"post-10501","1":"product","2":"type-product","3":"status-publish","4":"has-post-thumbnail","6":"product_cat-14cm-bambusgestell","7":"product_cat-75-mm-de","8":"product_cat-mischen","9":"product_cat-mittel","10":"product_cat-sundaville-mischfarben","11":"product_cat-sundaville-red-de","12":"product_cat-sundaville-white-de","13":"product_tag-14cm-bambusgestell","15":"first","16":"instock","17":"featured","18":"shipping-taxable","19":"product-type-external"},"yoast_head":"<!-- This site is optimized with the Yoast SEO Premium plugin v24.5 (Yoast SEO v27.6) - https:\/\/yoast.com\/product\/yoast-seo-premium-wordpress\/ -->\n<title>Sundaville\u00ae Red &amp; White Mix - Welten Nr.1 \u200b\u200bMandevilla (Dipladenia)<\/title>\n<meta name=\"description\" content=\"Sundaville | Die weltweit Nr.1 \u200b\u200bMandevilla (Dipladenia) mit \u00fcberlegener und innovativer Verzweigung sind stark und f\u00fcr fast jedes Klima geeignet.\" \/>\n<meta name=\"robots\" content=\"index, follow, max-snippet:-1, max-image-preview:large, max-video-preview:-1\" \/>\n<link rel=\"canonical\" href=\"https:\/\/sundaville.com\/de\/produkt\/sundaville-red-white-mix\/\" \/>\n<meta property=\"og:locale\" content=\"de_DE\" \/>\n<meta property=\"og:type\" content=\"article\" \/>\n<meta property=\"og:title\" content=\"Sundaville\u00ae Red &amp; White Mix\" \/>\n<meta property=\"og:description\" content=\"Dekorieren Sie den Balkon oder die Terrasse mit der Sundaville\u00ae Red &amp; Wei\u00dfe Mischung. Diese Pflanze wird Sie sechs Monate lang mit ununterbrochener Bl\u00fcte und Wachstum bis zum ersten Frost \u00fcberraschen. Sundaville\u00ae sind sehr dankbare Pflanzen und pflegeleicht. Jetzt direkt beim Z\u00fcchter bestellen! Die mandevilla Sundaville\u00ae ist eine mediterrane Gartenpflanze mit bunten Bl\u00fcten. Die Pflanze wird die ganze Saison mit viel Bl\u00fcte und Wachstum gl\u00e4nzen. Die Farbkombination Rot und Wei\u00df schafft ein warmes Ambiente in Ihrem Garten, Balkon oder Terrasse. Es ist auch sch\u00f6n, mehrere Sundaville\u00ae-Pflanzen zusammen zu pflanzen. Die Pflanze ist auch in den Kombinationen wei\u00df\/pink, lila\/pink und rot\/cremepink erh\u00e4ltlich.\" \/>\n<meta property=\"og:url\" content=\"https:\/\/sundaville.com\/de\/produkt\/sundaville-red-white-mix\/\" \/>\n<meta property=\"og:site_name\" content=\"Sundaville.com\" \/>\n<meta property=\"article:publisher\" content=\"https:\/\/www.facebook.com\/SundavilleMandevilla\" \/>\n<meta property=\"article:modified_time\" content=\"2024-04-29T11:47:58+00:00\" \/>\n<meta property=\"og:image\" content=\"https:\/\/sundaville.com\/wp-content\/uploads\/2021\/03\/sundaville-mandevilla-sundaville-red-white-mix.jpg\" \/>\n\t<meta property=\"og:image:width\" content=\"800\" \/>\n\t<meta property=\"og:image:height\" content=\"700\" \/>\n\t<meta property=\"og:image:type\" content=\"image\/jpeg\" \/>\n<meta name=\"twitter:card\" content=\"summary_large_image\" \/>\n<meta name=\"twitter:site\" content=\"@Sundaville_\" \/>\n<meta name=\"twitter:label1\" content=\"Gesch\u00e4tzte Lesezeit\" \/>\n\t<meta name=\"twitter:data1\" content=\"1\u00a0Minute\" \/>\n<script type=\"application\/ld+json\" class=\"yoast-schema-graph\">{\"@context\":\"https:\\\/\\\/schema.org\",\"@graph\":[{\"@type\":\"WebPage\",\"@id\":\"https:\\\/\\\/sundaville.com\\\/de\\\/produkt\\\/sundaville-red-white-mix\\\/\",\"url\":\"https:\\\/\\\/sundaville.com\\\/de\\\/produkt\\\/sundaville-red-white-mix\\\/\",\"name\":\"Sundaville\u00ae Red & White Mix - Welten Nr.1 \u200b\u200bMandevilla (Dipladenia)\",\"isPartOf\":{\"@id\":\"https:\\\/\\\/sundaville.com\\\/de\\\/#website\"},\"primaryImageOfPage\":{\"@id\":\"https:\\\/\\\/sundaville.com\\\/de\\\/produkt\\\/sundaville-red-white-mix\\\/#primaryimage\"},\"image\":{\"@id\":\"https:\\\/\\\/sundaville.com\\\/de\\\/produkt\\\/sundaville-red-white-mix\\\/#primaryimage\"},\"thumbnailUrl\":\"https:\\\/\\\/sundaville.com\\\/wp-content\\\/uploads\\\/2021\\\/03\\\/sundaville-mandevilla-sundaville-red-white-mix.jpg\",\"datePublished\":\"2021-03-19T09:40:59+00:00\",\"dateModified\":\"2024-04-29T11:47:58+00:00\",\"description\":\"Sundaville | Die weltweit Nr.1 \u200b\u200bMandevilla (Dipladenia) mit \u00fcberlegener und innovativer Verzweigung sind stark und f\u00fcr fast jedes Klima geeignet.\",\"breadcrumb\":{\"@id\":\"https:\\\/\\\/sundaville.com\\\/de\\\/produkt\\\/sundaville-red-white-mix\\\/#breadcrumb\"},\"inLanguage\":\"de\",\"potentialAction\":[{\"@type\":\"ReadAction\",\"target\":[\"https:\\\/\\\/sundaville.com\\\/de\\\/produkt\\\/sundaville-red-white-mix\\\/\"]}]},{\"@type\":\"ImageObject\",\"inLanguage\":\"de\",\"@id\":\"https:\\\/\\\/sundaville.com\\\/de\\\/produkt\\\/sundaville-red-white-mix\\\/#primaryimage\",\"url\":\"https:\\\/\\\/sundaville.com\\\/wp-content\\\/uploads\\\/2021\\\/03\\\/sundaville-mandevilla-sundaville-red-white-mix.jpg\",\"contentUrl\":\"https:\\\/\\\/sundaville.com\\\/wp-content\\\/uploads\\\/2021\\\/03\\\/sundaville-mandevilla-sundaville-red-white-mix.jpg\",\"width\":800,\"height\":700,\"caption\":\"sundaville mandevilla red white mix\"},{\"@type\":\"BreadcrumbList\",\"@id\":\"https:\\\/\\\/sundaville.com\\\/de\\\/produkt\\\/sundaville-red-white-mix\\\/#breadcrumb\",\"itemListElement\":[{\"@type\":\"ListItem\",\"position\":1,\"name\":\"Home\",\"item\":\"https:\\\/\\\/sundaville.com\\\/de\\\/\"},{\"@type\":\"ListItem\",\"position\":2,\"name\":\"Shop\",\"item\":\"https:\\\/\\\/sundaville.com\\\/de\\\/shop\\\/\"},{\"@type\":\"ListItem\",\"position\":3,\"name\":\"Sundaville\u00ae Red &#038; White Mix\"}]},{\"@type\":\"WebSite\",\"@id\":\"https:\\\/\\\/sundaville.com\\\/de\\\/#website\",\"url\":\"https:\\\/\\\/sundaville.com\\\/de\\\/\",\"name\":\"Sundaville.com\",\"description\":\"Worlds no.1 Mandevilla \\\/ Dipladenia brand.\",\"publisher\":{\"@id\":\"https:\\\/\\\/sundaville.com\\\/de\\\/#organization\"},\"potentialAction\":[{\"@type\":\"SearchAction\",\"target\":{\"@type\":\"EntryPoint\",\"urlTemplate\":\"https:\\\/\\\/sundaville.com\\\/de\\\/?s={search_term_string}\"},\"query-input\":{\"@type\":\"PropertyValueSpecification\",\"valueRequired\":true,\"valueName\":\"search_term_string\"}}],\"inLanguage\":\"de\"},{\"@type\":\"Organization\",\"@id\":\"https:\\\/\\\/sundaville.com\\\/de\\\/#organization\",\"name\":\"SUNDAVILLE\u00ae\",\"alternateName\":\"Sundaville\",\"url\":\"https:\\\/\\\/sundaville.com\\\/de\\\/\",\"logo\":{\"@type\":\"ImageObject\",\"inLanguage\":\"de\",\"@id\":\"https:\\\/\\\/sundaville.com\\\/de\\\/#\\\/schema\\\/logo\\\/image\\\/\",\"url\":\"https:\\\/\\\/sundaville.com\\\/wp-content\\\/uploads\\\/2021\\\/04\\\/Tekengebied-1-kopie-30-300x300-1.png\",\"contentUrl\":\"https:\\\/\\\/sundaville.com\\\/wp-content\\\/uploads\\\/2021\\\/04\\\/Tekengebied-1-kopie-30-300x300-1.png\",\"width\":300,\"height\":300,\"caption\":\"SUNDAVILLE\u00ae\"},\"image\":{\"@id\":\"https:\\\/\\\/sundaville.com\\\/de\\\/#\\\/schema\\\/logo\\\/image\\\/\"},\"sameAs\":[\"https:\\\/\\\/www.facebook.com\\\/SundavilleMandevilla\",\"https:\\\/\\\/x.com\\\/Sundaville_\",\"https:\\\/\\\/www.instagram.com\\\/sundaville\",\"https:\\\/\\\/www.linkedin.com\\\/showcase\\\/sundaville\",\"https:\\\/\\\/www.youtube.com\\\/channel\\\/UCO_OrhM4LIYXrWft9p7s97w\",\"https:\\\/\\\/wikipedia.org\\\/wiki\\\/sundaville\"]}]}<\/script>\n<!-- \/ Yoast SEO Premium plugin. -->","yoast_head_json":{"title":"Sundaville\u00ae Red & White Mix - Welten Nr.1 \u200b\u200bMandevilla (Dipladenia)","description":"Sundaville | Die weltweit Nr.1 \u200b\u200bMandevilla (Dipladenia) mit \u00fcberlegener und innovativer Verzweigung sind stark und f\u00fcr fast jedes Klima geeignet.","robots":{"index":"index","follow":"follow","max-snippet":"max-snippet:-1","max-image-preview":"max-image-preview:large","max-video-preview":"max-video-preview:-1"},"canonical":"https:\/\/sundaville.com\/de\/produkt\/sundaville-red-white-mix\/","og_locale":"de_DE","og_type":"article","og_title":"Sundaville\u00ae Red & White Mix","og_description":"Dekorieren Sie den Balkon oder die Terrasse mit der Sundaville\u00ae Red &amp; Wei\u00dfe Mischung. Diese Pflanze wird Sie sechs Monate lang mit ununterbrochener Bl\u00fcte und Wachstum bis zum ersten Frost \u00fcberraschen. Sundaville\u00ae sind sehr dankbare Pflanzen und pflegeleicht. Jetzt direkt beim Z\u00fcchter bestellen! Die mandevilla Sundaville\u00ae ist eine mediterrane Gartenpflanze mit bunten Bl\u00fcten. Die Pflanze wird die ganze Saison mit viel Bl\u00fcte und Wachstum gl\u00e4nzen. Die Farbkombination Rot und Wei\u00df schafft ein warmes Ambiente in Ihrem Garten, Balkon oder Terrasse. Es ist auch sch\u00f6n, mehrere Sundaville\u00ae-Pflanzen zusammen zu pflanzen. Die Pflanze ist auch in den Kombinationen wei\u00df\/pink, lila\/pink und rot\/cremepink erh\u00e4ltlich.","og_url":"https:\/\/sundaville.com\/de\/produkt\/sundaville-red-white-mix\/","og_site_name":"Sundaville.com","article_publisher":"https:\/\/www.facebook.com\/SundavilleMandevilla","article_modified_time":"2024-04-29T11:47:58+00:00","og_image":[{"width":800,"height":700,"url":"https:\/\/sundaville.com\/wp-content\/uploads\/2021\/03\/sundaville-mandevilla-sundaville-red-white-mix.jpg","type":"image\/jpeg"}],"twitter_card":"summary_large_image","twitter_site":"@Sundaville_","twitter_misc":{"Gesch\u00e4tzte Lesezeit":"1\u00a0Minute"},"schema":{"@context":"https:\/\/schema.org","@graph":[{"@type":"WebPage","@id":"https:\/\/sundaville.com\/de\/produkt\/sundaville-red-white-mix\/","url":"https:\/\/sundaville.com\/de\/produkt\/sundaville-red-white-mix\/","name":"Sundaville\u00ae Red & White Mix - Welten Nr.1 \u200b\u200bMandevilla (Dipladenia)","isPartOf":{"@id":"https:\/\/sundaville.com\/de\/#website"},"primaryImageOfPage":{"@id":"https:\/\/sundaville.com\/de\/produkt\/sundaville-red-white-mix\/#primaryimage"},"image":{"@id":"https:\/\/sundaville.com\/de\/produkt\/sundaville-red-white-mix\/#primaryimage"},"thumbnailUrl":"https:\/\/sundaville.com\/wp-content\/uploads\/2021\/03\/sundaville-mandevilla-sundaville-red-white-mix.jpg","datePublished":"2021-03-19T09:40:59+00:00","dateModified":"2024-04-29T11:47:58+00:00","description":"Sundaville | Die weltweit Nr.1 \u200b\u200bMandevilla (Dipladenia) mit \u00fcberlegener und innovativer Verzweigung sind stark und f\u00fcr fast jedes Klima geeignet.","breadcrumb":{"@id":"https:\/\/sundaville.com\/de\/produkt\/sundaville-red-white-mix\/#breadcrumb"},"inLanguage":"de","potentialAction":[{"@type":"ReadAction","target":["https:\/\/sundaville.com\/de\/produkt\/sundaville-red-white-mix\/"]}]},{"@type":"ImageObject","inLanguage":"de","@id":"https:\/\/sundaville.com\/de\/produkt\/sundaville-red-white-mix\/#primaryimage","url":"https:\/\/sundaville.com\/wp-content\/uploads\/2021\/03\/sundaville-mandevilla-sundaville-red-white-mix.jpg","contentUrl":"https:\/\/sundaville.com\/wp-content\/uploads\/2021\/03\/sundaville-mandevilla-sundaville-red-white-mix.jpg","width":800,"height":700,"caption":"sundaville mandevilla red white mix"},{"@type":"BreadcrumbList","@id":"https:\/\/sundaville.com\/de\/produkt\/sundaville-red-white-mix\/#breadcrumb","itemListElement":[{"@type":"ListItem","position":1,"name":"Home","item":"https:\/\/sundaville.com\/de\/"},{"@type":"ListItem","position":2,"name":"Shop","item":"https:\/\/sundaville.com\/de\/shop\/"},{"@type":"ListItem","position":3,"name":"Sundaville\u00ae Red &#038; White Mix"}]},{"@type":"WebSite","@id":"https:\/\/sundaville.com\/de\/#website","url":"https:\/\/sundaville.com\/de\/","name":"Sundaville.com","description":"Worlds no.1 Mandevilla \/ Dipladenia brand.","publisher":{"@id":"https:\/\/sundaville.com\/de\/#organization"},"potentialAction":[{"@type":"SearchAction","target":{"@type":"EntryPoint","urlTemplate":"https:\/\/sundaville.com\/de\/?s={search_term_string}"},"query-input":{"@type":"PropertyValueSpecification","valueRequired":true,"valueName":"search_term_string"}}],"inLanguage":"de"},{"@type":"Organization","@id":"https:\/\/sundaville.com\/de\/#organization","name":"SUNDAVILLE\u00ae","alternateName":"Sundaville","url":"https:\/\/sundaville.com\/de\/","logo":{"@type":"ImageObject","inLanguage":"de","@id":"https:\/\/sundaville.com\/de\/#\/schema\/logo\/image\/","url":"https:\/\/sundaville.com\/wp-content\/uploads\/2021\/04\/Tekengebied-1-kopie-30-300x300-1.png","contentUrl":"https:\/\/sundaville.com\/wp-content\/uploads\/2021\/04\/Tekengebied-1-kopie-30-300x300-1.png","width":300,"height":300,"caption":"SUNDAVILLE\u00ae"},"image":{"@id":"https:\/\/sundaville.com\/de\/#\/schema\/logo\/image\/"},"sameAs":["https:\/\/www.facebook.com\/SundavilleMandevilla","https:\/\/x.com\/Sundaville_","https:\/\/www.instagram.com\/sundaville","https:\/\/www.linkedin.com\/showcase\/sundaville","https:\/\/www.youtube.com\/channel\/UCO_OrhM4LIYXrWft9p7s97w","https:\/\/wikipedia.org\/wiki\/sundaville"]}]}},"_links":{"self":[{"href":"https:\/\/sundaville.com\/de\/wp-json\/wp\/v2\/product\/10501","targetHints":{"allow":["GET"]}}],"collection":[{"href":"https:\/\/sundaville.com\/de\/wp-json\/wp\/v2\/product"}],"about":[{"href":"https:\/\/sundaville.com\/de\/wp-json\/wp\/v2\/types\/product"}],"replies":[{"embeddable":true,"href":"https:\/\/sundaville.com\/de\/wp-json\/wp\/v2\/comments?post=10501"}],"wp:featuredmedia":[{"embeddable":true,"href":"https:\/\/sundaville.com\/de\/wp-json\/wp\/v2\/media\/8788"}],"wp:attachment":[{"href":"https:\/\/sundaville.com\/de\/wp-json\/wp\/v2\/media?parent=10501"}],"wp:term":[{"taxonomy":"product_brand","embeddable":true,"href":"https:\/\/sundaville.com\/de\/wp-json\/wp\/v2\/product_brand?post=10501"},{"taxonomy":"product_cat","embeddable":true,"href":"https:\/\/sundaville.com\/de\/wp-json\/wp\/v2\/product_cat?post=10501"},{"taxonomy":"product_tag","embeddable":true,"href":"https:\/\/sundaville.com\/de\/wp-json\/wp\/v2\/product_tag?post=10501"}],"curies":[{"name":"wp","href":"https:\/\/api.w.org\/{rel}","templated":true}]}}