{"id":10507,"date":"2021-02-22T13:18:50","date_gmt":"2021-02-22T13:18:50","guid":{"rendered":"https:\/\/sundaville.com\/?post_type=product&#038;p=10507"},"modified":"2022-04-29T13:26:35","modified_gmt":"2022-04-29T13:26:35","slug":"sundaville-up-scarlet","status":"publish","type":"product","link":"https:\/\/sundaville.com\/de\/produkt\/sundaville-up-scarlet\/","title":{"rendered":"Sundaville\u00ae Up Scarlet"},"content":{"rendered":"","protected":false},"excerpt":{"rendered":"<p><strong>&#8222;The sky is the limit&#8220;<\/strong><br \/>\nSundaville\u00ae Up Scarlet hat elegante 7 cm sternf\u00f6rmige scharlachrote Bl\u00fcten und lange und d\u00fcnne ovale Bl\u00e4tter. Sie bl\u00fcht sehr fr\u00fch, hat eine gute Verzweigung und eine starke Wuchsform nach oben. Sundaville\u00ae Up Scarlet-Pflanzen eignen sich f\u00fcr 12-cm-T\u00f6pfe mit minimaler Unterst\u00fctzung. Seine Zweige k\u00f6nnen in gr\u00f6\u00dferen T\u00f6pfen spiralf\u00f6rmig durch Pflanzenst\u00fctzen gezogen werden. Diese Sorte ist ein echter Futterliebhaber und ben\u00f6tigt daher etwas mehr F\u00fctterung.<\/p>\n<p><em><strong>Nach oben\u2026<\/strong><\/em><br \/>\n<strong><em>Eine neue Art von Sundaville-Sortiment ist geboren. Diese einzigartigen, ultrahellen, auff\u00e4lligen, sternf\u00f6rmigen Bl\u00fcten sind ein echter Durchbruch in der Mandevilla-Zucht. Auch seine einzigartige Pflanzenform unterscheidet sich stark von normalen Mandevillas. Sie w\u00e4chst nach oben und sieht aufgrund ihrer sehr guten Verzweigung aus wie eine Orchidee (Phalaenopsis) mit mehreren aufrechten Bl\u00fctentrauben an einem St\u00e4ngel. Es ist gut in der Muttertierproduktion und in der Vermehrung. Dies erm\u00f6glicht die einfache Produktion kleiner Pflanzen ohne Unterst\u00fctzung oder mit Pyramiden f\u00fcr gr\u00f6\u00dfere Topfgr\u00f6\u00dfen. Nicht zuletzt hat sie eine sehr starke (Wieder-)Bl\u00fctekraft, was sie zu einem einzigartigen Geschenkprodukt macht, auch f\u00fcr den Innenbereich. Weitere Farben kommen bald.<\/em><\/strong><\/p>\n","protected":false},"featured_media":6621,"comment_status":"open","ping_status":"closed","template":"","meta":{"_monsterinsights_skip_tracking":false,"_monsterinsights_sitenote_active":false,"_monsterinsights_sitenote_note":"","_monsterinsights_sitenote_category":0},"product_brand":[],"product_cat":[814],"product_tag":[],"class_list":{"0":"post-10507","1":"product","2":"type-product","3":"status-publish","4":"has-post-thumbnail","6":"product_cat-unkategorisiert","8":"first","9":"instock","10":"shipping-taxable","11":"product-type-simple"},"yoast_head":"<!-- This site is optimized with the Yoast SEO Premium plugin v24.5 (Yoast SEO v27.4) - https:\/\/yoast.com\/product\/yoast-seo-premium-wordpress\/ -->\n<title>Sundaville\u00ae Up Scarlet - Welten Nr.1 \u200b\u200bMandevilla (Dipladenia)<\/title>\n<meta name=\"description\" content=\"Sundaville | Die weltweit Nr.1 \u200b\u200bMandevilla (Dipladenia) mit \u00fcberlegener und innovativer Verzweigung sind stark und f\u00fcr fast jedes Klima geeignet.\" \/>\n<meta name=\"robots\" content=\"index, follow, max-snippet:-1, max-image-preview:large, max-video-preview:-1\" \/>\n<link rel=\"canonical\" href=\"https:\/\/sundaville.com\/de\/produkt\/sundaville-up-scarlet\/\" \/>\n<meta property=\"og:locale\" content=\"de_DE\" \/>\n<meta property=\"og:type\" content=\"article\" \/>\n<meta property=\"og:title\" content=\"Sundaville\u00ae Up Scarlet\" \/>\n<meta property=\"og:description\" content=\"&quot;The sky is the limit&quot; Sundaville\u00ae Up Scarlet hat elegante 7 cm sternf\u00f6rmige scharlachrote Bl\u00fcten und lange und d\u00fcnne ovale Bl\u00e4tter. Sie bl\u00fcht sehr fr\u00fch, hat eine gute Verzweigung und eine starke Wuchsform nach oben. Sundaville\u00ae Up Scarlet-Pflanzen eignen sich f\u00fcr 12-cm-T\u00f6pfe mit minimaler Unterst\u00fctzung. Seine Zweige k\u00f6nnen in gr\u00f6\u00dferen T\u00f6pfen spiralf\u00f6rmig durch Pflanzenst\u00fctzen gezogen werden. Diese Sorte ist ein echter Futterliebhaber und ben\u00f6tigt daher etwas mehr F\u00fctterung.  Nach oben\u2026 Eine neue Art von Sundaville-Sortiment ist geboren. Diese einzigartigen, ultrahellen, auff\u00e4lligen, sternf\u00f6rmigen Bl\u00fcten sind ein echter Durchbruch in der Mandevilla-Zucht. Auch seine einzigartige Pflanzenform unterscheidet sich stark von normalen Mandevillas. Sie w\u00e4chst nach oben und sieht aufgrund ihrer sehr guten Verzweigung aus wie eine Orchidee (Phalaenopsis) mit mehreren aufrechten Bl\u00fctentrauben an einem St\u00e4ngel. Es ist gut in der Muttertierproduktion und in der Vermehrung. Dies erm\u00f6glicht die einfache Produktion kleiner Pflanzen ohne Unterst\u00fctzung oder mit Pyramiden f\u00fcr gr\u00f6\u00dfere Topfgr\u00f6\u00dfen. Nicht zuletzt hat sie eine sehr starke (Wieder-)Bl\u00fctekraft, was sie zu einem einzigartigen Geschenkprodukt macht, auch f\u00fcr den Innenbereich. Weitere Farben kommen bald.\" \/>\n<meta property=\"og:url\" content=\"https:\/\/sundaville.com\/de\/produkt\/sundaville-up-scarlet\/\" \/>\n<meta property=\"og:site_name\" content=\"Sundaville.com\" \/>\n<meta property=\"article:publisher\" content=\"https:\/\/www.facebook.com\/SundavilleMandevilla\" \/>\n<meta property=\"article:modified_time\" content=\"2022-04-29T13:26:35+00:00\" \/>\n<meta property=\"og:image\" content=\"https:\/\/sundaville.com\/wp-content\/uploads\/2021\/02\/Sundaville\u00ae-14.png\" \/>\n\t<meta property=\"og:image:width\" content=\"871\" \/>\n\t<meta property=\"og:image:height\" content=\"1111\" \/>\n\t<meta property=\"og:image:type\" content=\"image\/png\" \/>\n<meta name=\"twitter:card\" content=\"summary_large_image\" \/>\n<meta name=\"twitter:site\" content=\"@Sundaville_\" \/>\n<script type=\"application\/ld+json\" class=\"yoast-schema-graph\">{\"@context\":\"https:\\\/\\\/schema.org\",\"@graph\":[{\"@type\":\"WebPage\",\"@id\":\"https:\\\/\\\/sundaville.com\\\/de\\\/produkt\\\/sundaville-up-scarlet\\\/\",\"url\":\"https:\\\/\\\/sundaville.com\\\/de\\\/produkt\\\/sundaville-up-scarlet\\\/\",\"name\":\"Sundaville\u00ae Up Scarlet - Welten Nr.1 \u200b\u200bMandevilla (Dipladenia)\",\"isPartOf\":{\"@id\":\"https:\\\/\\\/sundaville.com\\\/de\\\/#website\"},\"primaryImageOfPage\":{\"@id\":\"https:\\\/\\\/sundaville.com\\\/de\\\/produkt\\\/sundaville-up-scarlet\\\/#primaryimage\"},\"image\":{\"@id\":\"https:\\\/\\\/sundaville.com\\\/de\\\/produkt\\\/sundaville-up-scarlet\\\/#primaryimage\"},\"thumbnailUrl\":\"https:\\\/\\\/sundaville.com\\\/wp-content\\\/uploads\\\/2021\\\/02\\\/Sundaville\u00ae-14.png\",\"datePublished\":\"2021-02-22T13:18:50+00:00\",\"dateModified\":\"2022-04-29T13:26:35+00:00\",\"description\":\"Sundaville | Die weltweit Nr.1 \u200b\u200bMandevilla (Dipladenia) mit \u00fcberlegener und innovativer Verzweigung sind stark und f\u00fcr fast jedes Klima geeignet.\",\"breadcrumb\":{\"@id\":\"https:\\\/\\\/sundaville.com\\\/de\\\/produkt\\\/sundaville-up-scarlet\\\/#breadcrumb\"},\"inLanguage\":\"de\",\"potentialAction\":[{\"@type\":\"ReadAction\",\"target\":[\"https:\\\/\\\/sundaville.com\\\/de\\\/produkt\\\/sundaville-up-scarlet\\\/\"]}]},{\"@type\":\"ImageObject\",\"inLanguage\":\"de\",\"@id\":\"https:\\\/\\\/sundaville.com\\\/de\\\/produkt\\\/sundaville-up-scarlet\\\/#primaryimage\",\"url\":\"https:\\\/\\\/sundaville.com\\\/wp-content\\\/uploads\\\/2021\\\/02\\\/Sundaville\u00ae-14.png\",\"contentUrl\":\"https:\\\/\\\/sundaville.com\\\/wp-content\\\/uploads\\\/2021\\\/02\\\/Sundaville\u00ae-14.png\",\"width\":871,\"height\":1111,\"caption\":\"Sundaville\u00ae scarlet\"},{\"@type\":\"BreadcrumbList\",\"@id\":\"https:\\\/\\\/sundaville.com\\\/de\\\/produkt\\\/sundaville-up-scarlet\\\/#breadcrumb\",\"itemListElement\":[{\"@type\":\"ListItem\",\"position\":1,\"name\":\"Home\",\"item\":\"https:\\\/\\\/sundaville.com\\\/de\\\/\"},{\"@type\":\"ListItem\",\"position\":2,\"name\":\"Shop\",\"item\":\"https:\\\/\\\/sundaville.com\\\/de\\\/shop\\\/\"},{\"@type\":\"ListItem\",\"position\":3,\"name\":\"Sundaville\u00ae Up Scarlet\"}]},{\"@type\":\"WebSite\",\"@id\":\"https:\\\/\\\/sundaville.com\\\/de\\\/#website\",\"url\":\"https:\\\/\\\/sundaville.com\\\/de\\\/\",\"name\":\"Sundaville.com\",\"description\":\"Worlds no.1 Mandevilla \\\/ Dipladenia brand.\",\"publisher\":{\"@id\":\"https:\\\/\\\/sundaville.com\\\/de\\\/#organization\"},\"potentialAction\":[{\"@type\":\"SearchAction\",\"target\":{\"@type\":\"EntryPoint\",\"urlTemplate\":\"https:\\\/\\\/sundaville.com\\\/de\\\/?s={search_term_string}\"},\"query-input\":{\"@type\":\"PropertyValueSpecification\",\"valueRequired\":true,\"valueName\":\"search_term_string\"}}],\"inLanguage\":\"de\"},{\"@type\":\"Organization\",\"@id\":\"https:\\\/\\\/sundaville.com\\\/de\\\/#organization\",\"name\":\"SUNDAVILLE\u00ae\",\"alternateName\":\"Sundaville\",\"url\":\"https:\\\/\\\/sundaville.com\\\/de\\\/\",\"logo\":{\"@type\":\"ImageObject\",\"inLanguage\":\"de\",\"@id\":\"https:\\\/\\\/sundaville.com\\\/de\\\/#\\\/schema\\\/logo\\\/image\\\/\",\"url\":\"https:\\\/\\\/sundaville.com\\\/wp-content\\\/uploads\\\/2021\\\/04\\\/Tekengebied-1-kopie-30-300x300-1.png\",\"contentUrl\":\"https:\\\/\\\/sundaville.com\\\/wp-content\\\/uploads\\\/2021\\\/04\\\/Tekengebied-1-kopie-30-300x300-1.png\",\"width\":300,\"height\":300,\"caption\":\"SUNDAVILLE\u00ae\"},\"image\":{\"@id\":\"https:\\\/\\\/sundaville.com\\\/de\\\/#\\\/schema\\\/logo\\\/image\\\/\"},\"sameAs\":[\"https:\\\/\\\/www.facebook.com\\\/SundavilleMandevilla\",\"https:\\\/\\\/x.com\\\/Sundaville_\",\"https:\\\/\\\/www.instagram.com\\\/sundaville\",\"https:\\\/\\\/www.linkedin.com\\\/showcase\\\/sundaville\",\"https:\\\/\\\/www.youtube.com\\\/channel\\\/UCO_OrhM4LIYXrWft9p7s97w\",\"https:\\\/\\\/wikipedia.org\\\/wiki\\\/sundaville\"]}]}<\/script>\n<!-- \/ Yoast SEO Premium plugin. -->","yoast_head_json":{"title":"Sundaville\u00ae Up Scarlet - Welten Nr.1 \u200b\u200bMandevilla (Dipladenia)","description":"Sundaville | Die weltweit Nr.1 \u200b\u200bMandevilla (Dipladenia) mit \u00fcberlegener und innovativer Verzweigung sind stark und f\u00fcr fast jedes Klima geeignet.","robots":{"index":"index","follow":"follow","max-snippet":"max-snippet:-1","max-image-preview":"max-image-preview:large","max-video-preview":"max-video-preview:-1"},"canonical":"https:\/\/sundaville.com\/de\/produkt\/sundaville-up-scarlet\/","og_locale":"de_DE","og_type":"article","og_title":"Sundaville\u00ae Up Scarlet","og_description":"\"The sky is the limit\" Sundaville\u00ae Up Scarlet hat elegante 7 cm sternf\u00f6rmige scharlachrote Bl\u00fcten und lange und d\u00fcnne ovale Bl\u00e4tter. Sie bl\u00fcht sehr fr\u00fch, hat eine gute Verzweigung und eine starke Wuchsform nach oben. Sundaville\u00ae Up Scarlet-Pflanzen eignen sich f\u00fcr 12-cm-T\u00f6pfe mit minimaler Unterst\u00fctzung. Seine Zweige k\u00f6nnen in gr\u00f6\u00dferen T\u00f6pfen spiralf\u00f6rmig durch Pflanzenst\u00fctzen gezogen werden. Diese Sorte ist ein echter Futterliebhaber und ben\u00f6tigt daher etwas mehr F\u00fctterung.  Nach oben\u2026 Eine neue Art von Sundaville-Sortiment ist geboren. Diese einzigartigen, ultrahellen, auff\u00e4lligen, sternf\u00f6rmigen Bl\u00fcten sind ein echter Durchbruch in der Mandevilla-Zucht. Auch seine einzigartige Pflanzenform unterscheidet sich stark von normalen Mandevillas. Sie w\u00e4chst nach oben und sieht aufgrund ihrer sehr guten Verzweigung aus wie eine Orchidee (Phalaenopsis) mit mehreren aufrechten Bl\u00fctentrauben an einem St\u00e4ngel. Es ist gut in der Muttertierproduktion und in der Vermehrung. Dies erm\u00f6glicht die einfache Produktion kleiner Pflanzen ohne Unterst\u00fctzung oder mit Pyramiden f\u00fcr gr\u00f6\u00dfere Topfgr\u00f6\u00dfen. Nicht zuletzt hat sie eine sehr starke (Wieder-)Bl\u00fctekraft, was sie zu einem einzigartigen Geschenkprodukt macht, auch f\u00fcr den Innenbereich. Weitere Farben kommen bald.","og_url":"https:\/\/sundaville.com\/de\/produkt\/sundaville-up-scarlet\/","og_site_name":"Sundaville.com","article_publisher":"https:\/\/www.facebook.com\/SundavilleMandevilla","article_modified_time":"2022-04-29T13:26:35+00:00","og_image":[{"width":871,"height":1111,"url":"https:\/\/sundaville.com\/wp-content\/uploads\/2021\/02\/Sundaville\u00ae-14.png","type":"image\/png"}],"twitter_card":"summary_large_image","twitter_site":"@Sundaville_","schema":{"@context":"https:\/\/schema.org","@graph":[{"@type":"WebPage","@id":"https:\/\/sundaville.com\/de\/produkt\/sundaville-up-scarlet\/","url":"https:\/\/sundaville.com\/de\/produkt\/sundaville-up-scarlet\/","name":"Sundaville\u00ae Up Scarlet - Welten Nr.1 \u200b\u200bMandevilla (Dipladenia)","isPartOf":{"@id":"https:\/\/sundaville.com\/de\/#website"},"primaryImageOfPage":{"@id":"https:\/\/sundaville.com\/de\/produkt\/sundaville-up-scarlet\/#primaryimage"},"image":{"@id":"https:\/\/sundaville.com\/de\/produkt\/sundaville-up-scarlet\/#primaryimage"},"thumbnailUrl":"https:\/\/sundaville.com\/wp-content\/uploads\/2021\/02\/Sundaville\u00ae-14.png","datePublished":"2021-02-22T13:18:50+00:00","dateModified":"2022-04-29T13:26:35+00:00","description":"Sundaville | Die weltweit Nr.1 \u200b\u200bMandevilla (Dipladenia) mit \u00fcberlegener und innovativer Verzweigung sind stark und f\u00fcr fast jedes Klima geeignet.","breadcrumb":{"@id":"https:\/\/sundaville.com\/de\/produkt\/sundaville-up-scarlet\/#breadcrumb"},"inLanguage":"de","potentialAction":[{"@type":"ReadAction","target":["https:\/\/sundaville.com\/de\/produkt\/sundaville-up-scarlet\/"]}]},{"@type":"ImageObject","inLanguage":"de","@id":"https:\/\/sundaville.com\/de\/produkt\/sundaville-up-scarlet\/#primaryimage","url":"https:\/\/sundaville.com\/wp-content\/uploads\/2021\/02\/Sundaville\u00ae-14.png","contentUrl":"https:\/\/sundaville.com\/wp-content\/uploads\/2021\/02\/Sundaville\u00ae-14.png","width":871,"height":1111,"caption":"Sundaville\u00ae scarlet"},{"@type":"BreadcrumbList","@id":"https:\/\/sundaville.com\/de\/produkt\/sundaville-up-scarlet\/#breadcrumb","itemListElement":[{"@type":"ListItem","position":1,"name":"Home","item":"https:\/\/sundaville.com\/de\/"},{"@type":"ListItem","position":2,"name":"Shop","item":"https:\/\/sundaville.com\/de\/shop\/"},{"@type":"ListItem","position":3,"name":"Sundaville\u00ae Up Scarlet"}]},{"@type":"WebSite","@id":"https:\/\/sundaville.com\/de\/#website","url":"https:\/\/sundaville.com\/de\/","name":"Sundaville.com","description":"Worlds no.1 Mandevilla \/ Dipladenia brand.","publisher":{"@id":"https:\/\/sundaville.com\/de\/#organization"},"potentialAction":[{"@type":"SearchAction","target":{"@type":"EntryPoint","urlTemplate":"https:\/\/sundaville.com\/de\/?s={search_term_string}"},"query-input":{"@type":"PropertyValueSpecification","valueRequired":true,"valueName":"search_term_string"}}],"inLanguage":"de"},{"@type":"Organization","@id":"https:\/\/sundaville.com\/de\/#organization","name":"SUNDAVILLE\u00ae","alternateName":"Sundaville","url":"https:\/\/sundaville.com\/de\/","logo":{"@type":"ImageObject","inLanguage":"de","@id":"https:\/\/sundaville.com\/de\/#\/schema\/logo\/image\/","url":"https:\/\/sundaville.com\/wp-content\/uploads\/2021\/04\/Tekengebied-1-kopie-30-300x300-1.png","contentUrl":"https:\/\/sundaville.com\/wp-content\/uploads\/2021\/04\/Tekengebied-1-kopie-30-300x300-1.png","width":300,"height":300,"caption":"SUNDAVILLE\u00ae"},"image":{"@id":"https:\/\/sundaville.com\/de\/#\/schema\/logo\/image\/"},"sameAs":["https:\/\/www.facebook.com\/SundavilleMandevilla","https:\/\/x.com\/Sundaville_","https:\/\/www.instagram.com\/sundaville","https:\/\/www.linkedin.com\/showcase\/sundaville","https:\/\/www.youtube.com\/channel\/UCO_OrhM4LIYXrWft9p7s97w","https:\/\/wikipedia.org\/wiki\/sundaville"]}]}},"_links":{"self":[{"href":"https:\/\/sundaville.com\/de\/wp-json\/wp\/v2\/product\/10507","targetHints":{"allow":["GET"]}}],"collection":[{"href":"https:\/\/sundaville.com\/de\/wp-json\/wp\/v2\/product"}],"about":[{"href":"https:\/\/sundaville.com\/de\/wp-json\/wp\/v2\/types\/product"}],"replies":[{"embeddable":true,"href":"https:\/\/sundaville.com\/de\/wp-json\/wp\/v2\/comments?post=10507"}],"wp:featuredmedia":[{"embeddable":true,"href":"https:\/\/sundaville.com\/de\/wp-json\/wp\/v2\/media\/6621"}],"wp:attachment":[{"href":"https:\/\/sundaville.com\/de\/wp-json\/wp\/v2\/media?parent=10507"}],"wp:term":[{"taxonomy":"product_brand","embeddable":true,"href":"https:\/\/sundaville.com\/de\/wp-json\/wp\/v2\/product_brand?post=10507"},{"taxonomy":"product_cat","embeddable":true,"href":"https:\/\/sundaville.com\/de\/wp-json\/wp\/v2\/product_cat?post=10507"},{"taxonomy":"product_tag","embeddable":true,"href":"https:\/\/sundaville.com\/de\/wp-json\/wp\/v2\/product_tag?post=10507"}],"curies":[{"name":"wp","href":"https:\/\/api.w.org\/{rel}","templated":true}]}}