{"id":10519,"date":"2021-02-23T13:06:28","date_gmt":"2021-02-23T13:06:28","guid":{"rendered":"https:\/\/sundaville.com\/product\/sundaville-fuchsia-pink\/"},"modified":"2022-04-29T13:23:26","modified_gmt":"2022-04-29T13:23:26","slug":"sundaville-fuchsia-pink","status":"publish","type":"product","link":"https:\/\/sundaville.com\/de\/produkt\/sundaville-fuchsia-pink\/","title":{"rendered":"Sundaville\u00ae Fuchsia Pink"},"content":{"rendered":"","protected":false},"excerpt":{"rendered":"<p><span style=\"color: #e68688;\"><strong>(Voraussichtlich 2022) <\/strong><\/span><br \/>\n<strong>&#8222;Pretty in Pink&#8220;<\/strong> Sundaville Fuchsia Pink ist eine au\u00dfergew\u00f6hnlich intensive, auff\u00e4llige rosa Sorte. Das Laub ist sehr kr\u00e4ftig und hat eine leuchtend gr\u00fcne Farbe, die perfekt zu den Bl\u00fcten passt. Sie hat eine \u00e4hnliche Fr\u00fchzeitigkeit, Vitalit\u00e4t und Bl\u00fctengr\u00f6\u00dfe wie andere aus der klassischen Kollektion. Die Pflanze ist einfach zu vermehren und zu wachsen. Es ist krankheitsresistent und hat eine gute Outdoor-Leistung. Ohne St\u00fctze ist die Pflanze aufgrund ihres weniger flexiblen Charakters nicht f\u00fcr Kleiderb\u00fcgel oder kleine T\u00f6pfe geeignet.<\/p>\n","protected":false},"featured_media":8119,"comment_status":"open","ping_status":"closed","template":"","meta":{"_monsterinsights_skip_tracking":false,"_monsterinsights_sitenote_active":false,"_monsterinsights_sitenote_note":"","_monsterinsights_sitenote_category":0},"product_brand":[],"product_cat":[501,814],"product_tag":[],"class_list":{"0":"post-10519","1":"product","2":"type-product","3":"status-publish","4":"has-post-thumbnail","6":"product_cat-classics-de","7":"product_cat-unkategorisiert","9":"first","10":"instock","11":"shipping-taxable","12":"product-type-simple"},"yoast_head":"<!-- This site is optimized with the Yoast SEO Premium plugin v24.5 (Yoast SEO v27.6) - https:\/\/yoast.com\/product\/yoast-seo-premium-wordpress\/ -->\n<title>Sundaville\u00ae Fuchsia Pink - Welten Nr.1 \u200b\u200bMandevilla (Dipladenia)<\/title>\n<meta name=\"description\" content=\"Sundaville Fuchsia Pink ist eine herausragende, ultra-intensive, auff\u00e4llige rosa Sorte. Das Laub ist sehr kr\u00e4ftig und hat eine leuchtend gr\u00fcne Farbe, die perfekt zu den Bl\u00fcten passt. Sie hat eine \u00e4hnliche Fr\u00fchzeitigkeit, Vitalit\u00e4t und Bl\u00fctengr\u00f6\u00dfe wie andere aus der klassischen Kollektion. Die Pflanze ist einfach zu vermehren und zu wachsen. Es ist krankheitsresistent und hat eine gute Outdoor-Leistung. Ohne St\u00fctze ist die Pflanze aufgrund ihres weniger flexiblen Charakters nicht f\u00fcr Kleiderb\u00fcgel oder kleine T\u00f6pfe geeignet.\" \/>\n<meta name=\"robots\" content=\"index, follow, max-snippet:-1, max-image-preview:large, max-video-preview:-1\" \/>\n<link rel=\"canonical\" href=\"https:\/\/sundaville.com\/de\/produkt\/sundaville-fuchsia-pink\/\" \/>\n<meta property=\"og:locale\" content=\"de_DE\" \/>\n<meta property=\"og:type\" content=\"article\" \/>\n<meta property=\"og:title\" content=\"Sundaville Fuchsia Pink - Welten Nr.1 \u200b\u200bMandevilla (Dipladenia)\" \/>\n<meta property=\"og:description\" content=\"(Voraussichtlich 2022)  &quot;Pretty in Pink&quot; Sundaville Fuchsia Pink ist eine au\u00dfergew\u00f6hnlich intensive, auff\u00e4llige rosa Sorte. Das Laub ist sehr kr\u00e4ftig und hat eine leuchtend gr\u00fcne Farbe, die perfekt zu den Bl\u00fcten passt. Sie hat eine \u00e4hnliche Fr\u00fchzeitigkeit, Vitalit\u00e4t und Bl\u00fctengr\u00f6\u00dfe wie andere aus der klassischen Kollektion. Die Pflanze ist einfach zu vermehren und zu wachsen. Es ist krankheitsresistent und hat eine gute Outdoor-Leistung. Ohne St\u00fctze ist die Pflanze aufgrund ihres weniger flexiblen Charakters nicht f\u00fcr Kleiderb\u00fcgel oder kleine T\u00f6pfe geeignet.\" \/>\n<meta property=\"og:url\" content=\"https:\/\/sundaville.com\/de\/produkt\/sundaville-fuchsia-pink\/\" \/>\n<meta property=\"og:site_name\" content=\"Sundaville.com\" \/>\n<meta property=\"article:publisher\" content=\"https:\/\/www.facebook.com\/SundavilleMandevilla\" \/>\n<meta property=\"article:modified_time\" content=\"2022-04-29T13:23:26+00:00\" \/>\n<meta property=\"og:image\" content=\"https:\/\/sundaville.com\/wp-content\/uploads\/2021\/02\/Tekengebied-1-1.png\" \/>\n\t<meta property=\"og:image:width\" content=\"871\" \/>\n\t<meta property=\"og:image:height\" content=\"1111\" \/>\n\t<meta property=\"og:image:type\" content=\"image\/png\" \/>\n<meta name=\"twitter:card\" content=\"summary_large_image\" \/>\n<meta name=\"twitter:title\" content=\"Sundaville Fuchsia Pink - Welten Nr.1 \u200b\u200bMandevilla (Dipladenia)\" \/>\n<meta name=\"twitter:site\" content=\"@Sundaville_\" \/>\n<script type=\"application\/ld+json\" class=\"yoast-schema-graph\">{\"@context\":\"https:\\\/\\\/schema.org\",\"@graph\":[{\"@type\":\"WebPage\",\"@id\":\"https:\\\/\\\/sundaville.com\\\/de\\\/produkt\\\/sundaville-fuchsia-pink\\\/\",\"url\":\"https:\\\/\\\/sundaville.com\\\/de\\\/produkt\\\/sundaville-fuchsia-pink\\\/\",\"name\":\"Sundaville\u00ae Fuchsia Pink - Welten Nr.1 \u200b\u200bMandevilla (Dipladenia)\",\"isPartOf\":{\"@id\":\"https:\\\/\\\/sundaville.com\\\/de\\\/#website\"},\"primaryImageOfPage\":{\"@id\":\"https:\\\/\\\/sundaville.com\\\/de\\\/produkt\\\/sundaville-fuchsia-pink\\\/#primaryimage\"},\"image\":{\"@id\":\"https:\\\/\\\/sundaville.com\\\/de\\\/produkt\\\/sundaville-fuchsia-pink\\\/#primaryimage\"},\"thumbnailUrl\":\"https:\\\/\\\/sundaville.com\\\/wp-content\\\/uploads\\\/2021\\\/02\\\/Tekengebied-1-1.png\",\"datePublished\":\"2021-02-23T13:06:28+00:00\",\"dateModified\":\"2022-04-29T13:23:26+00:00\",\"description\":\"Sundaville Fuchsia Pink ist eine herausragende, ultra-intensive, auff\u00e4llige rosa Sorte. Das Laub ist sehr kr\u00e4ftig und hat eine leuchtend gr\u00fcne Farbe, die perfekt zu den Bl\u00fcten passt. Sie hat eine \u00e4hnliche Fr\u00fchzeitigkeit, Vitalit\u00e4t und Bl\u00fctengr\u00f6\u00dfe wie andere aus der klassischen Kollektion. Die Pflanze ist einfach zu vermehren und zu wachsen. Es ist krankheitsresistent und hat eine gute Outdoor-Leistung. Ohne St\u00fctze ist die Pflanze aufgrund ihres weniger flexiblen Charakters nicht f\u00fcr Kleiderb\u00fcgel oder kleine T\u00f6pfe geeignet.\",\"breadcrumb\":{\"@id\":\"https:\\\/\\\/sundaville.com\\\/de\\\/produkt\\\/sundaville-fuchsia-pink\\\/#breadcrumb\"},\"inLanguage\":\"de\",\"potentialAction\":[{\"@type\":\"ReadAction\",\"target\":[\"https:\\\/\\\/sundaville.com\\\/de\\\/produkt\\\/sundaville-fuchsia-pink\\\/\"]}]},{\"@type\":\"ImageObject\",\"inLanguage\":\"de\",\"@id\":\"https:\\\/\\\/sundaville.com\\\/de\\\/produkt\\\/sundaville-fuchsia-pink\\\/#primaryimage\",\"url\":\"https:\\\/\\\/sundaville.com\\\/wp-content\\\/uploads\\\/2021\\\/02\\\/Tekengebied-1-1.png\",\"contentUrl\":\"https:\\\/\\\/sundaville.com\\\/wp-content\\\/uploads\\\/2021\\\/02\\\/Tekengebied-1-1.png\",\"width\":871,\"height\":1111},{\"@type\":\"BreadcrumbList\",\"@id\":\"https:\\\/\\\/sundaville.com\\\/de\\\/produkt\\\/sundaville-fuchsia-pink\\\/#breadcrumb\",\"itemListElement\":[{\"@type\":\"ListItem\",\"position\":1,\"name\":\"Home\",\"item\":\"https:\\\/\\\/sundaville.com\\\/de\\\/\"},{\"@type\":\"ListItem\",\"position\":2,\"name\":\"Shop\",\"item\":\"https:\\\/\\\/sundaville.com\\\/de\\\/shop\\\/\"},{\"@type\":\"ListItem\",\"position\":3,\"name\":\"Sundaville\u00ae Fuchsia Pink\"}]},{\"@type\":\"WebSite\",\"@id\":\"https:\\\/\\\/sundaville.com\\\/de\\\/#website\",\"url\":\"https:\\\/\\\/sundaville.com\\\/de\\\/\",\"name\":\"Sundaville.com\",\"description\":\"Worlds no.1 Mandevilla \\\/ Dipladenia brand.\",\"publisher\":{\"@id\":\"https:\\\/\\\/sundaville.com\\\/de\\\/#organization\"},\"potentialAction\":[{\"@type\":\"SearchAction\",\"target\":{\"@type\":\"EntryPoint\",\"urlTemplate\":\"https:\\\/\\\/sundaville.com\\\/de\\\/?s={search_term_string}\"},\"query-input\":{\"@type\":\"PropertyValueSpecification\",\"valueRequired\":true,\"valueName\":\"search_term_string\"}}],\"inLanguage\":\"de\"},{\"@type\":\"Organization\",\"@id\":\"https:\\\/\\\/sundaville.com\\\/de\\\/#organization\",\"name\":\"SUNDAVILLE\u00ae\",\"alternateName\":\"Sundaville\",\"url\":\"https:\\\/\\\/sundaville.com\\\/de\\\/\",\"logo\":{\"@type\":\"ImageObject\",\"inLanguage\":\"de\",\"@id\":\"https:\\\/\\\/sundaville.com\\\/de\\\/#\\\/schema\\\/logo\\\/image\\\/\",\"url\":\"https:\\\/\\\/sundaville.com\\\/wp-content\\\/uploads\\\/2021\\\/04\\\/Tekengebied-1-kopie-30-300x300-1.png\",\"contentUrl\":\"https:\\\/\\\/sundaville.com\\\/wp-content\\\/uploads\\\/2021\\\/04\\\/Tekengebied-1-kopie-30-300x300-1.png\",\"width\":300,\"height\":300,\"caption\":\"SUNDAVILLE\u00ae\"},\"image\":{\"@id\":\"https:\\\/\\\/sundaville.com\\\/de\\\/#\\\/schema\\\/logo\\\/image\\\/\"},\"sameAs\":[\"https:\\\/\\\/www.facebook.com\\\/SundavilleMandevilla\",\"https:\\\/\\\/x.com\\\/Sundaville_\",\"https:\\\/\\\/www.instagram.com\\\/sundaville\",\"https:\\\/\\\/www.linkedin.com\\\/showcase\\\/sundaville\",\"https:\\\/\\\/www.youtube.com\\\/channel\\\/UCO_OrhM4LIYXrWft9p7s97w\",\"https:\\\/\\\/wikipedia.org\\\/wiki\\\/sundaville\"]}]}<\/script>\n<!-- \/ Yoast SEO Premium plugin. -->","yoast_head_json":{"title":"Sundaville\u00ae Fuchsia Pink - Welten Nr.1 \u200b\u200bMandevilla (Dipladenia)","description":"Sundaville Fuchsia Pink ist eine herausragende, ultra-intensive, auff\u00e4llige rosa Sorte. Das Laub ist sehr kr\u00e4ftig und hat eine leuchtend gr\u00fcne Farbe, die perfekt zu den Bl\u00fcten passt. Sie hat eine \u00e4hnliche Fr\u00fchzeitigkeit, Vitalit\u00e4t und Bl\u00fctengr\u00f6\u00dfe wie andere aus der klassischen Kollektion. Die Pflanze ist einfach zu vermehren und zu wachsen. Es ist krankheitsresistent und hat eine gute Outdoor-Leistung. Ohne St\u00fctze ist die Pflanze aufgrund ihres weniger flexiblen Charakters nicht f\u00fcr Kleiderb\u00fcgel oder kleine T\u00f6pfe geeignet.","robots":{"index":"index","follow":"follow","max-snippet":"max-snippet:-1","max-image-preview":"max-image-preview:large","max-video-preview":"max-video-preview:-1"},"canonical":"https:\/\/sundaville.com\/de\/produkt\/sundaville-fuchsia-pink\/","og_locale":"de_DE","og_type":"article","og_title":"Sundaville Fuchsia Pink - Welten Nr.1 \u200b\u200bMandevilla (Dipladenia)","og_description":"(Voraussichtlich 2022)  \"Pretty in Pink\" Sundaville Fuchsia Pink ist eine au\u00dfergew\u00f6hnlich intensive, auff\u00e4llige rosa Sorte. Das Laub ist sehr kr\u00e4ftig und hat eine leuchtend gr\u00fcne Farbe, die perfekt zu den Bl\u00fcten passt. Sie hat eine \u00e4hnliche Fr\u00fchzeitigkeit, Vitalit\u00e4t und Bl\u00fctengr\u00f6\u00dfe wie andere aus der klassischen Kollektion. Die Pflanze ist einfach zu vermehren und zu wachsen. Es ist krankheitsresistent und hat eine gute Outdoor-Leistung. Ohne St\u00fctze ist die Pflanze aufgrund ihres weniger flexiblen Charakters nicht f\u00fcr Kleiderb\u00fcgel oder kleine T\u00f6pfe geeignet.","og_url":"https:\/\/sundaville.com\/de\/produkt\/sundaville-fuchsia-pink\/","og_site_name":"Sundaville.com","article_publisher":"https:\/\/www.facebook.com\/SundavilleMandevilla","article_modified_time":"2022-04-29T13:23:26+00:00","og_image":[{"width":871,"height":1111,"url":"https:\/\/sundaville.com\/wp-content\/uploads\/2021\/02\/Tekengebied-1-1.png","type":"image\/png"}],"twitter_card":"summary_large_image","twitter_title":"Sundaville Fuchsia Pink - Welten Nr.1 \u200b\u200bMandevilla (Dipladenia)","twitter_site":"@Sundaville_","schema":{"@context":"https:\/\/schema.org","@graph":[{"@type":"WebPage","@id":"https:\/\/sundaville.com\/de\/produkt\/sundaville-fuchsia-pink\/","url":"https:\/\/sundaville.com\/de\/produkt\/sundaville-fuchsia-pink\/","name":"Sundaville\u00ae Fuchsia Pink - Welten Nr.1 \u200b\u200bMandevilla (Dipladenia)","isPartOf":{"@id":"https:\/\/sundaville.com\/de\/#website"},"primaryImageOfPage":{"@id":"https:\/\/sundaville.com\/de\/produkt\/sundaville-fuchsia-pink\/#primaryimage"},"image":{"@id":"https:\/\/sundaville.com\/de\/produkt\/sundaville-fuchsia-pink\/#primaryimage"},"thumbnailUrl":"https:\/\/sundaville.com\/wp-content\/uploads\/2021\/02\/Tekengebied-1-1.png","datePublished":"2021-02-23T13:06:28+00:00","dateModified":"2022-04-29T13:23:26+00:00","description":"Sundaville Fuchsia Pink ist eine herausragende, ultra-intensive, auff\u00e4llige rosa Sorte. Das Laub ist sehr kr\u00e4ftig und hat eine leuchtend gr\u00fcne Farbe, die perfekt zu den Bl\u00fcten passt. Sie hat eine \u00e4hnliche Fr\u00fchzeitigkeit, Vitalit\u00e4t und Bl\u00fctengr\u00f6\u00dfe wie andere aus der klassischen Kollektion. Die Pflanze ist einfach zu vermehren und zu wachsen. Es ist krankheitsresistent und hat eine gute Outdoor-Leistung. Ohne St\u00fctze ist die Pflanze aufgrund ihres weniger flexiblen Charakters nicht f\u00fcr Kleiderb\u00fcgel oder kleine T\u00f6pfe geeignet.","breadcrumb":{"@id":"https:\/\/sundaville.com\/de\/produkt\/sundaville-fuchsia-pink\/#breadcrumb"},"inLanguage":"de","potentialAction":[{"@type":"ReadAction","target":["https:\/\/sundaville.com\/de\/produkt\/sundaville-fuchsia-pink\/"]}]},{"@type":"ImageObject","inLanguage":"de","@id":"https:\/\/sundaville.com\/de\/produkt\/sundaville-fuchsia-pink\/#primaryimage","url":"https:\/\/sundaville.com\/wp-content\/uploads\/2021\/02\/Tekengebied-1-1.png","contentUrl":"https:\/\/sundaville.com\/wp-content\/uploads\/2021\/02\/Tekengebied-1-1.png","width":871,"height":1111},{"@type":"BreadcrumbList","@id":"https:\/\/sundaville.com\/de\/produkt\/sundaville-fuchsia-pink\/#breadcrumb","itemListElement":[{"@type":"ListItem","position":1,"name":"Home","item":"https:\/\/sundaville.com\/de\/"},{"@type":"ListItem","position":2,"name":"Shop","item":"https:\/\/sundaville.com\/de\/shop\/"},{"@type":"ListItem","position":3,"name":"Sundaville\u00ae Fuchsia Pink"}]},{"@type":"WebSite","@id":"https:\/\/sundaville.com\/de\/#website","url":"https:\/\/sundaville.com\/de\/","name":"Sundaville.com","description":"Worlds no.1 Mandevilla \/ Dipladenia brand.","publisher":{"@id":"https:\/\/sundaville.com\/de\/#organization"},"potentialAction":[{"@type":"SearchAction","target":{"@type":"EntryPoint","urlTemplate":"https:\/\/sundaville.com\/de\/?s={search_term_string}"},"query-input":{"@type":"PropertyValueSpecification","valueRequired":true,"valueName":"search_term_string"}}],"inLanguage":"de"},{"@type":"Organization","@id":"https:\/\/sundaville.com\/de\/#organization","name":"SUNDAVILLE\u00ae","alternateName":"Sundaville","url":"https:\/\/sundaville.com\/de\/","logo":{"@type":"ImageObject","inLanguage":"de","@id":"https:\/\/sundaville.com\/de\/#\/schema\/logo\/image\/","url":"https:\/\/sundaville.com\/wp-content\/uploads\/2021\/04\/Tekengebied-1-kopie-30-300x300-1.png","contentUrl":"https:\/\/sundaville.com\/wp-content\/uploads\/2021\/04\/Tekengebied-1-kopie-30-300x300-1.png","width":300,"height":300,"caption":"SUNDAVILLE\u00ae"},"image":{"@id":"https:\/\/sundaville.com\/de\/#\/schema\/logo\/image\/"},"sameAs":["https:\/\/www.facebook.com\/SundavilleMandevilla","https:\/\/x.com\/Sundaville_","https:\/\/www.instagram.com\/sundaville","https:\/\/www.linkedin.com\/showcase\/sundaville","https:\/\/www.youtube.com\/channel\/UCO_OrhM4LIYXrWft9p7s97w","https:\/\/wikipedia.org\/wiki\/sundaville"]}]}},"_links":{"self":[{"href":"https:\/\/sundaville.com\/de\/wp-json\/wp\/v2\/product\/10519","targetHints":{"allow":["GET"]}}],"collection":[{"href":"https:\/\/sundaville.com\/de\/wp-json\/wp\/v2\/product"}],"about":[{"href":"https:\/\/sundaville.com\/de\/wp-json\/wp\/v2\/types\/product"}],"replies":[{"embeddable":true,"href":"https:\/\/sundaville.com\/de\/wp-json\/wp\/v2\/comments?post=10519"}],"wp:featuredmedia":[{"embeddable":true,"href":"https:\/\/sundaville.com\/de\/wp-json\/wp\/v2\/media\/8119"}],"wp:attachment":[{"href":"https:\/\/sundaville.com\/de\/wp-json\/wp\/v2\/media?parent=10519"}],"wp:term":[{"taxonomy":"product_brand","embeddable":true,"href":"https:\/\/sundaville.com\/de\/wp-json\/wp\/v2\/product_brand?post=10519"},{"taxonomy":"product_cat","embeddable":true,"href":"https:\/\/sundaville.com\/de\/wp-json\/wp\/v2\/product_cat?post=10519"},{"taxonomy":"product_tag","embeddable":true,"href":"https:\/\/sundaville.com\/de\/wp-json\/wp\/v2\/product_tag?post=10519"}],"curies":[{"name":"wp","href":"https:\/\/api.w.org\/{rel}","templated":true}]}}