{"id":10521,"date":"2021-02-23T08:42:28","date_gmt":"2021-02-23T08:42:28","guid":{"rendered":"https:\/\/sundaville.com\/product\/sundaville-Fashion-red\/"},"modified":"2021-02-23T08:42:28","modified_gmt":"2021-02-23T08:42:28","slug":"sundaville-Fashion-red","status":"publish","type":"product","link":"https:\/\/sundaville.com\/de\/produkt\/sundaville-Fashion-red\/","title":{"rendered":"Sundaville\u00ae Fashion Red"},"content":{"rendered":"","protected":false},"excerpt":{"rendered":"<p><span style=\"color: #e68688;\"><strong>(Voraussichtlich 2022) <\/strong><\/span><br \/>\n<strong>&#8222;Funkelnde rote Blumen&#8220; <\/strong>Dies ist die fr\u00fcheste auf dem Markt erh\u00e4ltliche rote Mandevilla. Die mittelgro\u00dfen Bl\u00fcten der Sundaville\u00ae Fashion Red haben eine intensive klassische rote Farbe mit einem gelben Herzen. Sie bl\u00fcht fr\u00fcher als die klassische Kollektion. Sie hat eine gute Verzweigung, ist sehr kompakt und bildet keine langen St\u00e4ngel. F\u00fcgen Sie auch seine hohe Bl\u00fchkraft hinzu und Sie haben die perfekte Sundaville in einem kleinen Topf. Ganz zu schweigen davon, dass es auch drau\u00dfen gut funktioniert.<\/p>\n<p>Allerdings geh\u00f6ren beide zur Fashion-Kollektion, die Wuchsform der Variationen ist etwas anders: Wo Fashion Yellow aufrechter w\u00e4chst, ist Fashion Red mehr h\u00e4ngend.<\/p>\n<p><em><strong>Fashion\u2026 <\/strong><\/em><br \/>\n<strong><em>Die neue Sundaville Fashion-Kollektion besteht aus superfr\u00fch bl\u00fchenden und kompakt wachsenden Mandevillas, die sich perfekt f\u00fcr kleine T\u00f6pfe wie 9\/10,5 oder 12 cm eignen, die mit oder ohne St\u00fctze angebaut werden k\u00f6nnen. Sie sind leicht zu vermehren und zu wachsen. Und durch die kurze Produktionszeit auch ideal f\u00fcr Z\u00fcchter, dadurch wird eine hohe Rendite erzielt. Weitere Farben kommen bald\u2026<\/em><\/strong><\/p>\n","protected":false},"featured_media":12168,"comment_status":"open","ping_status":"closed","template":"","meta":{"_monsterinsights_skip_tracking":false,"_monsterinsights_sitenote_active":false,"_monsterinsights_sitenote_note":"","_monsterinsights_sitenote_category":0},"product_brand":[],"product_cat":[814],"product_tag":[],"class_list":{"0":"post-10521","1":"product","2":"type-product","3":"status-publish","4":"has-post-thumbnail","6":"product_cat-unkategorisiert","8":"first","9":"instock","10":"shipping-taxable","11":"product-type-simple"},"yoast_head":"<!-- This site is optimized with the Yoast SEO Premium plugin v24.5 (Yoast SEO v27.6) - https:\/\/yoast.com\/product\/yoast-seo-premium-wordpress\/ -->\n<title>Sundaville\u00ae Fashion Red - Welten Nr.1 \u200b\u200bMandevilla (Dipladenia)<\/title>\n<meta name=\"description\" content=\"Sundaville | Die weltweit Nr.1 \u200b\u200bMandevilla (Dipladenia) mit \u00fcberlegener und innovativer Verzweigung sind stark und f\u00fcr fast jedes Klima geeignet.\" \/>\n<meta name=\"robots\" content=\"index, follow, max-snippet:-1, max-image-preview:large, max-video-preview:-1\" \/>\n<link rel=\"canonical\" href=\"https:\/\/sundaville.com\/de\/produkt\/sundaville-Fashion-red\/\" \/>\n<meta property=\"og:locale\" content=\"de_DE\" \/>\n<meta property=\"og:type\" content=\"article\" \/>\n<meta property=\"og:title\" content=\"Sundaville\u00ae Fashion Red\" \/>\n<meta property=\"og:description\" content=\"(Voraussichtlich 2022)  &quot;Funkelnde rote Blumen&quot; Dies ist die fr\u00fcheste auf dem Markt erh\u00e4ltliche rote Mandevilla. Die mittelgro\u00dfen Bl\u00fcten der Sundaville\u00ae Fashion Red haben eine intensive klassische rote Farbe mit einem gelben Herzen. Sie bl\u00fcht fr\u00fcher als die klassische Kollektion. Sie hat eine gute Verzweigung, ist sehr kompakt und bildet keine langen St\u00e4ngel. F\u00fcgen Sie auch seine hohe Bl\u00fchkraft hinzu und Sie haben die perfekte Sundaville in einem kleinen Topf. Ganz zu schweigen davon, dass es auch drau\u00dfen gut funktioniert.  Allerdings geh\u00f6ren beide zur Fashion-Kollektion, die Wuchsform der Variationen ist etwas anders: Wo Fashion Yellow aufrechter w\u00e4chst, ist Fashion Red mehr h\u00e4ngend.  Fashion\u2026  Die neue Sundaville Fashion-Kollektion besteht aus superfr\u00fch bl\u00fchenden und kompakt wachsenden Mandevillas, die sich perfekt f\u00fcr kleine T\u00f6pfe wie 9\/10,5 oder 12 cm eignen, die mit oder ohne St\u00fctze angebaut werden k\u00f6nnen. Sie sind leicht zu vermehren und zu wachsen. Und durch die kurze Produktionszeit auch ideal f\u00fcr Z\u00fcchter, dadurch wird eine hohe Rendite erzielt. Weitere Farben kommen bald\u2026\" \/>\n<meta property=\"og:url\" content=\"https:\/\/sundaville.com\/de\/produkt\/sundaville-Fashion-red\/\" \/>\n<meta property=\"og:site_name\" content=\"Sundaville.com\" \/>\n<meta property=\"article:publisher\" content=\"https:\/\/www.facebook.com\/SundavilleMandevilla\" \/>\n<meta property=\"og:image\" content=\"https:\/\/sundaville.com\/wp-content\/uploads\/2021\/02\/Sundaville-Mimi-Red-11-1.png\" \/>\n\t<meta property=\"og:image:width\" content=\"871\" \/>\n\t<meta property=\"og:image:height\" content=\"1111\" \/>\n\t<meta property=\"og:image:type\" content=\"image\/png\" \/>\n<meta name=\"twitter:card\" content=\"summary_large_image\" \/>\n<meta name=\"twitter:site\" content=\"@Sundaville_\" \/>\n<script type=\"application\/ld+json\" class=\"yoast-schema-graph\">{\"@context\":\"https:\\\/\\\/schema.org\",\"@graph\":[{\"@type\":\"WebPage\",\"@id\":\"https:\\\/\\\/sundaville.com\\\/de\\\/produkt\\\/sundaville-Fashion-red\\\/\",\"url\":\"https:\\\/\\\/sundaville.com\\\/de\\\/produkt\\\/sundaville-Fashion-red\\\/\",\"name\":\"Sundaville\u00ae Fashion Red - Welten Nr.1 \u200b\u200bMandevilla (Dipladenia)\",\"isPartOf\":{\"@id\":\"https:\\\/\\\/sundaville.com\\\/de\\\/#website\"},\"primaryImageOfPage\":{\"@id\":\"https:\\\/\\\/sundaville.com\\\/de\\\/produkt\\\/sundaville-Fashion-red\\\/#primaryimage\"},\"image\":{\"@id\":\"https:\\\/\\\/sundaville.com\\\/de\\\/produkt\\\/sundaville-Fashion-red\\\/#primaryimage\"},\"thumbnailUrl\":\"https:\\\/\\\/sundaville.com\\\/wp-content\\\/uploads\\\/2021\\\/02\\\/Sundaville-Mimi-Red-11-1.png\",\"datePublished\":\"2021-02-23T08:42:28+00:00\",\"description\":\"Sundaville | Die weltweit Nr.1 \u200b\u200bMandevilla (Dipladenia) mit \u00fcberlegener und innovativer Verzweigung sind stark und f\u00fcr fast jedes Klima geeignet.\",\"breadcrumb\":{\"@id\":\"https:\\\/\\\/sundaville.com\\\/de\\\/produkt\\\/sundaville-Fashion-red\\\/#breadcrumb\"},\"inLanguage\":\"de\",\"potentialAction\":[{\"@type\":\"ReadAction\",\"target\":[\"https:\\\/\\\/sundaville.com\\\/de\\\/produkt\\\/sundaville-Fashion-red\\\/\"]}]},{\"@type\":\"ImageObject\",\"inLanguage\":\"de\",\"@id\":\"https:\\\/\\\/sundaville.com\\\/de\\\/produkt\\\/sundaville-Fashion-red\\\/#primaryimage\",\"url\":\"https:\\\/\\\/sundaville.com\\\/wp-content\\\/uploads\\\/2021\\\/02\\\/Sundaville-Mimi-Red-11-1.png\",\"contentUrl\":\"https:\\\/\\\/sundaville.com\\\/wp-content\\\/uploads\\\/2021\\\/02\\\/Sundaville-Mimi-Red-11-1.png\",\"width\":871,\"height\":1111,\"caption\":\"Sundaville\u00ae Mimi Red\"},{\"@type\":\"BreadcrumbList\",\"@id\":\"https:\\\/\\\/sundaville.com\\\/de\\\/produkt\\\/sundaville-Fashion-red\\\/#breadcrumb\",\"itemListElement\":[{\"@type\":\"ListItem\",\"position\":1,\"name\":\"Home\",\"item\":\"https:\\\/\\\/sundaville.com\\\/de\\\/\"},{\"@type\":\"ListItem\",\"position\":2,\"name\":\"Shop\",\"item\":\"https:\\\/\\\/sundaville.com\\\/de\\\/shop\\\/\"},{\"@type\":\"ListItem\",\"position\":3,\"name\":\"Sundaville\u00ae Fashion Red\"}]},{\"@type\":\"WebSite\",\"@id\":\"https:\\\/\\\/sundaville.com\\\/de\\\/#website\",\"url\":\"https:\\\/\\\/sundaville.com\\\/de\\\/\",\"name\":\"Sundaville.com\",\"description\":\"Worlds no.1 Mandevilla \\\/ Dipladenia brand.\",\"publisher\":{\"@id\":\"https:\\\/\\\/sundaville.com\\\/de\\\/#organization\"},\"potentialAction\":[{\"@type\":\"SearchAction\",\"target\":{\"@type\":\"EntryPoint\",\"urlTemplate\":\"https:\\\/\\\/sundaville.com\\\/de\\\/?s={search_term_string}\"},\"query-input\":{\"@type\":\"PropertyValueSpecification\",\"valueRequired\":true,\"valueName\":\"search_term_string\"}}],\"inLanguage\":\"de\"},{\"@type\":\"Organization\",\"@id\":\"https:\\\/\\\/sundaville.com\\\/de\\\/#organization\",\"name\":\"SUNDAVILLE\u00ae\",\"alternateName\":\"Sundaville\",\"url\":\"https:\\\/\\\/sundaville.com\\\/de\\\/\",\"logo\":{\"@type\":\"ImageObject\",\"inLanguage\":\"de\",\"@id\":\"https:\\\/\\\/sundaville.com\\\/de\\\/#\\\/schema\\\/logo\\\/image\\\/\",\"url\":\"https:\\\/\\\/sundaville.com\\\/wp-content\\\/uploads\\\/2021\\\/04\\\/Tekengebied-1-kopie-30-300x300-1.png\",\"contentUrl\":\"https:\\\/\\\/sundaville.com\\\/wp-content\\\/uploads\\\/2021\\\/04\\\/Tekengebied-1-kopie-30-300x300-1.png\",\"width\":300,\"height\":300,\"caption\":\"SUNDAVILLE\u00ae\"},\"image\":{\"@id\":\"https:\\\/\\\/sundaville.com\\\/de\\\/#\\\/schema\\\/logo\\\/image\\\/\"},\"sameAs\":[\"https:\\\/\\\/www.facebook.com\\\/SundavilleMandevilla\",\"https:\\\/\\\/x.com\\\/Sundaville_\",\"https:\\\/\\\/www.instagram.com\\\/sundaville\",\"https:\\\/\\\/www.linkedin.com\\\/showcase\\\/sundaville\",\"https:\\\/\\\/www.youtube.com\\\/channel\\\/UCO_OrhM4LIYXrWft9p7s97w\",\"https:\\\/\\\/wikipedia.org\\\/wiki\\\/sundaville\"]}]}<\/script>\n<!-- \/ Yoast SEO Premium plugin. -->","yoast_head_json":{"title":"Sundaville\u00ae Fashion Red - Welten Nr.1 \u200b\u200bMandevilla (Dipladenia)","description":"Sundaville | Die weltweit Nr.1 \u200b\u200bMandevilla (Dipladenia) mit \u00fcberlegener und innovativer Verzweigung sind stark und f\u00fcr fast jedes Klima geeignet.","robots":{"index":"index","follow":"follow","max-snippet":"max-snippet:-1","max-image-preview":"max-image-preview:large","max-video-preview":"max-video-preview:-1"},"canonical":"https:\/\/sundaville.com\/de\/produkt\/sundaville-Fashion-red\/","og_locale":"de_DE","og_type":"article","og_title":"Sundaville\u00ae Fashion Red","og_description":"(Voraussichtlich 2022)  \"Funkelnde rote Blumen\" Dies ist die fr\u00fcheste auf dem Markt erh\u00e4ltliche rote Mandevilla. Die mittelgro\u00dfen Bl\u00fcten der Sundaville\u00ae Fashion Red haben eine intensive klassische rote Farbe mit einem gelben Herzen. Sie bl\u00fcht fr\u00fcher als die klassische Kollektion. Sie hat eine gute Verzweigung, ist sehr kompakt und bildet keine langen St\u00e4ngel. F\u00fcgen Sie auch seine hohe Bl\u00fchkraft hinzu und Sie haben die perfekte Sundaville in einem kleinen Topf. Ganz zu schweigen davon, dass es auch drau\u00dfen gut funktioniert.  Allerdings geh\u00f6ren beide zur Fashion-Kollektion, die Wuchsform der Variationen ist etwas anders: Wo Fashion Yellow aufrechter w\u00e4chst, ist Fashion Red mehr h\u00e4ngend.  Fashion\u2026  Die neue Sundaville Fashion-Kollektion besteht aus superfr\u00fch bl\u00fchenden und kompakt wachsenden Mandevillas, die sich perfekt f\u00fcr kleine T\u00f6pfe wie 9\/10,5 oder 12 cm eignen, die mit oder ohne St\u00fctze angebaut werden k\u00f6nnen. Sie sind leicht zu vermehren und zu wachsen. Und durch die kurze Produktionszeit auch ideal f\u00fcr Z\u00fcchter, dadurch wird eine hohe Rendite erzielt. Weitere Farben kommen bald\u2026","og_url":"https:\/\/sundaville.com\/de\/produkt\/sundaville-Fashion-red\/","og_site_name":"Sundaville.com","article_publisher":"https:\/\/www.facebook.com\/SundavilleMandevilla","og_image":[{"width":871,"height":1111,"url":"https:\/\/sundaville.com\/wp-content\/uploads\/2021\/02\/Sundaville-Mimi-Red-11-1.png","type":"image\/png"}],"twitter_card":"summary_large_image","twitter_site":"@Sundaville_","schema":{"@context":"https:\/\/schema.org","@graph":[{"@type":"WebPage","@id":"https:\/\/sundaville.com\/de\/produkt\/sundaville-Fashion-red\/","url":"https:\/\/sundaville.com\/de\/produkt\/sundaville-Fashion-red\/","name":"Sundaville\u00ae Fashion Red - Welten Nr.1 \u200b\u200bMandevilla (Dipladenia)","isPartOf":{"@id":"https:\/\/sundaville.com\/de\/#website"},"primaryImageOfPage":{"@id":"https:\/\/sundaville.com\/de\/produkt\/sundaville-Fashion-red\/#primaryimage"},"image":{"@id":"https:\/\/sundaville.com\/de\/produkt\/sundaville-Fashion-red\/#primaryimage"},"thumbnailUrl":"https:\/\/sundaville.com\/wp-content\/uploads\/2021\/02\/Sundaville-Mimi-Red-11-1.png","datePublished":"2021-02-23T08:42:28+00:00","description":"Sundaville | Die weltweit Nr.1 \u200b\u200bMandevilla (Dipladenia) mit \u00fcberlegener und innovativer Verzweigung sind stark und f\u00fcr fast jedes Klima geeignet.","breadcrumb":{"@id":"https:\/\/sundaville.com\/de\/produkt\/sundaville-Fashion-red\/#breadcrumb"},"inLanguage":"de","potentialAction":[{"@type":"ReadAction","target":["https:\/\/sundaville.com\/de\/produkt\/sundaville-Fashion-red\/"]}]},{"@type":"ImageObject","inLanguage":"de","@id":"https:\/\/sundaville.com\/de\/produkt\/sundaville-Fashion-red\/#primaryimage","url":"https:\/\/sundaville.com\/wp-content\/uploads\/2021\/02\/Sundaville-Mimi-Red-11-1.png","contentUrl":"https:\/\/sundaville.com\/wp-content\/uploads\/2021\/02\/Sundaville-Mimi-Red-11-1.png","width":871,"height":1111,"caption":"Sundaville\u00ae Mimi Red"},{"@type":"BreadcrumbList","@id":"https:\/\/sundaville.com\/de\/produkt\/sundaville-Fashion-red\/#breadcrumb","itemListElement":[{"@type":"ListItem","position":1,"name":"Home","item":"https:\/\/sundaville.com\/de\/"},{"@type":"ListItem","position":2,"name":"Shop","item":"https:\/\/sundaville.com\/de\/shop\/"},{"@type":"ListItem","position":3,"name":"Sundaville\u00ae Fashion Red"}]},{"@type":"WebSite","@id":"https:\/\/sundaville.com\/de\/#website","url":"https:\/\/sundaville.com\/de\/","name":"Sundaville.com","description":"Worlds no.1 Mandevilla \/ Dipladenia brand.","publisher":{"@id":"https:\/\/sundaville.com\/de\/#organization"},"potentialAction":[{"@type":"SearchAction","target":{"@type":"EntryPoint","urlTemplate":"https:\/\/sundaville.com\/de\/?s={search_term_string}"},"query-input":{"@type":"PropertyValueSpecification","valueRequired":true,"valueName":"search_term_string"}}],"inLanguage":"de"},{"@type":"Organization","@id":"https:\/\/sundaville.com\/de\/#organization","name":"SUNDAVILLE\u00ae","alternateName":"Sundaville","url":"https:\/\/sundaville.com\/de\/","logo":{"@type":"ImageObject","inLanguage":"de","@id":"https:\/\/sundaville.com\/de\/#\/schema\/logo\/image\/","url":"https:\/\/sundaville.com\/wp-content\/uploads\/2021\/04\/Tekengebied-1-kopie-30-300x300-1.png","contentUrl":"https:\/\/sundaville.com\/wp-content\/uploads\/2021\/04\/Tekengebied-1-kopie-30-300x300-1.png","width":300,"height":300,"caption":"SUNDAVILLE\u00ae"},"image":{"@id":"https:\/\/sundaville.com\/de\/#\/schema\/logo\/image\/"},"sameAs":["https:\/\/www.facebook.com\/SundavilleMandevilla","https:\/\/x.com\/Sundaville_","https:\/\/www.instagram.com\/sundaville","https:\/\/www.linkedin.com\/showcase\/sundaville","https:\/\/www.youtube.com\/channel\/UCO_OrhM4LIYXrWft9p7s97w","https:\/\/wikipedia.org\/wiki\/sundaville"]}]}},"_links":{"self":[{"href":"https:\/\/sundaville.com\/de\/wp-json\/wp\/v2\/product\/10521","targetHints":{"allow":["GET"]}}],"collection":[{"href":"https:\/\/sundaville.com\/de\/wp-json\/wp\/v2\/product"}],"about":[{"href":"https:\/\/sundaville.com\/de\/wp-json\/wp\/v2\/types\/product"}],"replies":[{"embeddable":true,"href":"https:\/\/sundaville.com\/de\/wp-json\/wp\/v2\/comments?post=10521"}],"wp:featuredmedia":[{"embeddable":true,"href":"https:\/\/sundaville.com\/de\/wp-json\/wp\/v2\/media\/12168"}],"wp:attachment":[{"href":"https:\/\/sundaville.com\/de\/wp-json\/wp\/v2\/media?parent=10521"}],"wp:term":[{"taxonomy":"product_brand","embeddable":true,"href":"https:\/\/sundaville.com\/de\/wp-json\/wp\/v2\/product_brand?post=10521"},{"taxonomy":"product_cat","embeddable":true,"href":"https:\/\/sundaville.com\/de\/wp-json\/wp\/v2\/product_cat?post=10521"},{"taxonomy":"product_tag","embeddable":true,"href":"https:\/\/sundaville.com\/de\/wp-json\/wp\/v2\/product_tag?post=10521"}],"curies":[{"name":"wp","href":"https:\/\/api.w.org\/{rel}","templated":true}]}}