{"id":10530,"date":"2021-02-22T14:59:12","date_gmt":"2021-02-22T14:59:12","guid":{"rendered":"https:\/\/sundaville.com\/product\/sundaville-beauty-white\/"},"modified":"2021-02-22T14:59:12","modified_gmt":"2021-02-22T14:59:12","slug":"sundaville-beauty-white","status":"publish","type":"product","link":"https:\/\/sundaville.com\/de\/produkt\/sundaville-beauty-white\/","title":{"rendered":"Sundaville\u00ae Beauty White"},"content":{"rendered":"","protected":false},"excerpt":{"rendered":"<p>Die Sundaville-Beauty-Reihe ist eine Reihe perfekt verzweigter Mandevilla-Sorten, die wundersch\u00f6ne gro\u00dfe Bl\u00fcten produzieren und in 10 \u2013 13 cm gro\u00dfen T\u00f6pfen und H\u00e4ngek\u00f6rben gez\u00fcchtet werden k\u00f6nnen. Profitieren Sie von diesem starken Garten-Performer mit seiner bekannten Marke. Das Sundaville Beauty-Sortiment umfasst zwei Sorten: Fr\u00fchbl\u00fcher und Sp\u00e4tbl\u00fcher. So k\u00f6nnen Sie mit unseren Sundaville-Sorten den gesamten Fr\u00fchlings- und Sommermarkt abdecken. Sundaville Beauty steht f\u00fcr eine sch\u00f6ne Farbpalette, eine Marke, die f\u00fcr ihre Qualit\u00e4t bekannt ist, attraktiv durch ihre starke Qualit\u00e4t und einen wundersch\u00f6n bl\u00fchenden Anblick, ein lustiges Marketingkonzept und eine niedrige Lizenzgeb\u00fchr.<\/p>\n","protected":false},"featured_media":7820,"comment_status":"open","ping_status":"closed","template":"","meta":{"_monsterinsights_skip_tracking":false,"_monsterinsights_sitenote_active":false,"_monsterinsights_sitenote_note":"","_monsterinsights_sitenote_category":0},"product_brand":[],"product_cat":[814],"product_tag":[],"class_list":{"0":"post-10530","1":"product","2":"type-product","3":"status-publish","4":"has-post-thumbnail","6":"product_cat-unkategorisiert","8":"first","9":"instock","10":"shipping-taxable","11":"product-type-simple"},"yoast_head":"<!-- This site is optimized with the Yoast SEO Premium plugin v24.5 (Yoast SEO v27.3) - https:\/\/yoast.com\/product\/yoast-seo-premium-wordpress\/ -->\n<title>Sundaville\u00ae Beauty White - Welten Nr.1 \u200b\u200bMandevilla (Dipladenia)<\/title>\n<meta name=\"description\" content=\"Sundaville | Die weltweit Nr.1 \u200b\u200bMandevilla (Dipladenia) mit \u00fcberlegener und innovativer Verzweigung sind stark und f\u00fcr fast jedes Klima geeignet.\" \/>\n<meta name=\"robots\" content=\"index, follow, max-snippet:-1, max-image-preview:large, max-video-preview:-1\" \/>\n<link rel=\"canonical\" href=\"https:\/\/sundaville.com\/de\/produkt\/sundaville-beauty-white\/\" \/>\n<meta property=\"og:locale\" content=\"de_DE\" \/>\n<meta property=\"og:type\" content=\"article\" \/>\n<meta property=\"og:title\" content=\"Sundaville Beauty White - Welten Nr.1 \u200b\u200bMandevilla (Dipladenia)\" \/>\n<meta property=\"og:description\" content=\"Die Sundaville-Beauty-Reihe ist eine Reihe perfekt verzweigter Mandevilla-Sorten, die wundersch\u00f6ne gro\u00dfe Bl\u00fcten produzieren und in 10 \u2013 13 cm gro\u00dfen T\u00f6pfen und H\u00e4ngek\u00f6rben gez\u00fcchtet werden k\u00f6nnen. Profitieren Sie von diesem starken Garten-Performer mit seiner bekannten Marke. Das Sundaville Beauty-Sortiment umfasst zwei Sorten: Fr\u00fchbl\u00fcher und Sp\u00e4tbl\u00fcher. So k\u00f6nnen Sie mit unseren Sundaville-Sorten den gesamten Fr\u00fchlings- und Sommermarkt abdecken. Sundaville Beauty steht f\u00fcr eine sch\u00f6ne Farbpalette, eine Marke, die f\u00fcr ihre Qualit\u00e4t bekannt ist, attraktiv durch ihre starke Qualit\u00e4t und einen wundersch\u00f6n bl\u00fchenden Anblick, ein lustiges Marketingkonzept und eine niedrige Lizenzgeb\u00fchr.\" \/>\n<meta property=\"og:url\" content=\"https:\/\/sundaville.com\/de\/produkt\/sundaville-beauty-white\/\" \/>\n<meta property=\"og:site_name\" content=\"Sundaville.com\" \/>\n<meta property=\"article:publisher\" content=\"https:\/\/www.facebook.com\/SundavilleMandevilla\" \/>\n<meta property=\"og:image\" content=\"https:\/\/sundaville.com\/wp-content\/uploads\/2021\/02\/Sundaville\u00ae-15.png\" \/>\n\t<meta property=\"og:image:width\" content=\"871\" \/>\n\t<meta property=\"og:image:height\" content=\"1111\" \/>\n\t<meta property=\"og:image:type\" content=\"image\/png\" \/>\n<meta name=\"twitter:card\" content=\"summary_large_image\" \/>\n<meta name=\"twitter:title\" content=\"Sundaville Beauty White - Welten Nr.1 \u200b\u200bMandevilla (Dipladenia)\" \/>\n<meta name=\"twitter:site\" content=\"@Sundaville_\" \/>\n<script type=\"application\/ld+json\" class=\"yoast-schema-graph\">{\"@context\":\"https:\\\/\\\/schema.org\",\"@graph\":[{\"@type\":\"WebPage\",\"@id\":\"https:\\\/\\\/sundaville.com\\\/de\\\/produkt\\\/sundaville-beauty-white\\\/\",\"url\":\"https:\\\/\\\/sundaville.com\\\/de\\\/produkt\\\/sundaville-beauty-white\\\/\",\"name\":\"Sundaville\u00ae Beauty White - Welten Nr.1 \u200b\u200bMandevilla (Dipladenia)\",\"isPartOf\":{\"@id\":\"https:\\\/\\\/sundaville.com\\\/de\\\/#website\"},\"primaryImageOfPage\":{\"@id\":\"https:\\\/\\\/sundaville.com\\\/de\\\/produkt\\\/sundaville-beauty-white\\\/#primaryimage\"},\"image\":{\"@id\":\"https:\\\/\\\/sundaville.com\\\/de\\\/produkt\\\/sundaville-beauty-white\\\/#primaryimage\"},\"thumbnailUrl\":\"https:\\\/\\\/sundaville.com\\\/wp-content\\\/uploads\\\/2021\\\/02\\\/Sundaville\u00ae-15.png\",\"datePublished\":\"2021-02-22T14:59:12+00:00\",\"description\":\"Sundaville | Die weltweit Nr.1 \u200b\u200bMandevilla (Dipladenia) mit \u00fcberlegener und innovativer Verzweigung sind stark und f\u00fcr fast jedes Klima geeignet.\",\"breadcrumb\":{\"@id\":\"https:\\\/\\\/sundaville.com\\\/de\\\/produkt\\\/sundaville-beauty-white\\\/#breadcrumb\"},\"inLanguage\":\"de\",\"potentialAction\":[{\"@type\":\"ReadAction\",\"target\":[\"https:\\\/\\\/sundaville.com\\\/de\\\/produkt\\\/sundaville-beauty-white\\\/\"]}]},{\"@type\":\"ImageObject\",\"inLanguage\":\"de\",\"@id\":\"https:\\\/\\\/sundaville.com\\\/de\\\/produkt\\\/sundaville-beauty-white\\\/#primaryimage\",\"url\":\"https:\\\/\\\/sundaville.com\\\/wp-content\\\/uploads\\\/2021\\\/02\\\/Sundaville\u00ae-15.png\",\"contentUrl\":\"https:\\\/\\\/sundaville.com\\\/wp-content\\\/uploads\\\/2021\\\/02\\\/Sundaville\u00ae-15.png\",\"width\":871,\"height\":1111,\"caption\":\"Sundaville\u00ae Beauty White\"},{\"@type\":\"BreadcrumbList\",\"@id\":\"https:\\\/\\\/sundaville.com\\\/de\\\/produkt\\\/sundaville-beauty-white\\\/#breadcrumb\",\"itemListElement\":[{\"@type\":\"ListItem\",\"position\":1,\"name\":\"Home\",\"item\":\"https:\\\/\\\/sundaville.com\\\/de\\\/\"},{\"@type\":\"ListItem\",\"position\":2,\"name\":\"Shop\",\"item\":\"https:\\\/\\\/sundaville.com\\\/de\\\/shop\\\/\"},{\"@type\":\"ListItem\",\"position\":3,\"name\":\"Sundaville\u00ae Beauty White\"}]},{\"@type\":\"WebSite\",\"@id\":\"https:\\\/\\\/sundaville.com\\\/de\\\/#website\",\"url\":\"https:\\\/\\\/sundaville.com\\\/de\\\/\",\"name\":\"Sundaville.com\",\"description\":\"Worlds no.1 Mandevilla \\\/ Dipladenia brand.\",\"publisher\":{\"@id\":\"https:\\\/\\\/sundaville.com\\\/de\\\/#organization\"},\"potentialAction\":[{\"@type\":\"SearchAction\",\"target\":{\"@type\":\"EntryPoint\",\"urlTemplate\":\"https:\\\/\\\/sundaville.com\\\/de\\\/?s={search_term_string}\"},\"query-input\":{\"@type\":\"PropertyValueSpecification\",\"valueRequired\":true,\"valueName\":\"search_term_string\"}}],\"inLanguage\":\"de\"},{\"@type\":\"Organization\",\"@id\":\"https:\\\/\\\/sundaville.com\\\/de\\\/#organization\",\"name\":\"SUNDAVILLE\u00ae\",\"alternateName\":\"Sundaville\",\"url\":\"https:\\\/\\\/sundaville.com\\\/de\\\/\",\"logo\":{\"@type\":\"ImageObject\",\"inLanguage\":\"de\",\"@id\":\"https:\\\/\\\/sundaville.com\\\/de\\\/#\\\/schema\\\/logo\\\/image\\\/\",\"url\":\"https:\\\/\\\/sundaville.com\\\/wp-content\\\/uploads\\\/2021\\\/04\\\/Tekengebied-1-kopie-30-300x300-1.png\",\"contentUrl\":\"https:\\\/\\\/sundaville.com\\\/wp-content\\\/uploads\\\/2021\\\/04\\\/Tekengebied-1-kopie-30-300x300-1.png\",\"width\":300,\"height\":300,\"caption\":\"SUNDAVILLE\u00ae\"},\"image\":{\"@id\":\"https:\\\/\\\/sundaville.com\\\/de\\\/#\\\/schema\\\/logo\\\/image\\\/\"},\"sameAs\":[\"https:\\\/\\\/www.facebook.com\\\/SundavilleMandevilla\",\"https:\\\/\\\/x.com\\\/Sundaville_\",\"https:\\\/\\\/www.instagram.com\\\/sundaville\",\"https:\\\/\\\/www.linkedin.com\\\/showcase\\\/sundaville\",\"https:\\\/\\\/www.youtube.com\\\/channel\\\/UCO_OrhM4LIYXrWft9p7s97w\",\"https:\\\/\\\/wikipedia.org\\\/wiki\\\/sundaville\"]}]}<\/script>\n<!-- \/ Yoast SEO Premium plugin. -->","yoast_head_json":{"title":"Sundaville\u00ae Beauty White - Welten Nr.1 \u200b\u200bMandevilla (Dipladenia)","description":"Sundaville | Die weltweit Nr.1 \u200b\u200bMandevilla (Dipladenia) mit \u00fcberlegener und innovativer Verzweigung sind stark und f\u00fcr fast jedes Klima geeignet.","robots":{"index":"index","follow":"follow","max-snippet":"max-snippet:-1","max-image-preview":"max-image-preview:large","max-video-preview":"max-video-preview:-1"},"canonical":"https:\/\/sundaville.com\/de\/produkt\/sundaville-beauty-white\/","og_locale":"de_DE","og_type":"article","og_title":"Sundaville Beauty White - Welten Nr.1 \u200b\u200bMandevilla (Dipladenia)","og_description":"Die Sundaville-Beauty-Reihe ist eine Reihe perfekt verzweigter Mandevilla-Sorten, die wundersch\u00f6ne gro\u00dfe Bl\u00fcten produzieren und in 10 \u2013 13 cm gro\u00dfen T\u00f6pfen und H\u00e4ngek\u00f6rben gez\u00fcchtet werden k\u00f6nnen. Profitieren Sie von diesem starken Garten-Performer mit seiner bekannten Marke. Das Sundaville Beauty-Sortiment umfasst zwei Sorten: Fr\u00fchbl\u00fcher und Sp\u00e4tbl\u00fcher. So k\u00f6nnen Sie mit unseren Sundaville-Sorten den gesamten Fr\u00fchlings- und Sommermarkt abdecken. Sundaville Beauty steht f\u00fcr eine sch\u00f6ne Farbpalette, eine Marke, die f\u00fcr ihre Qualit\u00e4t bekannt ist, attraktiv durch ihre starke Qualit\u00e4t und einen wundersch\u00f6n bl\u00fchenden Anblick, ein lustiges Marketingkonzept und eine niedrige Lizenzgeb\u00fchr.","og_url":"https:\/\/sundaville.com\/de\/produkt\/sundaville-beauty-white\/","og_site_name":"Sundaville.com","article_publisher":"https:\/\/www.facebook.com\/SundavilleMandevilla","og_image":[{"width":871,"height":1111,"url":"https:\/\/sundaville.com\/wp-content\/uploads\/2021\/02\/Sundaville\u00ae-15.png","type":"image\/png"}],"twitter_card":"summary_large_image","twitter_title":"Sundaville Beauty White - Welten Nr.1 \u200b\u200bMandevilla (Dipladenia)","twitter_site":"@Sundaville_","schema":{"@context":"https:\/\/schema.org","@graph":[{"@type":"WebPage","@id":"https:\/\/sundaville.com\/de\/produkt\/sundaville-beauty-white\/","url":"https:\/\/sundaville.com\/de\/produkt\/sundaville-beauty-white\/","name":"Sundaville\u00ae Beauty White - Welten Nr.1 \u200b\u200bMandevilla (Dipladenia)","isPartOf":{"@id":"https:\/\/sundaville.com\/de\/#website"},"primaryImageOfPage":{"@id":"https:\/\/sundaville.com\/de\/produkt\/sundaville-beauty-white\/#primaryimage"},"image":{"@id":"https:\/\/sundaville.com\/de\/produkt\/sundaville-beauty-white\/#primaryimage"},"thumbnailUrl":"https:\/\/sundaville.com\/wp-content\/uploads\/2021\/02\/Sundaville\u00ae-15.png","datePublished":"2021-02-22T14:59:12+00:00","description":"Sundaville | Die weltweit Nr.1 \u200b\u200bMandevilla (Dipladenia) mit \u00fcberlegener und innovativer Verzweigung sind stark und f\u00fcr fast jedes Klima geeignet.","breadcrumb":{"@id":"https:\/\/sundaville.com\/de\/produkt\/sundaville-beauty-white\/#breadcrumb"},"inLanguage":"de","potentialAction":[{"@type":"ReadAction","target":["https:\/\/sundaville.com\/de\/produkt\/sundaville-beauty-white\/"]}]},{"@type":"ImageObject","inLanguage":"de","@id":"https:\/\/sundaville.com\/de\/produkt\/sundaville-beauty-white\/#primaryimage","url":"https:\/\/sundaville.com\/wp-content\/uploads\/2021\/02\/Sundaville\u00ae-15.png","contentUrl":"https:\/\/sundaville.com\/wp-content\/uploads\/2021\/02\/Sundaville\u00ae-15.png","width":871,"height":1111,"caption":"Sundaville\u00ae Beauty White"},{"@type":"BreadcrumbList","@id":"https:\/\/sundaville.com\/de\/produkt\/sundaville-beauty-white\/#breadcrumb","itemListElement":[{"@type":"ListItem","position":1,"name":"Home","item":"https:\/\/sundaville.com\/de\/"},{"@type":"ListItem","position":2,"name":"Shop","item":"https:\/\/sundaville.com\/de\/shop\/"},{"@type":"ListItem","position":3,"name":"Sundaville\u00ae Beauty White"}]},{"@type":"WebSite","@id":"https:\/\/sundaville.com\/de\/#website","url":"https:\/\/sundaville.com\/de\/","name":"Sundaville.com","description":"Worlds no.1 Mandevilla \/ Dipladenia brand.","publisher":{"@id":"https:\/\/sundaville.com\/de\/#organization"},"potentialAction":[{"@type":"SearchAction","target":{"@type":"EntryPoint","urlTemplate":"https:\/\/sundaville.com\/de\/?s={search_term_string}"},"query-input":{"@type":"PropertyValueSpecification","valueRequired":true,"valueName":"search_term_string"}}],"inLanguage":"de"},{"@type":"Organization","@id":"https:\/\/sundaville.com\/de\/#organization","name":"SUNDAVILLE\u00ae","alternateName":"Sundaville","url":"https:\/\/sundaville.com\/de\/","logo":{"@type":"ImageObject","inLanguage":"de","@id":"https:\/\/sundaville.com\/de\/#\/schema\/logo\/image\/","url":"https:\/\/sundaville.com\/wp-content\/uploads\/2021\/04\/Tekengebied-1-kopie-30-300x300-1.png","contentUrl":"https:\/\/sundaville.com\/wp-content\/uploads\/2021\/04\/Tekengebied-1-kopie-30-300x300-1.png","width":300,"height":300,"caption":"SUNDAVILLE\u00ae"},"image":{"@id":"https:\/\/sundaville.com\/de\/#\/schema\/logo\/image\/"},"sameAs":["https:\/\/www.facebook.com\/SundavilleMandevilla","https:\/\/x.com\/Sundaville_","https:\/\/www.instagram.com\/sundaville","https:\/\/www.linkedin.com\/showcase\/sundaville","https:\/\/www.youtube.com\/channel\/UCO_OrhM4LIYXrWft9p7s97w","https:\/\/wikipedia.org\/wiki\/sundaville"]}]}},"_links":{"self":[{"href":"https:\/\/sundaville.com\/de\/wp-json\/wp\/v2\/product\/10530","targetHints":{"allow":["GET"]}}],"collection":[{"href":"https:\/\/sundaville.com\/de\/wp-json\/wp\/v2\/product"}],"about":[{"href":"https:\/\/sundaville.com\/de\/wp-json\/wp\/v2\/types\/product"}],"replies":[{"embeddable":true,"href":"https:\/\/sundaville.com\/de\/wp-json\/wp\/v2\/comments?post=10530"}],"wp:featuredmedia":[{"embeddable":true,"href":"https:\/\/sundaville.com\/de\/wp-json\/wp\/v2\/media\/7820"}],"wp:attachment":[{"href":"https:\/\/sundaville.com\/de\/wp-json\/wp\/v2\/media?parent=10530"}],"wp:term":[{"taxonomy":"product_brand","embeddable":true,"href":"https:\/\/sundaville.com\/de\/wp-json\/wp\/v2\/product_brand?post=10530"},{"taxonomy":"product_cat","embeddable":true,"href":"https:\/\/sundaville.com\/de\/wp-json\/wp\/v2\/product_cat?post=10530"},{"taxonomy":"product_tag","embeddable":true,"href":"https:\/\/sundaville.com\/de\/wp-json\/wp\/v2\/product_tag?post=10530"}],"curies":[{"name":"wp","href":"https:\/\/api.w.org\/{rel}","templated":true}]}}