{"id":10532,"date":"2021-02-22T13:18:56","date_gmt":"2021-02-22T13:18:56","guid":{"rendered":"https:\/\/sundaville.com\/product\/sundaville-burgundy\/"},"modified":"2021-07-05T12:08:27","modified_gmt":"2021-07-05T12:08:27","slug":"sundaville-burgundy","status":"publish","type":"product","link":"https:\/\/sundaville.com\/de\/produkt\/sundaville-burgundy\/","title":{"rendered":"Sundaville\u00ae Burgundy"},"content":{"rendered":"","protected":false},"excerpt":{"rendered":"<p>Das urspr\u00fcngliche und klassische Sundaville-Sortiment besteht aus Mandevilla (Dipladenia) mit \u00fcberlegener und innovativer Verzweigung und auff\u00e4lligen Farben. Diese kr\u00e4ftigen und gesunden Pflanzen eignen sich f\u00fcr fast jedes Klima und k\u00f6nnen als Terrassenpflanze, in Balkonk\u00e4sten, Blumenampeln und als Beetpflanze verwendet werden.<\/p>\n","protected":false},"featured_media":7716,"comment_status":"open","ping_status":"closed","template":"","meta":{"_monsterinsights_skip_tracking":false,"_monsterinsights_sitenote_active":false,"_monsterinsights_sitenote_note":"","_monsterinsights_sitenote_category":0},"product_brand":[],"product_cat":[814],"product_tag":[],"class_list":{"0":"post-10532","1":"product","2":"type-product","3":"status-publish","4":"has-post-thumbnail","6":"product_cat-unkategorisiert","8":"first","9":"instock","10":"shipping-taxable","11":"product-type-simple"},"yoast_head":"<!-- This site is optimized with the Yoast SEO Premium plugin v24.5 (Yoast SEO v27.5) - https:\/\/yoast.com\/product\/yoast-seo-premium-wordpress\/ -->\n<title>Sundaville\u00ae Burgundy - Welten Nr.1 \u200b\u200bMandevilla (Dipladenia)<\/title>\n<meta name=\"description\" content=\"Sundaville | Die weltweit Nr.1 \u200b\u200bMandevilla (Dipladenia) mit \u00fcberlegener und innovativer Verzweigung sind stark und f\u00fcr fast jedes Klima geeignet.\" \/>\n<meta name=\"robots\" content=\"index, follow, max-snippet:-1, max-image-preview:large, max-video-preview:-1\" \/>\n<link rel=\"canonical\" href=\"https:\/\/sundaville.com\/de\/produkt\/sundaville-burgundy\/\" \/>\n<meta property=\"og:locale\" content=\"de_DE\" \/>\n<meta property=\"og:type\" content=\"article\" \/>\n<meta property=\"og:title\" content=\"Sundaville Burgundy - Welten Nr.1 \u200b\u200bMandevilla (Dipladenia)\" \/>\n<meta property=\"og:description\" content=\"Das urspr\u00fcngliche und klassische Sundaville-Sortiment besteht aus Mandevilla (Dipladenia) mit \u00fcberlegener und innovativer Verzweigung und auff\u00e4lligen Farben. Diese kr\u00e4ftigen und gesunden Pflanzen eignen sich f\u00fcr fast jedes Klima und k\u00f6nnen als Terrassenpflanze, in Balkonk\u00e4sten, Blumenampeln und als Beetpflanze verwendet werden.\" \/>\n<meta property=\"og:url\" content=\"https:\/\/sundaville.com\/de\/produkt\/sundaville-burgundy\/\" \/>\n<meta property=\"og:site_name\" content=\"Sundaville.com\" \/>\n<meta property=\"article:publisher\" content=\"https:\/\/www.facebook.com\/SundavilleMandevilla\" \/>\n<meta property=\"article:modified_time\" content=\"2021-07-05T12:08:27+00:00\" \/>\n<meta property=\"og:image\" content=\"https:\/\/sundaville.com\/wp-content\/uploads\/2021\/02\/Sundaville\u00ae-10.png\" \/>\n\t<meta property=\"og:image:width\" content=\"871\" \/>\n\t<meta property=\"og:image:height\" content=\"1111\" \/>\n\t<meta property=\"og:image:type\" content=\"image\/png\" \/>\n<meta name=\"twitter:card\" content=\"summary_large_image\" \/>\n<meta name=\"twitter:title\" content=\"Sundaville Burgundy - Welten Nr.1 \u200b\u200bMandevilla (Dipladenia)\" \/>\n<meta name=\"twitter:site\" content=\"@Sundaville_\" \/>\n<script type=\"application\/ld+json\" class=\"yoast-schema-graph\">{\"@context\":\"https:\\\/\\\/schema.org\",\"@graph\":[{\"@type\":\"WebPage\",\"@id\":\"https:\\\/\\\/sundaville.com\\\/de\\\/produkt\\\/sundaville-burgundy\\\/\",\"url\":\"https:\\\/\\\/sundaville.com\\\/de\\\/produkt\\\/sundaville-burgundy\\\/\",\"name\":\"Sundaville\u00ae Burgundy - Welten Nr.1 \u200b\u200bMandevilla (Dipladenia)\",\"isPartOf\":{\"@id\":\"https:\\\/\\\/sundaville.com\\\/de\\\/#website\"},\"primaryImageOfPage\":{\"@id\":\"https:\\\/\\\/sundaville.com\\\/de\\\/produkt\\\/sundaville-burgundy\\\/#primaryimage\"},\"image\":{\"@id\":\"https:\\\/\\\/sundaville.com\\\/de\\\/produkt\\\/sundaville-burgundy\\\/#primaryimage\"},\"thumbnailUrl\":\"https:\\\/\\\/sundaville.com\\\/wp-content\\\/uploads\\\/2021\\\/02\\\/Sundaville\u00ae-10.png\",\"datePublished\":\"2021-02-22T13:18:56+00:00\",\"dateModified\":\"2021-07-05T12:08:27+00:00\",\"description\":\"Sundaville | Die weltweit Nr.1 \u200b\u200bMandevilla (Dipladenia) mit \u00fcberlegener und innovativer Verzweigung sind stark und f\u00fcr fast jedes Klima geeignet.\",\"breadcrumb\":{\"@id\":\"https:\\\/\\\/sundaville.com\\\/de\\\/produkt\\\/sundaville-burgundy\\\/#breadcrumb\"},\"inLanguage\":\"de\",\"potentialAction\":[{\"@type\":\"ReadAction\",\"target\":[\"https:\\\/\\\/sundaville.com\\\/de\\\/produkt\\\/sundaville-burgundy\\\/\"]}]},{\"@type\":\"ImageObject\",\"inLanguage\":\"de\",\"@id\":\"https:\\\/\\\/sundaville.com\\\/de\\\/produkt\\\/sundaville-burgundy\\\/#primaryimage\",\"url\":\"https:\\\/\\\/sundaville.com\\\/wp-content\\\/uploads\\\/2021\\\/02\\\/Sundaville\u00ae-10.png\",\"contentUrl\":\"https:\\\/\\\/sundaville.com\\\/wp-content\\\/uploads\\\/2021\\\/02\\\/Sundaville\u00ae-10.png\",\"width\":871,\"height\":1111,\"caption\":\"Sundaville\u00ae Burgundy\"},{\"@type\":\"BreadcrumbList\",\"@id\":\"https:\\\/\\\/sundaville.com\\\/de\\\/produkt\\\/sundaville-burgundy\\\/#breadcrumb\",\"itemListElement\":[{\"@type\":\"ListItem\",\"position\":1,\"name\":\"Home\",\"item\":\"https:\\\/\\\/sundaville.com\\\/de\\\/\"},{\"@type\":\"ListItem\",\"position\":2,\"name\":\"Shop\",\"item\":\"https:\\\/\\\/sundaville.com\\\/de\\\/shop\\\/\"},{\"@type\":\"ListItem\",\"position\":3,\"name\":\"Sundaville\u00ae Burgundy\"}]},{\"@type\":\"WebSite\",\"@id\":\"https:\\\/\\\/sundaville.com\\\/de\\\/#website\",\"url\":\"https:\\\/\\\/sundaville.com\\\/de\\\/\",\"name\":\"Sundaville.com\",\"description\":\"Worlds no.1 Mandevilla \\\/ Dipladenia brand.\",\"publisher\":{\"@id\":\"https:\\\/\\\/sundaville.com\\\/de\\\/#organization\"},\"potentialAction\":[{\"@type\":\"SearchAction\",\"target\":{\"@type\":\"EntryPoint\",\"urlTemplate\":\"https:\\\/\\\/sundaville.com\\\/de\\\/?s={search_term_string}\"},\"query-input\":{\"@type\":\"PropertyValueSpecification\",\"valueRequired\":true,\"valueName\":\"search_term_string\"}}],\"inLanguage\":\"de\"},{\"@type\":\"Organization\",\"@id\":\"https:\\\/\\\/sundaville.com\\\/de\\\/#organization\",\"name\":\"SUNDAVILLE\u00ae\",\"alternateName\":\"Sundaville\",\"url\":\"https:\\\/\\\/sundaville.com\\\/de\\\/\",\"logo\":{\"@type\":\"ImageObject\",\"inLanguage\":\"de\",\"@id\":\"https:\\\/\\\/sundaville.com\\\/de\\\/#\\\/schema\\\/logo\\\/image\\\/\",\"url\":\"https:\\\/\\\/sundaville.com\\\/wp-content\\\/uploads\\\/2021\\\/04\\\/Tekengebied-1-kopie-30-300x300-1.png\",\"contentUrl\":\"https:\\\/\\\/sundaville.com\\\/wp-content\\\/uploads\\\/2021\\\/04\\\/Tekengebied-1-kopie-30-300x300-1.png\",\"width\":300,\"height\":300,\"caption\":\"SUNDAVILLE\u00ae\"},\"image\":{\"@id\":\"https:\\\/\\\/sundaville.com\\\/de\\\/#\\\/schema\\\/logo\\\/image\\\/\"},\"sameAs\":[\"https:\\\/\\\/www.facebook.com\\\/SundavilleMandevilla\",\"https:\\\/\\\/x.com\\\/Sundaville_\",\"https:\\\/\\\/www.instagram.com\\\/sundaville\",\"https:\\\/\\\/www.linkedin.com\\\/showcase\\\/sundaville\",\"https:\\\/\\\/www.youtube.com\\\/channel\\\/UCO_OrhM4LIYXrWft9p7s97w\",\"https:\\\/\\\/wikipedia.org\\\/wiki\\\/sundaville\"]}]}<\/script>\n<!-- \/ Yoast SEO Premium plugin. -->","yoast_head_json":{"title":"Sundaville\u00ae Burgundy - Welten Nr.1 \u200b\u200bMandevilla (Dipladenia)","description":"Sundaville | Die weltweit Nr.1 \u200b\u200bMandevilla (Dipladenia) mit \u00fcberlegener und innovativer Verzweigung sind stark und f\u00fcr fast jedes Klima geeignet.","robots":{"index":"index","follow":"follow","max-snippet":"max-snippet:-1","max-image-preview":"max-image-preview:large","max-video-preview":"max-video-preview:-1"},"canonical":"https:\/\/sundaville.com\/de\/produkt\/sundaville-burgundy\/","og_locale":"de_DE","og_type":"article","og_title":"Sundaville Burgundy - Welten Nr.1 \u200b\u200bMandevilla (Dipladenia)","og_description":"Das urspr\u00fcngliche und klassische Sundaville-Sortiment besteht aus Mandevilla (Dipladenia) mit \u00fcberlegener und innovativer Verzweigung und auff\u00e4lligen Farben. Diese kr\u00e4ftigen und gesunden Pflanzen eignen sich f\u00fcr fast jedes Klima und k\u00f6nnen als Terrassenpflanze, in Balkonk\u00e4sten, Blumenampeln und als Beetpflanze verwendet werden.","og_url":"https:\/\/sundaville.com\/de\/produkt\/sundaville-burgundy\/","og_site_name":"Sundaville.com","article_publisher":"https:\/\/www.facebook.com\/SundavilleMandevilla","article_modified_time":"2021-07-05T12:08:27+00:00","og_image":[{"width":871,"height":1111,"url":"https:\/\/sundaville.com\/wp-content\/uploads\/2021\/02\/Sundaville\u00ae-10.png","type":"image\/png"}],"twitter_card":"summary_large_image","twitter_title":"Sundaville Burgundy - Welten Nr.1 \u200b\u200bMandevilla (Dipladenia)","twitter_site":"@Sundaville_","schema":{"@context":"https:\/\/schema.org","@graph":[{"@type":"WebPage","@id":"https:\/\/sundaville.com\/de\/produkt\/sundaville-burgundy\/","url":"https:\/\/sundaville.com\/de\/produkt\/sundaville-burgundy\/","name":"Sundaville\u00ae Burgundy - Welten Nr.1 \u200b\u200bMandevilla (Dipladenia)","isPartOf":{"@id":"https:\/\/sundaville.com\/de\/#website"},"primaryImageOfPage":{"@id":"https:\/\/sundaville.com\/de\/produkt\/sundaville-burgundy\/#primaryimage"},"image":{"@id":"https:\/\/sundaville.com\/de\/produkt\/sundaville-burgundy\/#primaryimage"},"thumbnailUrl":"https:\/\/sundaville.com\/wp-content\/uploads\/2021\/02\/Sundaville\u00ae-10.png","datePublished":"2021-02-22T13:18:56+00:00","dateModified":"2021-07-05T12:08:27+00:00","description":"Sundaville | Die weltweit Nr.1 \u200b\u200bMandevilla (Dipladenia) mit \u00fcberlegener und innovativer Verzweigung sind stark und f\u00fcr fast jedes Klima geeignet.","breadcrumb":{"@id":"https:\/\/sundaville.com\/de\/produkt\/sundaville-burgundy\/#breadcrumb"},"inLanguage":"de","potentialAction":[{"@type":"ReadAction","target":["https:\/\/sundaville.com\/de\/produkt\/sundaville-burgundy\/"]}]},{"@type":"ImageObject","inLanguage":"de","@id":"https:\/\/sundaville.com\/de\/produkt\/sundaville-burgundy\/#primaryimage","url":"https:\/\/sundaville.com\/wp-content\/uploads\/2021\/02\/Sundaville\u00ae-10.png","contentUrl":"https:\/\/sundaville.com\/wp-content\/uploads\/2021\/02\/Sundaville\u00ae-10.png","width":871,"height":1111,"caption":"Sundaville\u00ae Burgundy"},{"@type":"BreadcrumbList","@id":"https:\/\/sundaville.com\/de\/produkt\/sundaville-burgundy\/#breadcrumb","itemListElement":[{"@type":"ListItem","position":1,"name":"Home","item":"https:\/\/sundaville.com\/de\/"},{"@type":"ListItem","position":2,"name":"Shop","item":"https:\/\/sundaville.com\/de\/shop\/"},{"@type":"ListItem","position":3,"name":"Sundaville\u00ae Burgundy"}]},{"@type":"WebSite","@id":"https:\/\/sundaville.com\/de\/#website","url":"https:\/\/sundaville.com\/de\/","name":"Sundaville.com","description":"Worlds no.1 Mandevilla \/ Dipladenia brand.","publisher":{"@id":"https:\/\/sundaville.com\/de\/#organization"},"potentialAction":[{"@type":"SearchAction","target":{"@type":"EntryPoint","urlTemplate":"https:\/\/sundaville.com\/de\/?s={search_term_string}"},"query-input":{"@type":"PropertyValueSpecification","valueRequired":true,"valueName":"search_term_string"}}],"inLanguage":"de"},{"@type":"Organization","@id":"https:\/\/sundaville.com\/de\/#organization","name":"SUNDAVILLE\u00ae","alternateName":"Sundaville","url":"https:\/\/sundaville.com\/de\/","logo":{"@type":"ImageObject","inLanguage":"de","@id":"https:\/\/sundaville.com\/de\/#\/schema\/logo\/image\/","url":"https:\/\/sundaville.com\/wp-content\/uploads\/2021\/04\/Tekengebied-1-kopie-30-300x300-1.png","contentUrl":"https:\/\/sundaville.com\/wp-content\/uploads\/2021\/04\/Tekengebied-1-kopie-30-300x300-1.png","width":300,"height":300,"caption":"SUNDAVILLE\u00ae"},"image":{"@id":"https:\/\/sundaville.com\/de\/#\/schema\/logo\/image\/"},"sameAs":["https:\/\/www.facebook.com\/SundavilleMandevilla","https:\/\/x.com\/Sundaville_","https:\/\/www.instagram.com\/sundaville","https:\/\/www.linkedin.com\/showcase\/sundaville","https:\/\/www.youtube.com\/channel\/UCO_OrhM4LIYXrWft9p7s97w","https:\/\/wikipedia.org\/wiki\/sundaville"]}]}},"_links":{"self":[{"href":"https:\/\/sundaville.com\/de\/wp-json\/wp\/v2\/product\/10532","targetHints":{"allow":["GET"]}}],"collection":[{"href":"https:\/\/sundaville.com\/de\/wp-json\/wp\/v2\/product"}],"about":[{"href":"https:\/\/sundaville.com\/de\/wp-json\/wp\/v2\/types\/product"}],"replies":[{"embeddable":true,"href":"https:\/\/sundaville.com\/de\/wp-json\/wp\/v2\/comments?post=10532"}],"wp:featuredmedia":[{"embeddable":true,"href":"https:\/\/sundaville.com\/de\/wp-json\/wp\/v2\/media\/7716"}],"wp:attachment":[{"href":"https:\/\/sundaville.com\/de\/wp-json\/wp\/v2\/media?parent=10532"}],"wp:term":[{"taxonomy":"product_brand","embeddable":true,"href":"https:\/\/sundaville.com\/de\/wp-json\/wp\/v2\/product_brand?post=10532"},{"taxonomy":"product_cat","embeddable":true,"href":"https:\/\/sundaville.com\/de\/wp-json\/wp\/v2\/product_cat?post=10532"},{"taxonomy":"product_tag","embeddable":true,"href":"https:\/\/sundaville.com\/de\/wp-json\/wp\/v2\/product_tag?post=10532"}],"curies":[{"name":"wp","href":"https:\/\/api.w.org\/{rel}","templated":true}]}}