{"id":11312,"date":"2022-02-14T13:05:16","date_gmt":"2022-02-14T13:05:16","guid":{"rendered":"https:\/\/sundaville.com\/?post_type=product&#038;p=11312"},"modified":"2023-03-07T11:17:27","modified_gmt":"2023-03-07T11:17:27","slug":"sundaville-flamingo-pink","status":"publish","type":"product","link":"https:\/\/sundaville.com\/de\/produkt\/sundaville-flamingo-pink\/","title":{"rendered":"Sundaville\u00ae Flamingo Pink"},"content":{"rendered":"","protected":false},"excerpt":{"rendered":"<p><strong>\u201eMachen Sie diesen Sommer den Flamingo\u201c<\/strong><\/p>\n<p>Der Sundaville\u00ae Flamingo Pink ist seit 2021 neu auf dem Markt. Die Pflanze hat spezielle rosafarbene Bl\u00fcten und bl\u00fcht optimal bis zum ersten Frost. Sundaville\u00ae ist eine sehr dankbare Pflanze und ben\u00f6tigt fast keine Pflege. Diese Sorte gibt es (fast) nirgendwo sonst. Der Flamingo Pink ist einzigartig wegen der sch\u00f6nen Zeichnung auf der Blume. Die Bl\u00fctenr\u00e4nder sind hellrosa geflammt. Es \u00e4hnelt den Federn eines Flamingos, weshalb diese Art auch ihren Namen hat. Au\u00dferdem hat die Blume dunkelrosa Sprenkel.<\/p>\n<p><em><strong>Klassiker\u2026<\/strong><\/em><br \/>\n<em><strong>Ein Meisterwerk erkennt man, wenn man es sieht. Dies ist das einzige originale und klassische Sundaville\u00ae-Sortiment. Wenn Sie an \u00fcberlegene und innovative Verzweigung und kompakten Wuchs gew\u00f6hnt sind, m\u00fcssen Sie all die neuen Farbschattierungen sehen, die f\u00fcr die kommenden Jahre verf\u00fcgbar sind.<\/strong><\/em><\/p>\n","protected":false},"featured_media":11350,"comment_status":"open","ping_status":"closed","template":"","meta":{"_monsterinsights_skip_tracking":false,"_monsterinsights_sitenote_active":false,"_monsterinsights_sitenote_note":"","_monsterinsights_sitenote_category":0},"product_brand":[],"product_cat":[814],"product_tag":[],"class_list":{"0":"post-11312","1":"product","2":"type-product","3":"status-publish","4":"has-post-thumbnail","6":"product_cat-unkategorisiert","8":"first","9":"instock","10":"featured","11":"sold-individually","12":"shipping-taxable","13":"product-type-simple"},"yoast_head":"<!-- This site is optimized with the Yoast SEO Premium plugin v24.5 (Yoast SEO v27.6) - https:\/\/yoast.com\/product\/yoast-seo-premium-wordpress\/ -->\n<title>Sundaville\u00ae Flamingo Pink - Welten Nr.1 \u200b\u200bMandevilla (Dipladenia)<\/title>\n<meta name=\"description\" content=\"Sundaville | Die weltweit Nr.1 \u200b\u200bMandevilla (Dipladenia) mit \u00fcberlegener und innovativer Verzweigung sind stark und f\u00fcr fast jedes Klima geeignet.\" \/>\n<meta name=\"robots\" content=\"index, follow, max-snippet:-1, max-image-preview:large, max-video-preview:-1\" \/>\n<link rel=\"canonical\" href=\"https:\/\/sundaville.com\/de\/produkt\/sundaville-flamingo-pink\/\" \/>\n<meta property=\"og:locale\" content=\"de_DE\" \/>\n<meta property=\"og:type\" content=\"article\" \/>\n<meta property=\"og:title\" content=\"Sundaville\u00ae Flamingo Pink\" \/>\n<meta property=\"og:description\" content=\"\u201eMachen Sie diesen Sommer den Flamingo\u201c  Der Sundaville\u00ae Flamingo Pink ist seit 2021 neu auf dem Markt. Die Pflanze hat spezielle rosafarbene Bl\u00fcten und bl\u00fcht optimal bis zum ersten Frost. Sundaville\u00ae ist eine sehr dankbare Pflanze und ben\u00f6tigt fast keine Pflege. Diese Sorte gibt es (fast) nirgendwo sonst. Der Flamingo Pink ist einzigartig wegen der sch\u00f6nen Zeichnung auf der Blume. Die Bl\u00fctenr\u00e4nder sind hellrosa geflammt. Es \u00e4hnelt den Federn eines Flamingos, weshalb diese Art auch ihren Namen hat. Au\u00dferdem hat die Blume dunkelrosa Sprenkel.  Klassiker\u2026 Ein Meisterwerk erkennt man, wenn man es sieht. Dies ist das einzige originale und klassische Sundaville\u00ae-Sortiment. Wenn Sie an \u00fcberlegene und innovative Verzweigung und kompakten Wuchs gew\u00f6hnt sind, m\u00fcssen Sie all die neuen Farbschattierungen sehen, die f\u00fcr die kommenden Jahre verf\u00fcgbar sind.\" \/>\n<meta property=\"og:url\" content=\"https:\/\/sundaville.com\/de\/produkt\/sundaville-flamingo-pink\/\" \/>\n<meta property=\"og:site_name\" content=\"Sundaville.com\" \/>\n<meta property=\"article:publisher\" content=\"https:\/\/www.facebook.com\/SundavilleMandevilla\" \/>\n<meta property=\"article:modified_time\" content=\"2023-03-07T11:17:27+00:00\" \/>\n<meta property=\"og:image\" content=\"https:\/\/sundaville.com\/wp-content\/uploads\/2022\/02\/Tekengebied-1-kopie-8-1024x1024.png\" \/>\n\t<meta property=\"og:image:width\" content=\"1024\" \/>\n\t<meta property=\"og:image:height\" content=\"1024\" \/>\n\t<meta property=\"og:image:type\" content=\"image\/png\" \/>\n<meta name=\"twitter:card\" content=\"summary_large_image\" \/>\n<meta name=\"twitter:site\" content=\"@Sundaville_\" \/>\n<script type=\"application\/ld+json\" class=\"yoast-schema-graph\">{\"@context\":\"https:\\\/\\\/schema.org\",\"@graph\":[{\"@type\":\"WebPage\",\"@id\":\"https:\\\/\\\/sundaville.com\\\/de\\\/produkt\\\/sundaville-flamingo-pink\\\/\",\"url\":\"https:\\\/\\\/sundaville.com\\\/de\\\/produkt\\\/sundaville-flamingo-pink\\\/\",\"name\":\"Sundaville\u00ae Flamingo Pink - Welten Nr.1 \u200b\u200bMandevilla (Dipladenia)\",\"isPartOf\":{\"@id\":\"https:\\\/\\\/sundaville.com\\\/de\\\/#website\"},\"primaryImageOfPage\":{\"@id\":\"https:\\\/\\\/sundaville.com\\\/de\\\/produkt\\\/sundaville-flamingo-pink\\\/#primaryimage\"},\"image\":{\"@id\":\"https:\\\/\\\/sundaville.com\\\/de\\\/produkt\\\/sundaville-flamingo-pink\\\/#primaryimage\"},\"thumbnailUrl\":\"https:\\\/\\\/sundaville.com\\\/wp-content\\\/uploads\\\/2022\\\/02\\\/Tekengebied-1-kopie-8.png\",\"datePublished\":\"2022-02-14T13:05:16+00:00\",\"dateModified\":\"2023-03-07T11:17:27+00:00\",\"description\":\"Sundaville | Die weltweit Nr.1 \u200b\u200bMandevilla (Dipladenia) mit \u00fcberlegener und innovativer Verzweigung sind stark und f\u00fcr fast jedes Klima geeignet.\",\"breadcrumb\":{\"@id\":\"https:\\\/\\\/sundaville.com\\\/de\\\/produkt\\\/sundaville-flamingo-pink\\\/#breadcrumb\"},\"inLanguage\":\"de\",\"potentialAction\":[{\"@type\":\"ReadAction\",\"target\":[\"https:\\\/\\\/sundaville.com\\\/de\\\/produkt\\\/sundaville-flamingo-pink\\\/\"]}]},{\"@type\":\"ImageObject\",\"inLanguage\":\"de\",\"@id\":\"https:\\\/\\\/sundaville.com\\\/de\\\/produkt\\\/sundaville-flamingo-pink\\\/#primaryimage\",\"url\":\"https:\\\/\\\/sundaville.com\\\/wp-content\\\/uploads\\\/2022\\\/02\\\/Tekengebied-1-kopie-8.png\",\"contentUrl\":\"https:\\\/\\\/sundaville.com\\\/wp-content\\\/uploads\\\/2022\\\/02\\\/Tekengebied-1-kopie-8.png\",\"width\":2500,\"height\":2500},{\"@type\":\"BreadcrumbList\",\"@id\":\"https:\\\/\\\/sundaville.com\\\/de\\\/produkt\\\/sundaville-flamingo-pink\\\/#breadcrumb\",\"itemListElement\":[{\"@type\":\"ListItem\",\"position\":1,\"name\":\"Home\",\"item\":\"https:\\\/\\\/sundaville.com\\\/de\\\/\"},{\"@type\":\"ListItem\",\"position\":2,\"name\":\"Shop\",\"item\":\"https:\\\/\\\/sundaville.com\\\/de\\\/shop\\\/\"},{\"@type\":\"ListItem\",\"position\":3,\"name\":\"Sundaville\u00ae Flamingo Pink\"}]},{\"@type\":\"WebSite\",\"@id\":\"https:\\\/\\\/sundaville.com\\\/de\\\/#website\",\"url\":\"https:\\\/\\\/sundaville.com\\\/de\\\/\",\"name\":\"Sundaville.com\",\"description\":\"Worlds no.1 Mandevilla \\\/ Dipladenia brand.\",\"publisher\":{\"@id\":\"https:\\\/\\\/sundaville.com\\\/de\\\/#organization\"},\"potentialAction\":[{\"@type\":\"SearchAction\",\"target\":{\"@type\":\"EntryPoint\",\"urlTemplate\":\"https:\\\/\\\/sundaville.com\\\/de\\\/?s={search_term_string}\"},\"query-input\":{\"@type\":\"PropertyValueSpecification\",\"valueRequired\":true,\"valueName\":\"search_term_string\"}}],\"inLanguage\":\"de\"},{\"@type\":\"Organization\",\"@id\":\"https:\\\/\\\/sundaville.com\\\/de\\\/#organization\",\"name\":\"SUNDAVILLE\u00ae\",\"alternateName\":\"Sundaville\",\"url\":\"https:\\\/\\\/sundaville.com\\\/de\\\/\",\"logo\":{\"@type\":\"ImageObject\",\"inLanguage\":\"de\",\"@id\":\"https:\\\/\\\/sundaville.com\\\/de\\\/#\\\/schema\\\/logo\\\/image\\\/\",\"url\":\"https:\\\/\\\/sundaville.com\\\/wp-content\\\/uploads\\\/2021\\\/04\\\/Tekengebied-1-kopie-30-300x300-1.png\",\"contentUrl\":\"https:\\\/\\\/sundaville.com\\\/wp-content\\\/uploads\\\/2021\\\/04\\\/Tekengebied-1-kopie-30-300x300-1.png\",\"width\":300,\"height\":300,\"caption\":\"SUNDAVILLE\u00ae\"},\"image\":{\"@id\":\"https:\\\/\\\/sundaville.com\\\/de\\\/#\\\/schema\\\/logo\\\/image\\\/\"},\"sameAs\":[\"https:\\\/\\\/www.facebook.com\\\/SundavilleMandevilla\",\"https:\\\/\\\/x.com\\\/Sundaville_\",\"https:\\\/\\\/www.instagram.com\\\/sundaville\",\"https:\\\/\\\/www.linkedin.com\\\/showcase\\\/sundaville\",\"https:\\\/\\\/www.youtube.com\\\/channel\\\/UCO_OrhM4LIYXrWft9p7s97w\",\"https:\\\/\\\/wikipedia.org\\\/wiki\\\/sundaville\"]}]}<\/script>\n<!-- \/ Yoast SEO Premium plugin. -->","yoast_head_json":{"title":"Sundaville\u00ae Flamingo Pink - Welten Nr.1 \u200b\u200bMandevilla (Dipladenia)","description":"Sundaville | Die weltweit Nr.1 \u200b\u200bMandevilla (Dipladenia) mit \u00fcberlegener und innovativer Verzweigung sind stark und f\u00fcr fast jedes Klima geeignet.","robots":{"index":"index","follow":"follow","max-snippet":"max-snippet:-1","max-image-preview":"max-image-preview:large","max-video-preview":"max-video-preview:-1"},"canonical":"https:\/\/sundaville.com\/de\/produkt\/sundaville-flamingo-pink\/","og_locale":"de_DE","og_type":"article","og_title":"Sundaville\u00ae Flamingo Pink","og_description":"\u201eMachen Sie diesen Sommer den Flamingo\u201c  Der Sundaville\u00ae Flamingo Pink ist seit 2021 neu auf dem Markt. Die Pflanze hat spezielle rosafarbene Bl\u00fcten und bl\u00fcht optimal bis zum ersten Frost. Sundaville\u00ae ist eine sehr dankbare Pflanze und ben\u00f6tigt fast keine Pflege. Diese Sorte gibt es (fast) nirgendwo sonst. Der Flamingo Pink ist einzigartig wegen der sch\u00f6nen Zeichnung auf der Blume. Die Bl\u00fctenr\u00e4nder sind hellrosa geflammt. Es \u00e4hnelt den Federn eines Flamingos, weshalb diese Art auch ihren Namen hat. Au\u00dferdem hat die Blume dunkelrosa Sprenkel.  Klassiker\u2026 Ein Meisterwerk erkennt man, wenn man es sieht. Dies ist das einzige originale und klassische Sundaville\u00ae-Sortiment. Wenn Sie an \u00fcberlegene und innovative Verzweigung und kompakten Wuchs gew\u00f6hnt sind, m\u00fcssen Sie all die neuen Farbschattierungen sehen, die f\u00fcr die kommenden Jahre verf\u00fcgbar sind.","og_url":"https:\/\/sundaville.com\/de\/produkt\/sundaville-flamingo-pink\/","og_site_name":"Sundaville.com","article_publisher":"https:\/\/www.facebook.com\/SundavilleMandevilla","article_modified_time":"2023-03-07T11:17:27+00:00","og_image":[{"width":1024,"height":1024,"url":"https:\/\/sundaville.com\/wp-content\/uploads\/2022\/02\/Tekengebied-1-kopie-8-1024x1024.png","type":"image\/png"}],"twitter_card":"summary_large_image","twitter_site":"@Sundaville_","schema":{"@context":"https:\/\/schema.org","@graph":[{"@type":"WebPage","@id":"https:\/\/sundaville.com\/de\/produkt\/sundaville-flamingo-pink\/","url":"https:\/\/sundaville.com\/de\/produkt\/sundaville-flamingo-pink\/","name":"Sundaville\u00ae Flamingo Pink - Welten Nr.1 \u200b\u200bMandevilla (Dipladenia)","isPartOf":{"@id":"https:\/\/sundaville.com\/de\/#website"},"primaryImageOfPage":{"@id":"https:\/\/sundaville.com\/de\/produkt\/sundaville-flamingo-pink\/#primaryimage"},"image":{"@id":"https:\/\/sundaville.com\/de\/produkt\/sundaville-flamingo-pink\/#primaryimage"},"thumbnailUrl":"https:\/\/sundaville.com\/wp-content\/uploads\/2022\/02\/Tekengebied-1-kopie-8.png","datePublished":"2022-02-14T13:05:16+00:00","dateModified":"2023-03-07T11:17:27+00:00","description":"Sundaville | Die weltweit Nr.1 \u200b\u200bMandevilla (Dipladenia) mit \u00fcberlegener und innovativer Verzweigung sind stark und f\u00fcr fast jedes Klima geeignet.","breadcrumb":{"@id":"https:\/\/sundaville.com\/de\/produkt\/sundaville-flamingo-pink\/#breadcrumb"},"inLanguage":"de","potentialAction":[{"@type":"ReadAction","target":["https:\/\/sundaville.com\/de\/produkt\/sundaville-flamingo-pink\/"]}]},{"@type":"ImageObject","inLanguage":"de","@id":"https:\/\/sundaville.com\/de\/produkt\/sundaville-flamingo-pink\/#primaryimage","url":"https:\/\/sundaville.com\/wp-content\/uploads\/2022\/02\/Tekengebied-1-kopie-8.png","contentUrl":"https:\/\/sundaville.com\/wp-content\/uploads\/2022\/02\/Tekengebied-1-kopie-8.png","width":2500,"height":2500},{"@type":"BreadcrumbList","@id":"https:\/\/sundaville.com\/de\/produkt\/sundaville-flamingo-pink\/#breadcrumb","itemListElement":[{"@type":"ListItem","position":1,"name":"Home","item":"https:\/\/sundaville.com\/de\/"},{"@type":"ListItem","position":2,"name":"Shop","item":"https:\/\/sundaville.com\/de\/shop\/"},{"@type":"ListItem","position":3,"name":"Sundaville\u00ae Flamingo Pink"}]},{"@type":"WebSite","@id":"https:\/\/sundaville.com\/de\/#website","url":"https:\/\/sundaville.com\/de\/","name":"Sundaville.com","description":"Worlds no.1 Mandevilla \/ Dipladenia brand.","publisher":{"@id":"https:\/\/sundaville.com\/de\/#organization"},"potentialAction":[{"@type":"SearchAction","target":{"@type":"EntryPoint","urlTemplate":"https:\/\/sundaville.com\/de\/?s={search_term_string}"},"query-input":{"@type":"PropertyValueSpecification","valueRequired":true,"valueName":"search_term_string"}}],"inLanguage":"de"},{"@type":"Organization","@id":"https:\/\/sundaville.com\/de\/#organization","name":"SUNDAVILLE\u00ae","alternateName":"Sundaville","url":"https:\/\/sundaville.com\/de\/","logo":{"@type":"ImageObject","inLanguage":"de","@id":"https:\/\/sundaville.com\/de\/#\/schema\/logo\/image\/","url":"https:\/\/sundaville.com\/wp-content\/uploads\/2021\/04\/Tekengebied-1-kopie-30-300x300-1.png","contentUrl":"https:\/\/sundaville.com\/wp-content\/uploads\/2021\/04\/Tekengebied-1-kopie-30-300x300-1.png","width":300,"height":300,"caption":"SUNDAVILLE\u00ae"},"image":{"@id":"https:\/\/sundaville.com\/de\/#\/schema\/logo\/image\/"},"sameAs":["https:\/\/www.facebook.com\/SundavilleMandevilla","https:\/\/x.com\/Sundaville_","https:\/\/www.instagram.com\/sundaville","https:\/\/www.linkedin.com\/showcase\/sundaville","https:\/\/www.youtube.com\/channel\/UCO_OrhM4LIYXrWft9p7s97w","https:\/\/wikipedia.org\/wiki\/sundaville"]}]}},"_links":{"self":[{"href":"https:\/\/sundaville.com\/de\/wp-json\/wp\/v2\/product\/11312","targetHints":{"allow":["GET"]}}],"collection":[{"href":"https:\/\/sundaville.com\/de\/wp-json\/wp\/v2\/product"}],"about":[{"href":"https:\/\/sundaville.com\/de\/wp-json\/wp\/v2\/types\/product"}],"replies":[{"embeddable":true,"href":"https:\/\/sundaville.com\/de\/wp-json\/wp\/v2\/comments?post=11312"}],"wp:featuredmedia":[{"embeddable":true,"href":"https:\/\/sundaville.com\/de\/wp-json\/wp\/v2\/media\/11350"}],"wp:attachment":[{"href":"https:\/\/sundaville.com\/de\/wp-json\/wp\/v2\/media?parent=11312"}],"wp:term":[{"taxonomy":"product_brand","embeddable":true,"href":"https:\/\/sundaville.com\/de\/wp-json\/wp\/v2\/product_brand?post=11312"},{"taxonomy":"product_cat","embeddable":true,"href":"https:\/\/sundaville.com\/de\/wp-json\/wp\/v2\/product_cat?post=11312"},{"taxonomy":"product_tag","embeddable":true,"href":"https:\/\/sundaville.com\/de\/wp-json\/wp\/v2\/product_tag?post=11312"}],"curies":[{"name":"wp","href":"https:\/\/api.w.org\/{rel}","templated":true}]}}