{"id":11356,"date":"2022-02-14T14:32:15","date_gmt":"2022-02-14T14:32:15","guid":{"rendered":"https:\/\/sundaville.com\/?post_type=product&#038;p=11356"},"modified":"2023-03-07T11:50:56","modified_gmt":"2023-03-07T11:50:56","slug":"sundaville-gold","status":"publish","type":"product","link":"https:\/\/sundaville.com\/de\/produkt\/sundaville-gold\/","title":{"rendered":"Sundaville\u00ae Gold"},"content":{"rendered":"","protected":false},"excerpt":{"rendered":"<p><strong>&#8222;Sie ist golden!&#8220;<\/strong> Wir k\u00f6nnen Ihnen versichern, dass Sie jemals so ein Gelb gesehen haben! Das neueste Classic Gold hat eine einzigartige Farbe im Mandevilla \/ Dipladenia-Segment. Hell und strahlend wie die Mittagssonne bringt sie selbst den dunkelsten Garten zum Leuchten. Sie w\u00e4chst kompakt mit vielen Bl\u00fcten und ihre Besonderheit, sowie ihre besondere Farbe, ist, dass ihr Herz verschiedene Farbschattierungen hat, von tiefem Orange bis hin zu leuchtendem Rot. Sie ist eine ganz besondere!<\/p>\n<p><strong><em>Klassiker\u2026<\/em><\/strong><br \/>\n<strong><em>Ein Meisterwerk erkennt man, wenn man es sieht. Dies ist das einzige originale und klassische Sundaville\u00ae-Sortiment. Wenn Sie an \u00fcberlegene und innovative Verzweigung und kompakten Wuchs gew\u00f6hnt sind, m\u00fcssen Sie all die neuen Farbschattierungen sehen, die f\u00fcr die kommenden Jahre verf\u00fcgbar sind.<\/em><\/strong><\/p>\n","protected":false},"featured_media":11337,"comment_status":"open","ping_status":"closed","template":"","meta":{"_monsterinsights_skip_tracking":false,"_monsterinsights_sitenote_active":false,"_monsterinsights_sitenote_note":"","_monsterinsights_sitenote_category":0},"product_brand":[],"product_cat":[814],"product_tag":[],"class_list":{"0":"post-11356","1":"product","2":"type-product","3":"status-publish","4":"has-post-thumbnail","6":"product_cat-unkategorisiert","8":"first","9":"instock","10":"featured","11":"shipping-taxable","12":"product-type-simple"},"yoast_head":"<!-- This site is optimized with the Yoast SEO Premium plugin v24.5 (Yoast SEO v27.3) - https:\/\/yoast.com\/product\/yoast-seo-premium-wordpress\/ -->\n<title>Sundaville\u00ae Gold - Welten Nr.1 \u200b\u200bMandevilla (Dipladenia)<\/title>\n<meta name=\"description\" content=\"Sundaville\u00ae Lemon - Welten Nr.1 \u200b\u200bMandevilla (Dipladenia)\" \/>\n<meta name=\"robots\" content=\"index, follow, max-snippet:-1, max-image-preview:large, max-video-preview:-1\" \/>\n<link rel=\"canonical\" href=\"https:\/\/sundaville.com\/de\/produkt\/sundaville-gold\/\" \/>\n<meta property=\"og:locale\" content=\"de_DE\" \/>\n<meta property=\"og:type\" content=\"article\" \/>\n<meta property=\"og:title\" content=\"Sundaville\u00ae Gold\" \/>\n<meta property=\"og:description\" content=\"&quot;Sie ist golden!&quot; Wir k\u00f6nnen Ihnen versichern, dass Sie jemals so ein Gelb gesehen haben! Das neueste Classic Gold hat eine einzigartige Farbe im Mandevilla \/ Dipladenia-Segment. Hell und strahlend wie die Mittagssonne bringt sie selbst den dunkelsten Garten zum Leuchten. Sie w\u00e4chst kompakt mit vielen Bl\u00fcten und ihre Besonderheit, sowie ihre besondere Farbe, ist, dass ihr Herz verschiedene Farbschattierungen hat, von tiefem Orange bis hin zu leuchtendem Rot. Sie ist eine ganz besondere!  Klassiker\u2026 Ein Meisterwerk erkennt man, wenn man es sieht. Dies ist das einzige originale und klassische Sundaville\u00ae-Sortiment. Wenn Sie an \u00fcberlegene und innovative Verzweigung und kompakten Wuchs gew\u00f6hnt sind, m\u00fcssen Sie all die neuen Farbschattierungen sehen, die f\u00fcr die kommenden Jahre verf\u00fcgbar sind.\" \/>\n<meta property=\"og:url\" content=\"https:\/\/sundaville.com\/de\/produkt\/sundaville-gold\/\" \/>\n<meta property=\"og:site_name\" content=\"Sundaville.com\" \/>\n<meta property=\"article:publisher\" content=\"https:\/\/www.facebook.com\/SundavilleMandevilla\" \/>\n<meta property=\"article:modified_time\" content=\"2023-03-07T11:50:56+00:00\" \/>\n<meta property=\"og:image\" content=\"https:\/\/sundaville.com\/wp-content\/uploads\/2022\/02\/Tekengebied-1-1024x1024.png\" \/>\n\t<meta property=\"og:image:width\" content=\"1024\" \/>\n\t<meta property=\"og:image:height\" content=\"1024\" \/>\n\t<meta property=\"og:image:type\" content=\"image\/png\" \/>\n<meta name=\"twitter:card\" content=\"summary_large_image\" \/>\n<meta name=\"twitter:site\" content=\"@Sundaville_\" \/>\n<script type=\"application\/ld+json\" class=\"yoast-schema-graph\">{\"@context\":\"https:\\\/\\\/schema.org\",\"@graph\":[{\"@type\":\"WebPage\",\"@id\":\"https:\\\/\\\/sundaville.com\\\/de\\\/produkt\\\/sundaville-gold\\\/\",\"url\":\"https:\\\/\\\/sundaville.com\\\/de\\\/produkt\\\/sundaville-gold\\\/\",\"name\":\"Sundaville\u00ae Gold - Welten Nr.1 \u200b\u200bMandevilla (Dipladenia)\",\"isPartOf\":{\"@id\":\"https:\\\/\\\/sundaville.com\\\/de\\\/#website\"},\"primaryImageOfPage\":{\"@id\":\"https:\\\/\\\/sundaville.com\\\/de\\\/produkt\\\/sundaville-gold\\\/#primaryimage\"},\"image\":{\"@id\":\"https:\\\/\\\/sundaville.com\\\/de\\\/produkt\\\/sundaville-gold\\\/#primaryimage\"},\"thumbnailUrl\":\"https:\\\/\\\/sundaville.com\\\/wp-content\\\/uploads\\\/2022\\\/02\\\/Tekengebied-1.png\",\"datePublished\":\"2022-02-14T14:32:15+00:00\",\"dateModified\":\"2023-03-07T11:50:56+00:00\",\"description\":\"Sundaville\u00ae Lemon - Welten Nr.1 \u200b\u200bMandevilla (Dipladenia)\",\"breadcrumb\":{\"@id\":\"https:\\\/\\\/sundaville.com\\\/de\\\/produkt\\\/sundaville-gold\\\/#breadcrumb\"},\"inLanguage\":\"de\",\"potentialAction\":[{\"@type\":\"ReadAction\",\"target\":[\"https:\\\/\\\/sundaville.com\\\/de\\\/produkt\\\/sundaville-gold\\\/\"]}]},{\"@type\":\"ImageObject\",\"inLanguage\":\"de\",\"@id\":\"https:\\\/\\\/sundaville.com\\\/de\\\/produkt\\\/sundaville-gold\\\/#primaryimage\",\"url\":\"https:\\\/\\\/sundaville.com\\\/wp-content\\\/uploads\\\/2022\\\/02\\\/Tekengebied-1.png\",\"contentUrl\":\"https:\\\/\\\/sundaville.com\\\/wp-content\\\/uploads\\\/2022\\\/02\\\/Tekengebied-1.png\",\"width\":2500,\"height\":2500},{\"@type\":\"BreadcrumbList\",\"@id\":\"https:\\\/\\\/sundaville.com\\\/de\\\/produkt\\\/sundaville-gold\\\/#breadcrumb\",\"itemListElement\":[{\"@type\":\"ListItem\",\"position\":1,\"name\":\"Home\",\"item\":\"https:\\\/\\\/sundaville.com\\\/de\\\/\"},{\"@type\":\"ListItem\",\"position\":2,\"name\":\"Shop\",\"item\":\"https:\\\/\\\/sundaville.com\\\/de\\\/shop\\\/\"},{\"@type\":\"ListItem\",\"position\":3,\"name\":\"Sundaville\u00ae Gold\"}]},{\"@type\":\"WebSite\",\"@id\":\"https:\\\/\\\/sundaville.com\\\/de\\\/#website\",\"url\":\"https:\\\/\\\/sundaville.com\\\/de\\\/\",\"name\":\"Sundaville.com\",\"description\":\"Worlds no.1 Mandevilla \\\/ Dipladenia brand.\",\"publisher\":{\"@id\":\"https:\\\/\\\/sundaville.com\\\/de\\\/#organization\"},\"potentialAction\":[{\"@type\":\"SearchAction\",\"target\":{\"@type\":\"EntryPoint\",\"urlTemplate\":\"https:\\\/\\\/sundaville.com\\\/de\\\/?s={search_term_string}\"},\"query-input\":{\"@type\":\"PropertyValueSpecification\",\"valueRequired\":true,\"valueName\":\"search_term_string\"}}],\"inLanguage\":\"de\"},{\"@type\":\"Organization\",\"@id\":\"https:\\\/\\\/sundaville.com\\\/de\\\/#organization\",\"name\":\"SUNDAVILLE\u00ae\",\"alternateName\":\"Sundaville\",\"url\":\"https:\\\/\\\/sundaville.com\\\/de\\\/\",\"logo\":{\"@type\":\"ImageObject\",\"inLanguage\":\"de\",\"@id\":\"https:\\\/\\\/sundaville.com\\\/de\\\/#\\\/schema\\\/logo\\\/image\\\/\",\"url\":\"https:\\\/\\\/sundaville.com\\\/wp-content\\\/uploads\\\/2021\\\/04\\\/Tekengebied-1-kopie-30-300x300-1.png\",\"contentUrl\":\"https:\\\/\\\/sundaville.com\\\/wp-content\\\/uploads\\\/2021\\\/04\\\/Tekengebied-1-kopie-30-300x300-1.png\",\"width\":300,\"height\":300,\"caption\":\"SUNDAVILLE\u00ae\"},\"image\":{\"@id\":\"https:\\\/\\\/sundaville.com\\\/de\\\/#\\\/schema\\\/logo\\\/image\\\/\"},\"sameAs\":[\"https:\\\/\\\/www.facebook.com\\\/SundavilleMandevilla\",\"https:\\\/\\\/x.com\\\/Sundaville_\",\"https:\\\/\\\/www.instagram.com\\\/sundaville\",\"https:\\\/\\\/www.linkedin.com\\\/showcase\\\/sundaville\",\"https:\\\/\\\/www.youtube.com\\\/channel\\\/UCO_OrhM4LIYXrWft9p7s97w\",\"https:\\\/\\\/wikipedia.org\\\/wiki\\\/sundaville\"]}]}<\/script>\n<!-- \/ Yoast SEO Premium plugin. -->","yoast_head_json":{"title":"Sundaville\u00ae Gold - Welten Nr.1 \u200b\u200bMandevilla (Dipladenia)","description":"Sundaville\u00ae Lemon - Welten Nr.1 \u200b\u200bMandevilla (Dipladenia)","robots":{"index":"index","follow":"follow","max-snippet":"max-snippet:-1","max-image-preview":"max-image-preview:large","max-video-preview":"max-video-preview:-1"},"canonical":"https:\/\/sundaville.com\/de\/produkt\/sundaville-gold\/","og_locale":"de_DE","og_type":"article","og_title":"Sundaville\u00ae Gold","og_description":"\"Sie ist golden!\" Wir k\u00f6nnen Ihnen versichern, dass Sie jemals so ein Gelb gesehen haben! Das neueste Classic Gold hat eine einzigartige Farbe im Mandevilla \/ Dipladenia-Segment. Hell und strahlend wie die Mittagssonne bringt sie selbst den dunkelsten Garten zum Leuchten. Sie w\u00e4chst kompakt mit vielen Bl\u00fcten und ihre Besonderheit, sowie ihre besondere Farbe, ist, dass ihr Herz verschiedene Farbschattierungen hat, von tiefem Orange bis hin zu leuchtendem Rot. Sie ist eine ganz besondere!  Klassiker\u2026 Ein Meisterwerk erkennt man, wenn man es sieht. Dies ist das einzige originale und klassische Sundaville\u00ae-Sortiment. Wenn Sie an \u00fcberlegene und innovative Verzweigung und kompakten Wuchs gew\u00f6hnt sind, m\u00fcssen Sie all die neuen Farbschattierungen sehen, die f\u00fcr die kommenden Jahre verf\u00fcgbar sind.","og_url":"https:\/\/sundaville.com\/de\/produkt\/sundaville-gold\/","og_site_name":"Sundaville.com","article_publisher":"https:\/\/www.facebook.com\/SundavilleMandevilla","article_modified_time":"2023-03-07T11:50:56+00:00","og_image":[{"width":1024,"height":1024,"url":"https:\/\/sundaville.com\/wp-content\/uploads\/2022\/02\/Tekengebied-1-1024x1024.png","type":"image\/png"}],"twitter_card":"summary_large_image","twitter_site":"@Sundaville_","schema":{"@context":"https:\/\/schema.org","@graph":[{"@type":"WebPage","@id":"https:\/\/sundaville.com\/de\/produkt\/sundaville-gold\/","url":"https:\/\/sundaville.com\/de\/produkt\/sundaville-gold\/","name":"Sundaville\u00ae Gold - Welten Nr.1 \u200b\u200bMandevilla (Dipladenia)","isPartOf":{"@id":"https:\/\/sundaville.com\/de\/#website"},"primaryImageOfPage":{"@id":"https:\/\/sundaville.com\/de\/produkt\/sundaville-gold\/#primaryimage"},"image":{"@id":"https:\/\/sundaville.com\/de\/produkt\/sundaville-gold\/#primaryimage"},"thumbnailUrl":"https:\/\/sundaville.com\/wp-content\/uploads\/2022\/02\/Tekengebied-1.png","datePublished":"2022-02-14T14:32:15+00:00","dateModified":"2023-03-07T11:50:56+00:00","description":"Sundaville\u00ae Lemon - Welten Nr.1 \u200b\u200bMandevilla (Dipladenia)","breadcrumb":{"@id":"https:\/\/sundaville.com\/de\/produkt\/sundaville-gold\/#breadcrumb"},"inLanguage":"de","potentialAction":[{"@type":"ReadAction","target":["https:\/\/sundaville.com\/de\/produkt\/sundaville-gold\/"]}]},{"@type":"ImageObject","inLanguage":"de","@id":"https:\/\/sundaville.com\/de\/produkt\/sundaville-gold\/#primaryimage","url":"https:\/\/sundaville.com\/wp-content\/uploads\/2022\/02\/Tekengebied-1.png","contentUrl":"https:\/\/sundaville.com\/wp-content\/uploads\/2022\/02\/Tekengebied-1.png","width":2500,"height":2500},{"@type":"BreadcrumbList","@id":"https:\/\/sundaville.com\/de\/produkt\/sundaville-gold\/#breadcrumb","itemListElement":[{"@type":"ListItem","position":1,"name":"Home","item":"https:\/\/sundaville.com\/de\/"},{"@type":"ListItem","position":2,"name":"Shop","item":"https:\/\/sundaville.com\/de\/shop\/"},{"@type":"ListItem","position":3,"name":"Sundaville\u00ae Gold"}]},{"@type":"WebSite","@id":"https:\/\/sundaville.com\/de\/#website","url":"https:\/\/sundaville.com\/de\/","name":"Sundaville.com","description":"Worlds no.1 Mandevilla \/ Dipladenia brand.","publisher":{"@id":"https:\/\/sundaville.com\/de\/#organization"},"potentialAction":[{"@type":"SearchAction","target":{"@type":"EntryPoint","urlTemplate":"https:\/\/sundaville.com\/de\/?s={search_term_string}"},"query-input":{"@type":"PropertyValueSpecification","valueRequired":true,"valueName":"search_term_string"}}],"inLanguage":"de"},{"@type":"Organization","@id":"https:\/\/sundaville.com\/de\/#organization","name":"SUNDAVILLE\u00ae","alternateName":"Sundaville","url":"https:\/\/sundaville.com\/de\/","logo":{"@type":"ImageObject","inLanguage":"de","@id":"https:\/\/sundaville.com\/de\/#\/schema\/logo\/image\/","url":"https:\/\/sundaville.com\/wp-content\/uploads\/2021\/04\/Tekengebied-1-kopie-30-300x300-1.png","contentUrl":"https:\/\/sundaville.com\/wp-content\/uploads\/2021\/04\/Tekengebied-1-kopie-30-300x300-1.png","width":300,"height":300,"caption":"SUNDAVILLE\u00ae"},"image":{"@id":"https:\/\/sundaville.com\/de\/#\/schema\/logo\/image\/"},"sameAs":["https:\/\/www.facebook.com\/SundavilleMandevilla","https:\/\/x.com\/Sundaville_","https:\/\/www.instagram.com\/sundaville","https:\/\/www.linkedin.com\/showcase\/sundaville","https:\/\/www.youtube.com\/channel\/UCO_OrhM4LIYXrWft9p7s97w","https:\/\/wikipedia.org\/wiki\/sundaville"]}]}},"_links":{"self":[{"href":"https:\/\/sundaville.com\/de\/wp-json\/wp\/v2\/product\/11356","targetHints":{"allow":["GET"]}}],"collection":[{"href":"https:\/\/sundaville.com\/de\/wp-json\/wp\/v2\/product"}],"about":[{"href":"https:\/\/sundaville.com\/de\/wp-json\/wp\/v2\/types\/product"}],"replies":[{"embeddable":true,"href":"https:\/\/sundaville.com\/de\/wp-json\/wp\/v2\/comments?post=11356"}],"wp:featuredmedia":[{"embeddable":true,"href":"https:\/\/sundaville.com\/de\/wp-json\/wp\/v2\/media\/11337"}],"wp:attachment":[{"href":"https:\/\/sundaville.com\/de\/wp-json\/wp\/v2\/media?parent=11356"}],"wp:term":[{"taxonomy":"product_brand","embeddable":true,"href":"https:\/\/sundaville.com\/de\/wp-json\/wp\/v2\/product_brand?post=11356"},{"taxonomy":"product_cat","embeddable":true,"href":"https:\/\/sundaville.com\/de\/wp-json\/wp\/v2\/product_cat?post=11356"},{"taxonomy":"product_tag","embeddable":true,"href":"https:\/\/sundaville.com\/de\/wp-json\/wp\/v2\/product_tag?post=11356"}],"curies":[{"name":"wp","href":"https:\/\/api.w.org\/{rel}","templated":true}]}}