{"id":12327,"date":"2022-05-31T10:36:43","date_gmt":"2022-05-31T10:36:43","guid":{"rendered":"https:\/\/sundaville.com\/?post_type=product&#038;p=12327"},"modified":"2024-06-25T08:20:50","modified_gmt":"2024-06-25T08:20:50","slug":"sundaville-flamingo-pink-26cm-pyramide-xl","status":"publish","type":"product","link":"https:\/\/sundaville.com\/de\/produkt\/sundaville-flamingo-pink-26cm-pyramide-xl\/","title":{"rendered":"Sundaville\u00ae Flamingo Pink 26cm (Pyramide XL)"},"content":{"rendered":"<div class=\"wpb-content-wrapper\"><p>[vc_row][vc_column width=&#8220;1\/3&#8243;][vc_column_text text_larger=&#8220;no&#8220;]<strong>&gt; Das Original<\/strong><br \/>\nDas originelle und klassische Sundaville\u00ae-Sortiment besteht aus Mandevilla (Dipladenia) mit \u00fcberlegener und innovativer Verzweigung und auff\u00e4lligen Farben. Diese kr\u00e4ftigen und gesunden Pflanzen sind f\u00fcr fast jedes Klima geeignet und k\u00f6nnen als Terrassenpflanze, in Balkonk\u00e4sten, Blumenampeln und als Beetpflanze verwendet werden.[\/vc_column_text][\/vc_column][vc_column width=&#8220;1\/3&#8243;][vc_column_text text_larger=&#8220;no&#8220;]<strong>&gt; Benutzerfreundlich<\/strong><br \/>\nAufgrund der Art und Weise, wie diese Sundaville\u00ae-Sorte gepflegt wird, ben\u00f6tigt die Pflanze nicht viel Pflege. Beispielsweise wird die Blumenerde mit langwirksamem Pflanzenn\u00e4hrstoff vermischt und auf Mandevilla abgestimmt. Auf diese Weise ben\u00f6tigt die Pflanze f\u00fcr den Rest der Saison keine weiteren N\u00e4hrstoffe.[\/vc_column_text][\/vc_column][vc_column width=&#8220;1\/3&#8243;][vc_column_text text_larger=&#8220;no&#8220;]<strong>&gt; Bienenfreundlich angebaut<br \/>\nDiese Sundaville\u00ae-Sorte wird von mandevillashop.com bienenfreundlich angebaut, was bedeutet, dass auf den Pflanzen keine R\u00fcckst\u00e4nde vorhanden sind, die f\u00fcr Bienen und andere Insekten sch\u00e4dlich sein k\u00f6nnen.[\/vc_column_text][\/vc_column][\/vc_row]<\/p>\n<\/div>","protected":false},"excerpt":{"rendered":"<p>\u201eMachen Sie den Flamingo diesen Sommer\u201c Der Sundaville\u00ae Flamingo Pink ist seit 2021 neu auf dem Markt. Die Pflanze hat spezielle rosafarbene Bl\u00fcten und bl\u00fcht optimal bis zum ersten Frost. Sundaville\u00ae ist eine sehr dankbare Pflanze und ben\u00f6tigt fast keine Pflege.<\/p>\n<p>Diese Sorte gibt es (fast) nirgendwo anders. Der Flamingo Pink ist aufgrund der sch\u00f6nen Zeichnung auf der Bl\u00fcte einzigartig. Die Bl\u00fctenr\u00e4nder sind hellrosa geflammt. Es \u00e4hnelt den Federn eines Flamingos, weshalb diese Art auch ihren Namen hat. Dar\u00fcber hinaus weist die Bl\u00fcte dunkelrosa Sprenkel auf.<\/p>\n<p>Mit Sundaville versch\u00f6nern Sie Ihren Balkon oder Ihre Terrasse. Diese Pflanze \u00fcberrascht weiterhin mit ununterbrochener Bl\u00fcte und Wachstum, ein halbes Jahr lang, bis der erste Frost kommt. Der Sundaville ist sehr dankbar und pflegeleicht.<\/p>\n","protected":false},"featured_media":12285,"comment_status":"open","ping_status":"closed","template":"","meta":{"_monsterinsights_skip_tracking":false,"_monsterinsights_sitenote_active":false,"_monsterinsights_sitenote_note":"","_monsterinsights_sitenote_category":0},"product_brand":[],"product_cat":[790,526,796,802,556],"product_tag":[984],"class_list":{"0":"post-12327","1":"product","2":"type-product","3":"status-publish","4":"has-post-thumbnail","6":"product_cat-26cm-pyramide","7":"product_cat-75-mm-de","8":"product_cat-mittel","9":"product_cat-rosa","10":"product_cat-sundaville-flamingo-pink-de","11":"product_tag-24cm-pyramid-de","13":"first","14":"instock","15":"featured","16":"shipping-taxable","17":"product-type-external"},"yoast_head":"<!-- This site is optimized with the Yoast SEO Premium plugin v24.5 (Yoast SEO v27.5) - https:\/\/yoast.com\/product\/yoast-seo-premium-wordpress\/ -->\n<title>Sundaville\u00ae Flamingo Pink 26cm (Pyramide XL) - Welten Nr.1 \u200b\u200bMandevilla (Dipladenia)<\/title>\n<meta name=\"description\" content=\"Sundaville | Die weltweit Nr.1 \u200b\u200bMandevilla (Dipladenia) mit \u00fcberlegener und innovativer Verzweigung sind stark und f\u00fcr fast jedes Klima geeignet.\" \/>\n<meta name=\"robots\" content=\"index, follow, max-snippet:-1, max-image-preview:large, max-video-preview:-1\" \/>\n<link rel=\"canonical\" href=\"https:\/\/sundaville.com\/de\/produkt\/sundaville-flamingo-pink-26cm-pyramide-xl\/\" \/>\n<meta property=\"og:locale\" content=\"de_DE\" \/>\n<meta property=\"og:type\" content=\"article\" \/>\n<meta property=\"og:title\" content=\"Sundaville Pink - Welten Nr.1 \u200b\u200bMandevilla (Dipladenia)\" \/>\n<meta property=\"og:description\" content=\"\u201eMachen Sie den Flamingo diesen Sommer\u201c Der Sundaville\u00ae Flamingo Pink ist seit 2021 neu auf dem Markt. Die Pflanze hat spezielle rosafarbene Bl\u00fcten und bl\u00fcht optimal bis zum ersten Frost. Sundaville\u00ae ist eine sehr dankbare Pflanze und ben\u00f6tigt fast keine Pflege.  Diese Sorte gibt es (fast) nirgendwo anders. Der Flamingo Pink ist aufgrund der sch\u00f6nen Zeichnung auf der Bl\u00fcte einzigartig. Die Bl\u00fctenr\u00e4nder sind hellrosa geflammt. Es \u00e4hnelt den Federn eines Flamingos, weshalb diese Art auch ihren Namen hat. Dar\u00fcber hinaus weist die Bl\u00fcte dunkelrosa Sprenkel auf.  Mit Sundaville versch\u00f6nern Sie Ihren Balkon oder Ihre Terrasse. Diese Pflanze \u00fcberrascht weiterhin mit ununterbrochener Bl\u00fcte und Wachstum, ein halbes Jahr lang, bis der erste Frost kommt. Der Sundaville ist sehr dankbar und pflegeleicht.\" \/>\n<meta property=\"og:url\" content=\"https:\/\/sundaville.com\/de\/produkt\/sundaville-flamingo-pink-26cm-pyramide-xl\/\" \/>\n<meta property=\"og:site_name\" content=\"Sundaville.com\" \/>\n<meta property=\"article:publisher\" content=\"https:\/\/www.facebook.com\/SundavilleMandevilla\" \/>\n<meta property=\"article:modified_time\" content=\"2024-06-25T08:20:50+00:00\" \/>\n<meta property=\"og:image\" content=\"https:\/\/sundaville.com\/wp-content\/uploads\/2022\/05\/Sundaville-Flamingo-Pink-24cm.png\" \/>\n\t<meta property=\"og:image:width\" content=\"2320\" \/>\n\t<meta property=\"og:image:height\" content=\"2320\" \/>\n\t<meta property=\"og:image:type\" content=\"image\/png\" \/>\n<meta name=\"twitter:card\" content=\"summary_large_image\" \/>\n<meta name=\"twitter:title\" content=\"Sundaville Pink - Welten Nr.1 \u200b\u200bMandevilla (Dipladenia)\" \/>\n<meta name=\"twitter:site\" content=\"@Sundaville_\" \/>\n<meta name=\"twitter:label1\" content=\"Gesch\u00e4tzte Lesezeit\" \/>\n\t<meta name=\"twitter:data1\" content=\"1\u00a0Minute\" \/>\n<script type=\"application\/ld+json\" class=\"yoast-schema-graph\">{\"@context\":\"https:\\\/\\\/schema.org\",\"@graph\":[{\"@type\":\"WebPage\",\"@id\":\"https:\\\/\\\/sundaville.com\\\/de\\\/produkt\\\/sundaville-flamingo-pink-26cm-pyramide-xl\\\/\",\"url\":\"https:\\\/\\\/sundaville.com\\\/de\\\/produkt\\\/sundaville-flamingo-pink-26cm-pyramide-xl\\\/\",\"name\":\"Sundaville\u00ae Flamingo Pink 26cm (Pyramide XL) - Welten Nr.1 \u200b\u200bMandevilla (Dipladenia)\",\"isPartOf\":{\"@id\":\"https:\\\/\\\/sundaville.com\\\/de\\\/#website\"},\"primaryImageOfPage\":{\"@id\":\"https:\\\/\\\/sundaville.com\\\/de\\\/produkt\\\/sundaville-flamingo-pink-26cm-pyramide-xl\\\/#primaryimage\"},\"image\":{\"@id\":\"https:\\\/\\\/sundaville.com\\\/de\\\/produkt\\\/sundaville-flamingo-pink-26cm-pyramide-xl\\\/#primaryimage\"},\"thumbnailUrl\":\"https:\\\/\\\/sundaville.com\\\/wp-content\\\/uploads\\\/2022\\\/05\\\/Sundaville-Flamingo-Pink-24cm.png\",\"datePublished\":\"2022-05-31T10:36:43+00:00\",\"dateModified\":\"2024-06-25T08:20:50+00:00\",\"description\":\"Sundaville | Die weltweit Nr.1 \u200b\u200bMandevilla (Dipladenia) mit \u00fcberlegener und innovativer Verzweigung sind stark und f\u00fcr fast jedes Klima geeignet.\",\"breadcrumb\":{\"@id\":\"https:\\\/\\\/sundaville.com\\\/de\\\/produkt\\\/sundaville-flamingo-pink-26cm-pyramide-xl\\\/#breadcrumb\"},\"inLanguage\":\"de\",\"potentialAction\":[{\"@type\":\"ReadAction\",\"target\":[\"https:\\\/\\\/sundaville.com\\\/de\\\/produkt\\\/sundaville-flamingo-pink-26cm-pyramide-xl\\\/\"]}]},{\"@type\":\"ImageObject\",\"inLanguage\":\"de\",\"@id\":\"https:\\\/\\\/sundaville.com\\\/de\\\/produkt\\\/sundaville-flamingo-pink-26cm-pyramide-xl\\\/#primaryimage\",\"url\":\"https:\\\/\\\/sundaville.com\\\/wp-content\\\/uploads\\\/2022\\\/05\\\/Sundaville-Flamingo-Pink-24cm.png\",\"contentUrl\":\"https:\\\/\\\/sundaville.com\\\/wp-content\\\/uploads\\\/2022\\\/05\\\/Sundaville-Flamingo-Pink-24cm.png\",\"width\":2320,\"height\":2320,\"caption\":\"Sundaville\u00ae Flamingo Pink 24cm\"},{\"@type\":\"BreadcrumbList\",\"@id\":\"https:\\\/\\\/sundaville.com\\\/de\\\/produkt\\\/sundaville-flamingo-pink-26cm-pyramide-xl\\\/#breadcrumb\",\"itemListElement\":[{\"@type\":\"ListItem\",\"position\":1,\"name\":\"Home\",\"item\":\"https:\\\/\\\/sundaville.com\\\/de\\\/\"},{\"@type\":\"ListItem\",\"position\":2,\"name\":\"Shop\",\"item\":\"https:\\\/\\\/sundaville.com\\\/de\\\/shop\\\/\"},{\"@type\":\"ListItem\",\"position\":3,\"name\":\"Sundaville\u00ae Flamingo Pink 26cm (Pyramide XL)\"}]},{\"@type\":\"WebSite\",\"@id\":\"https:\\\/\\\/sundaville.com\\\/de\\\/#website\",\"url\":\"https:\\\/\\\/sundaville.com\\\/de\\\/\",\"name\":\"Sundaville.com\",\"description\":\"Worlds no.1 Mandevilla \\\/ Dipladenia brand.\",\"publisher\":{\"@id\":\"https:\\\/\\\/sundaville.com\\\/de\\\/#organization\"},\"potentialAction\":[{\"@type\":\"SearchAction\",\"target\":{\"@type\":\"EntryPoint\",\"urlTemplate\":\"https:\\\/\\\/sundaville.com\\\/de\\\/?s={search_term_string}\"},\"query-input\":{\"@type\":\"PropertyValueSpecification\",\"valueRequired\":true,\"valueName\":\"search_term_string\"}}],\"inLanguage\":\"de\"},{\"@type\":\"Organization\",\"@id\":\"https:\\\/\\\/sundaville.com\\\/de\\\/#organization\",\"name\":\"SUNDAVILLE\u00ae\",\"alternateName\":\"Sundaville\",\"url\":\"https:\\\/\\\/sundaville.com\\\/de\\\/\",\"logo\":{\"@type\":\"ImageObject\",\"inLanguage\":\"de\",\"@id\":\"https:\\\/\\\/sundaville.com\\\/de\\\/#\\\/schema\\\/logo\\\/image\\\/\",\"url\":\"https:\\\/\\\/sundaville.com\\\/wp-content\\\/uploads\\\/2021\\\/04\\\/Tekengebied-1-kopie-30-300x300-1.png\",\"contentUrl\":\"https:\\\/\\\/sundaville.com\\\/wp-content\\\/uploads\\\/2021\\\/04\\\/Tekengebied-1-kopie-30-300x300-1.png\",\"width\":300,\"height\":300,\"caption\":\"SUNDAVILLE\u00ae\"},\"image\":{\"@id\":\"https:\\\/\\\/sundaville.com\\\/de\\\/#\\\/schema\\\/logo\\\/image\\\/\"},\"sameAs\":[\"https:\\\/\\\/www.facebook.com\\\/SundavilleMandevilla\",\"https:\\\/\\\/x.com\\\/Sundaville_\",\"https:\\\/\\\/www.instagram.com\\\/sundaville\",\"https:\\\/\\\/www.linkedin.com\\\/showcase\\\/sundaville\",\"https:\\\/\\\/www.youtube.com\\\/channel\\\/UCO_OrhM4LIYXrWft9p7s97w\",\"https:\\\/\\\/wikipedia.org\\\/wiki\\\/sundaville\"]}]}<\/script>\n<!-- \/ Yoast SEO Premium plugin. -->","yoast_head_json":{"title":"Sundaville\u00ae Flamingo Pink 26cm (Pyramide XL) - Welten Nr.1 \u200b\u200bMandevilla (Dipladenia)","description":"Sundaville | Die weltweit Nr.1 \u200b\u200bMandevilla (Dipladenia) mit \u00fcberlegener und innovativer Verzweigung sind stark und f\u00fcr fast jedes Klima geeignet.","robots":{"index":"index","follow":"follow","max-snippet":"max-snippet:-1","max-image-preview":"max-image-preview:large","max-video-preview":"max-video-preview:-1"},"canonical":"https:\/\/sundaville.com\/de\/produkt\/sundaville-flamingo-pink-26cm-pyramide-xl\/","og_locale":"de_DE","og_type":"article","og_title":"Sundaville Pink - Welten Nr.1 \u200b\u200bMandevilla (Dipladenia)","og_description":"\u201eMachen Sie den Flamingo diesen Sommer\u201c Der Sundaville\u00ae Flamingo Pink ist seit 2021 neu auf dem Markt. Die Pflanze hat spezielle rosafarbene Bl\u00fcten und bl\u00fcht optimal bis zum ersten Frost. Sundaville\u00ae ist eine sehr dankbare Pflanze und ben\u00f6tigt fast keine Pflege.  Diese Sorte gibt es (fast) nirgendwo anders. Der Flamingo Pink ist aufgrund der sch\u00f6nen Zeichnung auf der Bl\u00fcte einzigartig. Die Bl\u00fctenr\u00e4nder sind hellrosa geflammt. Es \u00e4hnelt den Federn eines Flamingos, weshalb diese Art auch ihren Namen hat. Dar\u00fcber hinaus weist die Bl\u00fcte dunkelrosa Sprenkel auf.  Mit Sundaville versch\u00f6nern Sie Ihren Balkon oder Ihre Terrasse. Diese Pflanze \u00fcberrascht weiterhin mit ununterbrochener Bl\u00fcte und Wachstum, ein halbes Jahr lang, bis der erste Frost kommt. Der Sundaville ist sehr dankbar und pflegeleicht.","og_url":"https:\/\/sundaville.com\/de\/produkt\/sundaville-flamingo-pink-26cm-pyramide-xl\/","og_site_name":"Sundaville.com","article_publisher":"https:\/\/www.facebook.com\/SundavilleMandevilla","article_modified_time":"2024-06-25T08:20:50+00:00","og_image":[{"width":2320,"height":2320,"url":"https:\/\/sundaville.com\/wp-content\/uploads\/2022\/05\/Sundaville-Flamingo-Pink-24cm.png","type":"image\/png"}],"twitter_card":"summary_large_image","twitter_title":"Sundaville Pink - Welten Nr.1 \u200b\u200bMandevilla (Dipladenia)","twitter_site":"@Sundaville_","twitter_misc":{"Gesch\u00e4tzte Lesezeit":"1\u00a0Minute"},"schema":{"@context":"https:\/\/schema.org","@graph":[{"@type":"WebPage","@id":"https:\/\/sundaville.com\/de\/produkt\/sundaville-flamingo-pink-26cm-pyramide-xl\/","url":"https:\/\/sundaville.com\/de\/produkt\/sundaville-flamingo-pink-26cm-pyramide-xl\/","name":"Sundaville\u00ae Flamingo Pink 26cm (Pyramide XL) - Welten Nr.1 \u200b\u200bMandevilla (Dipladenia)","isPartOf":{"@id":"https:\/\/sundaville.com\/de\/#website"},"primaryImageOfPage":{"@id":"https:\/\/sundaville.com\/de\/produkt\/sundaville-flamingo-pink-26cm-pyramide-xl\/#primaryimage"},"image":{"@id":"https:\/\/sundaville.com\/de\/produkt\/sundaville-flamingo-pink-26cm-pyramide-xl\/#primaryimage"},"thumbnailUrl":"https:\/\/sundaville.com\/wp-content\/uploads\/2022\/05\/Sundaville-Flamingo-Pink-24cm.png","datePublished":"2022-05-31T10:36:43+00:00","dateModified":"2024-06-25T08:20:50+00:00","description":"Sundaville | Die weltweit Nr.1 \u200b\u200bMandevilla (Dipladenia) mit \u00fcberlegener und innovativer Verzweigung sind stark und f\u00fcr fast jedes Klima geeignet.","breadcrumb":{"@id":"https:\/\/sundaville.com\/de\/produkt\/sundaville-flamingo-pink-26cm-pyramide-xl\/#breadcrumb"},"inLanguage":"de","potentialAction":[{"@type":"ReadAction","target":["https:\/\/sundaville.com\/de\/produkt\/sundaville-flamingo-pink-26cm-pyramide-xl\/"]}]},{"@type":"ImageObject","inLanguage":"de","@id":"https:\/\/sundaville.com\/de\/produkt\/sundaville-flamingo-pink-26cm-pyramide-xl\/#primaryimage","url":"https:\/\/sundaville.com\/wp-content\/uploads\/2022\/05\/Sundaville-Flamingo-Pink-24cm.png","contentUrl":"https:\/\/sundaville.com\/wp-content\/uploads\/2022\/05\/Sundaville-Flamingo-Pink-24cm.png","width":2320,"height":2320,"caption":"Sundaville\u00ae Flamingo Pink 24cm"},{"@type":"BreadcrumbList","@id":"https:\/\/sundaville.com\/de\/produkt\/sundaville-flamingo-pink-26cm-pyramide-xl\/#breadcrumb","itemListElement":[{"@type":"ListItem","position":1,"name":"Home","item":"https:\/\/sundaville.com\/de\/"},{"@type":"ListItem","position":2,"name":"Shop","item":"https:\/\/sundaville.com\/de\/shop\/"},{"@type":"ListItem","position":3,"name":"Sundaville\u00ae Flamingo Pink 26cm (Pyramide XL)"}]},{"@type":"WebSite","@id":"https:\/\/sundaville.com\/de\/#website","url":"https:\/\/sundaville.com\/de\/","name":"Sundaville.com","description":"Worlds no.1 Mandevilla \/ Dipladenia brand.","publisher":{"@id":"https:\/\/sundaville.com\/de\/#organization"},"potentialAction":[{"@type":"SearchAction","target":{"@type":"EntryPoint","urlTemplate":"https:\/\/sundaville.com\/de\/?s={search_term_string}"},"query-input":{"@type":"PropertyValueSpecification","valueRequired":true,"valueName":"search_term_string"}}],"inLanguage":"de"},{"@type":"Organization","@id":"https:\/\/sundaville.com\/de\/#organization","name":"SUNDAVILLE\u00ae","alternateName":"Sundaville","url":"https:\/\/sundaville.com\/de\/","logo":{"@type":"ImageObject","inLanguage":"de","@id":"https:\/\/sundaville.com\/de\/#\/schema\/logo\/image\/","url":"https:\/\/sundaville.com\/wp-content\/uploads\/2021\/04\/Tekengebied-1-kopie-30-300x300-1.png","contentUrl":"https:\/\/sundaville.com\/wp-content\/uploads\/2021\/04\/Tekengebied-1-kopie-30-300x300-1.png","width":300,"height":300,"caption":"SUNDAVILLE\u00ae"},"image":{"@id":"https:\/\/sundaville.com\/de\/#\/schema\/logo\/image\/"},"sameAs":["https:\/\/www.facebook.com\/SundavilleMandevilla","https:\/\/x.com\/Sundaville_","https:\/\/www.instagram.com\/sundaville","https:\/\/www.linkedin.com\/showcase\/sundaville","https:\/\/www.youtube.com\/channel\/UCO_OrhM4LIYXrWft9p7s97w","https:\/\/wikipedia.org\/wiki\/sundaville"]}]}},"_links":{"self":[{"href":"https:\/\/sundaville.com\/de\/wp-json\/wp\/v2\/product\/12327","targetHints":{"allow":["GET"]}}],"collection":[{"href":"https:\/\/sundaville.com\/de\/wp-json\/wp\/v2\/product"}],"about":[{"href":"https:\/\/sundaville.com\/de\/wp-json\/wp\/v2\/types\/product"}],"replies":[{"embeddable":true,"href":"https:\/\/sundaville.com\/de\/wp-json\/wp\/v2\/comments?post=12327"}],"wp:featuredmedia":[{"embeddable":true,"href":"https:\/\/sundaville.com\/de\/wp-json\/wp\/v2\/media\/12285"}],"wp:attachment":[{"href":"https:\/\/sundaville.com\/de\/wp-json\/wp\/v2\/media?parent=12327"}],"wp:term":[{"taxonomy":"product_brand","embeddable":true,"href":"https:\/\/sundaville.com\/de\/wp-json\/wp\/v2\/product_brand?post=12327"},{"taxonomy":"product_cat","embeddable":true,"href":"https:\/\/sundaville.com\/de\/wp-json\/wp\/v2\/product_cat?post=12327"},{"taxonomy":"product_tag","embeddable":true,"href":"https:\/\/sundaville.com\/de\/wp-json\/wp\/v2\/product_tag?post=12327"}],"curies":[{"name":"wp","href":"https:\/\/api.w.org\/{rel}","templated":true}]}}