{"id":14161,"date":"2023-03-07T08:19:52","date_gmt":"2023-03-07T08:19:52","guid":{"rendered":"https:\/\/sundaville.com\/?post_type=product&#038;p=14161"},"modified":"2023-03-07T11:09:12","modified_gmt":"2023-03-07T11:09:12","slug":"sundaville-double-blush-pink-24cm-pyramid-xl","status":"publish","type":"product","link":"https:\/\/sundaville.com\/de\/produkt\/sundaville-double-blush-pink-24cm-pyramid-xl\/","title":{"rendered":"Sundaville\u00ae Double Blush Pink 24cm (pyramid XL)"},"content":{"rendered":"<div class=\"wpb-content-wrapper\"><p>[vc_row][vc_column width=&#8220;1\/3&#8243;][vc_column_text text_larger=&#8220;no&#8220; woodmart_inline=&#8220;no&#8220;]<strong>&gt; Doppelt ist immer besser<\/strong><br \/>\nSiehe Gartenfanatiker und Liebhaber der Blumenzucht! Hier ist es! Wie die alten holl\u00e4ndischen Meister ist es ein wahres Kunstwerk. Die weltweit erste wirklich gef\u00fcllt bl\u00fchende Mandevilla. Was hast du gesagt?! Ja, Sie haben richtig geh\u00f6rt! Es ist die weltweit erste wirklich gef\u00fcllt bl\u00fchende Mandevilla. Das Sundaville\u00ae Double Blush Pink. Merken Sie sich seinen Namen, denn er wird Ihnen in naher Zukunft doppeltes Gl\u00fcck bringen! Sundaville Double Blush Pink&#8230;&#8230;..[\/vc_column_text][\/vc_column][vc_column width=&#8220;1\/3&#8243;][vc_column_text text_larger=&#8220;no&#8220;]<strong>&gt; Benutzerfreundlich<\/strong><br \/>\nAufgrund der Art und Weise, wie diese Sundaville\u00ae-Sorte gepflegt wird, ben\u00f6tigt die Pflanze nicht viel Pflege. Beispielsweise wird die Blumenerde mit lang wirkender Pflanzennahrung versetzt und auf Mandevilla abgestimmt. Auf diese Weise ben\u00f6tigt die Pflanze f\u00fcr den Rest der Saison keine weitere Nahrung.[\/vc_column_text][\/vc_column][vc_column width=&#8220;1\/3&#8243;][vc_column_text text_larger=&#8220;no&#8220;]<strong>&gt; Bienenfreundlich gewachsen<\/strong><br \/>\nDiese Sundaville\u00ae-Sorte wird von mandevillashop.com bienenfreundlich angebaut, was bedeutet, dass auf den Pflanzen keine R\u00fcckst\u00e4nde vorhanden sind, die f\u00fcr Bienen und andere Insekten sch\u00e4dlich sein k\u00f6nnen.[\/vc_column_text][\/vc_column][\/vc_row]<\/p>\n<\/div>","protected":false},"excerpt":{"rendered":"<p><strong>&#8222;Weltweit erste gef\u00fcllt bl\u00fchende Mandevilla&#8220;<\/strong> Die Sundaville\u00ae Double Blush Pink 26cm (Pyramide XL) ist eine exotische Gartenpflanze mit farbenfrohen, trompetenf\u00f6rmigen Bl\u00fcten. Mit einer H\u00f6he von ca. 1 Meter ist der XL-Turm ein echter Hingucker in einem Garten, auf einem Balkon oder einer Terrasse. Die rosa Farbe der Blumen verleiht einen fr\u00f6hlichen und sommerlichen Look. Die Pflanze gl\u00e4nzt mit ununterbrochener Bl\u00fcte und Wachstum vom fr\u00fchen Fr\u00fchling bis zum sp\u00e4ten Herbst. Mit Hilfe des Bambusturms w\u00e4chst die Kletterpflanze sch\u00f6n in die H\u00f6he.<\/p>\n","protected":false},"featured_media":14165,"comment_status":"open","ping_status":"closed","template":"","meta":{"_monsterinsights_skip_tracking":false,"_monsterinsights_sitenote_active":false,"_monsterinsights_sitenote_note":"","_monsterinsights_sitenote_category":0},"product_brand":[],"product_cat":[790,526,1000,796,802,1014],"product_tag":[984],"class_list":{"0":"post-14161","1":"product","2":"type-product","3":"status-publish","4":"has-post-thumbnail","6":"product_cat-26cm-pyramide","7":"product_cat-75-mm-de","8":"product_cat-doppelt","9":"product_cat-mittel","10":"product_cat-rosa","11":"product_cat-sundaville-double-blush-pink-de","12":"product_tag-24cm-pyramid-de","14":"first","15":"instock","16":"featured","17":"shipping-taxable","18":"product-type-external"},"yoast_head":"<!-- This site is optimized with the Yoast SEO Premium plugin v24.5 (Yoast SEO v27.4) - https:\/\/yoast.com\/product\/yoast-seo-premium-wordpress\/ -->\n<title>Sundaville\u00ae Double Blush Pink 24cm (pyramid XL) - Welten Nr.1 \u200b\u200bMandevilla (Dipladenia)<\/title>\n<meta name=\"description\" content=\"Sundaville | Die weltweit Nr.1 \u200b\u200bMandevilla (Dipladenia) mit \u00fcberlegener und innovativer Verzweigung sind stark und f\u00fcr fast jedes Klima geeignet.\" \/>\n<meta name=\"robots\" content=\"index, follow, max-snippet:-1, max-image-preview:large, max-video-preview:-1\" \/>\n<link rel=\"canonical\" href=\"https:\/\/sundaville.com\/de\/produkt\/sundaville-double-blush-pink-24cm-pyramid-xl\/\" \/>\n<meta property=\"og:locale\" content=\"de_DE\" \/>\n<meta property=\"og:type\" content=\"article\" \/>\n<meta property=\"og:title\" content=\"Sundaville Pink - Welten Nr.1 \u200b\u200bMandevilla (Dipladenia)\" \/>\n<meta property=\"og:description\" content=\"&quot;Weltweit erste gef\u00fcllt bl\u00fchende Mandevilla&quot; Die Sundaville\u00ae Double Blush Pink 26cm (Pyramide XL) ist eine exotische Gartenpflanze mit farbenfrohen, trompetenf\u00f6rmigen Bl\u00fcten. Mit einer H\u00f6he von ca. 1 Meter ist der XL-Turm ein echter Hingucker in einem Garten, auf einem Balkon oder einer Terrasse. Die rosa Farbe der Blumen verleiht einen fr\u00f6hlichen und sommerlichen Look. Die Pflanze gl\u00e4nzt mit ununterbrochener Bl\u00fcte und Wachstum vom fr\u00fchen Fr\u00fchling bis zum sp\u00e4ten Herbst. Mit Hilfe des Bambusturms w\u00e4chst die Kletterpflanze sch\u00f6n in die H\u00f6he.\" \/>\n<meta property=\"og:url\" content=\"https:\/\/sundaville.com\/de\/produkt\/sundaville-double-blush-pink-24cm-pyramid-xl\/\" \/>\n<meta property=\"og:site_name\" content=\"Sundaville.com\" \/>\n<meta property=\"article:publisher\" content=\"https:\/\/www.facebook.com\/SundavilleMandevilla\" \/>\n<meta property=\"article:modified_time\" content=\"2023-03-07T11:09:12+00:00\" \/>\n<meta property=\"og:image\" content=\"https:\/\/sundaville.com\/wp-content\/uploads\/2023\/03\/SV-DCP-24-1024x1024-1.webp\" \/>\n\t<meta property=\"og:image:width\" content=\"1024\" \/>\n\t<meta property=\"og:image:height\" content=\"1024\" \/>\n\t<meta property=\"og:image:type\" content=\"image\/webp\" \/>\n<meta name=\"twitter:card\" content=\"summary_large_image\" \/>\n<meta name=\"twitter:title\" content=\"Sundaville Pink - Welten Nr.1 \u200b\u200bMandevilla (Dipladenia)\" \/>\n<meta name=\"twitter:site\" content=\"@Sundaville_\" \/>\n<meta name=\"twitter:label1\" content=\"Gesch\u00e4tzte Lesezeit\" \/>\n\t<meta name=\"twitter:data1\" content=\"1\u00a0Minute\" \/>\n<script type=\"application\/ld+json\" class=\"yoast-schema-graph\">{\"@context\":\"https:\\\/\\\/schema.org\",\"@graph\":[{\"@type\":\"WebPage\",\"@id\":\"https:\\\/\\\/sundaville.com\\\/de\\\/produkt\\\/sundaville-double-blush-pink-24cm-pyramid-xl\\\/\",\"url\":\"https:\\\/\\\/sundaville.com\\\/de\\\/produkt\\\/sundaville-double-blush-pink-24cm-pyramid-xl\\\/\",\"name\":\"Sundaville\u00ae Double Blush Pink 24cm (pyramid XL) - Welten Nr.1 \u200b\u200bMandevilla (Dipladenia)\",\"isPartOf\":{\"@id\":\"https:\\\/\\\/sundaville.com\\\/de\\\/#website\"},\"primaryImageOfPage\":{\"@id\":\"https:\\\/\\\/sundaville.com\\\/de\\\/produkt\\\/sundaville-double-blush-pink-24cm-pyramid-xl\\\/#primaryimage\"},\"image\":{\"@id\":\"https:\\\/\\\/sundaville.com\\\/de\\\/produkt\\\/sundaville-double-blush-pink-24cm-pyramid-xl\\\/#primaryimage\"},\"thumbnailUrl\":\"https:\\\/\\\/sundaville.com\\\/wp-content\\\/uploads\\\/2023\\\/03\\\/SV-DCP-24-1024x1024-1.webp\",\"datePublished\":\"2023-03-07T08:19:52+00:00\",\"dateModified\":\"2023-03-07T11:09:12+00:00\",\"description\":\"Sundaville | Die weltweit Nr.1 \u200b\u200bMandevilla (Dipladenia) mit \u00fcberlegener und innovativer Verzweigung sind stark und f\u00fcr fast jedes Klima geeignet.\",\"breadcrumb\":{\"@id\":\"https:\\\/\\\/sundaville.com\\\/de\\\/produkt\\\/sundaville-double-blush-pink-24cm-pyramid-xl\\\/#breadcrumb\"},\"inLanguage\":\"de\",\"potentialAction\":[{\"@type\":\"ReadAction\",\"target\":[\"https:\\\/\\\/sundaville.com\\\/de\\\/produkt\\\/sundaville-double-blush-pink-24cm-pyramid-xl\\\/\"]}]},{\"@type\":\"ImageObject\",\"inLanguage\":\"de\",\"@id\":\"https:\\\/\\\/sundaville.com\\\/de\\\/produkt\\\/sundaville-double-blush-pink-24cm-pyramid-xl\\\/#primaryimage\",\"url\":\"https:\\\/\\\/sundaville.com\\\/wp-content\\\/uploads\\\/2023\\\/03\\\/SV-DCP-24-1024x1024-1.webp\",\"contentUrl\":\"https:\\\/\\\/sundaville.com\\\/wp-content\\\/uploads\\\/2023\\\/03\\\/SV-DCP-24-1024x1024-1.webp\",\"width\":1024,\"height\":1024},{\"@type\":\"BreadcrumbList\",\"@id\":\"https:\\\/\\\/sundaville.com\\\/de\\\/produkt\\\/sundaville-double-blush-pink-24cm-pyramid-xl\\\/#breadcrumb\",\"itemListElement\":[{\"@type\":\"ListItem\",\"position\":1,\"name\":\"Home\",\"item\":\"https:\\\/\\\/sundaville.com\\\/de\\\/\"},{\"@type\":\"ListItem\",\"position\":2,\"name\":\"Shop\",\"item\":\"https:\\\/\\\/sundaville.com\\\/de\\\/shop\\\/\"},{\"@type\":\"ListItem\",\"position\":3,\"name\":\"Sundaville\u00ae Double Blush Pink 24cm (pyramid XL)\"}]},{\"@type\":\"WebSite\",\"@id\":\"https:\\\/\\\/sundaville.com\\\/de\\\/#website\",\"url\":\"https:\\\/\\\/sundaville.com\\\/de\\\/\",\"name\":\"Sundaville.com\",\"description\":\"Worlds no.1 Mandevilla \\\/ Dipladenia brand.\",\"publisher\":{\"@id\":\"https:\\\/\\\/sundaville.com\\\/de\\\/#organization\"},\"potentialAction\":[{\"@type\":\"SearchAction\",\"target\":{\"@type\":\"EntryPoint\",\"urlTemplate\":\"https:\\\/\\\/sundaville.com\\\/de\\\/?s={search_term_string}\"},\"query-input\":{\"@type\":\"PropertyValueSpecification\",\"valueRequired\":true,\"valueName\":\"search_term_string\"}}],\"inLanguage\":\"de\"},{\"@type\":\"Organization\",\"@id\":\"https:\\\/\\\/sundaville.com\\\/de\\\/#organization\",\"name\":\"SUNDAVILLE\u00ae\",\"alternateName\":\"Sundaville\",\"url\":\"https:\\\/\\\/sundaville.com\\\/de\\\/\",\"logo\":{\"@type\":\"ImageObject\",\"inLanguage\":\"de\",\"@id\":\"https:\\\/\\\/sundaville.com\\\/de\\\/#\\\/schema\\\/logo\\\/image\\\/\",\"url\":\"https:\\\/\\\/sundaville.com\\\/wp-content\\\/uploads\\\/2021\\\/04\\\/Tekengebied-1-kopie-30-300x300-1.png\",\"contentUrl\":\"https:\\\/\\\/sundaville.com\\\/wp-content\\\/uploads\\\/2021\\\/04\\\/Tekengebied-1-kopie-30-300x300-1.png\",\"width\":300,\"height\":300,\"caption\":\"SUNDAVILLE\u00ae\"},\"image\":{\"@id\":\"https:\\\/\\\/sundaville.com\\\/de\\\/#\\\/schema\\\/logo\\\/image\\\/\"},\"sameAs\":[\"https:\\\/\\\/www.facebook.com\\\/SundavilleMandevilla\",\"https:\\\/\\\/x.com\\\/Sundaville_\",\"https:\\\/\\\/www.instagram.com\\\/sundaville\",\"https:\\\/\\\/www.linkedin.com\\\/showcase\\\/sundaville\",\"https:\\\/\\\/www.youtube.com\\\/channel\\\/UCO_OrhM4LIYXrWft9p7s97w\",\"https:\\\/\\\/wikipedia.org\\\/wiki\\\/sundaville\"]}]}<\/script>\n<!-- \/ Yoast SEO Premium plugin. -->","yoast_head_json":{"title":"Sundaville\u00ae Double Blush Pink 24cm (pyramid XL) - Welten Nr.1 \u200b\u200bMandevilla (Dipladenia)","description":"Sundaville | Die weltweit Nr.1 \u200b\u200bMandevilla (Dipladenia) mit \u00fcberlegener und innovativer Verzweigung sind stark und f\u00fcr fast jedes Klima geeignet.","robots":{"index":"index","follow":"follow","max-snippet":"max-snippet:-1","max-image-preview":"max-image-preview:large","max-video-preview":"max-video-preview:-1"},"canonical":"https:\/\/sundaville.com\/de\/produkt\/sundaville-double-blush-pink-24cm-pyramid-xl\/","og_locale":"de_DE","og_type":"article","og_title":"Sundaville Pink - Welten Nr.1 \u200b\u200bMandevilla (Dipladenia)","og_description":"\"Weltweit erste gef\u00fcllt bl\u00fchende Mandevilla\" Die Sundaville\u00ae Double Blush Pink 26cm (Pyramide XL) ist eine exotische Gartenpflanze mit farbenfrohen, trompetenf\u00f6rmigen Bl\u00fcten. Mit einer H\u00f6he von ca. 1 Meter ist der XL-Turm ein echter Hingucker in einem Garten, auf einem Balkon oder einer Terrasse. Die rosa Farbe der Blumen verleiht einen fr\u00f6hlichen und sommerlichen Look. Die Pflanze gl\u00e4nzt mit ununterbrochener Bl\u00fcte und Wachstum vom fr\u00fchen Fr\u00fchling bis zum sp\u00e4ten Herbst. Mit Hilfe des Bambusturms w\u00e4chst die Kletterpflanze sch\u00f6n in die H\u00f6he.","og_url":"https:\/\/sundaville.com\/de\/produkt\/sundaville-double-blush-pink-24cm-pyramid-xl\/","og_site_name":"Sundaville.com","article_publisher":"https:\/\/www.facebook.com\/SundavilleMandevilla","article_modified_time":"2023-03-07T11:09:12+00:00","og_image":[{"width":1024,"height":1024,"url":"https:\/\/sundaville.com\/wp-content\/uploads\/2023\/03\/SV-DCP-24-1024x1024-1.webp","type":"image\/webp"}],"twitter_card":"summary_large_image","twitter_title":"Sundaville Pink - Welten Nr.1 \u200b\u200bMandevilla (Dipladenia)","twitter_site":"@Sundaville_","twitter_misc":{"Gesch\u00e4tzte Lesezeit":"1\u00a0Minute"},"schema":{"@context":"https:\/\/schema.org","@graph":[{"@type":"WebPage","@id":"https:\/\/sundaville.com\/de\/produkt\/sundaville-double-blush-pink-24cm-pyramid-xl\/","url":"https:\/\/sundaville.com\/de\/produkt\/sundaville-double-blush-pink-24cm-pyramid-xl\/","name":"Sundaville\u00ae Double Blush Pink 24cm (pyramid XL) - Welten Nr.1 \u200b\u200bMandevilla (Dipladenia)","isPartOf":{"@id":"https:\/\/sundaville.com\/de\/#website"},"primaryImageOfPage":{"@id":"https:\/\/sundaville.com\/de\/produkt\/sundaville-double-blush-pink-24cm-pyramid-xl\/#primaryimage"},"image":{"@id":"https:\/\/sundaville.com\/de\/produkt\/sundaville-double-blush-pink-24cm-pyramid-xl\/#primaryimage"},"thumbnailUrl":"https:\/\/sundaville.com\/wp-content\/uploads\/2023\/03\/SV-DCP-24-1024x1024-1.webp","datePublished":"2023-03-07T08:19:52+00:00","dateModified":"2023-03-07T11:09:12+00:00","description":"Sundaville | Die weltweit Nr.1 \u200b\u200bMandevilla (Dipladenia) mit \u00fcberlegener und innovativer Verzweigung sind stark und f\u00fcr fast jedes Klima geeignet.","breadcrumb":{"@id":"https:\/\/sundaville.com\/de\/produkt\/sundaville-double-blush-pink-24cm-pyramid-xl\/#breadcrumb"},"inLanguage":"de","potentialAction":[{"@type":"ReadAction","target":["https:\/\/sundaville.com\/de\/produkt\/sundaville-double-blush-pink-24cm-pyramid-xl\/"]}]},{"@type":"ImageObject","inLanguage":"de","@id":"https:\/\/sundaville.com\/de\/produkt\/sundaville-double-blush-pink-24cm-pyramid-xl\/#primaryimage","url":"https:\/\/sundaville.com\/wp-content\/uploads\/2023\/03\/SV-DCP-24-1024x1024-1.webp","contentUrl":"https:\/\/sundaville.com\/wp-content\/uploads\/2023\/03\/SV-DCP-24-1024x1024-1.webp","width":1024,"height":1024},{"@type":"BreadcrumbList","@id":"https:\/\/sundaville.com\/de\/produkt\/sundaville-double-blush-pink-24cm-pyramid-xl\/#breadcrumb","itemListElement":[{"@type":"ListItem","position":1,"name":"Home","item":"https:\/\/sundaville.com\/de\/"},{"@type":"ListItem","position":2,"name":"Shop","item":"https:\/\/sundaville.com\/de\/shop\/"},{"@type":"ListItem","position":3,"name":"Sundaville\u00ae Double Blush Pink 24cm (pyramid XL)"}]},{"@type":"WebSite","@id":"https:\/\/sundaville.com\/de\/#website","url":"https:\/\/sundaville.com\/de\/","name":"Sundaville.com","description":"Worlds no.1 Mandevilla \/ Dipladenia brand.","publisher":{"@id":"https:\/\/sundaville.com\/de\/#organization"},"potentialAction":[{"@type":"SearchAction","target":{"@type":"EntryPoint","urlTemplate":"https:\/\/sundaville.com\/de\/?s={search_term_string}"},"query-input":{"@type":"PropertyValueSpecification","valueRequired":true,"valueName":"search_term_string"}}],"inLanguage":"de"},{"@type":"Organization","@id":"https:\/\/sundaville.com\/de\/#organization","name":"SUNDAVILLE\u00ae","alternateName":"Sundaville","url":"https:\/\/sundaville.com\/de\/","logo":{"@type":"ImageObject","inLanguage":"de","@id":"https:\/\/sundaville.com\/de\/#\/schema\/logo\/image\/","url":"https:\/\/sundaville.com\/wp-content\/uploads\/2021\/04\/Tekengebied-1-kopie-30-300x300-1.png","contentUrl":"https:\/\/sundaville.com\/wp-content\/uploads\/2021\/04\/Tekengebied-1-kopie-30-300x300-1.png","width":300,"height":300,"caption":"SUNDAVILLE\u00ae"},"image":{"@id":"https:\/\/sundaville.com\/de\/#\/schema\/logo\/image\/"},"sameAs":["https:\/\/www.facebook.com\/SundavilleMandevilla","https:\/\/x.com\/Sundaville_","https:\/\/www.instagram.com\/sundaville","https:\/\/www.linkedin.com\/showcase\/sundaville","https:\/\/www.youtube.com\/channel\/UCO_OrhM4LIYXrWft9p7s97w","https:\/\/wikipedia.org\/wiki\/sundaville"]}]}},"_links":{"self":[{"href":"https:\/\/sundaville.com\/de\/wp-json\/wp\/v2\/product\/14161","targetHints":{"allow":["GET"]}}],"collection":[{"href":"https:\/\/sundaville.com\/de\/wp-json\/wp\/v2\/product"}],"about":[{"href":"https:\/\/sundaville.com\/de\/wp-json\/wp\/v2\/types\/product"}],"replies":[{"embeddable":true,"href":"https:\/\/sundaville.com\/de\/wp-json\/wp\/v2\/comments?post=14161"}],"wp:featuredmedia":[{"embeddable":true,"href":"https:\/\/sundaville.com\/de\/wp-json\/wp\/v2\/media\/14165"}],"wp:attachment":[{"href":"https:\/\/sundaville.com\/de\/wp-json\/wp\/v2\/media?parent=14161"}],"wp:term":[{"taxonomy":"product_brand","embeddable":true,"href":"https:\/\/sundaville.com\/de\/wp-json\/wp\/v2\/product_brand?post=14161"},{"taxonomy":"product_cat","embeddable":true,"href":"https:\/\/sundaville.com\/de\/wp-json\/wp\/v2\/product_cat?post=14161"},{"taxonomy":"product_tag","embeddable":true,"href":"https:\/\/sundaville.com\/de\/wp-json\/wp\/v2\/product_tag?post=14161"}],"curies":[{"name":"wp","href":"https:\/\/api.w.org\/{rel}","templated":true}]}}