{"id":14176,"date":"2023-03-07T09:38:24","date_gmt":"2023-03-07T09:38:24","guid":{"rendered":"https:\/\/sundaville.com\/?post_type=product&#038;p=14176"},"modified":"2023-11-28T13:11:21","modified_gmt":"2023-11-28T13:11:21","slug":"sundaville-pink-19cm-pyramide-copy","status":"publish","type":"product","link":"https:\/\/sundaville.com\/de\/produkt\/sundaville-pink-19cm-pyramide-copy\/","title":{"rendered":"Sundaville\u00ae Pink 19cm (Pyramide) (Copy)"},"content":{"rendered":"<div class=\"wpb-content-wrapper\"><p>[vc_row][vc_column width=&#8220;1\/3&#8243;][vc_column_text text_larger=&#8220;no&#8220; woodmart_inline=&#8220;no&#8220;]<strong>&gt; Das Original jetzt noch fr\u00fcher<\/strong><br \/>\nDas originelle und klassische Sundaville\u00ae-Sortiment besteht aus Mandevilla (Dipladenia) mit einer hervorragenden, innovativen Verzweigung und auffallenden Farben. Die kr\u00e4ftigen und gesunden Pflanzen sind f\u00fcr fast jedes Klima geeignet und k\u00f6nnen als Terrassenpflanze, in Balkonk\u00e4sten, in Ampeln und als Beetpflanze verwendet werden.[\/vc_column_text][\/vc_column][vc_column width=&#8220;1\/3&#8243;][vc_column_text text_larger=&#8220;no&#8220;]<strong>&gt; Benutzerfreundlich<\/strong><br \/>\nDurch die Art und Weise, wie diese Sundaville\u00ae-Sorte aufgezogen wird, braucht die Pflanze nicht viel Pflege. Die Blumenerde ist zum Beispiel mit lang wirkendem Pflanzenn\u00e4hrstoff gemischt und auf Mandevilla abgestimmt. Auf diese Weise ben\u00f6tigt die Pflanze f\u00fcr den Rest der Saison keine weiteren N\u00e4hrstoffe.[\/vc_column_text][\/vc_column][vc_column width=&#8220;1\/3&#8243;][vc_column_text text_larger=&#8220;no&#8220; woodmart_inline=&#8220;no&#8220;]<strong>&gt; Bienenfreundlich angebaut<br \/>\n<\/strong>Diese Sundaville\u00ae Sorte wird von mandevillashop.com bienenfreundlich angebaut, es gibt keine R\u00fcckst\u00e4nde auf den Pflanzen, die f\u00fcr Bienen und andere Insekten sch\u00e4dlich sein k\u00f6nnen.[\/vc_column_text][\/vc_column][\/vc_row]<\/p>\n<\/div>","protected":false},"excerpt":{"rendered":"<p><strong>&#8222;Einfach das Beste&#8220; <\/strong>Sundaville\u00ae Pink 19cm (Pyramide) ist eine mediterrane Gartenpflanze mit bunten trompetenf\u00f6rmigen Bl\u00fcten, geeignet f\u00fcr Ihren Balkon oder Ihre Terrasse. Die Pflanze gl\u00e4nzt mit ununterbrochener Bl\u00fcte und Wachstum vom fr\u00fchen Fr\u00fchling bis zum sp\u00e4ten Herbst. Die pinke Farbe sorgt f\u00fcr ein romantisches und warmes Erscheinungsbild im Au\u00dfenbereich. Die Kletterpflanze w\u00e4chst mit Hilfe der Pyramide sch\u00f6n nach oben.<\/p>\n","protected":false},"featured_media":14181,"comment_status":"open","ping_status":"closed","template":"","meta":{"_monsterinsights_skip_tracking":false,"_monsterinsights_sitenote_active":false,"_monsterinsights_sitenote_note":"","_monsterinsights_sitenote_category":0},"product_brand":[],"product_cat":[789,526,796,802,988],"product_tag":[815],"class_list":{"0":"post-14176","1":"product","2":"type-product","3":"status-publish","4":"has-post-thumbnail","6":"product_cat-19cm-pyramide","7":"product_cat-75-mm-de","8":"product_cat-mittel","9":"product_cat-rosa","10":"product_cat-sundaville-early-pink-de","11":"product_tag-19cm-pyramide","13":"first","14":"instock","15":"featured","16":"shipping-taxable","17":"product-type-external"},"yoast_head":"<!-- This site is optimized with the Yoast SEO Premium plugin v24.5 (Yoast SEO v27.4) - https:\/\/yoast.com\/product\/yoast-seo-premium-wordpress\/ -->\n<title>Sundaville\u00ae Pink 19cm (Pyramide) (Copy) - Welten Nr.1 \u200b\u200bMandevilla (Dipladenia)<\/title>\n<meta name=\"description\" content=\"Sundaville | Die weltweit Nr.1 \u200b\u200bMandevilla (Dipladenia) mit \u00fcberlegener und innovativer Verzweigung sind stark und f\u00fcr fast jedes Klima geeignet.\" \/>\n<meta name=\"robots\" content=\"index, follow, max-snippet:-1, max-image-preview:large, max-video-preview:-1\" \/>\n<link rel=\"canonical\" href=\"https:\/\/sundaville.com\/de\/produkt\/sundaville-pink-19cm-pyramide-copy\/\" \/>\n<meta property=\"og:locale\" content=\"de_DE\" \/>\n<meta property=\"og:type\" content=\"article\" \/>\n<meta property=\"og:title\" content=\"Sundaville Pink - Welten Nr.1 \u200b\u200bMandevilla (Dipladenia)\" \/>\n<meta property=\"og:description\" content=\"&quot;Einfach das Beste&quot; Sundaville\u00ae Pink 19cm (Pyramide) ist eine mediterrane Gartenpflanze mit bunten trompetenf\u00f6rmigen Bl\u00fcten, geeignet f\u00fcr Ihren Balkon oder Ihre Terrasse. Die Pflanze gl\u00e4nzt mit ununterbrochener Bl\u00fcte und Wachstum vom fr\u00fchen Fr\u00fchling bis zum sp\u00e4ten Herbst. Die pinke Farbe sorgt f\u00fcr ein romantisches und warmes Erscheinungsbild im Au\u00dfenbereich. Die Kletterpflanze w\u00e4chst mit Hilfe der Pyramide sch\u00f6n nach oben.\" \/>\n<meta property=\"og:url\" content=\"https:\/\/sundaville.com\/de\/produkt\/sundaville-pink-19cm-pyramide-copy\/\" \/>\n<meta property=\"og:site_name\" content=\"Sundaville.com\" \/>\n<meta property=\"article:publisher\" content=\"https:\/\/www.facebook.com\/SundavilleMandevilla\" \/>\n<meta property=\"article:modified_time\" content=\"2023-11-28T13:11:21+00:00\" \/>\n<meta property=\"og:image\" content=\"https:\/\/sundaville.com\/wp-content\/uploads\/2023\/03\/SV-EP-19-1024x1024-1.webp\" \/>\n\t<meta property=\"og:image:width\" content=\"1024\" \/>\n\t<meta property=\"og:image:height\" content=\"1024\" \/>\n\t<meta property=\"og:image:type\" content=\"image\/webp\" \/>\n<meta name=\"twitter:card\" content=\"summary_large_image\" \/>\n<meta name=\"twitter:title\" content=\"Sundaville Pink- Welten Nr.1 \u200b\u200bMandevilla (Dipladenia)\" \/>\n<meta name=\"twitter:site\" content=\"@Sundaville_\" \/>\n<meta name=\"twitter:label1\" content=\"Gesch\u00e4tzte Lesezeit\" \/>\n\t<meta name=\"twitter:data1\" content=\"1\u00a0Minute\" \/>\n<script type=\"application\/ld+json\" class=\"yoast-schema-graph\">{\"@context\":\"https:\\\/\\\/schema.org\",\"@graph\":[{\"@type\":\"WebPage\",\"@id\":\"https:\\\/\\\/sundaville.com\\\/de\\\/produkt\\\/sundaville-pink-19cm-pyramide-copy\\\/\",\"url\":\"https:\\\/\\\/sundaville.com\\\/de\\\/produkt\\\/sundaville-pink-19cm-pyramide-copy\\\/\",\"name\":\"Sundaville\u00ae Pink 19cm (Pyramide) (Copy) - Welten Nr.1 \u200b\u200bMandevilla (Dipladenia)\",\"isPartOf\":{\"@id\":\"https:\\\/\\\/sundaville.com\\\/de\\\/#website\"},\"primaryImageOfPage\":{\"@id\":\"https:\\\/\\\/sundaville.com\\\/de\\\/produkt\\\/sundaville-pink-19cm-pyramide-copy\\\/#primaryimage\"},\"image\":{\"@id\":\"https:\\\/\\\/sundaville.com\\\/de\\\/produkt\\\/sundaville-pink-19cm-pyramide-copy\\\/#primaryimage\"},\"thumbnailUrl\":\"https:\\\/\\\/sundaville.com\\\/wp-content\\\/uploads\\\/2023\\\/03\\\/SV-EP-19-1024x1024-1.webp\",\"datePublished\":\"2023-03-07T09:38:24+00:00\",\"dateModified\":\"2023-11-28T13:11:21+00:00\",\"description\":\"Sundaville | Die weltweit Nr.1 \u200b\u200bMandevilla (Dipladenia) mit \u00fcberlegener und innovativer Verzweigung sind stark und f\u00fcr fast jedes Klima geeignet.\",\"breadcrumb\":{\"@id\":\"https:\\\/\\\/sundaville.com\\\/de\\\/produkt\\\/sundaville-pink-19cm-pyramide-copy\\\/#breadcrumb\"},\"inLanguage\":\"de\",\"potentialAction\":[{\"@type\":\"ReadAction\",\"target\":[\"https:\\\/\\\/sundaville.com\\\/de\\\/produkt\\\/sundaville-pink-19cm-pyramide-copy\\\/\"]}]},{\"@type\":\"ImageObject\",\"inLanguage\":\"de\",\"@id\":\"https:\\\/\\\/sundaville.com\\\/de\\\/produkt\\\/sundaville-pink-19cm-pyramide-copy\\\/#primaryimage\",\"url\":\"https:\\\/\\\/sundaville.com\\\/wp-content\\\/uploads\\\/2023\\\/03\\\/SV-EP-19-1024x1024-1.webp\",\"contentUrl\":\"https:\\\/\\\/sundaville.com\\\/wp-content\\\/uploads\\\/2023\\\/03\\\/SV-EP-19-1024x1024-1.webp\",\"width\":1024,\"height\":1024},{\"@type\":\"BreadcrumbList\",\"@id\":\"https:\\\/\\\/sundaville.com\\\/de\\\/produkt\\\/sundaville-pink-19cm-pyramide-copy\\\/#breadcrumb\",\"itemListElement\":[{\"@type\":\"ListItem\",\"position\":1,\"name\":\"Home\",\"item\":\"https:\\\/\\\/sundaville.com\\\/de\\\/\"},{\"@type\":\"ListItem\",\"position\":2,\"name\":\"Shop\",\"item\":\"https:\\\/\\\/sundaville.com\\\/de\\\/shop\\\/\"},{\"@type\":\"ListItem\",\"position\":3,\"name\":\"Sundaville\u00ae Pink 19cm (Pyramide) (Copy)\"}]},{\"@type\":\"WebSite\",\"@id\":\"https:\\\/\\\/sundaville.com\\\/de\\\/#website\",\"url\":\"https:\\\/\\\/sundaville.com\\\/de\\\/\",\"name\":\"Sundaville.com\",\"description\":\"Worlds no.1 Mandevilla \\\/ Dipladenia brand.\",\"publisher\":{\"@id\":\"https:\\\/\\\/sundaville.com\\\/de\\\/#organization\"},\"potentialAction\":[{\"@type\":\"SearchAction\",\"target\":{\"@type\":\"EntryPoint\",\"urlTemplate\":\"https:\\\/\\\/sundaville.com\\\/de\\\/?s={search_term_string}\"},\"query-input\":{\"@type\":\"PropertyValueSpecification\",\"valueRequired\":true,\"valueName\":\"search_term_string\"}}],\"inLanguage\":\"de\"},{\"@type\":\"Organization\",\"@id\":\"https:\\\/\\\/sundaville.com\\\/de\\\/#organization\",\"name\":\"SUNDAVILLE\u00ae\",\"alternateName\":\"Sundaville\",\"url\":\"https:\\\/\\\/sundaville.com\\\/de\\\/\",\"logo\":{\"@type\":\"ImageObject\",\"inLanguage\":\"de\",\"@id\":\"https:\\\/\\\/sundaville.com\\\/de\\\/#\\\/schema\\\/logo\\\/image\\\/\",\"url\":\"https:\\\/\\\/sundaville.com\\\/wp-content\\\/uploads\\\/2021\\\/04\\\/Tekengebied-1-kopie-30-300x300-1.png\",\"contentUrl\":\"https:\\\/\\\/sundaville.com\\\/wp-content\\\/uploads\\\/2021\\\/04\\\/Tekengebied-1-kopie-30-300x300-1.png\",\"width\":300,\"height\":300,\"caption\":\"SUNDAVILLE\u00ae\"},\"image\":{\"@id\":\"https:\\\/\\\/sundaville.com\\\/de\\\/#\\\/schema\\\/logo\\\/image\\\/\"},\"sameAs\":[\"https:\\\/\\\/www.facebook.com\\\/SundavilleMandevilla\",\"https:\\\/\\\/x.com\\\/Sundaville_\",\"https:\\\/\\\/www.instagram.com\\\/sundaville\",\"https:\\\/\\\/www.linkedin.com\\\/showcase\\\/sundaville\",\"https:\\\/\\\/www.youtube.com\\\/channel\\\/UCO_OrhM4LIYXrWft9p7s97w\",\"https:\\\/\\\/wikipedia.org\\\/wiki\\\/sundaville\"]}]}<\/script>\n<!-- \/ Yoast SEO Premium plugin. -->","yoast_head_json":{"title":"Sundaville\u00ae Pink 19cm (Pyramide) (Copy) - Welten Nr.1 \u200b\u200bMandevilla (Dipladenia)","description":"Sundaville | Die weltweit Nr.1 \u200b\u200bMandevilla (Dipladenia) mit \u00fcberlegener und innovativer Verzweigung sind stark und f\u00fcr fast jedes Klima geeignet.","robots":{"index":"index","follow":"follow","max-snippet":"max-snippet:-1","max-image-preview":"max-image-preview:large","max-video-preview":"max-video-preview:-1"},"canonical":"https:\/\/sundaville.com\/de\/produkt\/sundaville-pink-19cm-pyramide-copy\/","og_locale":"de_DE","og_type":"article","og_title":"Sundaville Pink - Welten Nr.1 \u200b\u200bMandevilla (Dipladenia)","og_description":"\"Einfach das Beste\" Sundaville\u00ae Pink 19cm (Pyramide) ist eine mediterrane Gartenpflanze mit bunten trompetenf\u00f6rmigen Bl\u00fcten, geeignet f\u00fcr Ihren Balkon oder Ihre Terrasse. Die Pflanze gl\u00e4nzt mit ununterbrochener Bl\u00fcte und Wachstum vom fr\u00fchen Fr\u00fchling bis zum sp\u00e4ten Herbst. Die pinke Farbe sorgt f\u00fcr ein romantisches und warmes Erscheinungsbild im Au\u00dfenbereich. Die Kletterpflanze w\u00e4chst mit Hilfe der Pyramide sch\u00f6n nach oben.","og_url":"https:\/\/sundaville.com\/de\/produkt\/sundaville-pink-19cm-pyramide-copy\/","og_site_name":"Sundaville.com","article_publisher":"https:\/\/www.facebook.com\/SundavilleMandevilla","article_modified_time":"2023-11-28T13:11:21+00:00","og_image":[{"width":1024,"height":1024,"url":"https:\/\/sundaville.com\/wp-content\/uploads\/2023\/03\/SV-EP-19-1024x1024-1.webp","type":"image\/webp"}],"twitter_card":"summary_large_image","twitter_title":"Sundaville Pink- Welten Nr.1 \u200b\u200bMandevilla (Dipladenia)","twitter_site":"@Sundaville_","twitter_misc":{"Gesch\u00e4tzte Lesezeit":"1\u00a0Minute"},"schema":{"@context":"https:\/\/schema.org","@graph":[{"@type":"WebPage","@id":"https:\/\/sundaville.com\/de\/produkt\/sundaville-pink-19cm-pyramide-copy\/","url":"https:\/\/sundaville.com\/de\/produkt\/sundaville-pink-19cm-pyramide-copy\/","name":"Sundaville\u00ae Pink 19cm (Pyramide) (Copy) - Welten Nr.1 \u200b\u200bMandevilla (Dipladenia)","isPartOf":{"@id":"https:\/\/sundaville.com\/de\/#website"},"primaryImageOfPage":{"@id":"https:\/\/sundaville.com\/de\/produkt\/sundaville-pink-19cm-pyramide-copy\/#primaryimage"},"image":{"@id":"https:\/\/sundaville.com\/de\/produkt\/sundaville-pink-19cm-pyramide-copy\/#primaryimage"},"thumbnailUrl":"https:\/\/sundaville.com\/wp-content\/uploads\/2023\/03\/SV-EP-19-1024x1024-1.webp","datePublished":"2023-03-07T09:38:24+00:00","dateModified":"2023-11-28T13:11:21+00:00","description":"Sundaville | Die weltweit Nr.1 \u200b\u200bMandevilla (Dipladenia) mit \u00fcberlegener und innovativer Verzweigung sind stark und f\u00fcr fast jedes Klima geeignet.","breadcrumb":{"@id":"https:\/\/sundaville.com\/de\/produkt\/sundaville-pink-19cm-pyramide-copy\/#breadcrumb"},"inLanguage":"de","potentialAction":[{"@type":"ReadAction","target":["https:\/\/sundaville.com\/de\/produkt\/sundaville-pink-19cm-pyramide-copy\/"]}]},{"@type":"ImageObject","inLanguage":"de","@id":"https:\/\/sundaville.com\/de\/produkt\/sundaville-pink-19cm-pyramide-copy\/#primaryimage","url":"https:\/\/sundaville.com\/wp-content\/uploads\/2023\/03\/SV-EP-19-1024x1024-1.webp","contentUrl":"https:\/\/sundaville.com\/wp-content\/uploads\/2023\/03\/SV-EP-19-1024x1024-1.webp","width":1024,"height":1024},{"@type":"BreadcrumbList","@id":"https:\/\/sundaville.com\/de\/produkt\/sundaville-pink-19cm-pyramide-copy\/#breadcrumb","itemListElement":[{"@type":"ListItem","position":1,"name":"Home","item":"https:\/\/sundaville.com\/de\/"},{"@type":"ListItem","position":2,"name":"Shop","item":"https:\/\/sundaville.com\/de\/shop\/"},{"@type":"ListItem","position":3,"name":"Sundaville\u00ae Pink 19cm (Pyramide) (Copy)"}]},{"@type":"WebSite","@id":"https:\/\/sundaville.com\/de\/#website","url":"https:\/\/sundaville.com\/de\/","name":"Sundaville.com","description":"Worlds no.1 Mandevilla \/ Dipladenia brand.","publisher":{"@id":"https:\/\/sundaville.com\/de\/#organization"},"potentialAction":[{"@type":"SearchAction","target":{"@type":"EntryPoint","urlTemplate":"https:\/\/sundaville.com\/de\/?s={search_term_string}"},"query-input":{"@type":"PropertyValueSpecification","valueRequired":true,"valueName":"search_term_string"}}],"inLanguage":"de"},{"@type":"Organization","@id":"https:\/\/sundaville.com\/de\/#organization","name":"SUNDAVILLE\u00ae","alternateName":"Sundaville","url":"https:\/\/sundaville.com\/de\/","logo":{"@type":"ImageObject","inLanguage":"de","@id":"https:\/\/sundaville.com\/de\/#\/schema\/logo\/image\/","url":"https:\/\/sundaville.com\/wp-content\/uploads\/2021\/04\/Tekengebied-1-kopie-30-300x300-1.png","contentUrl":"https:\/\/sundaville.com\/wp-content\/uploads\/2021\/04\/Tekengebied-1-kopie-30-300x300-1.png","width":300,"height":300,"caption":"SUNDAVILLE\u00ae"},"image":{"@id":"https:\/\/sundaville.com\/de\/#\/schema\/logo\/image\/"},"sameAs":["https:\/\/www.facebook.com\/SundavilleMandevilla","https:\/\/x.com\/Sundaville_","https:\/\/www.instagram.com\/sundaville","https:\/\/www.linkedin.com\/showcase\/sundaville","https:\/\/www.youtube.com\/channel\/UCO_OrhM4LIYXrWft9p7s97w","https:\/\/wikipedia.org\/wiki\/sundaville"]}]}},"_links":{"self":[{"href":"https:\/\/sundaville.com\/de\/wp-json\/wp\/v2\/product\/14176","targetHints":{"allow":["GET"]}}],"collection":[{"href":"https:\/\/sundaville.com\/de\/wp-json\/wp\/v2\/product"}],"about":[{"href":"https:\/\/sundaville.com\/de\/wp-json\/wp\/v2\/types\/product"}],"replies":[{"embeddable":true,"href":"https:\/\/sundaville.com\/de\/wp-json\/wp\/v2\/comments?post=14176"}],"wp:featuredmedia":[{"embeddable":true,"href":"https:\/\/sundaville.com\/de\/wp-json\/wp\/v2\/media\/14181"}],"wp:attachment":[{"href":"https:\/\/sundaville.com\/de\/wp-json\/wp\/v2\/media?parent=14176"}],"wp:term":[{"taxonomy":"product_brand","embeddable":true,"href":"https:\/\/sundaville.com\/de\/wp-json\/wp\/v2\/product_brand?post=14176"},{"taxonomy":"product_cat","embeddable":true,"href":"https:\/\/sundaville.com\/de\/wp-json\/wp\/v2\/product_cat?post=14176"},{"taxonomy":"product_tag","embeddable":true,"href":"https:\/\/sundaville.com\/de\/wp-json\/wp\/v2\/product_tag?post=14176"}],"curies":[{"name":"wp","href":"https:\/\/api.w.org\/{rel}","templated":true}]}}