{"id":14986,"date":"2024-06-24T12:14:41","date_gmt":"2024-06-24T12:14:41","guid":{"rendered":"https:\/\/sundaville.com\/?post_type=product&#038;p=14986"},"modified":"2024-06-25T12:06:07","modified_gmt":"2024-06-25T12:06:07","slug":"sundaville-double-blush-pink-copy","status":"publish","type":"product","link":"https:\/\/sundaville.com\/de\/produkt\/sundaville-double-blush-pink-copy\/","title":{"rendered":"Sundaville\u00ae Double Red"},"content":{"rendered":"","protected":false},"excerpt":{"rendered":"<p><strong>\u201eRot, Rot, Rot, Rot\u201c<\/strong><\/p>\n<p class=\"p1\">Ein Jahr nach dem Gewinn des FleuroStar-Preises mit Sundaville\u00ae Double Blush Pink, der ersten doppelblumigen Mandevilla, ist eine wundersch\u00f6ne, robuste und leuchtend rote Sorte eingetroffen: Sundaville\u00ae Double Red. Es hat die gleichen Eigenschaften wie sein rosafarbener Zwilling. Klassische Gewohnheiten wie Sundaville\u00ae, hohe Best\u00e4ndigkeit gegen hei\u00dfes Wetter, geeignet f\u00fcr jede Form, jeden Korb und jedes Klettern. Das Sundaville\u00ae Double Red ist die rote Schwester von Double Blush Pink. Es ist eine bienenfreundliche Pflanze mit leuchtend roten Bl\u00fcten, die einen eleganten Kontrast zu den smaragdgr\u00fcnen Bl\u00e4ttern bilden und sie zu einem Blickfang in jedem Zuhause oder Au\u00dfenbereich machen. Es erfordert nur minimale Wartung und ist daher perfekt f\u00fcr vielbesch\u00e4ftigte G\u00e4rtner oder Neueinsteiger in den Bereich Zimmerpflanzen oder Topfpflanzen im Freien.<\/p>\n<p class=\"p1\">Der Sundaville\u00ae Double Red ist eine mehrj\u00e4hrige Pflanze, die vom Fr\u00fchsommer bis zum Herbst bl\u00fcht und eine langanhaltende Quelle der Sch\u00f6nheit und Freude bietet. Diese Pflanze ist in tropischen und subtropischen Regionen beheimatet und wird wegen ihrer leuchtenden Farbe und den zarten Bl\u00fctenbl\u00e4ttern sehr gesch\u00e4tzt. Diese mehrj\u00e4hrige Pflanze ist eine robuste, pflegeleichte Pflanze, die sowohl drinnen als auch drau\u00dfen gedeihen kann. Ihre bezaubernden Bl\u00fcten machen sie zu einer beliebten Wahl f\u00fcr G\u00e4rtner und Gartenbaubegeisterte auf der ganzen Welt. Jungpflanzen sind bereits in kleinen Mengen bei Lazzeri (Italien) erh\u00e4ltlich.<\/p>\n","protected":false},"featured_media":15170,"comment_status":"open","ping_status":"closed","template":"","meta":{"_monsterinsights_skip_tracking":false,"_monsterinsights_sitenote_active":false,"_monsterinsights_sitenote_note":"","_monsterinsights_sitenote_category":0},"product_brand":[],"product_cat":[814],"product_tag":[],"class_list":{"0":"post-14986","1":"product","2":"type-product","3":"status-publish","4":"has-post-thumbnail","6":"product_cat-unkategorisiert","8":"first","9":"instock","10":"featured","11":"shipping-taxable","12":"product-type-simple"},"yoast_head":"<!-- This site is optimized with the Yoast SEO Premium plugin v24.5 (Yoast SEO v27.4) - https:\/\/yoast.com\/product\/yoast-seo-premium-wordpress\/ -->\n<title>Sundaville\u00ae Double Red - Die weltweit erste rote Doppel-Mandevilla<\/title>\n<meta name=\"description\" content=\"Gartenfreunde und Blumenliebhaber aufgepasst! Hier ist sie! Die erste wirklich doppelbl\u00fctige rote Mandevilla der Welt. Die Sundaville\u00ae Double Red.\" \/>\n<meta name=\"robots\" content=\"index, follow, max-snippet:-1, max-image-preview:large, max-video-preview:-1\" \/>\n<link rel=\"canonical\" href=\"https:\/\/sundaville.com\/de\/produkt\/sundaville-double-blush-pink-copy\/\" \/>\n<meta property=\"og:locale\" content=\"de_DE\" \/>\n<meta property=\"og:type\" content=\"article\" \/>\n<meta property=\"og:title\" content=\"Sundaville\u00ae Double Red\" \/>\n<meta property=\"og:description\" content=\"\u201eRot, Rot, Rot, Rot\u201c Ein Jahr nach dem Gewinn des FleuroStar-Preises mit Sundaville\u00ae Double Blush Pink, der ersten doppelblumigen Mandevilla, ist eine wundersch\u00f6ne, robuste und leuchtend rote Sorte eingetroffen: Sundaville\u00ae Double Red. Es hat die gleichen Eigenschaften wie sein rosafarbener Zwilling. Klassische Gewohnheiten wie Sundaville\u00ae, hohe Best\u00e4ndigkeit gegen hei\u00dfes Wetter, geeignet f\u00fcr jede Form, jeden Korb und jedes Klettern. Das Sundaville\u00ae Double Red ist die rote Schwester von Double Blush Pink. Es ist eine bienenfreundliche Pflanze mit leuchtend roten Bl\u00fcten, die einen eleganten Kontrast zu den smaragdgr\u00fcnen Bl\u00e4ttern bilden und sie zu einem Blickfang in jedem Zuhause oder Au\u00dfenbereich machen. Es erfordert nur minimale Wartung und ist daher perfekt f\u00fcr vielbesch\u00e4ftigte G\u00e4rtner oder Neueinsteiger in den Bereich Zimmerpflanzen oder Topfpflanzen im Freien. Der Sundaville\u00ae Double Red ist eine mehrj\u00e4hrige Pflanze, die vom Fr\u00fchsommer bis zum Herbst bl\u00fcht und eine langanhaltende Quelle der Sch\u00f6nheit und Freude bietet. Diese Pflanze ist in tropischen und subtropischen Regionen beheimatet und wird wegen ihrer leuchtenden Farbe und den zarten Bl\u00fctenbl\u00e4ttern sehr gesch\u00e4tzt. Diese mehrj\u00e4hrige Pflanze ist eine robuste, pflegeleichte Pflanze, die sowohl drinnen als auch drau\u00dfen gedeihen kann. Ihre bezaubernden Bl\u00fcten machen sie zu einer beliebten Wahl f\u00fcr G\u00e4rtner und Gartenbaubegeisterte auf der ganzen Welt. Jungpflanzen sind bereits in kleinen Mengen bei Lazzeri (Italien) erh\u00e4ltlich.\" \/>\n<meta property=\"og:url\" content=\"https:\/\/sundaville.com\/de\/produkt\/sundaville-double-blush-pink-copy\/\" \/>\n<meta property=\"og:site_name\" content=\"Sundaville.com\" \/>\n<meta property=\"article:publisher\" content=\"https:\/\/www.facebook.com\/SundavilleMandevilla\" \/>\n<meta property=\"article:modified_time\" content=\"2024-06-25T12:06:07+00:00\" \/>\n<meta property=\"og:image\" content=\"https:\/\/sundaville.com\/wp-content\/uploads\/2022\/10\/Sundaville\u00ae-Double-Blush-Pink-13-236x300.png\" \/>\n<meta name=\"twitter:card\" content=\"summary_large_image\" \/>\n<meta name=\"twitter:image\" content=\"https:\/\/sundaville.com\/wp-content\/uploads\/2022\/10\/Sundaville\u00ae-Double-Blush-Pink-10-804x1024.png\" \/>\n<meta name=\"twitter:site\" content=\"@Sundaville_\" \/>\n<script type=\"application\/ld+json\" class=\"yoast-schema-graph\">{\"@context\":\"https:\\\/\\\/schema.org\",\"@graph\":[{\"@type\":\"WebPage\",\"@id\":\"https:\\\/\\\/sundaville.com\\\/de\\\/produkt\\\/sundaville-double-blush-pink-copy\\\/\",\"url\":\"https:\\\/\\\/sundaville.com\\\/de\\\/produkt\\\/sundaville-double-blush-pink-copy\\\/\",\"name\":\"Sundaville\u00ae Double Red - Die weltweit erste rote Doppel-Mandevilla\",\"isPartOf\":{\"@id\":\"https:\\\/\\\/sundaville.com\\\/de\\\/#website\"},\"primaryImageOfPage\":{\"@id\":\"https:\\\/\\\/sundaville.com\\\/de\\\/produkt\\\/sundaville-double-blush-pink-copy\\\/#primaryimage\"},\"image\":{\"@id\":\"https:\\\/\\\/sundaville.com\\\/de\\\/produkt\\\/sundaville-double-blush-pink-copy\\\/#primaryimage\"},\"thumbnailUrl\":\"https:\\\/\\\/sundaville.com\\\/wp-content\\\/uploads\\\/2024\\\/06\\\/Sundaville-Double-Red-15.png\",\"datePublished\":\"2024-06-24T12:14:41+00:00\",\"dateModified\":\"2024-06-25T12:06:07+00:00\",\"description\":\"Gartenfreunde und Blumenliebhaber aufgepasst! Hier ist sie! Die erste wirklich doppelbl\u00fctige rote Mandevilla der Welt. Die Sundaville\u00ae Double Red.\",\"breadcrumb\":{\"@id\":\"https:\\\/\\\/sundaville.com\\\/de\\\/produkt\\\/sundaville-double-blush-pink-copy\\\/#breadcrumb\"},\"inLanguage\":\"de\",\"potentialAction\":[{\"@type\":\"ReadAction\",\"target\":[\"https:\\\/\\\/sundaville.com\\\/de\\\/produkt\\\/sundaville-double-blush-pink-copy\\\/\"]}]},{\"@type\":\"ImageObject\",\"inLanguage\":\"de\",\"@id\":\"https:\\\/\\\/sundaville.com\\\/de\\\/produkt\\\/sundaville-double-blush-pink-copy\\\/#primaryimage\",\"url\":\"https:\\\/\\\/sundaville.com\\\/wp-content\\\/uploads\\\/2024\\\/06\\\/Sundaville-Double-Red-15.png\",\"contentUrl\":\"https:\\\/\\\/sundaville.com\\\/wp-content\\\/uploads\\\/2024\\\/06\\\/Sundaville-Double-Red-15.png\",\"width\":1509,\"height\":1921},{\"@type\":\"BreadcrumbList\",\"@id\":\"https:\\\/\\\/sundaville.com\\\/de\\\/produkt\\\/sundaville-double-blush-pink-copy\\\/#breadcrumb\",\"itemListElement\":[{\"@type\":\"ListItem\",\"position\":1,\"name\":\"Home\",\"item\":\"https:\\\/\\\/sundaville.com\\\/de\\\/\"},{\"@type\":\"ListItem\",\"position\":2,\"name\":\"Shop\",\"item\":\"https:\\\/\\\/sundaville.com\\\/de\\\/shop\\\/\"},{\"@type\":\"ListItem\",\"position\":3,\"name\":\"Sundaville\u00ae Double Red\"}]},{\"@type\":\"WebSite\",\"@id\":\"https:\\\/\\\/sundaville.com\\\/de\\\/#website\",\"url\":\"https:\\\/\\\/sundaville.com\\\/de\\\/\",\"name\":\"Sundaville.com\",\"description\":\"Worlds no.1 Mandevilla \\\/ Dipladenia brand.\",\"publisher\":{\"@id\":\"https:\\\/\\\/sundaville.com\\\/de\\\/#organization\"},\"potentialAction\":[{\"@type\":\"SearchAction\",\"target\":{\"@type\":\"EntryPoint\",\"urlTemplate\":\"https:\\\/\\\/sundaville.com\\\/de\\\/?s={search_term_string}\"},\"query-input\":{\"@type\":\"PropertyValueSpecification\",\"valueRequired\":true,\"valueName\":\"search_term_string\"}}],\"inLanguage\":\"de\"},{\"@type\":\"Organization\",\"@id\":\"https:\\\/\\\/sundaville.com\\\/de\\\/#organization\",\"name\":\"SUNDAVILLE\u00ae\",\"alternateName\":\"Sundaville\",\"url\":\"https:\\\/\\\/sundaville.com\\\/de\\\/\",\"logo\":{\"@type\":\"ImageObject\",\"inLanguage\":\"de\",\"@id\":\"https:\\\/\\\/sundaville.com\\\/de\\\/#\\\/schema\\\/logo\\\/image\\\/\",\"url\":\"https:\\\/\\\/sundaville.com\\\/wp-content\\\/uploads\\\/2021\\\/04\\\/Tekengebied-1-kopie-30-300x300-1.png\",\"contentUrl\":\"https:\\\/\\\/sundaville.com\\\/wp-content\\\/uploads\\\/2021\\\/04\\\/Tekengebied-1-kopie-30-300x300-1.png\",\"width\":300,\"height\":300,\"caption\":\"SUNDAVILLE\u00ae\"},\"image\":{\"@id\":\"https:\\\/\\\/sundaville.com\\\/de\\\/#\\\/schema\\\/logo\\\/image\\\/\"},\"sameAs\":[\"https:\\\/\\\/www.facebook.com\\\/SundavilleMandevilla\",\"https:\\\/\\\/x.com\\\/Sundaville_\",\"https:\\\/\\\/www.instagram.com\\\/sundaville\",\"https:\\\/\\\/www.linkedin.com\\\/showcase\\\/sundaville\",\"https:\\\/\\\/www.youtube.com\\\/channel\\\/UCO_OrhM4LIYXrWft9p7s97w\",\"https:\\\/\\\/wikipedia.org\\\/wiki\\\/sundaville\"]}]}<\/script>\n<!-- \/ Yoast SEO Premium plugin. -->","yoast_head_json":{"title":"Sundaville\u00ae Double Red - Die weltweit erste rote Doppel-Mandevilla","description":"Gartenfreunde und Blumenliebhaber aufgepasst! Hier ist sie! Die erste wirklich doppelbl\u00fctige rote Mandevilla der Welt. Die Sundaville\u00ae Double Red.","robots":{"index":"index","follow":"follow","max-snippet":"max-snippet:-1","max-image-preview":"max-image-preview:large","max-video-preview":"max-video-preview:-1"},"canonical":"https:\/\/sundaville.com\/de\/produkt\/sundaville-double-blush-pink-copy\/","og_locale":"de_DE","og_type":"article","og_title":"Sundaville\u00ae Double Red","og_description":"\u201eRot, Rot, Rot, Rot\u201c Ein Jahr nach dem Gewinn des FleuroStar-Preises mit Sundaville\u00ae Double Blush Pink, der ersten doppelblumigen Mandevilla, ist eine wundersch\u00f6ne, robuste und leuchtend rote Sorte eingetroffen: Sundaville\u00ae Double Red. Es hat die gleichen Eigenschaften wie sein rosafarbener Zwilling. Klassische Gewohnheiten wie Sundaville\u00ae, hohe Best\u00e4ndigkeit gegen hei\u00dfes Wetter, geeignet f\u00fcr jede Form, jeden Korb und jedes Klettern. Das Sundaville\u00ae Double Red ist die rote Schwester von Double Blush Pink. Es ist eine bienenfreundliche Pflanze mit leuchtend roten Bl\u00fcten, die einen eleganten Kontrast zu den smaragdgr\u00fcnen Bl\u00e4ttern bilden und sie zu einem Blickfang in jedem Zuhause oder Au\u00dfenbereich machen. Es erfordert nur minimale Wartung und ist daher perfekt f\u00fcr vielbesch\u00e4ftigte G\u00e4rtner oder Neueinsteiger in den Bereich Zimmerpflanzen oder Topfpflanzen im Freien. Der Sundaville\u00ae Double Red ist eine mehrj\u00e4hrige Pflanze, die vom Fr\u00fchsommer bis zum Herbst bl\u00fcht und eine langanhaltende Quelle der Sch\u00f6nheit und Freude bietet. Diese Pflanze ist in tropischen und subtropischen Regionen beheimatet und wird wegen ihrer leuchtenden Farbe und den zarten Bl\u00fctenbl\u00e4ttern sehr gesch\u00e4tzt. Diese mehrj\u00e4hrige Pflanze ist eine robuste, pflegeleichte Pflanze, die sowohl drinnen als auch drau\u00dfen gedeihen kann. Ihre bezaubernden Bl\u00fcten machen sie zu einer beliebten Wahl f\u00fcr G\u00e4rtner und Gartenbaubegeisterte auf der ganzen Welt. Jungpflanzen sind bereits in kleinen Mengen bei Lazzeri (Italien) erh\u00e4ltlich.","og_url":"https:\/\/sundaville.com\/de\/produkt\/sundaville-double-blush-pink-copy\/","og_site_name":"Sundaville.com","article_publisher":"https:\/\/www.facebook.com\/SundavilleMandevilla","article_modified_time":"2024-06-25T12:06:07+00:00","og_image":[{"url":"https:\/\/sundaville.com\/wp-content\/uploads\/2022\/10\/Sundaville\u00ae-Double-Blush-Pink-13-236x300.png","type":"","width":"","height":""}],"twitter_card":"summary_large_image","twitter_image":"https:\/\/sundaville.com\/wp-content\/uploads\/2022\/10\/Sundaville\u00ae-Double-Blush-Pink-10-804x1024.png","twitter_site":"@Sundaville_","schema":{"@context":"https:\/\/schema.org","@graph":[{"@type":"WebPage","@id":"https:\/\/sundaville.com\/de\/produkt\/sundaville-double-blush-pink-copy\/","url":"https:\/\/sundaville.com\/de\/produkt\/sundaville-double-blush-pink-copy\/","name":"Sundaville\u00ae Double Red - Die weltweit erste rote Doppel-Mandevilla","isPartOf":{"@id":"https:\/\/sundaville.com\/de\/#website"},"primaryImageOfPage":{"@id":"https:\/\/sundaville.com\/de\/produkt\/sundaville-double-blush-pink-copy\/#primaryimage"},"image":{"@id":"https:\/\/sundaville.com\/de\/produkt\/sundaville-double-blush-pink-copy\/#primaryimage"},"thumbnailUrl":"https:\/\/sundaville.com\/wp-content\/uploads\/2024\/06\/Sundaville-Double-Red-15.png","datePublished":"2024-06-24T12:14:41+00:00","dateModified":"2024-06-25T12:06:07+00:00","description":"Gartenfreunde und Blumenliebhaber aufgepasst! Hier ist sie! Die erste wirklich doppelbl\u00fctige rote Mandevilla der Welt. Die Sundaville\u00ae Double Red.","breadcrumb":{"@id":"https:\/\/sundaville.com\/de\/produkt\/sundaville-double-blush-pink-copy\/#breadcrumb"},"inLanguage":"de","potentialAction":[{"@type":"ReadAction","target":["https:\/\/sundaville.com\/de\/produkt\/sundaville-double-blush-pink-copy\/"]}]},{"@type":"ImageObject","inLanguage":"de","@id":"https:\/\/sundaville.com\/de\/produkt\/sundaville-double-blush-pink-copy\/#primaryimage","url":"https:\/\/sundaville.com\/wp-content\/uploads\/2024\/06\/Sundaville-Double-Red-15.png","contentUrl":"https:\/\/sundaville.com\/wp-content\/uploads\/2024\/06\/Sundaville-Double-Red-15.png","width":1509,"height":1921},{"@type":"BreadcrumbList","@id":"https:\/\/sundaville.com\/de\/produkt\/sundaville-double-blush-pink-copy\/#breadcrumb","itemListElement":[{"@type":"ListItem","position":1,"name":"Home","item":"https:\/\/sundaville.com\/de\/"},{"@type":"ListItem","position":2,"name":"Shop","item":"https:\/\/sundaville.com\/de\/shop\/"},{"@type":"ListItem","position":3,"name":"Sundaville\u00ae Double Red"}]},{"@type":"WebSite","@id":"https:\/\/sundaville.com\/de\/#website","url":"https:\/\/sundaville.com\/de\/","name":"Sundaville.com","description":"Worlds no.1 Mandevilla \/ Dipladenia brand.","publisher":{"@id":"https:\/\/sundaville.com\/de\/#organization"},"potentialAction":[{"@type":"SearchAction","target":{"@type":"EntryPoint","urlTemplate":"https:\/\/sundaville.com\/de\/?s={search_term_string}"},"query-input":{"@type":"PropertyValueSpecification","valueRequired":true,"valueName":"search_term_string"}}],"inLanguage":"de"},{"@type":"Organization","@id":"https:\/\/sundaville.com\/de\/#organization","name":"SUNDAVILLE\u00ae","alternateName":"Sundaville","url":"https:\/\/sundaville.com\/de\/","logo":{"@type":"ImageObject","inLanguage":"de","@id":"https:\/\/sundaville.com\/de\/#\/schema\/logo\/image\/","url":"https:\/\/sundaville.com\/wp-content\/uploads\/2021\/04\/Tekengebied-1-kopie-30-300x300-1.png","contentUrl":"https:\/\/sundaville.com\/wp-content\/uploads\/2021\/04\/Tekengebied-1-kopie-30-300x300-1.png","width":300,"height":300,"caption":"SUNDAVILLE\u00ae"},"image":{"@id":"https:\/\/sundaville.com\/de\/#\/schema\/logo\/image\/"},"sameAs":["https:\/\/www.facebook.com\/SundavilleMandevilla","https:\/\/x.com\/Sundaville_","https:\/\/www.instagram.com\/sundaville","https:\/\/www.linkedin.com\/showcase\/sundaville","https:\/\/www.youtube.com\/channel\/UCO_OrhM4LIYXrWft9p7s97w","https:\/\/wikipedia.org\/wiki\/sundaville"]}]}},"_links":{"self":[{"href":"https:\/\/sundaville.com\/de\/wp-json\/wp\/v2\/product\/14986","targetHints":{"allow":["GET"]}}],"collection":[{"href":"https:\/\/sundaville.com\/de\/wp-json\/wp\/v2\/product"}],"about":[{"href":"https:\/\/sundaville.com\/de\/wp-json\/wp\/v2\/types\/product"}],"replies":[{"embeddable":true,"href":"https:\/\/sundaville.com\/de\/wp-json\/wp\/v2\/comments?post=14986"}],"wp:featuredmedia":[{"embeddable":true,"href":"https:\/\/sundaville.com\/de\/wp-json\/wp\/v2\/media\/15170"}],"wp:attachment":[{"href":"https:\/\/sundaville.com\/de\/wp-json\/wp\/v2\/media?parent=14986"}],"wp:term":[{"taxonomy":"product_brand","embeddable":true,"href":"https:\/\/sundaville.com\/de\/wp-json\/wp\/v2\/product_brand?post=14986"},{"taxonomy":"product_cat","embeddable":true,"href":"https:\/\/sundaville.com\/de\/wp-json\/wp\/v2\/product_cat?post=14986"},{"taxonomy":"product_tag","embeddable":true,"href":"https:\/\/sundaville.com\/de\/wp-json\/wp\/v2\/product_tag?post=14986"}],"curies":[{"name":"wp","href":"https:\/\/api.w.org\/{rel}","templated":true}]}}