{"id":15282,"date":"2024-06-25T08:18:48","date_gmt":"2024-06-25T08:18:48","guid":{"rendered":"https:\/\/sundaville.com\/?post_type=product&#038;p=15282"},"modified":"2024-06-25T08:54:05","modified_gmt":"2024-06-25T08:54:05","slug":"sundaville-gold-copy","status":"publish","type":"product","link":"https:\/\/sundaville.com\/de\/produkt\/sundaville-gold-copy\/","title":{"rendered":"Sundaville\u00ae Blue (Bluephoria\u2122)"},"content":{"rendered":"","protected":false},"excerpt":{"rendered":"<p><strong>\u201eDie einzige blaue Mandevilla der Welt\u201c<\/strong><br \/>\nSundaville\u00ae Blue (Sun Parasol\u00ae Bluephoria) ist die weltweit erste echte blaue Mandevilla von MNP\/Suntory. Aus Z\u00fcchtungs- und Marketingsicht ist dies das Beste, was man heute in der Welt der Zierpflanzenzucht bekommen kann. Das ist so innovativ, dass wir es Mandevilla 4.0 nennen. Sie hat eine klassische Wuchsform mit hervorragender und innovativer Verzweigung, kompaktem Wuchs und einer auff\u00e4lligen blau-violetten Farbe. Diese kr\u00e4ftigen und gesunden Pflanzen eignen sich f\u00fcr fast jedes Klima und sind Ihre Lieblingspflanze f\u00fcr Ihre Terrasse, in Balkonk\u00e4sten, Blumenampeln oder als Beetpflanze.<\/p>\n<p><strong><em>Revolution\u00e4re Genetik!<\/em><\/strong><br \/>\nDie Sundaville\u00ae Blue hat eine hervorragende Verzweigungs- und Bl\u00fctenkraft! Bl\u00fcht fr\u00fcher mit herausragenden, aufregenden Farben wie der ersten gelb bl\u00fchenden Mandevilla Sundaville\u00ae Gold (Sun Parasol\u00ae Sunbeam), der neuen Blue (Bluephoria\u2122) mit blau-violetten Bl\u00fcten, die mit rosa Knospen beginnen, der neuen Double Blush Pink und einer FleuroStar Gewinner einer echten Doppelbl\u00fcte in Pink und des Double Red. Alle sind ausgezeichnete Pflanzen f\u00fcr G\u00e4rten, K\u00fcbel und H\u00e4ngek\u00f6rbe.<\/p>\n","protected":false},"featured_media":15165,"comment_status":"open","ping_status":"closed","template":"","meta":{"_monsterinsights_skip_tracking":false,"_monsterinsights_sitenote_active":false,"_monsterinsights_sitenote_note":"","_monsterinsights_sitenote_category":0},"product_brand":[],"product_cat":[814],"product_tag":[],"class_list":{"0":"post-15282","1":"product","2":"type-product","3":"status-publish","4":"has-post-thumbnail","6":"product_cat-unkategorisiert","8":"first","9":"instock","10":"featured","11":"shipping-taxable","12":"product-type-simple"},"yoast_head":"<!-- This site is optimized with the Yoast SEO Premium plugin v24.5 (Yoast SEO v27.5) - https:\/\/yoast.com\/product\/yoast-seo-premium-wordpress\/ -->\n<title>Sundaville\u00ae Blue (Bluephoria\u2122) - Welten Nr.1 \u200b\u200bblaue Mandevilla (Dipladenia)<\/title>\n<meta name=\"description\" content=\"Sundaville\u00ae Blue (Sun Parasol\u00ae Bluephoria\u2122) ist die weltweit erste echte blaue Mandevilla\/Dipladenia. Sie hat eine klassische Wuchsform mit hervorragender und innovativer Verzweigung, kompaktem Wuchs und einer auff\u00e4lligen blau-violetten Farbe.\" \/>\n<meta name=\"robots\" content=\"index, follow, max-snippet:-1, max-image-preview:large, max-video-preview:-1\" \/>\n<link rel=\"canonical\" href=\"https:\/\/sundaville.com\/de\/produkt\/sundaville-gold-copy\/\" \/>\n<meta property=\"og:locale\" content=\"de_DE\" \/>\n<meta property=\"og:type\" content=\"article\" \/>\n<meta property=\"og:title\" content=\"Sundaville\u00ae Blue (Bluephoria\u2122)\" \/>\n<meta property=\"og:description\" content=\"\u201eDie einzige blaue Mandevilla der Welt\u201c Sundaville\u00ae Blue (Sun Parasol\u00ae Bluephoria) ist die weltweit erste echte blaue Mandevilla von MNP\/Suntory. Aus Z\u00fcchtungs- und Marketingsicht ist dies das Beste, was man heute in der Welt der Zierpflanzenzucht bekommen kann. Das ist so innovativ, dass wir es Mandevilla 4.0 nennen. Sie hat eine klassische Wuchsform mit hervorragender und innovativer Verzweigung, kompaktem Wuchs und einer auff\u00e4lligen blau-violetten Farbe. Diese kr\u00e4ftigen und gesunden Pflanzen eignen sich f\u00fcr fast jedes Klima und sind Ihre Lieblingspflanze f\u00fcr Ihre Terrasse, in Balkonk\u00e4sten, Blumenampeln oder als Beetpflanze. Revolution\u00e4re Genetik! Die Sundaville\u00ae Blue hat eine hervorragende Verzweigungs- und Bl\u00fctenkraft! Bl\u00fcht fr\u00fcher mit herausragenden, aufregenden Farben wie der ersten gelb bl\u00fchenden Mandevilla Sundaville\u00ae Gold (Sun Parasol\u00ae Sunbeam), der neuen Blue (Bluephoria\u2122) mit blau-violetten Bl\u00fcten, die mit rosa Knospen beginnen, der neuen Double Blush Pink und einer FleuroStar Gewinner einer echten Doppelbl\u00fcte in Pink und des Double Red. Alle sind ausgezeichnete Pflanzen f\u00fcr G\u00e4rten, K\u00fcbel und H\u00e4ngek\u00f6rbe.\" \/>\n<meta property=\"og:url\" content=\"https:\/\/sundaville.com\/de\/produkt\/sundaville-gold-copy\/\" \/>\n<meta property=\"og:site_name\" content=\"Sundaville.com\" \/>\n<meta property=\"article:publisher\" content=\"https:\/\/www.facebook.com\/SundavilleMandevilla\" \/>\n<meta property=\"article:modified_time\" content=\"2024-06-25T08:54:05+00:00\" \/>\n<meta property=\"og:image\" content=\"https:\/\/sundaville.com\/wp-content\/uploads\/2024\/06\/Sundaville-Blue-16.png\" \/>\n\t<meta property=\"og:image:width\" content=\"1508\" \/>\n\t<meta property=\"og:image:height\" content=\"1921\" \/>\n\t<meta property=\"og:image:type\" content=\"image\/png\" \/>\n<meta name=\"twitter:card\" content=\"summary_large_image\" \/>\n<meta name=\"twitter:site\" content=\"@Sundaville_\" \/>\n<script type=\"application\/ld+json\" class=\"yoast-schema-graph\">{\"@context\":\"https:\\\/\\\/schema.org\",\"@graph\":[{\"@type\":\"WebPage\",\"@id\":\"https:\\\/\\\/sundaville.com\\\/de\\\/produkt\\\/sundaville-gold-copy\\\/\",\"url\":\"https:\\\/\\\/sundaville.com\\\/de\\\/produkt\\\/sundaville-gold-copy\\\/\",\"name\":\"Sundaville\u00ae Blue (Bluephoria\u2122) - Welten Nr.1 \u200b\u200bblaue Mandevilla (Dipladenia)\",\"isPartOf\":{\"@id\":\"https:\\\/\\\/sundaville.com\\\/de\\\/#website\"},\"primaryImageOfPage\":{\"@id\":\"https:\\\/\\\/sundaville.com\\\/de\\\/produkt\\\/sundaville-gold-copy\\\/#primaryimage\"},\"image\":{\"@id\":\"https:\\\/\\\/sundaville.com\\\/de\\\/produkt\\\/sundaville-gold-copy\\\/#primaryimage\"},\"thumbnailUrl\":\"https:\\\/\\\/sundaville.com\\\/wp-content\\\/uploads\\\/2024\\\/06\\\/Sundaville-Blue-16.png\",\"datePublished\":\"2024-06-25T08:18:48+00:00\",\"dateModified\":\"2024-06-25T08:54:05+00:00\",\"description\":\"Sundaville\u00ae Blue (Sun Parasol\u00ae Bluephoria\u2122) ist die weltweit erste echte blaue Mandevilla\\\/Dipladenia. Sie hat eine klassische Wuchsform mit hervorragender und innovativer Verzweigung, kompaktem Wuchs und einer auff\u00e4lligen blau-violetten Farbe.\",\"breadcrumb\":{\"@id\":\"https:\\\/\\\/sundaville.com\\\/de\\\/produkt\\\/sundaville-gold-copy\\\/#breadcrumb\"},\"inLanguage\":\"de\",\"potentialAction\":[{\"@type\":\"ReadAction\",\"target\":[\"https:\\\/\\\/sundaville.com\\\/de\\\/produkt\\\/sundaville-gold-copy\\\/\"]}]},{\"@type\":\"ImageObject\",\"inLanguage\":\"de\",\"@id\":\"https:\\\/\\\/sundaville.com\\\/de\\\/produkt\\\/sundaville-gold-copy\\\/#primaryimage\",\"url\":\"https:\\\/\\\/sundaville.com\\\/wp-content\\\/uploads\\\/2024\\\/06\\\/Sundaville-Blue-16.png\",\"contentUrl\":\"https:\\\/\\\/sundaville.com\\\/wp-content\\\/uploads\\\/2024\\\/06\\\/Sundaville-Blue-16.png\",\"width\":1508,\"height\":1921},{\"@type\":\"BreadcrumbList\",\"@id\":\"https:\\\/\\\/sundaville.com\\\/de\\\/produkt\\\/sundaville-gold-copy\\\/#breadcrumb\",\"itemListElement\":[{\"@type\":\"ListItem\",\"position\":1,\"name\":\"Home\",\"item\":\"https:\\\/\\\/sundaville.com\\\/de\\\/\"},{\"@type\":\"ListItem\",\"position\":2,\"name\":\"Shop\",\"item\":\"https:\\\/\\\/sundaville.com\\\/de\\\/shop\\\/\"},{\"@type\":\"ListItem\",\"position\":3,\"name\":\"Sundaville\u00ae Blue (Bluephoria\u2122)\"}]},{\"@type\":\"WebSite\",\"@id\":\"https:\\\/\\\/sundaville.com\\\/de\\\/#website\",\"url\":\"https:\\\/\\\/sundaville.com\\\/de\\\/\",\"name\":\"Sundaville.com\",\"description\":\"Worlds no.1 Mandevilla \\\/ Dipladenia brand.\",\"publisher\":{\"@id\":\"https:\\\/\\\/sundaville.com\\\/de\\\/#organization\"},\"potentialAction\":[{\"@type\":\"SearchAction\",\"target\":{\"@type\":\"EntryPoint\",\"urlTemplate\":\"https:\\\/\\\/sundaville.com\\\/de\\\/?s={search_term_string}\"},\"query-input\":{\"@type\":\"PropertyValueSpecification\",\"valueRequired\":true,\"valueName\":\"search_term_string\"}}],\"inLanguage\":\"de\"},{\"@type\":\"Organization\",\"@id\":\"https:\\\/\\\/sundaville.com\\\/de\\\/#organization\",\"name\":\"SUNDAVILLE\u00ae\",\"alternateName\":\"Sundaville\",\"url\":\"https:\\\/\\\/sundaville.com\\\/de\\\/\",\"logo\":{\"@type\":\"ImageObject\",\"inLanguage\":\"de\",\"@id\":\"https:\\\/\\\/sundaville.com\\\/de\\\/#\\\/schema\\\/logo\\\/image\\\/\",\"url\":\"https:\\\/\\\/sundaville.com\\\/wp-content\\\/uploads\\\/2021\\\/04\\\/Tekengebied-1-kopie-30-300x300-1.png\",\"contentUrl\":\"https:\\\/\\\/sundaville.com\\\/wp-content\\\/uploads\\\/2021\\\/04\\\/Tekengebied-1-kopie-30-300x300-1.png\",\"width\":300,\"height\":300,\"caption\":\"SUNDAVILLE\u00ae\"},\"image\":{\"@id\":\"https:\\\/\\\/sundaville.com\\\/de\\\/#\\\/schema\\\/logo\\\/image\\\/\"},\"sameAs\":[\"https:\\\/\\\/www.facebook.com\\\/SundavilleMandevilla\",\"https:\\\/\\\/x.com\\\/Sundaville_\",\"https:\\\/\\\/www.instagram.com\\\/sundaville\",\"https:\\\/\\\/www.linkedin.com\\\/showcase\\\/sundaville\",\"https:\\\/\\\/www.youtube.com\\\/channel\\\/UCO_OrhM4LIYXrWft9p7s97w\",\"https:\\\/\\\/wikipedia.org\\\/wiki\\\/sundaville\"]}]}<\/script>\n<!-- \/ Yoast SEO Premium plugin. -->","yoast_head_json":{"title":"Sundaville\u00ae Blue (Bluephoria\u2122) - Welten Nr.1 \u200b\u200bblaue Mandevilla (Dipladenia)","description":"Sundaville\u00ae Blue (Sun Parasol\u00ae Bluephoria\u2122) ist die weltweit erste echte blaue Mandevilla\/Dipladenia. Sie hat eine klassische Wuchsform mit hervorragender und innovativer Verzweigung, kompaktem Wuchs und einer auff\u00e4lligen blau-violetten Farbe.","robots":{"index":"index","follow":"follow","max-snippet":"max-snippet:-1","max-image-preview":"max-image-preview:large","max-video-preview":"max-video-preview:-1"},"canonical":"https:\/\/sundaville.com\/de\/produkt\/sundaville-gold-copy\/","og_locale":"de_DE","og_type":"article","og_title":"Sundaville\u00ae Blue (Bluephoria\u2122)","og_description":"\u201eDie einzige blaue Mandevilla der Welt\u201c Sundaville\u00ae Blue (Sun Parasol\u00ae Bluephoria) ist die weltweit erste echte blaue Mandevilla von MNP\/Suntory. Aus Z\u00fcchtungs- und Marketingsicht ist dies das Beste, was man heute in der Welt der Zierpflanzenzucht bekommen kann. Das ist so innovativ, dass wir es Mandevilla 4.0 nennen. Sie hat eine klassische Wuchsform mit hervorragender und innovativer Verzweigung, kompaktem Wuchs und einer auff\u00e4lligen blau-violetten Farbe. Diese kr\u00e4ftigen und gesunden Pflanzen eignen sich f\u00fcr fast jedes Klima und sind Ihre Lieblingspflanze f\u00fcr Ihre Terrasse, in Balkonk\u00e4sten, Blumenampeln oder als Beetpflanze. Revolution\u00e4re Genetik! Die Sundaville\u00ae Blue hat eine hervorragende Verzweigungs- und Bl\u00fctenkraft! Bl\u00fcht fr\u00fcher mit herausragenden, aufregenden Farben wie der ersten gelb bl\u00fchenden Mandevilla Sundaville\u00ae Gold (Sun Parasol\u00ae Sunbeam), der neuen Blue (Bluephoria\u2122) mit blau-violetten Bl\u00fcten, die mit rosa Knospen beginnen, der neuen Double Blush Pink und einer FleuroStar Gewinner einer echten Doppelbl\u00fcte in Pink und des Double Red. Alle sind ausgezeichnete Pflanzen f\u00fcr G\u00e4rten, K\u00fcbel und H\u00e4ngek\u00f6rbe.","og_url":"https:\/\/sundaville.com\/de\/produkt\/sundaville-gold-copy\/","og_site_name":"Sundaville.com","article_publisher":"https:\/\/www.facebook.com\/SundavilleMandevilla","article_modified_time":"2024-06-25T08:54:05+00:00","og_image":[{"width":1508,"height":1921,"url":"https:\/\/sundaville.com\/wp-content\/uploads\/2024\/06\/Sundaville-Blue-16.png","type":"image\/png"}],"twitter_card":"summary_large_image","twitter_site":"@Sundaville_","schema":{"@context":"https:\/\/schema.org","@graph":[{"@type":"WebPage","@id":"https:\/\/sundaville.com\/de\/produkt\/sundaville-gold-copy\/","url":"https:\/\/sundaville.com\/de\/produkt\/sundaville-gold-copy\/","name":"Sundaville\u00ae Blue (Bluephoria\u2122) - Welten Nr.1 \u200b\u200bblaue Mandevilla (Dipladenia)","isPartOf":{"@id":"https:\/\/sundaville.com\/de\/#website"},"primaryImageOfPage":{"@id":"https:\/\/sundaville.com\/de\/produkt\/sundaville-gold-copy\/#primaryimage"},"image":{"@id":"https:\/\/sundaville.com\/de\/produkt\/sundaville-gold-copy\/#primaryimage"},"thumbnailUrl":"https:\/\/sundaville.com\/wp-content\/uploads\/2024\/06\/Sundaville-Blue-16.png","datePublished":"2024-06-25T08:18:48+00:00","dateModified":"2024-06-25T08:54:05+00:00","description":"Sundaville\u00ae Blue (Sun Parasol\u00ae Bluephoria\u2122) ist die weltweit erste echte blaue Mandevilla\/Dipladenia. Sie hat eine klassische Wuchsform mit hervorragender und innovativer Verzweigung, kompaktem Wuchs und einer auff\u00e4lligen blau-violetten Farbe.","breadcrumb":{"@id":"https:\/\/sundaville.com\/de\/produkt\/sundaville-gold-copy\/#breadcrumb"},"inLanguage":"de","potentialAction":[{"@type":"ReadAction","target":["https:\/\/sundaville.com\/de\/produkt\/sundaville-gold-copy\/"]}]},{"@type":"ImageObject","inLanguage":"de","@id":"https:\/\/sundaville.com\/de\/produkt\/sundaville-gold-copy\/#primaryimage","url":"https:\/\/sundaville.com\/wp-content\/uploads\/2024\/06\/Sundaville-Blue-16.png","contentUrl":"https:\/\/sundaville.com\/wp-content\/uploads\/2024\/06\/Sundaville-Blue-16.png","width":1508,"height":1921},{"@type":"BreadcrumbList","@id":"https:\/\/sundaville.com\/de\/produkt\/sundaville-gold-copy\/#breadcrumb","itemListElement":[{"@type":"ListItem","position":1,"name":"Home","item":"https:\/\/sundaville.com\/de\/"},{"@type":"ListItem","position":2,"name":"Shop","item":"https:\/\/sundaville.com\/de\/shop\/"},{"@type":"ListItem","position":3,"name":"Sundaville\u00ae Blue (Bluephoria\u2122)"}]},{"@type":"WebSite","@id":"https:\/\/sundaville.com\/de\/#website","url":"https:\/\/sundaville.com\/de\/","name":"Sundaville.com","description":"Worlds no.1 Mandevilla \/ Dipladenia brand.","publisher":{"@id":"https:\/\/sundaville.com\/de\/#organization"},"potentialAction":[{"@type":"SearchAction","target":{"@type":"EntryPoint","urlTemplate":"https:\/\/sundaville.com\/de\/?s={search_term_string}"},"query-input":{"@type":"PropertyValueSpecification","valueRequired":true,"valueName":"search_term_string"}}],"inLanguage":"de"},{"@type":"Organization","@id":"https:\/\/sundaville.com\/de\/#organization","name":"SUNDAVILLE\u00ae","alternateName":"Sundaville","url":"https:\/\/sundaville.com\/de\/","logo":{"@type":"ImageObject","inLanguage":"de","@id":"https:\/\/sundaville.com\/de\/#\/schema\/logo\/image\/","url":"https:\/\/sundaville.com\/wp-content\/uploads\/2021\/04\/Tekengebied-1-kopie-30-300x300-1.png","contentUrl":"https:\/\/sundaville.com\/wp-content\/uploads\/2021\/04\/Tekengebied-1-kopie-30-300x300-1.png","width":300,"height":300,"caption":"SUNDAVILLE\u00ae"},"image":{"@id":"https:\/\/sundaville.com\/de\/#\/schema\/logo\/image\/"},"sameAs":["https:\/\/www.facebook.com\/SundavilleMandevilla","https:\/\/x.com\/Sundaville_","https:\/\/www.instagram.com\/sundaville","https:\/\/www.linkedin.com\/showcase\/sundaville","https:\/\/www.youtube.com\/channel\/UCO_OrhM4LIYXrWft9p7s97w","https:\/\/wikipedia.org\/wiki\/sundaville"]}]}},"_links":{"self":[{"href":"https:\/\/sundaville.com\/de\/wp-json\/wp\/v2\/product\/15282","targetHints":{"allow":["GET"]}}],"collection":[{"href":"https:\/\/sundaville.com\/de\/wp-json\/wp\/v2\/product"}],"about":[{"href":"https:\/\/sundaville.com\/de\/wp-json\/wp\/v2\/types\/product"}],"replies":[{"embeddable":true,"href":"https:\/\/sundaville.com\/de\/wp-json\/wp\/v2\/comments?post=15282"}],"wp:featuredmedia":[{"embeddable":true,"href":"https:\/\/sundaville.com\/de\/wp-json\/wp\/v2\/media\/15165"}],"wp:attachment":[{"href":"https:\/\/sundaville.com\/de\/wp-json\/wp\/v2\/media?parent=15282"}],"wp:term":[{"taxonomy":"product_brand","embeddable":true,"href":"https:\/\/sundaville.com\/de\/wp-json\/wp\/v2\/product_brand?post=15282"},{"taxonomy":"product_cat","embeddable":true,"href":"https:\/\/sundaville.com\/de\/wp-json\/wp\/v2\/product_cat?post=15282"},{"taxonomy":"product_tag","embeddable":true,"href":"https:\/\/sundaville.com\/de\/wp-json\/wp\/v2\/product_tag?post=15282"}],"curies":[{"name":"wp","href":"https:\/\/api.w.org\/{rel}","templated":true}]}}